{"id":1377,"date":"2023-11-07T23:14:51","date_gmt":"2023-11-07T23:14:51","guid":{"rendered":"https:\/\/onurplast.az\/product\/16-mm-drip-irrigation-pipe\/"},"modified":"2024-01-15T17:53:43","modified_gmt":"2024-01-15T17:53:43","slug":"16-mm-drip-irrigation-pipe","status":"publish","type":"product","link":"https:\/\/onurplast.az\/en\/products\/drip-irrigation-systems-and-accessories\/drip-irrigation-pipes\/16-mm-drip-irrigation-pipe\/","title":{"rendered":"16 mm Drip Irrigation Pipe"},"content":{"rendered":"<table>\n<tbody>\n<tr>\n<td><strong>Diametr<\/strong><br \/>\n<strong>Diameter<\/strong><\/td>\n<td><strong>Divar Qal\u0131nl\u0131\u011f\u0131<\/strong><br \/>\n<strong>Wall Thickness<\/strong><\/td>\n<td><strong>Su h\u0259cmi<\/strong><br \/>\n<strong>Flow Rate<\/strong><\/td>\n<td><strong>Paketl\u0259m\u0259<\/strong><br \/>\n<strong>Packaging<\/strong><\/td>\n<td><strong>Kod<\/strong><br \/>\n<strong>Code<\/strong><\/td>\n<td><strong>Drip M\u0259saf\u0259si<\/strong><br \/>\n<strong>Distance<\/strong><\/td>\n<\/tr>\n<tr>\n<td rowspan=\"8\">16<br \/>\nmm<\/td>\n<td rowspan=\"8\">1,0<br \/>\nmm<\/td>\n<td rowspan=\"8\">2,4<br \/>\nLt\/sa<br \/>\nlph<\/td>\n<td rowspan=\"8\">400<br \/>\nmetr\/top<br \/>\nmeter\/roll<\/td>\n<td>AZ-161020-2<\/td>\n<td>20 cm<\/td>\n<\/tr>\n<tr>\n<td>AZ-161025-2<\/td>\n<td>25 cm<\/td>\n<\/tr>\n<tr>\n<td>AZ-161033-2<\/td>\n<td>33 cm<\/td>\n<\/tr>\n<tr>\n<td>AZ-161040-2<\/td>\n<td>40 cm<\/td>\n<\/tr>\n<tr>\n<td>AZ-161050-2<\/td>\n<td>50 cm<\/td>\n<\/tr>\n<tr>\n<td>AZ-161060-2<\/td>\n<td>60 cm<\/td>\n<\/tr>\n<tr>\n<td>AZ-161075-2<\/td>\n<td>75 cm<\/td>\n<\/tr>\n<tr>\n<td>AZ-161010-2<\/td>\n<td>100 cm<\/td>\n<\/tr>\n<\/tbody>\n<\/table>\n","protected":false},"excerpt":{"rendered":"<p>Diametr Diameter Divar Qal\u0131nl\u0131\u011f\u0131 Wall Thickness Su h\u0259cmi Flow Rate Paketl\u0259m\u0259 Packaging Kod Code Drip M\u0259saf\u0259si Distance 16 mm 1,0 mm 2,4 Lt\/sa lph 400 metr\/top meter\/roll AZ-161020-2 20 cm AZ-161025-2 25 cm AZ-161033-2 33 cm AZ-161040-2 40 cm AZ-161050-2 50 cm AZ-161060-2 60 cm AZ-161075-2 75 cm AZ-161010-2 100 cm<\/p>\n","protected":false},"featured_media":53,"template":"","meta":{"_acf_changed":false,"inline_featured_image":false},"product_brand":[],"product_cat":[267],"product_tag":[268,269],"class_list":{"0":"post-1377","1":"product","2":"type-product","3":"status-publish","4":"has-post-thumbnail","6":"product_cat-drip-irrigation-pipes","7":"product_tag-16-mm-en","8":"product_tag-damci-suvarma-borusu-en","10":"first","11":"instock","12":"shipping-taxable","13":"purchasable","14":"product-type-simple"},"acf":[],"yoast_head":"<!-- This site is optimized with the Yoast SEO plugin v27.5 - https:\/\/yoast.com\/product\/yoast-seo-wordpress\/ -->\n<title>16 mm Drip Irrigation Pipe - Avtomatik Suvarma Sisteml\u0259ri,Ya\u011fmurlama,Pivot Sisteml\u0259ri:Onur Plast<\/title>\n<meta name=\"robots\" content=\"index, follow, max-snippet:-1, max-image-preview:large, max-video-preview:-1\" \/>\n<link rel=\"canonical\" href=\"https:\/\/onurplast.az\/en\/products\/drip-irrigation-systems-and-accessories\/drip-irrigation-pipes\/16-mm-drip-irrigation-pipe\/\" \/>\n<meta property=\"og:locale\" content=\"en_US\" \/>\n<meta property=\"og:type\" content=\"article\" \/>\n<meta property=\"og:title\" content=\"16 mm Drip Irrigation Pipe - Avtomatik Suvarma Sisteml\u0259ri,Ya\u011fmurlama,Pivot Sisteml\u0259ri:Onur Plast\" \/>\n<meta property=\"og:description\" content=\"Diametr Diameter Divar Qal\u0131nl\u0131\u011f\u0131 Wall Thickness Su h\u0259cmi Flow Rate Paketl\u0259m\u0259 Packaging Kod Code Drip M\u0259saf\u0259si Distance 16 mm 1,0 mm 2,4 Lt\/sa lph 400 metr\/top meter\/roll AZ-161020-2 20 cm AZ-161025-2 25 cm AZ-161033-2 33 cm AZ-161040-2 40 cm AZ-161050-2 50 cm AZ-161060-2 60 cm AZ-161075-2 75 cm AZ-161010-2 100 cm\" \/>\n<meta property=\"og:url\" content=\"https:\/\/onurplast.az\/en\/products\/drip-irrigation-systems-and-accessories\/drip-irrigation-pipes\/16-mm-drip-irrigation-pipe\/\" \/>\n<meta property=\"og:site_name\" content=\"Avtomatik Suvarma Sisteml\u0259ri,Ya\u011fmurlama,Pivot Sisteml\u0259ri:Onur Plast\" \/>\n<meta property=\"article:publisher\" content=\"https:\/\/www.facebook.com\/Onur-plast-110179870426347\" \/>\n<meta property=\"article:modified_time\" content=\"2024-01-15T17:53:43+00:00\" \/>\n<meta property=\"og:image\" content=\"https:\/\/onurplast.az\/wp-content\/uploads\/16-mm-DAMCI-SUVARMA-BORUSU.webp\" \/>\n\t<meta property=\"og:image:width\" content=\"600\" \/>\n\t<meta property=\"og:image:height\" content=\"600\" \/>\n\t<meta property=\"og:image:type\" content=\"image\/webp\" \/>\n<meta name=\"twitter:card\" content=\"summary_large_image\" \/>\n<script type=\"application\/ld+json\" class=\"yoast-schema-graph\">{\"@context\":\"https:\\\/\\\/schema.org\",\"@graph\":[{\"@type\":\"WebPage\",\"@id\":\"https:\\\/\\\/onurplast.az\\\/en\\\/products\\\/drip-irrigation-systems-and-accessories\\\/drip-irrigation-pipes\\\/16-mm-drip-irrigation-pipe\\\/\",\"url\":\"https:\\\/\\\/onurplast.az\\\/en\\\/products\\\/drip-irrigation-systems-and-accessories\\\/drip-irrigation-pipes\\\/16-mm-drip-irrigation-pipe\\\/\",\"name\":\"16 mm Drip Irrigation Pipe - Avtomatik Suvarma Sisteml\u0259ri,Ya\u011fmurlama,Pivot Sisteml\u0259ri:Onur Plast\",\"isPartOf\":{\"@id\":\"https:\\\/\\\/onurplast.az\\\/en\\\/#website\"},\"primaryImageOfPage\":{\"@id\":\"https:\\\/\\\/onurplast.az\\\/en\\\/products\\\/drip-irrigation-systems-and-accessories\\\/drip-irrigation-pipes\\\/16-mm-drip-irrigation-pipe\\\/#primaryimage\"},\"image\":{\"@id\":\"https:\\\/\\\/onurplast.az\\\/en\\\/products\\\/drip-irrigation-systems-and-accessories\\\/drip-irrigation-pipes\\\/16-mm-drip-irrigation-pipe\\\/#primaryimage\"},\"thumbnailUrl\":\"https:\\\/\\\/onurplast.az\\\/wp-content\\\/uploads\\\/16-mm-DAMCI-SUVARMA-BORUSU.webp\",\"datePublished\":\"2023-11-07T23:14:51+00:00\",\"dateModified\":\"2024-01-15T17:53:43+00:00\",\"breadcrumb\":{\"@id\":\"https:\\\/\\\/onurplast.az\\\/en\\\/products\\\/drip-irrigation-systems-and-accessories\\\/drip-irrigation-pipes\\\/16-mm-drip-irrigation-pipe\\\/#breadcrumb\"},\"inLanguage\":\"en-US\",\"potentialAction\":[{\"@type\":\"ReadAction\",\"target\":[\"https:\\\/\\\/onurplast.az\\\/en\\\/products\\\/drip-irrigation-systems-and-accessories\\\/drip-irrigation-pipes\\\/16-mm-drip-irrigation-pipe\\\/\"]}]},{\"@type\":\"ImageObject\",\"inLanguage\":\"en-US\",\"@id\":\"https:\\\/\\\/onurplast.az\\\/en\\\/products\\\/drip-irrigation-systems-and-accessories\\\/drip-irrigation-pipes\\\/16-mm-drip-irrigation-pipe\\\/#primaryimage\",\"url\":\"https:\\\/\\\/onurplast.az\\\/wp-content\\\/uploads\\\/16-mm-DAMCI-SUVARMA-BORUSU.webp\",\"contentUrl\":\"https:\\\/\\\/onurplast.az\\\/wp-content\\\/uploads\\\/16-mm-DAMCI-SUVARMA-BORUSU.webp\",\"width\":600,\"height\":600,\"caption\":\"16 mm Drip Irrigation Pipe\"},{\"@type\":\"BreadcrumbList\",\"@id\":\"https:\\\/\\\/onurplast.az\\\/en\\\/products\\\/drip-irrigation-systems-and-accessories\\\/drip-irrigation-pipes\\\/16-mm-drip-irrigation-pipe\\\/#breadcrumb\",\"itemListElement\":[{\"@type\":\"ListItem\",\"position\":1,\"name\":\"\u018fsas S\u0259hif\u0259\",\"item\":\"https:\\\/\\\/onurplast.az\\\/en\\\/\"},{\"@type\":\"ListItem\",\"position\":2,\"name\":\"M\u0259hsullar\",\"item\":\"https:\\\/\\\/onurplast.az\\\/mehsullar\\\/\"},{\"@type\":\"ListItem\",\"position\":3,\"name\":\"16 mm Drip Irrigation Pipe\"}]},{\"@type\":\"WebSite\",\"@id\":\"https:\\\/\\\/onurplast.az\\\/en\\\/#website\",\"url\":\"https:\\\/\\\/onurplast.az\\\/en\\\/\",\"name\":\"Suvarma,Ya\u011fmurlama v\u0259 Pivot Sisteml\u0259ri, Avtomatik Suvarma: Onur Plast\",\"description\":\"Avtomatik Suvarma Sisteml\u0259ri,Ya\u011fmurlama,Pivot Sisteml\u0259ri:Onur Plast\",\"publisher\":{\"@id\":\"https:\\\/\\\/onurplast.az\\\/en\\\/#organization\"},\"potentialAction\":[{\"@type\":\"SearchAction\",\"target\":{\"@type\":\"EntryPoint\",\"urlTemplate\":\"https:\\\/\\\/onurplast.az\\\/en\\\/?s={search_term_string}\"},\"query-input\":{\"@type\":\"PropertyValueSpecification\",\"valueRequired\":true,\"valueName\":\"search_term_string\"}}],\"inLanguage\":\"en-US\"},{\"@type\":\"Organization\",\"@id\":\"https:\\\/\\\/onurplast.az\\\/en\\\/#organization\",\"name\":\"Suvarma,Ya\u011fmurlama v\u0259 Pivot Sisteml\u0259ri, Avtomatik Suvarma: Onur Plast\",\"url\":\"https:\\\/\\\/onurplast.az\\\/en\\\/\",\"logo\":{\"@type\":\"ImageObject\",\"inLanguage\":\"en-US\",\"@id\":\"https:\\\/\\\/onurplast.az\\\/en\\\/#\\\/schema\\\/logo\\\/image\\\/\",\"url\":\"https:\\\/\\\/onurplast.az\\\/wp-content\\\/uploads\\\/Onur-Plast-Suvarma-Sistemleri-Logo2.svg\",\"contentUrl\":\"https:\\\/\\\/onurplast.az\\\/wp-content\\\/uploads\\\/Onur-Plast-Suvarma-Sistemleri-Logo2.svg\",\"width\":569,\"height\":150,\"caption\":\"Suvarma,Ya\u011fmurlama v\u0259 Pivot Sisteml\u0259ri, Avtomatik Suvarma: Onur Plast\"},\"image\":{\"@id\":\"https:\\\/\\\/onurplast.az\\\/en\\\/#\\\/schema\\\/logo\\\/image\\\/\"},\"sameAs\":[\"https:\\\/\\\/www.facebook.com\\\/Onur-plast-110179870426347\",\"https:\\\/\\\/www.instagram.com\\\/suvarma_onurplast\\\/\",\"https:\\\/\\\/www.youtube.com\\\/channel\\\/UCjWsbKNIsj1tvovG9PD4Btg\"]}]}<\/script>\n<!-- \/ Yoast SEO plugin. -->","yoast_head_json":{"title":"16 mm Drip Irrigation Pipe - Avtomatik Suvarma Sisteml\u0259ri,Ya\u011fmurlama,Pivot Sisteml\u0259ri:Onur Plast","robots":{"index":"index","follow":"follow","max-snippet":"max-snippet:-1","max-image-preview":"max-image-preview:large","max-video-preview":"max-video-preview:-1"},"canonical":"https:\/\/onurplast.az\/en\/products\/drip-irrigation-systems-and-accessories\/drip-irrigation-pipes\/16-mm-drip-irrigation-pipe\/","og_locale":"en_US","og_type":"article","og_title":"16 mm Drip Irrigation Pipe - Avtomatik Suvarma Sisteml\u0259ri,Ya\u011fmurlama,Pivot Sisteml\u0259ri:Onur Plast","og_description":"Diametr Diameter Divar Qal\u0131nl\u0131\u011f\u0131 Wall Thickness Su h\u0259cmi Flow Rate Paketl\u0259m\u0259 Packaging Kod Code Drip M\u0259saf\u0259si Distance 16 mm 1,0 mm 2,4 Lt\/sa lph 400 metr\/top meter\/roll AZ-161020-2 20 cm AZ-161025-2 25 cm AZ-161033-2 33 cm AZ-161040-2 40 cm AZ-161050-2 50 cm AZ-161060-2 60 cm AZ-161075-2 75 cm AZ-161010-2 100 cm","og_url":"https:\/\/onurplast.az\/en\/products\/drip-irrigation-systems-and-accessories\/drip-irrigation-pipes\/16-mm-drip-irrigation-pipe\/","og_site_name":"Avtomatik Suvarma Sisteml\u0259ri,Ya\u011fmurlama,Pivot Sisteml\u0259ri:Onur Plast","article_publisher":"https:\/\/www.facebook.com\/Onur-plast-110179870426347","article_modified_time":"2024-01-15T17:53:43+00:00","og_image":[{"width":600,"height":600,"url":"https:\/\/onurplast.az\/wp-content\/uploads\/16-mm-DAMCI-SUVARMA-BORUSU.webp","type":"image\/webp"}],"twitter_card":"summary_large_image","schema":{"@context":"https:\/\/schema.org","@graph":[{"@type":"WebPage","@id":"https:\/\/onurplast.az\/en\/products\/drip-irrigation-systems-and-accessories\/drip-irrigation-pipes\/16-mm-drip-irrigation-pipe\/","url":"https:\/\/onurplast.az\/en\/products\/drip-irrigation-systems-and-accessories\/drip-irrigation-pipes\/16-mm-drip-irrigation-pipe\/","name":"16 mm Drip Irrigation Pipe - Avtomatik Suvarma Sisteml\u0259ri,Ya\u011fmurlama,Pivot Sisteml\u0259ri:Onur Plast","isPartOf":{"@id":"https:\/\/onurplast.az\/en\/#website"},"primaryImageOfPage":{"@id":"https:\/\/onurplast.az\/en\/products\/drip-irrigation-systems-and-accessories\/drip-irrigation-pipes\/16-mm-drip-irrigation-pipe\/#primaryimage"},"image":{"@id":"https:\/\/onurplast.az\/en\/products\/drip-irrigation-systems-and-accessories\/drip-irrigation-pipes\/16-mm-drip-irrigation-pipe\/#primaryimage"},"thumbnailUrl":"https:\/\/onurplast.az\/wp-content\/uploads\/16-mm-DAMCI-SUVARMA-BORUSU.webp","datePublished":"2023-11-07T23:14:51+00:00","dateModified":"2024-01-15T17:53:43+00:00","breadcrumb":{"@id":"https:\/\/onurplast.az\/en\/products\/drip-irrigation-systems-and-accessories\/drip-irrigation-pipes\/16-mm-drip-irrigation-pipe\/#breadcrumb"},"inLanguage":"en-US","potentialAction":[{"@type":"ReadAction","target":["https:\/\/onurplast.az\/en\/products\/drip-irrigation-systems-and-accessories\/drip-irrigation-pipes\/16-mm-drip-irrigation-pipe\/"]}]},{"@type":"ImageObject","inLanguage":"en-US","@id":"https:\/\/onurplast.az\/en\/products\/drip-irrigation-systems-and-accessories\/drip-irrigation-pipes\/16-mm-drip-irrigation-pipe\/#primaryimage","url":"https:\/\/onurplast.az\/wp-content\/uploads\/16-mm-DAMCI-SUVARMA-BORUSU.webp","contentUrl":"https:\/\/onurplast.az\/wp-content\/uploads\/16-mm-DAMCI-SUVARMA-BORUSU.webp","width":600,"height":600,"caption":"16 mm Drip Irrigation Pipe"},{"@type":"BreadcrumbList","@id":"https:\/\/onurplast.az\/en\/products\/drip-irrigation-systems-and-accessories\/drip-irrigation-pipes\/16-mm-drip-irrigation-pipe\/#breadcrumb","itemListElement":[{"@type":"ListItem","position":1,"name":"\u018fsas S\u0259hif\u0259","item":"https:\/\/onurplast.az\/en\/"},{"@type":"ListItem","position":2,"name":"M\u0259hsullar","item":"https:\/\/onurplast.az\/mehsullar\/"},{"@type":"ListItem","position":3,"name":"16 mm Drip Irrigation Pipe"}]},{"@type":"WebSite","@id":"https:\/\/onurplast.az\/en\/#website","url":"https:\/\/onurplast.az\/en\/","name":"Suvarma,Ya\u011fmurlama v\u0259 Pivot Sisteml\u0259ri, Avtomatik Suvarma: Onur Plast","description":"Avtomatik Suvarma Sisteml\u0259ri,Ya\u011fmurlama,Pivot Sisteml\u0259ri:Onur Plast","publisher":{"@id":"https:\/\/onurplast.az\/en\/#organization"},"potentialAction":[{"@type":"SearchAction","target":{"@type":"EntryPoint","urlTemplate":"https:\/\/onurplast.az\/en\/?s={search_term_string}"},"query-input":{"@type":"PropertyValueSpecification","valueRequired":true,"valueName":"search_term_string"}}],"inLanguage":"en-US"},{"@type":"Organization","@id":"https:\/\/onurplast.az\/en\/#organization","name":"Suvarma,Ya\u011fmurlama v\u0259 Pivot Sisteml\u0259ri, Avtomatik Suvarma: Onur Plast","url":"https:\/\/onurplast.az\/en\/","logo":{"@type":"ImageObject","inLanguage":"en-US","@id":"https:\/\/onurplast.az\/en\/#\/schema\/logo\/image\/","url":"https:\/\/onurplast.az\/wp-content\/uploads\/Onur-Plast-Suvarma-Sistemleri-Logo2.svg","contentUrl":"https:\/\/onurplast.az\/wp-content\/uploads\/Onur-Plast-Suvarma-Sistemleri-Logo2.svg","width":569,"height":150,"caption":"Suvarma,Ya\u011fmurlama v\u0259 Pivot Sisteml\u0259ri, Avtomatik Suvarma: Onur Plast"},"image":{"@id":"https:\/\/onurplast.az\/en\/#\/schema\/logo\/image\/"},"sameAs":["https:\/\/www.facebook.com\/Onur-plast-110179870426347","https:\/\/www.instagram.com\/suvarma_onurplast\/","https:\/\/www.youtube.com\/channel\/UCjWsbKNIsj1tvovG9PD4Btg"]}]}},"_links":{"self":[{"href":"https:\/\/onurplast.az\/en\/wp-json\/wp\/v2\/product\/1377","targetHints":{"allow":["GET"]}}],"collection":[{"href":"https:\/\/onurplast.az\/en\/wp-json\/wp\/v2\/product"}],"about":[{"href":"https:\/\/onurplast.az\/en\/wp-json\/wp\/v2\/types\/product"}],"wp:featuredmedia":[{"embeddable":true,"href":"https:\/\/onurplast.az\/en\/wp-json\/wp\/v2\/media\/53"}],"wp:attachment":[{"href":"https:\/\/onurplast.az\/en\/wp-json\/wp\/v2\/media?parent=1377"}],"wp:term":[{"taxonomy":"product_brand","embeddable":true,"href":"https:\/\/onurplast.az\/en\/wp-json\/wp\/v2\/product_brand?post=1377"},{"taxonomy":"product_cat","embeddable":true,"href":"https:\/\/onurplast.az\/en\/wp-json\/wp\/v2\/product_cat?post=1377"},{"taxonomy":"product_tag","embeddable":true,"href":"https:\/\/onurplast.az\/en\/wp-json\/wp\/v2\/product_tag?post=1377"}],"curies":[{"name":"wp","href":"https:\/\/api.w.org\/{rel}","templated":true}]}}