{"id":3202,"date":"2023-11-13T20:38:40","date_gmt":"2023-11-13T20:38:40","guid":{"rendered":"https:\/\/onurplast.az\/mehsullar\/uncategorized\/pc-dripline\/"},"modified":"2023-11-13T20:38:40","modified_gmt":"2023-11-13T20:38:40","slug":"pc-dripline","status":"publish","type":"product","link":"https:\/\/onurplast.az\/en\/products\/drip-irrigation-systems-and-accessories\/drip-irrigation-pipes\/pc-dripline\/","title":{"rendered":"PC Dripline"},"content":{"rendered":"<table>\n<tbody>\n<tr>\n<td><strong>Diametr<\/strong><br \/>\n<strong>Diameter<\/strong><\/td>\n<td><strong>Divar qal\u0131nl\u0131\u011f\u0131<\/strong><br \/>\n<strong>Wall Thickness<\/strong><\/td>\n<td><strong>Su h\u0259cmi<\/strong><br \/>\n<strong>Flow Rate<\/strong><\/td>\n<td><strong>Paketl\u0259m\u0259<\/strong><br \/>\n<strong>Packaging<\/strong><\/td>\n<td><strong>Kod<\/strong><br \/>\n<strong>Code<\/strong><\/td>\n<td><strong>Drip M\u0259saf\u0259si<\/strong><br \/>\n<strong>Distance<\/strong><\/td>\n<\/tr>\n<tr>\n<td rowspan=\"7\">16<br \/>\nmm<\/td>\n<td rowspan=\"7\">1<br \/>\nmm<\/td>\n<td rowspan=\"7\">1,0<br \/>\n1,6<br \/>\n2,0<br \/>\n3,0<br \/>\n3,8<br \/>\nLt\/sa<br \/>\nLt\/h<\/td>\n<td rowspan=\"7\">500<br \/>\nmeters<\/td>\n<td>IPC161020-2<\/td>\n<td>20 cm<\/td>\n<\/tr>\n<tr>\n<td>IPC161025-2<\/td>\n<td>25 cm<\/td>\n<\/tr>\n<tr>\n<td>IPC161033-2<\/td>\n<td>30 cm<\/td>\n<\/tr>\n<tr>\n<td>IPC161040-2<\/td>\n<td>40 cm<\/td>\n<\/tr>\n<tr>\n<td>IPC161050-2<\/td>\n<td>50 cm<\/td>\n<\/tr>\n<tr>\n<td>IPC161060-2<\/td>\n<td>60 cm<\/td>\n<\/tr>\n<tr>\n<td>IPC161075-2<\/td>\n<td>75 cm<\/td>\n<\/tr>\n<tr>\n<td rowspan=\"7\">20<br \/>\nmm<\/td>\n<td rowspan=\"7\">1<br \/>\nmm<\/td>\n<td rowspan=\"7\">1,0<br \/>\n1,6<br \/>\n2,0<br \/>\n3,0<br \/>\n3,8<br \/>\nLt\/sa<br \/>\nLt\/h<\/td>\n<td rowspan=\"7\">300<br \/>\nmeters<\/td>\n<td>IPC201020-2<\/td>\n<td>20 cm<\/td>\n<\/tr>\n<tr>\n<td>IPC201025-2<\/td>\n<td>25 cm<\/td>\n<\/tr>\n<tr>\n<td>IPC201033-2<\/td>\n<td>30 cm<\/td>\n<\/tr>\n<tr>\n<td>IPC201040-2<\/td>\n<td>40 cm<\/td>\n<\/tr>\n<tr>\n<td>IPC201050-2<\/td>\n<td>50 cm<\/td>\n<\/tr>\n<tr>\n<td>IPC201060-2<\/td>\n<td>60 cm<\/td>\n<\/tr>\n<tr>\n<td>IPC201075-2<\/td>\n<td>75 cm<\/td>\n<\/tr>\n<\/tbody>\n<\/table>\n","protected":false},"excerpt":{"rendered":"<p>Diametr Diameter Divar qal\u0131nl\u0131\u011f\u0131 Wall Thickness Su h\u0259cmi Flow Rate Paketl\u0259m\u0259 Packaging Kod Code Drip M\u0259saf\u0259si Distance 16 mm 1 mm 1,0 1,6 2,0 3,0 3,8 Lt\/sa Lt\/h 500 meters IPC161020-2 20 cm IPC161025-2 25 cm IPC161033-2 30 cm IPC161040-2 40 cm IPC161050-2 50 cm IPC161060-2 60 cm IPC161075-2 75 cm 20 mm 1 mm [&hellip;]<\/p>\n","protected":false},"featured_media":92,"template":"","meta":{"_acf_changed":false,"inline_featured_image":false},"product_brand":[],"product_cat":[267],"product_tag":[269],"class_list":{"0":"post-3202","1":"product","2":"type-product","3":"status-publish","4":"has-post-thumbnail","6":"product_cat-drip-irrigation-pipes","7":"product_tag-damci-suvarma-borusu-en","9":"first","10":"instock","11":"shipping-taxable","12":"purchasable","13":"product-type-simple"},"acf":[],"yoast_head":"<!-- This site is optimized with the Yoast SEO plugin v27.5 - https:\/\/yoast.com\/product\/yoast-seo-wordpress\/ -->\n<title>PC Dripline - Avtomatik Suvarma Sisteml\u0259ri,Ya\u011fmurlama,Pivot Sisteml\u0259ri:Onur Plast<\/title>\n<meta name=\"robots\" content=\"index, follow, max-snippet:-1, max-image-preview:large, max-video-preview:-1\" \/>\n<link rel=\"canonical\" href=\"https:\/\/onurplast.az\/en\/products\/drip-irrigation-systems-and-accessories\/drip-irrigation-pipes\/pc-dripline\/\" \/>\n<meta property=\"og:locale\" content=\"en_US\" \/>\n<meta property=\"og:type\" content=\"article\" \/>\n<meta property=\"og:title\" content=\"PC Dripline - Avtomatik Suvarma Sisteml\u0259ri,Ya\u011fmurlama,Pivot Sisteml\u0259ri:Onur Plast\" \/>\n<meta property=\"og:description\" content=\"Diametr Diameter Divar qal\u0131nl\u0131\u011f\u0131 Wall Thickness Su h\u0259cmi Flow Rate Paketl\u0259m\u0259 Packaging Kod Code Drip M\u0259saf\u0259si Distance 16 mm 1 mm 1,0 1,6 2,0 3,0 3,8 Lt\/sa Lt\/h 500 meters IPC161020-2 20 cm IPC161025-2 25 cm IPC161033-2 30 cm IPC161040-2 40 cm IPC161050-2 50 cm IPC161060-2 60 cm IPC161075-2 75 cm 20 mm 1 mm [&hellip;]\" \/>\n<meta property=\"og:url\" content=\"https:\/\/onurplast.az\/en\/products\/drip-irrigation-systems-and-accessories\/drip-irrigation-pipes\/pc-dripline\/\" \/>\n<meta property=\"og:site_name\" content=\"Avtomatik Suvarma Sisteml\u0259ri,Ya\u011fmurlama,Pivot Sisteml\u0259ri:Onur Plast\" \/>\n<meta property=\"article:publisher\" content=\"https:\/\/www.facebook.com\/Onur-plast-110179870426347\" \/>\n<meta name=\"twitter:card\" content=\"summary_large_image\" \/>\n<script type=\"application\/ld+json\" class=\"yoast-schema-graph\">{\"@context\":\"https:\\\/\\\/schema.org\",\"@graph\":[{\"@type\":\"WebPage\",\"@id\":\"https:\\\/\\\/onurplast.az\\\/en\\\/products\\\/drip-irrigation-systems-and-accessories\\\/drip-irrigation-pipes\\\/pc-dripline\\\/\",\"url\":\"https:\\\/\\\/onurplast.az\\\/en\\\/products\\\/drip-irrigation-systems-and-accessories\\\/drip-irrigation-pipes\\\/pc-dripline\\\/\",\"name\":\"PC Dripline - Avtomatik Suvarma Sisteml\u0259ri,Ya\u011fmurlama,Pivot Sisteml\u0259ri:Onur Plast\",\"isPartOf\":{\"@id\":\"https:\\\/\\\/onurplast.az\\\/en\\\/#website\"},\"primaryImageOfPage\":{\"@id\":\"https:\\\/\\\/onurplast.az\\\/en\\\/products\\\/drip-irrigation-systems-and-accessories\\\/drip-irrigation-pipes\\\/pc-dripline\\\/#primaryimage\"},\"image\":{\"@id\":\"https:\\\/\\\/onurplast.az\\\/en\\\/products\\\/drip-irrigation-systems-and-accessories\\\/drip-irrigation-pipes\\\/pc-dripline\\\/#primaryimage\"},\"thumbnailUrl\":\"https:\\\/\\\/onurplast.az\\\/wp-content\\\/uploads\\\/BASINC-AYARLI-DAMCI-SUVARMA-BORUSU.webp\",\"datePublished\":\"2023-11-13T20:38:40+00:00\",\"breadcrumb\":{\"@id\":\"https:\\\/\\\/onurplast.az\\\/en\\\/products\\\/drip-irrigation-systems-and-accessories\\\/drip-irrigation-pipes\\\/pc-dripline\\\/#breadcrumb\"},\"inLanguage\":\"en-US\",\"potentialAction\":[{\"@type\":\"ReadAction\",\"target\":[\"https:\\\/\\\/onurplast.az\\\/en\\\/products\\\/drip-irrigation-systems-and-accessories\\\/drip-irrigation-pipes\\\/pc-dripline\\\/\"]}]},{\"@type\":\"ImageObject\",\"inLanguage\":\"en-US\",\"@id\":\"https:\\\/\\\/onurplast.az\\\/en\\\/products\\\/drip-irrigation-systems-and-accessories\\\/drip-irrigation-pipes\\\/pc-dripline\\\/#primaryimage\",\"url\":\"https:\\\/\\\/onurplast.az\\\/wp-content\\\/uploads\\\/BASINC-AYARLI-DAMCI-SUVARMA-BORUSU.webp\",\"contentUrl\":\"https:\\\/\\\/onurplast.az\\\/wp-content\\\/uploads\\\/BASINC-AYARLI-DAMCI-SUVARMA-BORUSU.webp\",\"width\":600,\"height\":600,\"caption\":\"PC Dripline\"},{\"@type\":\"BreadcrumbList\",\"@id\":\"https:\\\/\\\/onurplast.az\\\/en\\\/products\\\/drip-irrigation-systems-and-accessories\\\/drip-irrigation-pipes\\\/pc-dripline\\\/#breadcrumb\",\"itemListElement\":[{\"@type\":\"ListItem\",\"position\":1,\"name\":\"\u018fsas S\u0259hif\u0259\",\"item\":\"https:\\\/\\\/onurplast.az\\\/en\\\/\"},{\"@type\":\"ListItem\",\"position\":2,\"name\":\"M\u0259hsullar\",\"item\":\"https:\\\/\\\/onurplast.az\\\/mehsullar\\\/\"},{\"@type\":\"ListItem\",\"position\":3,\"name\":\"PC Dripline\"}]},{\"@type\":\"WebSite\",\"@id\":\"https:\\\/\\\/onurplast.az\\\/en\\\/#website\",\"url\":\"https:\\\/\\\/onurplast.az\\\/en\\\/\",\"name\":\"Suvarma,Ya\u011fmurlama v\u0259 Pivot Sisteml\u0259ri, Avtomatik Suvarma: Onur Plast\",\"description\":\"Avtomatik Suvarma Sisteml\u0259ri,Ya\u011fmurlama,Pivot Sisteml\u0259ri:Onur Plast\",\"publisher\":{\"@id\":\"https:\\\/\\\/onurplast.az\\\/en\\\/#organization\"},\"potentialAction\":[{\"@type\":\"SearchAction\",\"target\":{\"@type\":\"EntryPoint\",\"urlTemplate\":\"https:\\\/\\\/onurplast.az\\\/en\\\/?s={search_term_string}\"},\"query-input\":{\"@type\":\"PropertyValueSpecification\",\"valueRequired\":true,\"valueName\":\"search_term_string\"}}],\"inLanguage\":\"en-US\"},{\"@type\":\"Organization\",\"@id\":\"https:\\\/\\\/onurplast.az\\\/en\\\/#organization\",\"name\":\"Suvarma,Ya\u011fmurlama v\u0259 Pivot Sisteml\u0259ri, Avtomatik Suvarma: Onur Plast\",\"url\":\"https:\\\/\\\/onurplast.az\\\/en\\\/\",\"logo\":{\"@type\":\"ImageObject\",\"inLanguage\":\"en-US\",\"@id\":\"https:\\\/\\\/onurplast.az\\\/en\\\/#\\\/schema\\\/logo\\\/image\\\/\",\"url\":\"https:\\\/\\\/onurplast.az\\\/wp-content\\\/uploads\\\/Onur-Plast-Suvarma-Sistemleri-Logo2.svg\",\"contentUrl\":\"https:\\\/\\\/onurplast.az\\\/wp-content\\\/uploads\\\/Onur-Plast-Suvarma-Sistemleri-Logo2.svg\",\"width\":569,\"height\":150,\"caption\":\"Suvarma,Ya\u011fmurlama v\u0259 Pivot Sisteml\u0259ri, Avtomatik Suvarma: Onur Plast\"},\"image\":{\"@id\":\"https:\\\/\\\/onurplast.az\\\/en\\\/#\\\/schema\\\/logo\\\/image\\\/\"},\"sameAs\":[\"https:\\\/\\\/www.facebook.com\\\/Onur-plast-110179870426347\",\"https:\\\/\\\/www.instagram.com\\\/suvarma_onurplast\\\/\",\"https:\\\/\\\/www.youtube.com\\\/channel\\\/UCjWsbKNIsj1tvovG9PD4Btg\"]}]}<\/script>\n<!-- \/ Yoast SEO plugin. -->","yoast_head_json":{"title":"PC Dripline - Avtomatik Suvarma Sisteml\u0259ri,Ya\u011fmurlama,Pivot Sisteml\u0259ri:Onur Plast","robots":{"index":"index","follow":"follow","max-snippet":"max-snippet:-1","max-image-preview":"max-image-preview:large","max-video-preview":"max-video-preview:-1"},"canonical":"https:\/\/onurplast.az\/en\/products\/drip-irrigation-systems-and-accessories\/drip-irrigation-pipes\/pc-dripline\/","og_locale":"en_US","og_type":"article","og_title":"PC Dripline - Avtomatik Suvarma Sisteml\u0259ri,Ya\u011fmurlama,Pivot Sisteml\u0259ri:Onur Plast","og_description":"Diametr Diameter Divar qal\u0131nl\u0131\u011f\u0131 Wall Thickness Su h\u0259cmi Flow Rate Paketl\u0259m\u0259 Packaging Kod Code Drip M\u0259saf\u0259si Distance 16 mm 1 mm 1,0 1,6 2,0 3,0 3,8 Lt\/sa Lt\/h 500 meters IPC161020-2 20 cm IPC161025-2 25 cm IPC161033-2 30 cm IPC161040-2 40 cm IPC161050-2 50 cm IPC161060-2 60 cm IPC161075-2 75 cm 20 mm 1 mm [&hellip;]","og_url":"https:\/\/onurplast.az\/en\/products\/drip-irrigation-systems-and-accessories\/drip-irrigation-pipes\/pc-dripline\/","og_site_name":"Avtomatik Suvarma Sisteml\u0259ri,Ya\u011fmurlama,Pivot Sisteml\u0259ri:Onur Plast","article_publisher":"https:\/\/www.facebook.com\/Onur-plast-110179870426347","twitter_card":"summary_large_image","schema":{"@context":"https:\/\/schema.org","@graph":[{"@type":"WebPage","@id":"https:\/\/onurplast.az\/en\/products\/drip-irrigation-systems-and-accessories\/drip-irrigation-pipes\/pc-dripline\/","url":"https:\/\/onurplast.az\/en\/products\/drip-irrigation-systems-and-accessories\/drip-irrigation-pipes\/pc-dripline\/","name":"PC Dripline - Avtomatik Suvarma Sisteml\u0259ri,Ya\u011fmurlama,Pivot Sisteml\u0259ri:Onur Plast","isPartOf":{"@id":"https:\/\/onurplast.az\/en\/#website"},"primaryImageOfPage":{"@id":"https:\/\/onurplast.az\/en\/products\/drip-irrigation-systems-and-accessories\/drip-irrigation-pipes\/pc-dripline\/#primaryimage"},"image":{"@id":"https:\/\/onurplast.az\/en\/products\/drip-irrigation-systems-and-accessories\/drip-irrigation-pipes\/pc-dripline\/#primaryimage"},"thumbnailUrl":"https:\/\/onurplast.az\/wp-content\/uploads\/BASINC-AYARLI-DAMCI-SUVARMA-BORUSU.webp","datePublished":"2023-11-13T20:38:40+00:00","breadcrumb":{"@id":"https:\/\/onurplast.az\/en\/products\/drip-irrigation-systems-and-accessories\/drip-irrigation-pipes\/pc-dripline\/#breadcrumb"},"inLanguage":"en-US","potentialAction":[{"@type":"ReadAction","target":["https:\/\/onurplast.az\/en\/products\/drip-irrigation-systems-and-accessories\/drip-irrigation-pipes\/pc-dripline\/"]}]},{"@type":"ImageObject","inLanguage":"en-US","@id":"https:\/\/onurplast.az\/en\/products\/drip-irrigation-systems-and-accessories\/drip-irrigation-pipes\/pc-dripline\/#primaryimage","url":"https:\/\/onurplast.az\/wp-content\/uploads\/BASINC-AYARLI-DAMCI-SUVARMA-BORUSU.webp","contentUrl":"https:\/\/onurplast.az\/wp-content\/uploads\/BASINC-AYARLI-DAMCI-SUVARMA-BORUSU.webp","width":600,"height":600,"caption":"PC Dripline"},{"@type":"BreadcrumbList","@id":"https:\/\/onurplast.az\/en\/products\/drip-irrigation-systems-and-accessories\/drip-irrigation-pipes\/pc-dripline\/#breadcrumb","itemListElement":[{"@type":"ListItem","position":1,"name":"\u018fsas S\u0259hif\u0259","item":"https:\/\/onurplast.az\/en\/"},{"@type":"ListItem","position":2,"name":"M\u0259hsullar","item":"https:\/\/onurplast.az\/mehsullar\/"},{"@type":"ListItem","position":3,"name":"PC Dripline"}]},{"@type":"WebSite","@id":"https:\/\/onurplast.az\/en\/#website","url":"https:\/\/onurplast.az\/en\/","name":"Suvarma,Ya\u011fmurlama v\u0259 Pivot Sisteml\u0259ri, Avtomatik Suvarma: Onur Plast","description":"Avtomatik Suvarma Sisteml\u0259ri,Ya\u011fmurlama,Pivot Sisteml\u0259ri:Onur Plast","publisher":{"@id":"https:\/\/onurplast.az\/en\/#organization"},"potentialAction":[{"@type":"SearchAction","target":{"@type":"EntryPoint","urlTemplate":"https:\/\/onurplast.az\/en\/?s={search_term_string}"},"query-input":{"@type":"PropertyValueSpecification","valueRequired":true,"valueName":"search_term_string"}}],"inLanguage":"en-US"},{"@type":"Organization","@id":"https:\/\/onurplast.az\/en\/#organization","name":"Suvarma,Ya\u011fmurlama v\u0259 Pivot Sisteml\u0259ri, Avtomatik Suvarma: Onur Plast","url":"https:\/\/onurplast.az\/en\/","logo":{"@type":"ImageObject","inLanguage":"en-US","@id":"https:\/\/onurplast.az\/en\/#\/schema\/logo\/image\/","url":"https:\/\/onurplast.az\/wp-content\/uploads\/Onur-Plast-Suvarma-Sistemleri-Logo2.svg","contentUrl":"https:\/\/onurplast.az\/wp-content\/uploads\/Onur-Plast-Suvarma-Sistemleri-Logo2.svg","width":569,"height":150,"caption":"Suvarma,Ya\u011fmurlama v\u0259 Pivot Sisteml\u0259ri, Avtomatik Suvarma: Onur Plast"},"image":{"@id":"https:\/\/onurplast.az\/en\/#\/schema\/logo\/image\/"},"sameAs":["https:\/\/www.facebook.com\/Onur-plast-110179870426347","https:\/\/www.instagram.com\/suvarma_onurplast\/","https:\/\/www.youtube.com\/channel\/UCjWsbKNIsj1tvovG9PD4Btg"]}]}},"_links":{"self":[{"href":"https:\/\/onurplast.az\/en\/wp-json\/wp\/v2\/product\/3202","targetHints":{"allow":["GET"]}}],"collection":[{"href":"https:\/\/onurplast.az\/en\/wp-json\/wp\/v2\/product"}],"about":[{"href":"https:\/\/onurplast.az\/en\/wp-json\/wp\/v2\/types\/product"}],"wp:featuredmedia":[{"embeddable":true,"href":"https:\/\/onurplast.az\/en\/wp-json\/wp\/v2\/media\/92"}],"wp:attachment":[{"href":"https:\/\/onurplast.az\/en\/wp-json\/wp\/v2\/media?parent=3202"}],"wp:term":[{"taxonomy":"product_brand","embeddable":true,"href":"https:\/\/onurplast.az\/en\/wp-json\/wp\/v2\/product_brand?post=3202"},{"taxonomy":"product_cat","embeddable":true,"href":"https:\/\/onurplast.az\/en\/wp-json\/wp\/v2\/product_cat?post=3202"},{"taxonomy":"product_tag","embeddable":true,"href":"https:\/\/onurplast.az\/en\/wp-json\/wp\/v2\/product_tag?post=3202"}],"curies":[{"name":"wp","href":"https:\/\/api.w.org\/{rel}","templated":true}]}}