{"id":3313,"date":"2023-11-15T22:29:15","date_gmt":"2023-11-15T22:29:15","guid":{"rendered":"https:\/\/onurplast.az\/mehsullar\/uncategorized\/flange-adaptor-pe100\/"},"modified":"2023-11-15T22:29:15","modified_gmt":"2023-11-15T22:29:15","slug":"flange-adaptor-pe100","status":"publish","type":"product","link":"https:\/\/onurplast.az\/en\/products\/pe-pipes-fittings\/pe-fittings\/flange-adaptor-pe100\/","title":{"rendered":"Flange Adaptor PE100"},"content":{"rendered":"<table>\n<tbody>\n<tr>\n<td><strong>FLANS ADAPTORU PE100<\/strong><\/p>\n<p><strong>FLANGE ADAPTOR PE100<\/strong><\/td>\n<td><strong>Diameter (d)<\/strong><\/td>\n<td><strong>Paketl\u0259m\u0259<\/strong><\/p>\n<p><strong>Packaging<\/strong><\/td>\n<\/tr>\n<tr>\n<td>AZ-PE-FA-63<\/td>\n<td>\u00d863<\/td>\n<td>70<\/td>\n<\/tr>\n<tr>\n<td>AZ-PE-FA-75<\/td>\n<td>\u00d875<\/td>\n<td>18<\/td>\n<\/tr>\n<tr>\n<td>AZ-PE-FA-90<\/td>\n<td>\u00d890<\/td>\n<td>25<\/td>\n<\/tr>\n<tr>\n<td>AZ-PE-FA-110<\/td>\n<td>\u00d8110<\/td>\n<td>20<\/td>\n<\/tr>\n<tr>\n<td>AZ-PE-FA-125<\/td>\n<td>\u00d8125<\/td>\n<td>14<\/td>\n<\/tr>\n<tr>\n<td>AZ-PE-FA-140<\/td>\n<td>\u00d8140<\/td>\n<td>12<\/td>\n<\/tr>\n<tr>\n<td>AZ-PE-FA-160<\/td>\n<td>\u00d8160<\/td>\n<td>6<\/td>\n<\/tr>\n<tr>\n<td>AZ-PE-FA-180<\/td>\n<td>\u00d8180<\/td>\n<td>4<\/td>\n<\/tr>\n<tr>\n<td>AZ-PE-FA-200<\/td>\n<td>\u00d8200<\/td>\n<td>2<\/td>\n<\/tr>\n<tr>\n<td>AZ-PE-FA-225<\/td>\n<td>\u00d8225<\/td>\n<td>1<\/td>\n<\/tr>\n<tr>\n<td>AZ-PE-FA-250<\/td>\n<td>\u00d8250<\/td>\n<td>1<\/td>\n<\/tr>\n<tr>\n<td>AZ-PE-FA-280<\/td>\n<td>\u00d8280<\/td>\n<td>1<\/td>\n<\/tr>\n<tr>\n<td>AZ-PE-FA-315<\/td>\n<td>\u00d8315<\/td>\n<td>1<\/td>\n<\/tr>\n<\/tbody>\n<\/table>\n","protected":false},"excerpt":{"rendered":"<p>FLANS ADAPTORU PE100 FLANGE ADAPTOR PE100 Diameter (d) Paketl\u0259m\u0259 Packaging AZ-PE-FA-63 \u00d863 70 AZ-PE-FA-75 \u00d875 18 AZ-PE-FA-90 \u00d890 25 AZ-PE-FA-110 \u00d8110 20 AZ-PE-FA-125 \u00d8125 14 AZ-PE-FA-140 \u00d8140 12 AZ-PE-FA-160 \u00d8160 6 AZ-PE-FA-180 \u00d8180 4 AZ-PE-FA-200 \u00d8200 2 AZ-PE-FA-225 \u00d8225 1 AZ-PE-FA-250 \u00d8250 1 AZ-PE-FA-280 \u00d8280 1 AZ-PE-FA-315 \u00d8315 1<\/p>\n","protected":false},"featured_media":464,"template":"","meta":{"_acf_changed":false,"inline_featured_image":false},"product_brand":[],"product_cat":[311],"product_tag":[395,396],"class_list":{"0":"post-3313","1":"product","2":"type-product","3":"status-publish","4":"has-post-thumbnail","6":"product_cat-pe-fittings","7":"product_tag-flans-adaptoru-en","8":"product_tag-pe100-en","10":"first","11":"instock","12":"shipping-taxable","13":"purchasable","14":"product-type-simple"},"acf":[],"yoast_head":"<!-- This site is optimized with the Yoast SEO plugin v27.5 - https:\/\/yoast.com\/product\/yoast-seo-wordpress\/ -->\n<title>Flange Adaptor PE100 - Avtomatik Suvarma Sisteml\u0259ri,Ya\u011fmurlama,Pivot Sisteml\u0259ri:Onur Plast<\/title>\n<meta name=\"robots\" content=\"index, follow, max-snippet:-1, max-image-preview:large, max-video-preview:-1\" \/>\n<link rel=\"canonical\" href=\"https:\/\/onurplast.az\/en\/products\/pe-pipes-fittings\/pe-fittings\/flange-adaptor-pe100\/\" \/>\n<meta property=\"og:locale\" content=\"en_US\" \/>\n<meta property=\"og:type\" content=\"article\" \/>\n<meta property=\"og:title\" content=\"Flange Adaptor PE100 - Avtomatik Suvarma Sisteml\u0259ri,Ya\u011fmurlama,Pivot Sisteml\u0259ri:Onur Plast\" \/>\n<meta property=\"og:description\" content=\"FLANS ADAPTORU PE100 FLANGE ADAPTOR PE100 Diameter (d) Paketl\u0259m\u0259 Packaging AZ-PE-FA-63 \u00d863 70 AZ-PE-FA-75 \u00d875 18 AZ-PE-FA-90 \u00d890 25 AZ-PE-FA-110 \u00d8110 20 AZ-PE-FA-125 \u00d8125 14 AZ-PE-FA-140 \u00d8140 12 AZ-PE-FA-160 \u00d8160 6 AZ-PE-FA-180 \u00d8180 4 AZ-PE-FA-200 \u00d8200 2 AZ-PE-FA-225 \u00d8225 1 AZ-PE-FA-250 \u00d8250 1 AZ-PE-FA-280 \u00d8280 1 AZ-PE-FA-315 \u00d8315 1\" \/>\n<meta property=\"og:url\" content=\"https:\/\/onurplast.az\/en\/products\/pe-pipes-fittings\/pe-fittings\/flange-adaptor-pe100\/\" \/>\n<meta property=\"og:site_name\" content=\"Avtomatik Suvarma Sisteml\u0259ri,Ya\u011fmurlama,Pivot Sisteml\u0259ri:Onur Plast\" \/>\n<meta property=\"article:publisher\" content=\"https:\/\/www.facebook.com\/Onur-plast-110179870426347\" \/>\n<meta name=\"twitter:card\" content=\"summary_large_image\" \/>\n<script type=\"application\/ld+json\" class=\"yoast-schema-graph\">{\"@context\":\"https:\\\/\\\/schema.org\",\"@graph\":[{\"@type\":\"WebPage\",\"@id\":\"https:\\\/\\\/onurplast.az\\\/en\\\/products\\\/pe-pipes-fittings\\\/pe-fittings\\\/flange-adaptor-pe100\\\/\",\"url\":\"https:\\\/\\\/onurplast.az\\\/en\\\/products\\\/pe-pipes-fittings\\\/pe-fittings\\\/flange-adaptor-pe100\\\/\",\"name\":\"Flange Adaptor PE100 - Avtomatik Suvarma Sisteml\u0259ri,Ya\u011fmurlama,Pivot Sisteml\u0259ri:Onur Plast\",\"isPartOf\":{\"@id\":\"https:\\\/\\\/onurplast.az\\\/en\\\/#website\"},\"primaryImageOfPage\":{\"@id\":\"https:\\\/\\\/onurplast.az\\\/en\\\/products\\\/pe-pipes-fittings\\\/pe-fittings\\\/flange-adaptor-pe100\\\/#primaryimage\"},\"image\":{\"@id\":\"https:\\\/\\\/onurplast.az\\\/en\\\/products\\\/pe-pipes-fittings\\\/pe-fittings\\\/flange-adaptor-pe100\\\/#primaryimage\"},\"thumbnailUrl\":\"https:\\\/\\\/onurplast.az\\\/wp-content\\\/uploads\\\/FLANS-ADAPTORU-PE100.webp\",\"datePublished\":\"2023-11-15T22:29:15+00:00\",\"breadcrumb\":{\"@id\":\"https:\\\/\\\/onurplast.az\\\/en\\\/products\\\/pe-pipes-fittings\\\/pe-fittings\\\/flange-adaptor-pe100\\\/#breadcrumb\"},\"inLanguage\":\"en-US\",\"potentialAction\":[{\"@type\":\"ReadAction\",\"target\":[\"https:\\\/\\\/onurplast.az\\\/en\\\/products\\\/pe-pipes-fittings\\\/pe-fittings\\\/flange-adaptor-pe100\\\/\"]}]},{\"@type\":\"ImageObject\",\"inLanguage\":\"en-US\",\"@id\":\"https:\\\/\\\/onurplast.az\\\/en\\\/products\\\/pe-pipes-fittings\\\/pe-fittings\\\/flange-adaptor-pe100\\\/#primaryimage\",\"url\":\"https:\\\/\\\/onurplast.az\\\/wp-content\\\/uploads\\\/FLANS-ADAPTORU-PE100.webp\",\"contentUrl\":\"https:\\\/\\\/onurplast.az\\\/wp-content\\\/uploads\\\/FLANS-ADAPTORU-PE100.webp\",\"width\":600,\"height\":600,\"caption\":\"Flan\u015f Adapt\u00f6r\u00fc Pe100\"},{\"@type\":\"BreadcrumbList\",\"@id\":\"https:\\\/\\\/onurplast.az\\\/en\\\/products\\\/pe-pipes-fittings\\\/pe-fittings\\\/flange-adaptor-pe100\\\/#breadcrumb\",\"itemListElement\":[{\"@type\":\"ListItem\",\"position\":1,\"name\":\"\u018fsas S\u0259hif\u0259\",\"item\":\"https:\\\/\\\/onurplast.az\\\/en\\\/\"},{\"@type\":\"ListItem\",\"position\":2,\"name\":\"M\u0259hsullar\",\"item\":\"https:\\\/\\\/onurplast.az\\\/mehsullar\\\/\"},{\"@type\":\"ListItem\",\"position\":3,\"name\":\"Flange Adaptor PE100\"}]},{\"@type\":\"WebSite\",\"@id\":\"https:\\\/\\\/onurplast.az\\\/en\\\/#website\",\"url\":\"https:\\\/\\\/onurplast.az\\\/en\\\/\",\"name\":\"Suvarma,Ya\u011fmurlama v\u0259 Pivot Sisteml\u0259ri, Avtomatik Suvarma: Onur Plast\",\"description\":\"Avtomatik Suvarma Sisteml\u0259ri,Ya\u011fmurlama,Pivot Sisteml\u0259ri:Onur Plast\",\"publisher\":{\"@id\":\"https:\\\/\\\/onurplast.az\\\/en\\\/#organization\"},\"potentialAction\":[{\"@type\":\"SearchAction\",\"target\":{\"@type\":\"EntryPoint\",\"urlTemplate\":\"https:\\\/\\\/onurplast.az\\\/en\\\/?s={search_term_string}\"},\"query-input\":{\"@type\":\"PropertyValueSpecification\",\"valueRequired\":true,\"valueName\":\"search_term_string\"}}],\"inLanguage\":\"en-US\"},{\"@type\":\"Organization\",\"@id\":\"https:\\\/\\\/onurplast.az\\\/en\\\/#organization\",\"name\":\"Suvarma,Ya\u011fmurlama v\u0259 Pivot Sisteml\u0259ri, Avtomatik Suvarma: Onur Plast\",\"url\":\"https:\\\/\\\/onurplast.az\\\/en\\\/\",\"logo\":{\"@type\":\"ImageObject\",\"inLanguage\":\"en-US\",\"@id\":\"https:\\\/\\\/onurplast.az\\\/en\\\/#\\\/schema\\\/logo\\\/image\\\/\",\"url\":\"https:\\\/\\\/onurplast.az\\\/wp-content\\\/uploads\\\/Onur-Plast-Suvarma-Sistemleri-Logo2.svg\",\"contentUrl\":\"https:\\\/\\\/onurplast.az\\\/wp-content\\\/uploads\\\/Onur-Plast-Suvarma-Sistemleri-Logo2.svg\",\"width\":569,\"height\":150,\"caption\":\"Suvarma,Ya\u011fmurlama v\u0259 Pivot Sisteml\u0259ri, Avtomatik Suvarma: Onur Plast\"},\"image\":{\"@id\":\"https:\\\/\\\/onurplast.az\\\/en\\\/#\\\/schema\\\/logo\\\/image\\\/\"},\"sameAs\":[\"https:\\\/\\\/www.facebook.com\\\/Onur-plast-110179870426347\",\"https:\\\/\\\/www.instagram.com\\\/suvarma_onurplast\\\/\",\"https:\\\/\\\/www.youtube.com\\\/channel\\\/UCjWsbKNIsj1tvovG9PD4Btg\"]}]}<\/script>\n<!-- \/ Yoast SEO plugin. -->","yoast_head_json":{"title":"Flange Adaptor PE100 - Avtomatik Suvarma Sisteml\u0259ri,Ya\u011fmurlama,Pivot Sisteml\u0259ri:Onur Plast","robots":{"index":"index","follow":"follow","max-snippet":"max-snippet:-1","max-image-preview":"max-image-preview:large","max-video-preview":"max-video-preview:-1"},"canonical":"https:\/\/onurplast.az\/en\/products\/pe-pipes-fittings\/pe-fittings\/flange-adaptor-pe100\/","og_locale":"en_US","og_type":"article","og_title":"Flange Adaptor PE100 - Avtomatik Suvarma Sisteml\u0259ri,Ya\u011fmurlama,Pivot Sisteml\u0259ri:Onur Plast","og_description":"FLANS ADAPTORU PE100 FLANGE ADAPTOR PE100 Diameter (d) Paketl\u0259m\u0259 Packaging AZ-PE-FA-63 \u00d863 70 AZ-PE-FA-75 \u00d875 18 AZ-PE-FA-90 \u00d890 25 AZ-PE-FA-110 \u00d8110 20 AZ-PE-FA-125 \u00d8125 14 AZ-PE-FA-140 \u00d8140 12 AZ-PE-FA-160 \u00d8160 6 AZ-PE-FA-180 \u00d8180 4 AZ-PE-FA-200 \u00d8200 2 AZ-PE-FA-225 \u00d8225 1 AZ-PE-FA-250 \u00d8250 1 AZ-PE-FA-280 \u00d8280 1 AZ-PE-FA-315 \u00d8315 1","og_url":"https:\/\/onurplast.az\/en\/products\/pe-pipes-fittings\/pe-fittings\/flange-adaptor-pe100\/","og_site_name":"Avtomatik Suvarma Sisteml\u0259ri,Ya\u011fmurlama,Pivot Sisteml\u0259ri:Onur Plast","article_publisher":"https:\/\/www.facebook.com\/Onur-plast-110179870426347","twitter_card":"summary_large_image","schema":{"@context":"https:\/\/schema.org","@graph":[{"@type":"WebPage","@id":"https:\/\/onurplast.az\/en\/products\/pe-pipes-fittings\/pe-fittings\/flange-adaptor-pe100\/","url":"https:\/\/onurplast.az\/en\/products\/pe-pipes-fittings\/pe-fittings\/flange-adaptor-pe100\/","name":"Flange Adaptor PE100 - Avtomatik Suvarma Sisteml\u0259ri,Ya\u011fmurlama,Pivot Sisteml\u0259ri:Onur Plast","isPartOf":{"@id":"https:\/\/onurplast.az\/en\/#website"},"primaryImageOfPage":{"@id":"https:\/\/onurplast.az\/en\/products\/pe-pipes-fittings\/pe-fittings\/flange-adaptor-pe100\/#primaryimage"},"image":{"@id":"https:\/\/onurplast.az\/en\/products\/pe-pipes-fittings\/pe-fittings\/flange-adaptor-pe100\/#primaryimage"},"thumbnailUrl":"https:\/\/onurplast.az\/wp-content\/uploads\/FLANS-ADAPTORU-PE100.webp","datePublished":"2023-11-15T22:29:15+00:00","breadcrumb":{"@id":"https:\/\/onurplast.az\/en\/products\/pe-pipes-fittings\/pe-fittings\/flange-adaptor-pe100\/#breadcrumb"},"inLanguage":"en-US","potentialAction":[{"@type":"ReadAction","target":["https:\/\/onurplast.az\/en\/products\/pe-pipes-fittings\/pe-fittings\/flange-adaptor-pe100\/"]}]},{"@type":"ImageObject","inLanguage":"en-US","@id":"https:\/\/onurplast.az\/en\/products\/pe-pipes-fittings\/pe-fittings\/flange-adaptor-pe100\/#primaryimage","url":"https:\/\/onurplast.az\/wp-content\/uploads\/FLANS-ADAPTORU-PE100.webp","contentUrl":"https:\/\/onurplast.az\/wp-content\/uploads\/FLANS-ADAPTORU-PE100.webp","width":600,"height":600,"caption":"Flan\u015f Adapt\u00f6r\u00fc Pe100"},{"@type":"BreadcrumbList","@id":"https:\/\/onurplast.az\/en\/products\/pe-pipes-fittings\/pe-fittings\/flange-adaptor-pe100\/#breadcrumb","itemListElement":[{"@type":"ListItem","position":1,"name":"\u018fsas S\u0259hif\u0259","item":"https:\/\/onurplast.az\/en\/"},{"@type":"ListItem","position":2,"name":"M\u0259hsullar","item":"https:\/\/onurplast.az\/mehsullar\/"},{"@type":"ListItem","position":3,"name":"Flange Adaptor PE100"}]},{"@type":"WebSite","@id":"https:\/\/onurplast.az\/en\/#website","url":"https:\/\/onurplast.az\/en\/","name":"Suvarma,Ya\u011fmurlama v\u0259 Pivot Sisteml\u0259ri, Avtomatik Suvarma: Onur Plast","description":"Avtomatik Suvarma Sisteml\u0259ri,Ya\u011fmurlama,Pivot Sisteml\u0259ri:Onur Plast","publisher":{"@id":"https:\/\/onurplast.az\/en\/#organization"},"potentialAction":[{"@type":"SearchAction","target":{"@type":"EntryPoint","urlTemplate":"https:\/\/onurplast.az\/en\/?s={search_term_string}"},"query-input":{"@type":"PropertyValueSpecification","valueRequired":true,"valueName":"search_term_string"}}],"inLanguage":"en-US"},{"@type":"Organization","@id":"https:\/\/onurplast.az\/en\/#organization","name":"Suvarma,Ya\u011fmurlama v\u0259 Pivot Sisteml\u0259ri, Avtomatik Suvarma: Onur Plast","url":"https:\/\/onurplast.az\/en\/","logo":{"@type":"ImageObject","inLanguage":"en-US","@id":"https:\/\/onurplast.az\/en\/#\/schema\/logo\/image\/","url":"https:\/\/onurplast.az\/wp-content\/uploads\/Onur-Plast-Suvarma-Sistemleri-Logo2.svg","contentUrl":"https:\/\/onurplast.az\/wp-content\/uploads\/Onur-Plast-Suvarma-Sistemleri-Logo2.svg","width":569,"height":150,"caption":"Suvarma,Ya\u011fmurlama v\u0259 Pivot Sisteml\u0259ri, Avtomatik Suvarma: Onur Plast"},"image":{"@id":"https:\/\/onurplast.az\/en\/#\/schema\/logo\/image\/"},"sameAs":["https:\/\/www.facebook.com\/Onur-plast-110179870426347","https:\/\/www.instagram.com\/suvarma_onurplast\/","https:\/\/www.youtube.com\/channel\/UCjWsbKNIsj1tvovG9PD4Btg"]}]}},"_links":{"self":[{"href":"https:\/\/onurplast.az\/en\/wp-json\/wp\/v2\/product\/3313","targetHints":{"allow":["GET"]}}],"collection":[{"href":"https:\/\/onurplast.az\/en\/wp-json\/wp\/v2\/product"}],"about":[{"href":"https:\/\/onurplast.az\/en\/wp-json\/wp\/v2\/types\/product"}],"wp:featuredmedia":[{"embeddable":true,"href":"https:\/\/onurplast.az\/en\/wp-json\/wp\/v2\/media\/464"}],"wp:attachment":[{"href":"https:\/\/onurplast.az\/en\/wp-json\/wp\/v2\/media?parent=3313"}],"wp:term":[{"taxonomy":"product_brand","embeddable":true,"href":"https:\/\/onurplast.az\/en\/wp-json\/wp\/v2\/product_brand?post=3313"},{"taxonomy":"product_cat","embeddable":true,"href":"https:\/\/onurplast.az\/en\/wp-json\/wp\/v2\/product_cat?post=3313"},{"taxonomy":"product_tag","embeddable":true,"href":"https:\/\/onurplast.az\/en\/wp-json\/wp\/v2\/product_tag?post=3313"}],"curies":[{"name":"wp","href":"https:\/\/api.w.org\/{rel}","templated":true}]}}