{"id":3336,"date":"2023-11-16T22:24:11","date_gmt":"2023-11-16T22:24:11","guid":{"rendered":"https:\/\/onurplast.az\/mehsullar\/uncategorized\/semiautomatic-twin-plastic-disc-filter-seperator-system-with-manifold\/"},"modified":"2024-01-16T21:08:28","modified_gmt":"2024-01-16T21:08:28","slug":"semiautomatic-twin-plastic-disc-filter-seperator-system-with-manifold","status":"publish","type":"product","link":"https:\/\/onurplast.az\/en\/products\/filtration-fertilizer-systems\/filter-systems\/semiautomatic-twin-plastic-disc-filter-seperator-system-with-manifold\/","title":{"rendered":"Semiautomatic Twin Plastic Disc Filter Seperator System With Manifold"},"content":{"rendered":"<table>\n<tbody>\n<tr>\n<td><strong>Kod<\/strong><\/p>\n<p><strong>Code<\/strong><\/td>\n<td><strong>\u00d6l\u00e7\u00fcs\u00fc<\/strong><\/p>\n<p><strong>Size<\/strong><\/td>\n<td><strong>Filtr Say\u0131 ve Diametri<\/strong><\/p>\n<p><strong>Filter Quantity and Diameter<\/strong><\/td>\n<td><strong>Su ke\u00e7iricilik<\/strong><\/p>\n<p><strong>Capacity m\u00b3\/h<\/strong><\/td>\n<\/tr>\n<tr>\n<td>AZ-HP-423<\/td>\n<td>4\u201d Di\u015fli<\/td>\n<td>2 Ad. \/ 3\u201d<\/td>\n<td>55-85<\/td>\n<\/tr>\n<tr>\n<td>AZ-HP-524<\/td>\n<td>5\u201d Flans<\/td>\n<td>2 Ad. \/ 4\u201d<\/td>\n<td>100-120<\/td>\n<\/tr>\n<tr>\n<td>AZ-HP-534<\/td>\n<td>5\u201d Flans<\/td>\n<td>3 Ad. \/ 4\u201d<\/td>\n<td>100-140<\/td>\n<\/tr>\n<tr>\n<td>AZ-HP-634<\/td>\n<td>6\u201d Flans<\/td>\n<td>3 Ad. \/ 4\u201d<\/td>\n<td>135-160<\/td>\n<\/tr>\n<tr>\n<td>AZ-HP-644<\/td>\n<td>6\u201d Flans<\/td>\n<td>4 Ad. \/ 4\u201d<\/td>\n<td>135-185<\/td>\n<\/tr>\n<tr>\n<td>AZ-HP-654<\/td>\n<td>6\u201d Flans<\/td>\n<td>5 Ad. \/ 4\u201d<\/td>\n<td>135-195<\/td>\n<\/tr>\n<tr>\n<td>AZ-HP-844<\/td>\n<td>8\u201d Flans<\/td>\n<td>4 Ad. \/ 4\u201d<\/td>\n<td>190-240<\/td>\n<\/tr>\n<tr>\n<td>AZ-HP-854<\/td>\n<td>8\u201d Flans<\/td>\n<td>5 Ad. \/ 4\u201d<\/td>\n<td>190-260<\/td>\n<\/tr>\n<\/tbody>\n<\/table>\n","protected":false},"excerpt":{"rendered":"<p>Kod Code \u00d6l\u00e7\u00fcs\u00fc Size Filtr Say\u0131 ve Diametri Filter Quantity and Diameter Su ke\u00e7iricilik Capacity m\u00b3\/h AZ-HP-423 4\u201d Di\u015fli 2 Ad. \/ 3\u201d 55-85 AZ-HP-524 5\u201d Flans 2 Ad. \/ 4\u201d 100-120 AZ-HP-534 5\u201d Flans 3 Ad. \/ 4\u201d 100-140 AZ-HP-634 6\u201d Flans 3 Ad. \/ 4\u201d 135-160 AZ-HP-644 6\u201d Flans 4 Ad. \/ 4\u201d [&hellip;]<\/p>\n","protected":false},"featured_media":607,"template":"","meta":{"_acf_changed":false,"inline_featured_image":false},"product_brand":[],"product_cat":[302],"product_tag":[417],"class_list":{"0":"post-3336","1":"product","2":"type-product","3":"status-publish","4":"has-post-thumbnail","6":"product_cat-filter-systems","7":"product_tag-filtreli-sistem-en","9":"first","10":"instock","11":"shipping-taxable","12":"purchasable","13":"product-type-simple"},"acf":[],"yoast_head":"<!-- This site is optimized with the Yoast SEO plugin v27.5 - https:\/\/yoast.com\/product\/yoast-seo-wordpress\/ -->\n<title>Semiautomatic Twin Plastic Disc Filter Seperator System With Manifold - Avtomatik Suvarma Sisteml\u0259ri,Ya\u011fmurlama,Pivot Sisteml\u0259ri:Onur Plast<\/title>\n<meta name=\"robots\" content=\"index, follow, max-snippet:-1, max-image-preview:large, max-video-preview:-1\" \/>\n<link rel=\"canonical\" href=\"https:\/\/onurplast.az\/en\/products\/filtration-fertilizer-systems\/filter-systems\/semiautomatic-twin-plastic-disc-filter-seperator-system-with-manifold\/\" \/>\n<meta property=\"og:locale\" content=\"en_US\" \/>\n<meta property=\"og:type\" content=\"article\" \/>\n<meta property=\"og:title\" content=\"Semiautomatic Twin Plastic Disc Filter Seperator System With Manifold - Avtomatik Suvarma Sisteml\u0259ri,Ya\u011fmurlama,Pivot Sisteml\u0259ri:Onur Plast\" \/>\n<meta property=\"og:description\" content=\"Kod Code \u00d6l\u00e7\u00fcs\u00fc Size Filtr Say\u0131 ve Diametri Filter Quantity and Diameter Su ke\u00e7iricilik Capacity m\u00b3\/h AZ-HP-423 4\u201d Di\u015fli 2 Ad. \/ 3\u201d 55-85 AZ-HP-524 5\u201d Flans 2 Ad. \/ 4\u201d 100-120 AZ-HP-534 5\u201d Flans 3 Ad. \/ 4\u201d 100-140 AZ-HP-634 6\u201d Flans 3 Ad. \/ 4\u201d 135-160 AZ-HP-644 6\u201d Flans 4 Ad. \/ 4\u201d [&hellip;]\" \/>\n<meta property=\"og:url\" content=\"https:\/\/onurplast.az\/en\/products\/filtration-fertilizer-systems\/filter-systems\/semiautomatic-twin-plastic-disc-filter-seperator-system-with-manifold\/\" \/>\n<meta property=\"og:site_name\" content=\"Avtomatik Suvarma Sisteml\u0259ri,Ya\u011fmurlama,Pivot Sisteml\u0259ri:Onur Plast\" \/>\n<meta property=\"article:publisher\" content=\"https:\/\/www.facebook.com\/Onur-plast-110179870426347\" \/>\n<meta property=\"article:modified_time\" content=\"2024-01-16T21:08:28+00:00\" \/>\n<meta property=\"og:image\" content=\"https:\/\/onurplast.az\/wp-content\/uploads\/YARI-OTOMATIK-MANIFOLDLU-VE-IKIZ-PLASTIK-DISK-FILTRELI-SEPERATOR-SISTEM.webp\" \/>\n\t<meta property=\"og:image:width\" content=\"600\" \/>\n\t<meta property=\"og:image:height\" content=\"600\" \/>\n\t<meta property=\"og:image:type\" content=\"image\/webp\" \/>\n<meta name=\"twitter:card\" content=\"summary_large_image\" \/>\n<script type=\"application\/ld+json\" class=\"yoast-schema-graph\">{\"@context\":\"https:\\\/\\\/schema.org\",\"@graph\":[{\"@type\":\"WebPage\",\"@id\":\"https:\\\/\\\/onurplast.az\\\/en\\\/products\\\/filtration-fertilizer-systems\\\/filter-systems\\\/semiautomatic-twin-plastic-disc-filter-seperator-system-with-manifold\\\/\",\"url\":\"https:\\\/\\\/onurplast.az\\\/en\\\/products\\\/filtration-fertilizer-systems\\\/filter-systems\\\/semiautomatic-twin-plastic-disc-filter-seperator-system-with-manifold\\\/\",\"name\":\"Semiautomatic Twin Plastic Disc Filter Seperator System With Manifold - Avtomatik Suvarma Sisteml\u0259ri,Ya\u011fmurlama,Pivot Sisteml\u0259ri:Onur Plast\",\"isPartOf\":{\"@id\":\"https:\\\/\\\/onurplast.az\\\/en\\\/#website\"},\"primaryImageOfPage\":{\"@id\":\"https:\\\/\\\/onurplast.az\\\/en\\\/products\\\/filtration-fertilizer-systems\\\/filter-systems\\\/semiautomatic-twin-plastic-disc-filter-seperator-system-with-manifold\\\/#primaryimage\"},\"image\":{\"@id\":\"https:\\\/\\\/onurplast.az\\\/en\\\/products\\\/filtration-fertilizer-systems\\\/filter-systems\\\/semiautomatic-twin-plastic-disc-filter-seperator-system-with-manifold\\\/#primaryimage\"},\"thumbnailUrl\":\"https:\\\/\\\/onurplast.az\\\/wp-content\\\/uploads\\\/YARI-OTOMATIK-MANIFOLDLU-VE-IKIZ-PLASTIK-DISK-FILTRELI-SEPERATOR-SISTEM.webp\",\"datePublished\":\"2023-11-16T22:24:11+00:00\",\"dateModified\":\"2024-01-16T21:08:28+00:00\",\"breadcrumb\":{\"@id\":\"https:\\\/\\\/onurplast.az\\\/en\\\/products\\\/filtration-fertilizer-systems\\\/filter-systems\\\/semiautomatic-twin-plastic-disc-filter-seperator-system-with-manifold\\\/#breadcrumb\"},\"inLanguage\":\"en-US\",\"potentialAction\":[{\"@type\":\"ReadAction\",\"target\":[\"https:\\\/\\\/onurplast.az\\\/en\\\/products\\\/filtration-fertilizer-systems\\\/filter-systems\\\/semiautomatic-twin-plastic-disc-filter-seperator-system-with-manifold\\\/\"]}]},{\"@type\":\"ImageObject\",\"inLanguage\":\"en-US\",\"@id\":\"https:\\\/\\\/onurplast.az\\\/en\\\/products\\\/filtration-fertilizer-systems\\\/filter-systems\\\/semiautomatic-twin-plastic-disc-filter-seperator-system-with-manifold\\\/#primaryimage\",\"url\":\"https:\\\/\\\/onurplast.az\\\/wp-content\\\/uploads\\\/YARI-OTOMATIK-MANIFOLDLU-VE-IKIZ-PLASTIK-DISK-FILTRELI-SEPERATOR-SISTEM.webp\",\"contentUrl\":\"https:\\\/\\\/onurplast.az\\\/wp-content\\\/uploads\\\/YARI-OTOMATIK-MANIFOLDLU-VE-IKIZ-PLASTIK-DISK-FILTRELI-SEPERATOR-SISTEM.webp\",\"width\":600,\"height\":600,\"caption\":\"Semiautomatic Twin Plastic Disc Filter Seperator System With Manifold\"},{\"@type\":\"BreadcrumbList\",\"@id\":\"https:\\\/\\\/onurplast.az\\\/en\\\/products\\\/filtration-fertilizer-systems\\\/filter-systems\\\/semiautomatic-twin-plastic-disc-filter-seperator-system-with-manifold\\\/#breadcrumb\",\"itemListElement\":[{\"@type\":\"ListItem\",\"position\":1,\"name\":\"\u018fsas S\u0259hif\u0259\",\"item\":\"https:\\\/\\\/onurplast.az\\\/en\\\/\"},{\"@type\":\"ListItem\",\"position\":2,\"name\":\"M\u0259hsullar\",\"item\":\"https:\\\/\\\/onurplast.az\\\/mehsullar\\\/\"},{\"@type\":\"ListItem\",\"position\":3,\"name\":\"Semiautomatic Twin Plastic Disc Filter Seperator System With Manifold\"}]},{\"@type\":\"WebSite\",\"@id\":\"https:\\\/\\\/onurplast.az\\\/en\\\/#website\",\"url\":\"https:\\\/\\\/onurplast.az\\\/en\\\/\",\"name\":\"Suvarma,Ya\u011fmurlama v\u0259 Pivot Sisteml\u0259ri, Avtomatik Suvarma: Onur Plast\",\"description\":\"Avtomatik Suvarma Sisteml\u0259ri,Ya\u011fmurlama,Pivot Sisteml\u0259ri:Onur Plast\",\"publisher\":{\"@id\":\"https:\\\/\\\/onurplast.az\\\/en\\\/#organization\"},\"potentialAction\":[{\"@type\":\"SearchAction\",\"target\":{\"@type\":\"EntryPoint\",\"urlTemplate\":\"https:\\\/\\\/onurplast.az\\\/en\\\/?s={search_term_string}\"},\"query-input\":{\"@type\":\"PropertyValueSpecification\",\"valueRequired\":true,\"valueName\":\"search_term_string\"}}],\"inLanguage\":\"en-US\"},{\"@type\":\"Organization\",\"@id\":\"https:\\\/\\\/onurplast.az\\\/en\\\/#organization\",\"name\":\"Suvarma,Ya\u011fmurlama v\u0259 Pivot Sisteml\u0259ri, Avtomatik Suvarma: Onur Plast\",\"url\":\"https:\\\/\\\/onurplast.az\\\/en\\\/\",\"logo\":{\"@type\":\"ImageObject\",\"inLanguage\":\"en-US\",\"@id\":\"https:\\\/\\\/onurplast.az\\\/en\\\/#\\\/schema\\\/logo\\\/image\\\/\",\"url\":\"https:\\\/\\\/onurplast.az\\\/wp-content\\\/uploads\\\/Onur-Plast-Suvarma-Sistemleri-Logo2.svg\",\"contentUrl\":\"https:\\\/\\\/onurplast.az\\\/wp-content\\\/uploads\\\/Onur-Plast-Suvarma-Sistemleri-Logo2.svg\",\"width\":569,\"height\":150,\"caption\":\"Suvarma,Ya\u011fmurlama v\u0259 Pivot Sisteml\u0259ri, Avtomatik Suvarma: Onur Plast\"},\"image\":{\"@id\":\"https:\\\/\\\/onurplast.az\\\/en\\\/#\\\/schema\\\/logo\\\/image\\\/\"},\"sameAs\":[\"https:\\\/\\\/www.facebook.com\\\/Onur-plast-110179870426347\",\"https:\\\/\\\/www.instagram.com\\\/suvarma_onurplast\\\/\",\"https:\\\/\\\/www.youtube.com\\\/channel\\\/UCjWsbKNIsj1tvovG9PD4Btg\"]}]}<\/script>\n<!-- \/ Yoast SEO plugin. -->","yoast_head_json":{"title":"Semiautomatic Twin Plastic Disc Filter Seperator System With Manifold - Avtomatik Suvarma Sisteml\u0259ri,Ya\u011fmurlama,Pivot Sisteml\u0259ri:Onur Plast","robots":{"index":"index","follow":"follow","max-snippet":"max-snippet:-1","max-image-preview":"max-image-preview:large","max-video-preview":"max-video-preview:-1"},"canonical":"https:\/\/onurplast.az\/en\/products\/filtration-fertilizer-systems\/filter-systems\/semiautomatic-twin-plastic-disc-filter-seperator-system-with-manifold\/","og_locale":"en_US","og_type":"article","og_title":"Semiautomatic Twin Plastic Disc Filter Seperator System With Manifold - Avtomatik Suvarma Sisteml\u0259ri,Ya\u011fmurlama,Pivot Sisteml\u0259ri:Onur Plast","og_description":"Kod Code \u00d6l\u00e7\u00fcs\u00fc Size Filtr Say\u0131 ve Diametri Filter Quantity and Diameter Su ke\u00e7iricilik Capacity m\u00b3\/h AZ-HP-423 4\u201d Di\u015fli 2 Ad. \/ 3\u201d 55-85 AZ-HP-524 5\u201d Flans 2 Ad. \/ 4\u201d 100-120 AZ-HP-534 5\u201d Flans 3 Ad. \/ 4\u201d 100-140 AZ-HP-634 6\u201d Flans 3 Ad. \/ 4\u201d 135-160 AZ-HP-644 6\u201d Flans 4 Ad. \/ 4\u201d [&hellip;]","og_url":"https:\/\/onurplast.az\/en\/products\/filtration-fertilizer-systems\/filter-systems\/semiautomatic-twin-plastic-disc-filter-seperator-system-with-manifold\/","og_site_name":"Avtomatik Suvarma Sisteml\u0259ri,Ya\u011fmurlama,Pivot Sisteml\u0259ri:Onur Plast","article_publisher":"https:\/\/www.facebook.com\/Onur-plast-110179870426347","article_modified_time":"2024-01-16T21:08:28+00:00","og_image":[{"width":600,"height":600,"url":"https:\/\/onurplast.az\/wp-content\/uploads\/YARI-OTOMATIK-MANIFOLDLU-VE-IKIZ-PLASTIK-DISK-FILTRELI-SEPERATOR-SISTEM.webp","type":"image\/webp"}],"twitter_card":"summary_large_image","schema":{"@context":"https:\/\/schema.org","@graph":[{"@type":"WebPage","@id":"https:\/\/onurplast.az\/en\/products\/filtration-fertilizer-systems\/filter-systems\/semiautomatic-twin-plastic-disc-filter-seperator-system-with-manifold\/","url":"https:\/\/onurplast.az\/en\/products\/filtration-fertilizer-systems\/filter-systems\/semiautomatic-twin-plastic-disc-filter-seperator-system-with-manifold\/","name":"Semiautomatic Twin Plastic Disc Filter Seperator System With Manifold - Avtomatik Suvarma Sisteml\u0259ri,Ya\u011fmurlama,Pivot Sisteml\u0259ri:Onur Plast","isPartOf":{"@id":"https:\/\/onurplast.az\/en\/#website"},"primaryImageOfPage":{"@id":"https:\/\/onurplast.az\/en\/products\/filtration-fertilizer-systems\/filter-systems\/semiautomatic-twin-plastic-disc-filter-seperator-system-with-manifold\/#primaryimage"},"image":{"@id":"https:\/\/onurplast.az\/en\/products\/filtration-fertilizer-systems\/filter-systems\/semiautomatic-twin-plastic-disc-filter-seperator-system-with-manifold\/#primaryimage"},"thumbnailUrl":"https:\/\/onurplast.az\/wp-content\/uploads\/YARI-OTOMATIK-MANIFOLDLU-VE-IKIZ-PLASTIK-DISK-FILTRELI-SEPERATOR-SISTEM.webp","datePublished":"2023-11-16T22:24:11+00:00","dateModified":"2024-01-16T21:08:28+00:00","breadcrumb":{"@id":"https:\/\/onurplast.az\/en\/products\/filtration-fertilizer-systems\/filter-systems\/semiautomatic-twin-plastic-disc-filter-seperator-system-with-manifold\/#breadcrumb"},"inLanguage":"en-US","potentialAction":[{"@type":"ReadAction","target":["https:\/\/onurplast.az\/en\/products\/filtration-fertilizer-systems\/filter-systems\/semiautomatic-twin-plastic-disc-filter-seperator-system-with-manifold\/"]}]},{"@type":"ImageObject","inLanguage":"en-US","@id":"https:\/\/onurplast.az\/en\/products\/filtration-fertilizer-systems\/filter-systems\/semiautomatic-twin-plastic-disc-filter-seperator-system-with-manifold\/#primaryimage","url":"https:\/\/onurplast.az\/wp-content\/uploads\/YARI-OTOMATIK-MANIFOLDLU-VE-IKIZ-PLASTIK-DISK-FILTRELI-SEPERATOR-SISTEM.webp","contentUrl":"https:\/\/onurplast.az\/wp-content\/uploads\/YARI-OTOMATIK-MANIFOLDLU-VE-IKIZ-PLASTIK-DISK-FILTRELI-SEPERATOR-SISTEM.webp","width":600,"height":600,"caption":"Semiautomatic Twin Plastic Disc Filter Seperator System With Manifold"},{"@type":"BreadcrumbList","@id":"https:\/\/onurplast.az\/en\/products\/filtration-fertilizer-systems\/filter-systems\/semiautomatic-twin-plastic-disc-filter-seperator-system-with-manifold\/#breadcrumb","itemListElement":[{"@type":"ListItem","position":1,"name":"\u018fsas S\u0259hif\u0259","item":"https:\/\/onurplast.az\/en\/"},{"@type":"ListItem","position":2,"name":"M\u0259hsullar","item":"https:\/\/onurplast.az\/mehsullar\/"},{"@type":"ListItem","position":3,"name":"Semiautomatic Twin Plastic Disc Filter Seperator System With Manifold"}]},{"@type":"WebSite","@id":"https:\/\/onurplast.az\/en\/#website","url":"https:\/\/onurplast.az\/en\/","name":"Suvarma,Ya\u011fmurlama v\u0259 Pivot Sisteml\u0259ri, Avtomatik Suvarma: Onur Plast","description":"Avtomatik Suvarma Sisteml\u0259ri,Ya\u011fmurlama,Pivot Sisteml\u0259ri:Onur Plast","publisher":{"@id":"https:\/\/onurplast.az\/en\/#organization"},"potentialAction":[{"@type":"SearchAction","target":{"@type":"EntryPoint","urlTemplate":"https:\/\/onurplast.az\/en\/?s={search_term_string}"},"query-input":{"@type":"PropertyValueSpecification","valueRequired":true,"valueName":"search_term_string"}}],"inLanguage":"en-US"},{"@type":"Organization","@id":"https:\/\/onurplast.az\/en\/#organization","name":"Suvarma,Ya\u011fmurlama v\u0259 Pivot Sisteml\u0259ri, Avtomatik Suvarma: Onur Plast","url":"https:\/\/onurplast.az\/en\/","logo":{"@type":"ImageObject","inLanguage":"en-US","@id":"https:\/\/onurplast.az\/en\/#\/schema\/logo\/image\/","url":"https:\/\/onurplast.az\/wp-content\/uploads\/Onur-Plast-Suvarma-Sistemleri-Logo2.svg","contentUrl":"https:\/\/onurplast.az\/wp-content\/uploads\/Onur-Plast-Suvarma-Sistemleri-Logo2.svg","width":569,"height":150,"caption":"Suvarma,Ya\u011fmurlama v\u0259 Pivot Sisteml\u0259ri, Avtomatik Suvarma: Onur Plast"},"image":{"@id":"https:\/\/onurplast.az\/en\/#\/schema\/logo\/image\/"},"sameAs":["https:\/\/www.facebook.com\/Onur-plast-110179870426347","https:\/\/www.instagram.com\/suvarma_onurplast\/","https:\/\/www.youtube.com\/channel\/UCjWsbKNIsj1tvovG9PD4Btg"]}]}},"_links":{"self":[{"href":"https:\/\/onurplast.az\/en\/wp-json\/wp\/v2\/product\/3336","targetHints":{"allow":["GET"]}}],"collection":[{"href":"https:\/\/onurplast.az\/en\/wp-json\/wp\/v2\/product"}],"about":[{"href":"https:\/\/onurplast.az\/en\/wp-json\/wp\/v2\/types\/product"}],"wp:featuredmedia":[{"embeddable":true,"href":"https:\/\/onurplast.az\/en\/wp-json\/wp\/v2\/media\/607"}],"wp:attachment":[{"href":"https:\/\/onurplast.az\/en\/wp-json\/wp\/v2\/media?parent=3336"}],"wp:term":[{"taxonomy":"product_brand","embeddable":true,"href":"https:\/\/onurplast.az\/en\/wp-json\/wp\/v2\/product_brand?post=3336"},{"taxonomy":"product_cat","embeddable":true,"href":"https:\/\/onurplast.az\/en\/wp-json\/wp\/v2\/product_cat?post=3336"},{"taxonomy":"product_tag","embeddable":true,"href":"https:\/\/onurplast.az\/en\/wp-json\/wp\/v2\/product_tag?post=3336"}],"curies":[{"name":"wp","href":"https:\/\/api.w.org\/{rel}","templated":true}]}}