{"id":3360,"date":"2023-11-17T20:30:07","date_gmt":"2023-11-17T20:30:07","guid":{"rendered":"https:\/\/onurplast.az\/mehsullar\/uncategorized\/elbow\/"},"modified":"2023-11-17T20:30:07","modified_gmt":"2023-11-17T20:30:07","slug":"elbow","status":"publish","type":"product","link":"https:\/\/onurplast.az\/en\/products\/sprinkler-system\/sprinkler-fittings\/elbow\/","title":{"rendered":"Elbow"},"content":{"rendered":"<table>\n<tbody>\n<tr>\n<td><strong>Kod<\/strong><br \/>\n<strong>Code<\/strong><\/td>\n<td><strong>\u00d6l\u00e7\u00fcs\u00fc<\/strong><br \/>\n<strong>Size<\/strong><\/td>\n<\/tr>\n<tr>\n<td>AZ-ELB 50<\/td>\n<td>50&#215;50 mm<\/td>\n<\/tr>\n<tr>\n<td>AZ-ELB 63<\/td>\n<td>63&#215;63 mm<\/td>\n<\/tr>\n<tr>\n<td>AZ-ELB 75<\/td>\n<td>75&#215;75 mm<\/td>\n<\/tr>\n<tr>\n<td>AZ-ELB 90<\/td>\n<td>90&#215;90 mm<\/td>\n<\/tr>\n<tr>\n<td>AZ-ELB 110<\/td>\n<td>110&#215;110 mm<\/td>\n<\/tr>\n<tr>\n<td>AZ-ELB 125<\/td>\n<td>125&#215;125 mm<\/td>\n<\/tr>\n<tr>\n<td>AZ-ELB 140<\/td>\n<td>140&#215;140 mm<\/td>\n<\/tr>\n<tr>\n<td>AZ-ELB 160<\/td>\n<td>160&#215;160 mm<\/td>\n<\/tr>\n<\/tbody>\n<\/table>\n","protected":false},"excerpt":{"rendered":"<p>Kod Code \u00d6l\u00e7\u00fcs\u00fc Size AZ-ELB 50 50&#215;50 mm AZ-ELB 63 63&#215;63 mm AZ-ELB 75 75&#215;75 mm AZ-ELB 90 90&#215;90 mm AZ-ELB 110 110&#215;110 mm AZ-ELB 125 125&#215;125 mm AZ-ELB 140 140&#215;140 mm AZ-ELB 160 160&#215;160 mm<\/p>\n","protected":false},"featured_media":738,"template":"","meta":{"_acf_changed":false,"inline_featured_image":false},"product_brand":[],"product_cat":[325],"product_tag":[434],"class_list":{"0":"post-3360","1":"product","2":"type-product","3":"status-publish","4":"has-post-thumbnail","6":"product_cat-sprinkler-fittings","7":"product_tag-elbow","9":"first","10":"instock","11":"shipping-taxable","12":"purchasable","13":"product-type-simple"},"acf":[],"yoast_head":"<!-- This site is optimized with the Yoast SEO plugin v27.4 - https:\/\/yoast.com\/product\/yoast-seo-wordpress\/ -->\n<title>Elbow - Avtomatik Suvarma Sisteml\u0259ri,Ya\u011fmurlama,Pivot Sisteml\u0259ri:Onur Plast<\/title>\n<meta name=\"robots\" content=\"index, follow, max-snippet:-1, max-image-preview:large, max-video-preview:-1\" \/>\n<link rel=\"canonical\" href=\"https:\/\/onurplast.az\/en\/products\/sprinkler-system\/sprinkler-fittings\/elbow\/\" \/>\n<meta property=\"og:locale\" content=\"en_US\" \/>\n<meta property=\"og:type\" content=\"article\" \/>\n<meta property=\"og:title\" content=\"Elbow - Avtomatik Suvarma Sisteml\u0259ri,Ya\u011fmurlama,Pivot Sisteml\u0259ri:Onur Plast\" \/>\n<meta property=\"og:description\" content=\"Kod Code \u00d6l\u00e7\u00fcs\u00fc Size AZ-ELB 50 50&#215;50 mm AZ-ELB 63 63&#215;63 mm AZ-ELB 75 75&#215;75 mm AZ-ELB 90 90&#215;90 mm AZ-ELB 110 110&#215;110 mm AZ-ELB 125 125&#215;125 mm AZ-ELB 140 140&#215;140 mm AZ-ELB 160 160&#215;160 mm\" \/>\n<meta property=\"og:url\" content=\"https:\/\/onurplast.az\/en\/products\/sprinkler-system\/sprinkler-fittings\/elbow\/\" \/>\n<meta property=\"og:site_name\" content=\"Avtomatik Suvarma Sisteml\u0259ri,Ya\u011fmurlama,Pivot Sisteml\u0259ri:Onur Plast\" \/>\n<meta property=\"article:publisher\" content=\"https:\/\/www.facebook.com\/Onur-plast-110179870426347\" \/>\n<meta name=\"twitter:card\" content=\"summary_large_image\" \/>\n<script type=\"application\/ld+json\" class=\"yoast-schema-graph\">{\"@context\":\"https:\\\/\\\/schema.org\",\"@graph\":[{\"@type\":\"WebPage\",\"@id\":\"https:\\\/\\\/onurplast.az\\\/en\\\/products\\\/sprinkler-system\\\/sprinkler-fittings\\\/elbow\\\/\",\"url\":\"https:\\\/\\\/onurplast.az\\\/en\\\/products\\\/sprinkler-system\\\/sprinkler-fittings\\\/elbow\\\/\",\"name\":\"Elbow - Avtomatik Suvarma Sisteml\u0259ri,Ya\u011fmurlama,Pivot Sisteml\u0259ri:Onur Plast\",\"isPartOf\":{\"@id\":\"https:\\\/\\\/onurplast.az\\\/en\\\/#website\"},\"primaryImageOfPage\":{\"@id\":\"https:\\\/\\\/onurplast.az\\\/en\\\/products\\\/sprinkler-system\\\/sprinkler-fittings\\\/elbow\\\/#primaryimage\"},\"image\":{\"@id\":\"https:\\\/\\\/onurplast.az\\\/en\\\/products\\\/sprinkler-system\\\/sprinkler-fittings\\\/elbow\\\/#primaryimage\"},\"thumbnailUrl\":\"https:\\\/\\\/onurplast.az\\\/wp-content\\\/uploads\\\/DIRSEK.webp\",\"datePublished\":\"2023-11-17T20:30:07+00:00\",\"breadcrumb\":{\"@id\":\"https:\\\/\\\/onurplast.az\\\/en\\\/products\\\/sprinkler-system\\\/sprinkler-fittings\\\/elbow\\\/#breadcrumb\"},\"inLanguage\":\"en-US\",\"potentialAction\":[{\"@type\":\"ReadAction\",\"target\":[\"https:\\\/\\\/onurplast.az\\\/en\\\/products\\\/sprinkler-system\\\/sprinkler-fittings\\\/elbow\\\/\"]}]},{\"@type\":\"ImageObject\",\"inLanguage\":\"en-US\",\"@id\":\"https:\\\/\\\/onurplast.az\\\/en\\\/products\\\/sprinkler-system\\\/sprinkler-fittings\\\/elbow\\\/#primaryimage\",\"url\":\"https:\\\/\\\/onurplast.az\\\/wp-content\\\/uploads\\\/DIRSEK.webp\",\"contentUrl\":\"https:\\\/\\\/onurplast.az\\\/wp-content\\\/uploads\\\/DIRSEK.webp\",\"width\":600,\"height\":600,\"caption\":\"Elbow\"},{\"@type\":\"BreadcrumbList\",\"@id\":\"https:\\\/\\\/onurplast.az\\\/en\\\/products\\\/sprinkler-system\\\/sprinkler-fittings\\\/elbow\\\/#breadcrumb\",\"itemListElement\":[{\"@type\":\"ListItem\",\"position\":1,\"name\":\"\u018fsas S\u0259hif\u0259\",\"item\":\"https:\\\/\\\/onurplast.az\\\/en\\\/\"},{\"@type\":\"ListItem\",\"position\":2,\"name\":\"M\u0259hsullar\",\"item\":\"https:\\\/\\\/onurplast.az\\\/mehsullar\\\/\"},{\"@type\":\"ListItem\",\"position\":3,\"name\":\"Elbow\"}]},{\"@type\":\"WebSite\",\"@id\":\"https:\\\/\\\/onurplast.az\\\/en\\\/#website\",\"url\":\"https:\\\/\\\/onurplast.az\\\/en\\\/\",\"name\":\"Suvarma,Ya\u011fmurlama v\u0259 Pivot Sisteml\u0259ri, Avtomatik Suvarma: Onur Plast\",\"description\":\"Avtomatik Suvarma Sisteml\u0259ri,Ya\u011fmurlama,Pivot Sisteml\u0259ri:Onur Plast\",\"publisher\":{\"@id\":\"https:\\\/\\\/onurplast.az\\\/en\\\/#organization\"},\"potentialAction\":[{\"@type\":\"SearchAction\",\"target\":{\"@type\":\"EntryPoint\",\"urlTemplate\":\"https:\\\/\\\/onurplast.az\\\/en\\\/?s={search_term_string}\"},\"query-input\":{\"@type\":\"PropertyValueSpecification\",\"valueRequired\":true,\"valueName\":\"search_term_string\"}}],\"inLanguage\":\"en-US\"},{\"@type\":\"Organization\",\"@id\":\"https:\\\/\\\/onurplast.az\\\/en\\\/#organization\",\"name\":\"Suvarma,Ya\u011fmurlama v\u0259 Pivot Sisteml\u0259ri, Avtomatik Suvarma: Onur Plast\",\"url\":\"https:\\\/\\\/onurplast.az\\\/en\\\/\",\"logo\":{\"@type\":\"ImageObject\",\"inLanguage\":\"en-US\",\"@id\":\"https:\\\/\\\/onurplast.az\\\/en\\\/#\\\/schema\\\/logo\\\/image\\\/\",\"url\":\"https:\\\/\\\/onurplast.az\\\/wp-content\\\/uploads\\\/Onur-Plast-Suvarma-Sistemleri-Logo2.svg\",\"contentUrl\":\"https:\\\/\\\/onurplast.az\\\/wp-content\\\/uploads\\\/Onur-Plast-Suvarma-Sistemleri-Logo2.svg\",\"width\":569,\"height\":150,\"caption\":\"Suvarma,Ya\u011fmurlama v\u0259 Pivot Sisteml\u0259ri, Avtomatik Suvarma: Onur Plast\"},\"image\":{\"@id\":\"https:\\\/\\\/onurplast.az\\\/en\\\/#\\\/schema\\\/logo\\\/image\\\/\"},\"sameAs\":[\"https:\\\/\\\/www.facebook.com\\\/Onur-plast-110179870426347\",\"https:\\\/\\\/www.instagram.com\\\/suvarma_onurplast\\\/\",\"https:\\\/\\\/www.youtube.com\\\/channel\\\/UCjWsbKNIsj1tvovG9PD4Btg\"]}]}<\/script>\n<!-- \/ Yoast SEO plugin. -->","yoast_head_json":{"title":"Elbow - Avtomatik Suvarma Sisteml\u0259ri,Ya\u011fmurlama,Pivot Sisteml\u0259ri:Onur Plast","robots":{"index":"index","follow":"follow","max-snippet":"max-snippet:-1","max-image-preview":"max-image-preview:large","max-video-preview":"max-video-preview:-1"},"canonical":"https:\/\/onurplast.az\/en\/products\/sprinkler-system\/sprinkler-fittings\/elbow\/","og_locale":"en_US","og_type":"article","og_title":"Elbow - Avtomatik Suvarma Sisteml\u0259ri,Ya\u011fmurlama,Pivot Sisteml\u0259ri:Onur Plast","og_description":"Kod Code \u00d6l\u00e7\u00fcs\u00fc Size AZ-ELB 50 50&#215;50 mm AZ-ELB 63 63&#215;63 mm AZ-ELB 75 75&#215;75 mm AZ-ELB 90 90&#215;90 mm AZ-ELB 110 110&#215;110 mm AZ-ELB 125 125&#215;125 mm AZ-ELB 140 140&#215;140 mm AZ-ELB 160 160&#215;160 mm","og_url":"https:\/\/onurplast.az\/en\/products\/sprinkler-system\/sprinkler-fittings\/elbow\/","og_site_name":"Avtomatik Suvarma Sisteml\u0259ri,Ya\u011fmurlama,Pivot Sisteml\u0259ri:Onur Plast","article_publisher":"https:\/\/www.facebook.com\/Onur-plast-110179870426347","twitter_card":"summary_large_image","schema":{"@context":"https:\/\/schema.org","@graph":[{"@type":"WebPage","@id":"https:\/\/onurplast.az\/en\/products\/sprinkler-system\/sprinkler-fittings\/elbow\/","url":"https:\/\/onurplast.az\/en\/products\/sprinkler-system\/sprinkler-fittings\/elbow\/","name":"Elbow - Avtomatik Suvarma Sisteml\u0259ri,Ya\u011fmurlama,Pivot Sisteml\u0259ri:Onur Plast","isPartOf":{"@id":"https:\/\/onurplast.az\/en\/#website"},"primaryImageOfPage":{"@id":"https:\/\/onurplast.az\/en\/products\/sprinkler-system\/sprinkler-fittings\/elbow\/#primaryimage"},"image":{"@id":"https:\/\/onurplast.az\/en\/products\/sprinkler-system\/sprinkler-fittings\/elbow\/#primaryimage"},"thumbnailUrl":"https:\/\/onurplast.az\/wp-content\/uploads\/DIRSEK.webp","datePublished":"2023-11-17T20:30:07+00:00","breadcrumb":{"@id":"https:\/\/onurplast.az\/en\/products\/sprinkler-system\/sprinkler-fittings\/elbow\/#breadcrumb"},"inLanguage":"en-US","potentialAction":[{"@type":"ReadAction","target":["https:\/\/onurplast.az\/en\/products\/sprinkler-system\/sprinkler-fittings\/elbow\/"]}]},{"@type":"ImageObject","inLanguage":"en-US","@id":"https:\/\/onurplast.az\/en\/products\/sprinkler-system\/sprinkler-fittings\/elbow\/#primaryimage","url":"https:\/\/onurplast.az\/wp-content\/uploads\/DIRSEK.webp","contentUrl":"https:\/\/onurplast.az\/wp-content\/uploads\/DIRSEK.webp","width":600,"height":600,"caption":"Elbow"},{"@type":"BreadcrumbList","@id":"https:\/\/onurplast.az\/en\/products\/sprinkler-system\/sprinkler-fittings\/elbow\/#breadcrumb","itemListElement":[{"@type":"ListItem","position":1,"name":"\u018fsas S\u0259hif\u0259","item":"https:\/\/onurplast.az\/en\/"},{"@type":"ListItem","position":2,"name":"M\u0259hsullar","item":"https:\/\/onurplast.az\/mehsullar\/"},{"@type":"ListItem","position":3,"name":"Elbow"}]},{"@type":"WebSite","@id":"https:\/\/onurplast.az\/en\/#website","url":"https:\/\/onurplast.az\/en\/","name":"Suvarma,Ya\u011fmurlama v\u0259 Pivot Sisteml\u0259ri, Avtomatik Suvarma: Onur Plast","description":"Avtomatik Suvarma Sisteml\u0259ri,Ya\u011fmurlama,Pivot Sisteml\u0259ri:Onur Plast","publisher":{"@id":"https:\/\/onurplast.az\/en\/#organization"},"potentialAction":[{"@type":"SearchAction","target":{"@type":"EntryPoint","urlTemplate":"https:\/\/onurplast.az\/en\/?s={search_term_string}"},"query-input":{"@type":"PropertyValueSpecification","valueRequired":true,"valueName":"search_term_string"}}],"inLanguage":"en-US"},{"@type":"Organization","@id":"https:\/\/onurplast.az\/en\/#organization","name":"Suvarma,Ya\u011fmurlama v\u0259 Pivot Sisteml\u0259ri, Avtomatik Suvarma: Onur Plast","url":"https:\/\/onurplast.az\/en\/","logo":{"@type":"ImageObject","inLanguage":"en-US","@id":"https:\/\/onurplast.az\/en\/#\/schema\/logo\/image\/","url":"https:\/\/onurplast.az\/wp-content\/uploads\/Onur-Plast-Suvarma-Sistemleri-Logo2.svg","contentUrl":"https:\/\/onurplast.az\/wp-content\/uploads\/Onur-Plast-Suvarma-Sistemleri-Logo2.svg","width":569,"height":150,"caption":"Suvarma,Ya\u011fmurlama v\u0259 Pivot Sisteml\u0259ri, Avtomatik Suvarma: Onur Plast"},"image":{"@id":"https:\/\/onurplast.az\/en\/#\/schema\/logo\/image\/"},"sameAs":["https:\/\/www.facebook.com\/Onur-plast-110179870426347","https:\/\/www.instagram.com\/suvarma_onurplast\/","https:\/\/www.youtube.com\/channel\/UCjWsbKNIsj1tvovG9PD4Btg"]}]}},"_links":{"self":[{"href":"https:\/\/onurplast.az\/en\/wp-json\/wp\/v2\/product\/3360","targetHints":{"allow":["GET"]}}],"collection":[{"href":"https:\/\/onurplast.az\/en\/wp-json\/wp\/v2\/product"}],"about":[{"href":"https:\/\/onurplast.az\/en\/wp-json\/wp\/v2\/types\/product"}],"wp:featuredmedia":[{"embeddable":true,"href":"https:\/\/onurplast.az\/en\/wp-json\/wp\/v2\/media\/738"}],"wp:attachment":[{"href":"https:\/\/onurplast.az\/en\/wp-json\/wp\/v2\/media?parent=3360"}],"wp:term":[{"taxonomy":"product_brand","embeddable":true,"href":"https:\/\/onurplast.az\/en\/wp-json\/wp\/v2\/product_brand?post=3360"},{"taxonomy":"product_cat","embeddable":true,"href":"https:\/\/onurplast.az\/en\/wp-json\/wp\/v2\/product_cat?post=3360"},{"taxonomy":"product_tag","embeddable":true,"href":"https:\/\/onurplast.az\/en\/wp-json\/wp\/v2\/product_tag?post=3360"}],"curies":[{"name":"wp","href":"https:\/\/api.w.org\/{rel}","templated":true}]}}