{"id":3370,"date":"2023-11-17T21:06:39","date_gmt":"2023-11-17T21:06:39","guid":{"rendered":"https:\/\/onurplast.az\/mehsullar\/uncategorized\/orange-maxi-sprink\/"},"modified":"2023-11-17T21:06:39","modified_gmt":"2023-11-17T21:06:39","slug":"orange-maxi-sprink","status":"publish","type":"product","link":"https:\/\/onurplast.az\/en\/products\/sprinkler-system\/sprinklers-jet-guns\/orange-maxi-sprink\/","title":{"rendered":"Orange Maxi Sprink"},"content":{"rendered":"<table>\n<tbody>\n<tr>\n<td><strong>Kod<\/strong><br \/>\n<strong>Code<\/strong><\/td>\n<td><strong>\u00d6l\u00e7\u00fc<\/strong><br \/>\n<strong>Size<\/strong><\/td>\n<td><strong>Nozul<\/strong><br \/>\n<strong>Nozzle<\/strong><\/td>\n<td><strong>Paketl\u0259m\u0259 \/ Koli<\/strong><br \/>\n<strong>Packaging \/ Box<\/strong><\/td>\n<\/tr>\n<tr>\n<td rowspan=\"2\">AZ-OMS-3\/4<\/td>\n<td rowspan=\"2\">3\/4\u201d<\/td>\n<td>2,3&#215;3,8 mm<\/td>\n<td rowspan=\"2\">25<\/td>\n<\/tr>\n<tr>\n<td>4,5&#215;5,0 mm<\/td>\n<\/tr>\n<\/tbody>\n<\/table>\n<p>&nbsp;<\/p>\n<table>\n<tbody>\n<tr>\n<td><strong>Nozul N\u00f6v\u00fc<\/strong><br \/>\n<strong>Nozzle Type<\/strong><br \/>\n<strong>(mm)<\/strong><\/td>\n<td><strong>Giri\u015f Diametri<\/strong><br \/>\n<strong>Inlet Diameter<\/strong><br \/>\n<strong>(inch)<\/strong><\/td>\n<td><strong>Bas\u0131n\u00e7<\/strong><br \/>\n<strong>Pressure<\/strong><br \/>\n<strong>(bar)<\/strong><\/td>\n<td><strong>Su h\u0259cmi<\/strong><br \/>\n<strong>Flow Rate<\/strong><br \/>\n<strong>(l\/h)<\/strong><\/td>\n<td><strong>Suvarma Diametri<\/strong><br \/>\n<strong>Irrigated Diameter<\/strong><br \/>\n<strong>(m)<\/strong><\/td>\n<\/tr>\n<tr>\n<td>4,5 x 5<\/td>\n<td>3\/4\u201d<\/td>\n<td>1,5<\/td>\n<td>2140<\/td>\n<td>24<\/td>\n<\/tr>\n<tr>\n<td>4,5 x 5<\/td>\n<td>3\/4\u201d<\/td>\n<td>2<\/td>\n<td>2360<\/td>\n<td>25<\/td>\n<\/tr>\n<tr>\n<td>4,5 x 5<\/td>\n<td>3\/4\u201d<\/td>\n<td>2,5<\/td>\n<td>2690<\/td>\n<td>25<\/td>\n<\/tr>\n<tr>\n<td>4,5 x 5<\/td>\n<td>3\/4\u201d<\/td>\n<td>3<\/td>\n<td>2890<\/td>\n<td>26<\/td>\n<\/tr>\n<tr>\n<td>4,5 x 5<\/td>\n<td>3\/4\u201d<\/td>\n<td>3,5<\/td>\n<td>3140<\/td>\n<td>27<\/td>\n<\/tr>\n<tr>\n<td>2,3 x 3,8<\/td>\n<td>3\/4\u201d<\/td>\n<td>1,5<\/td>\n<td>990<\/td>\n<td>24,5<\/td>\n<\/tr>\n<tr>\n<td>2,3 x 3,8<\/td>\n<td>3\/4\u201d<\/td>\n<td>2<\/td>\n<td>1150<\/td>\n<td>27<\/td>\n<\/tr>\n<tr>\n<td>2,3 x 3,8<\/td>\n<td>3\/4\u201d<\/td>\n<td>2,5<\/td>\n<td>1320<\/td>\n<td>28<\/td>\n<\/tr>\n<tr>\n<td>2,3 x 3,8<\/td>\n<td>3\/4\u201d<\/td>\n<td>3<\/td>\n<td>1510<\/td>\n<td>30<\/td>\n<\/tr>\n<tr>\n<td>2,3 x 3,8<\/td>\n<td>3\/4\u201d<\/td>\n<td>3,5<\/td>\n<td>1710<\/td>\n<td>31<\/td>\n<\/tr>\n<\/tbody>\n<\/table>\n","protected":false},"excerpt":{"rendered":"<p>Kod Code \u00d6l\u00e7\u00fc Size Nozul Nozzle Paketl\u0259m\u0259 \/ Koli Packaging \/ Box AZ-OMS-3\/4 3\/4\u201d 2,3&#215;3,8 mm 25 4,5&#215;5,0 mm &nbsp; Nozul N\u00f6v\u00fc Nozzle Type (mm) Giri\u015f Diametri Inlet Diameter (inch) Bas\u0131n\u00e7 Pressure (bar) Su h\u0259cmi Flow Rate (l\/h) Suvarma Diametri Irrigated Diameter (m) 4,5 x 5 3\/4\u201d 1,5 2140 24 4,5 x 5 3\/4\u201d 2 [&hellip;]<\/p>\n","protected":false},"featured_media":788,"template":"","meta":{"_acf_changed":false,"inline_featured_image":false},"product_brand":[],"product_cat":[324],"product_tag":[442],"class_list":{"0":"post-3370","1":"product","2":"type-product","3":"status-publish","4":"has-post-thumbnail","6":"product_cat-sprinklers-jet-guns","7":"product_tag-maxi-sprink-en","9":"first","10":"instock","11":"shipping-taxable","12":"purchasable","13":"product-type-simple"},"acf":[],"yoast_head":"<!-- This site is optimized with the Yoast SEO plugin v27.4 - https:\/\/yoast.com\/product\/yoast-seo-wordpress\/ -->\n<title>Orange Maxi Sprink - Avtomatik Suvarma Sisteml\u0259ri,Ya\u011fmurlama,Pivot Sisteml\u0259ri:Onur Plast<\/title>\n<meta name=\"robots\" content=\"index, follow, max-snippet:-1, max-image-preview:large, max-video-preview:-1\" \/>\n<link rel=\"canonical\" href=\"https:\/\/onurplast.az\/en\/products\/sprinkler-system\/sprinklers-jet-guns\/orange-maxi-sprink\/\" \/>\n<meta property=\"og:locale\" content=\"en_US\" \/>\n<meta property=\"og:type\" content=\"article\" \/>\n<meta property=\"og:title\" content=\"Orange Maxi Sprink - Avtomatik Suvarma Sisteml\u0259ri,Ya\u011fmurlama,Pivot Sisteml\u0259ri:Onur Plast\" \/>\n<meta property=\"og:description\" content=\"Kod Code \u00d6l\u00e7\u00fc Size Nozul Nozzle Paketl\u0259m\u0259 \/ Koli Packaging \/ Box AZ-OMS-3\/4 3\/4\u201d 2,3&#215;3,8 mm 25 4,5&#215;5,0 mm &nbsp; Nozul N\u00f6v\u00fc Nozzle Type (mm) Giri\u015f Diametri Inlet Diameter (inch) Bas\u0131n\u00e7 Pressure (bar) Su h\u0259cmi Flow Rate (l\/h) Suvarma Diametri Irrigated Diameter (m) 4,5 x 5 3\/4\u201d 1,5 2140 24 4,5 x 5 3\/4\u201d 2 [&hellip;]\" \/>\n<meta property=\"og:url\" content=\"https:\/\/onurplast.az\/en\/products\/sprinkler-system\/sprinklers-jet-guns\/orange-maxi-sprink\/\" \/>\n<meta property=\"og:site_name\" content=\"Avtomatik Suvarma Sisteml\u0259ri,Ya\u011fmurlama,Pivot Sisteml\u0259ri:Onur Plast\" \/>\n<meta property=\"article:publisher\" content=\"https:\/\/www.facebook.com\/Onur-plast-110179870426347\" \/>\n<meta name=\"twitter:card\" content=\"summary_large_image\" \/>\n<script type=\"application\/ld+json\" class=\"yoast-schema-graph\">{\"@context\":\"https:\\\/\\\/schema.org\",\"@graph\":[{\"@type\":\"WebPage\",\"@id\":\"https:\\\/\\\/onurplast.az\\\/en\\\/products\\\/sprinkler-system\\\/sprinklers-jet-guns\\\/orange-maxi-sprink\\\/\",\"url\":\"https:\\\/\\\/onurplast.az\\\/en\\\/products\\\/sprinkler-system\\\/sprinklers-jet-guns\\\/orange-maxi-sprink\\\/\",\"name\":\"Orange Maxi Sprink - Avtomatik Suvarma Sisteml\u0259ri,Ya\u011fmurlama,Pivot Sisteml\u0259ri:Onur Plast\",\"isPartOf\":{\"@id\":\"https:\\\/\\\/onurplast.az\\\/en\\\/#website\"},\"primaryImageOfPage\":{\"@id\":\"https:\\\/\\\/onurplast.az\\\/en\\\/products\\\/sprinkler-system\\\/sprinklers-jet-guns\\\/orange-maxi-sprink\\\/#primaryimage\"},\"image\":{\"@id\":\"https:\\\/\\\/onurplast.az\\\/en\\\/products\\\/sprinkler-system\\\/sprinklers-jet-guns\\\/orange-maxi-sprink\\\/#primaryimage\"},\"thumbnailUrl\":\"https:\\\/\\\/onurplast.az\\\/wp-content\\\/uploads\\\/ORANGE-MAXI-SPRINK.webp\",\"datePublished\":\"2023-11-17T21:06:39+00:00\",\"breadcrumb\":{\"@id\":\"https:\\\/\\\/onurplast.az\\\/en\\\/products\\\/sprinkler-system\\\/sprinklers-jet-guns\\\/orange-maxi-sprink\\\/#breadcrumb\"},\"inLanguage\":\"en-US\",\"potentialAction\":[{\"@type\":\"ReadAction\",\"target\":[\"https:\\\/\\\/onurplast.az\\\/en\\\/products\\\/sprinkler-system\\\/sprinklers-jet-guns\\\/orange-maxi-sprink\\\/\"]}]},{\"@type\":\"ImageObject\",\"inLanguage\":\"en-US\",\"@id\":\"https:\\\/\\\/onurplast.az\\\/en\\\/products\\\/sprinkler-system\\\/sprinklers-jet-guns\\\/orange-maxi-sprink\\\/#primaryimage\",\"url\":\"https:\\\/\\\/onurplast.az\\\/wp-content\\\/uploads\\\/ORANGE-MAXI-SPRINK.webp\",\"contentUrl\":\"https:\\\/\\\/onurplast.az\\\/wp-content\\\/uploads\\\/ORANGE-MAXI-SPRINK.webp\",\"width\":600,\"height\":600,\"caption\":\"Orange Maxi Sprink\"},{\"@type\":\"BreadcrumbList\",\"@id\":\"https:\\\/\\\/onurplast.az\\\/en\\\/products\\\/sprinkler-system\\\/sprinklers-jet-guns\\\/orange-maxi-sprink\\\/#breadcrumb\",\"itemListElement\":[{\"@type\":\"ListItem\",\"position\":1,\"name\":\"\u018fsas S\u0259hif\u0259\",\"item\":\"https:\\\/\\\/onurplast.az\\\/en\\\/\"},{\"@type\":\"ListItem\",\"position\":2,\"name\":\"M\u0259hsullar\",\"item\":\"https:\\\/\\\/onurplast.az\\\/mehsullar\\\/\"},{\"@type\":\"ListItem\",\"position\":3,\"name\":\"Orange Maxi Sprink\"}]},{\"@type\":\"WebSite\",\"@id\":\"https:\\\/\\\/onurplast.az\\\/en\\\/#website\",\"url\":\"https:\\\/\\\/onurplast.az\\\/en\\\/\",\"name\":\"Suvarma,Ya\u011fmurlama v\u0259 Pivot Sisteml\u0259ri, Avtomatik Suvarma: Onur Plast\",\"description\":\"Avtomatik Suvarma Sisteml\u0259ri,Ya\u011fmurlama,Pivot Sisteml\u0259ri:Onur Plast\",\"publisher\":{\"@id\":\"https:\\\/\\\/onurplast.az\\\/en\\\/#organization\"},\"potentialAction\":[{\"@type\":\"SearchAction\",\"target\":{\"@type\":\"EntryPoint\",\"urlTemplate\":\"https:\\\/\\\/onurplast.az\\\/en\\\/?s={search_term_string}\"},\"query-input\":{\"@type\":\"PropertyValueSpecification\",\"valueRequired\":true,\"valueName\":\"search_term_string\"}}],\"inLanguage\":\"en-US\"},{\"@type\":\"Organization\",\"@id\":\"https:\\\/\\\/onurplast.az\\\/en\\\/#organization\",\"name\":\"Suvarma,Ya\u011fmurlama v\u0259 Pivot Sisteml\u0259ri, Avtomatik Suvarma: Onur Plast\",\"url\":\"https:\\\/\\\/onurplast.az\\\/en\\\/\",\"logo\":{\"@type\":\"ImageObject\",\"inLanguage\":\"en-US\",\"@id\":\"https:\\\/\\\/onurplast.az\\\/en\\\/#\\\/schema\\\/logo\\\/image\\\/\",\"url\":\"https:\\\/\\\/onurplast.az\\\/wp-content\\\/uploads\\\/Onur-Plast-Suvarma-Sistemleri-Logo2.svg\",\"contentUrl\":\"https:\\\/\\\/onurplast.az\\\/wp-content\\\/uploads\\\/Onur-Plast-Suvarma-Sistemleri-Logo2.svg\",\"width\":569,\"height\":150,\"caption\":\"Suvarma,Ya\u011fmurlama v\u0259 Pivot Sisteml\u0259ri, Avtomatik Suvarma: Onur Plast\"},\"image\":{\"@id\":\"https:\\\/\\\/onurplast.az\\\/en\\\/#\\\/schema\\\/logo\\\/image\\\/\"},\"sameAs\":[\"https:\\\/\\\/www.facebook.com\\\/Onur-plast-110179870426347\",\"https:\\\/\\\/www.instagram.com\\\/suvarma_onurplast\\\/\",\"https:\\\/\\\/www.youtube.com\\\/channel\\\/UCjWsbKNIsj1tvovG9PD4Btg\"]}]}<\/script>\n<!-- \/ Yoast SEO plugin. -->","yoast_head_json":{"title":"Orange Maxi Sprink - Avtomatik Suvarma Sisteml\u0259ri,Ya\u011fmurlama,Pivot Sisteml\u0259ri:Onur Plast","robots":{"index":"index","follow":"follow","max-snippet":"max-snippet:-1","max-image-preview":"max-image-preview:large","max-video-preview":"max-video-preview:-1"},"canonical":"https:\/\/onurplast.az\/en\/products\/sprinkler-system\/sprinklers-jet-guns\/orange-maxi-sprink\/","og_locale":"en_US","og_type":"article","og_title":"Orange Maxi Sprink - Avtomatik Suvarma Sisteml\u0259ri,Ya\u011fmurlama,Pivot Sisteml\u0259ri:Onur Plast","og_description":"Kod Code \u00d6l\u00e7\u00fc Size Nozul Nozzle Paketl\u0259m\u0259 \/ Koli Packaging \/ Box AZ-OMS-3\/4 3\/4\u201d 2,3&#215;3,8 mm 25 4,5&#215;5,0 mm &nbsp; Nozul N\u00f6v\u00fc Nozzle Type (mm) Giri\u015f Diametri Inlet Diameter (inch) Bas\u0131n\u00e7 Pressure (bar) Su h\u0259cmi Flow Rate (l\/h) Suvarma Diametri Irrigated Diameter (m) 4,5 x 5 3\/4\u201d 1,5 2140 24 4,5 x 5 3\/4\u201d 2 [&hellip;]","og_url":"https:\/\/onurplast.az\/en\/products\/sprinkler-system\/sprinklers-jet-guns\/orange-maxi-sprink\/","og_site_name":"Avtomatik Suvarma Sisteml\u0259ri,Ya\u011fmurlama,Pivot Sisteml\u0259ri:Onur Plast","article_publisher":"https:\/\/www.facebook.com\/Onur-plast-110179870426347","twitter_card":"summary_large_image","schema":{"@context":"https:\/\/schema.org","@graph":[{"@type":"WebPage","@id":"https:\/\/onurplast.az\/en\/products\/sprinkler-system\/sprinklers-jet-guns\/orange-maxi-sprink\/","url":"https:\/\/onurplast.az\/en\/products\/sprinkler-system\/sprinklers-jet-guns\/orange-maxi-sprink\/","name":"Orange Maxi Sprink - Avtomatik Suvarma Sisteml\u0259ri,Ya\u011fmurlama,Pivot Sisteml\u0259ri:Onur Plast","isPartOf":{"@id":"https:\/\/onurplast.az\/en\/#website"},"primaryImageOfPage":{"@id":"https:\/\/onurplast.az\/en\/products\/sprinkler-system\/sprinklers-jet-guns\/orange-maxi-sprink\/#primaryimage"},"image":{"@id":"https:\/\/onurplast.az\/en\/products\/sprinkler-system\/sprinklers-jet-guns\/orange-maxi-sprink\/#primaryimage"},"thumbnailUrl":"https:\/\/onurplast.az\/wp-content\/uploads\/ORANGE-MAXI-SPRINK.webp","datePublished":"2023-11-17T21:06:39+00:00","breadcrumb":{"@id":"https:\/\/onurplast.az\/en\/products\/sprinkler-system\/sprinklers-jet-guns\/orange-maxi-sprink\/#breadcrumb"},"inLanguage":"en-US","potentialAction":[{"@type":"ReadAction","target":["https:\/\/onurplast.az\/en\/products\/sprinkler-system\/sprinklers-jet-guns\/orange-maxi-sprink\/"]}]},{"@type":"ImageObject","inLanguage":"en-US","@id":"https:\/\/onurplast.az\/en\/products\/sprinkler-system\/sprinklers-jet-guns\/orange-maxi-sprink\/#primaryimage","url":"https:\/\/onurplast.az\/wp-content\/uploads\/ORANGE-MAXI-SPRINK.webp","contentUrl":"https:\/\/onurplast.az\/wp-content\/uploads\/ORANGE-MAXI-SPRINK.webp","width":600,"height":600,"caption":"Orange Maxi Sprink"},{"@type":"BreadcrumbList","@id":"https:\/\/onurplast.az\/en\/products\/sprinkler-system\/sprinklers-jet-guns\/orange-maxi-sprink\/#breadcrumb","itemListElement":[{"@type":"ListItem","position":1,"name":"\u018fsas S\u0259hif\u0259","item":"https:\/\/onurplast.az\/en\/"},{"@type":"ListItem","position":2,"name":"M\u0259hsullar","item":"https:\/\/onurplast.az\/mehsullar\/"},{"@type":"ListItem","position":3,"name":"Orange Maxi Sprink"}]},{"@type":"WebSite","@id":"https:\/\/onurplast.az\/en\/#website","url":"https:\/\/onurplast.az\/en\/","name":"Suvarma,Ya\u011fmurlama v\u0259 Pivot Sisteml\u0259ri, Avtomatik Suvarma: Onur Plast","description":"Avtomatik Suvarma Sisteml\u0259ri,Ya\u011fmurlama,Pivot Sisteml\u0259ri:Onur Plast","publisher":{"@id":"https:\/\/onurplast.az\/en\/#organization"},"potentialAction":[{"@type":"SearchAction","target":{"@type":"EntryPoint","urlTemplate":"https:\/\/onurplast.az\/en\/?s={search_term_string}"},"query-input":{"@type":"PropertyValueSpecification","valueRequired":true,"valueName":"search_term_string"}}],"inLanguage":"en-US"},{"@type":"Organization","@id":"https:\/\/onurplast.az\/en\/#organization","name":"Suvarma,Ya\u011fmurlama v\u0259 Pivot Sisteml\u0259ri, Avtomatik Suvarma: Onur Plast","url":"https:\/\/onurplast.az\/en\/","logo":{"@type":"ImageObject","inLanguage":"en-US","@id":"https:\/\/onurplast.az\/en\/#\/schema\/logo\/image\/","url":"https:\/\/onurplast.az\/wp-content\/uploads\/Onur-Plast-Suvarma-Sistemleri-Logo2.svg","contentUrl":"https:\/\/onurplast.az\/wp-content\/uploads\/Onur-Plast-Suvarma-Sistemleri-Logo2.svg","width":569,"height":150,"caption":"Suvarma,Ya\u011fmurlama v\u0259 Pivot Sisteml\u0259ri, Avtomatik Suvarma: Onur Plast"},"image":{"@id":"https:\/\/onurplast.az\/en\/#\/schema\/logo\/image\/"},"sameAs":["https:\/\/www.facebook.com\/Onur-plast-110179870426347","https:\/\/www.instagram.com\/suvarma_onurplast\/","https:\/\/www.youtube.com\/channel\/UCjWsbKNIsj1tvovG9PD4Btg"]}]}},"_links":{"self":[{"href":"https:\/\/onurplast.az\/en\/wp-json\/wp\/v2\/product\/3370","targetHints":{"allow":["GET"]}}],"collection":[{"href":"https:\/\/onurplast.az\/en\/wp-json\/wp\/v2\/product"}],"about":[{"href":"https:\/\/onurplast.az\/en\/wp-json\/wp\/v2\/types\/product"}],"wp:featuredmedia":[{"embeddable":true,"href":"https:\/\/onurplast.az\/en\/wp-json\/wp\/v2\/media\/788"}],"wp:attachment":[{"href":"https:\/\/onurplast.az\/en\/wp-json\/wp\/v2\/media?parent=3370"}],"wp:term":[{"taxonomy":"product_brand","embeddable":true,"href":"https:\/\/onurplast.az\/en\/wp-json\/wp\/v2\/product_brand?post=3370"},{"taxonomy":"product_cat","embeddable":true,"href":"https:\/\/onurplast.az\/en\/wp-json\/wp\/v2\/product_cat?post=3370"},{"taxonomy":"product_tag","embeddable":true,"href":"https:\/\/onurplast.az\/en\/wp-json\/wp\/v2\/product_tag?post=3370"}],"curies":[{"name":"wp","href":"https:\/\/api.w.org\/{rel}","templated":true}]}}