{"id":3374,"date":"2023-11-17T21:41:53","date_gmt":"2023-11-17T21:41:53","guid":{"rendered":"https:\/\/onurplast.az\/mehsullar\/uncategorized\/1453-plastic-adjustable-raingun\/"},"modified":"2023-11-17T21:41:53","modified_gmt":"2023-11-17T21:41:53","slug":"1453-plastic-adjustable-raingun","status":"publish","type":"product","link":"https:\/\/onurplast.az\/en\/products\/sprinkler-system\/sprinklers-jet-guns\/1453-plastic-adjustable-raingun\/","title":{"rendered":"1453 Plastic Adjustable Raingun"},"content":{"rendered":"<table>\n<tbody>\n<tr>\n<td><strong>Tip &#8211; Type<\/strong><\/td>\n<td><strong>1453 \u00c7\u0130L\u018fY\u0130C\u0130 BA\u015eLI\u011eI<\/strong><\/td>\n<\/tr>\n<tr>\n<td>T\u00f6vsiyy\u0259 Olunan T\u0259zyiq &#8211; Recommended Pressure<\/td>\n<td>2 &#8211; 5 kg\/cm2<\/td>\n<\/tr>\n<tr>\n<td>Giri\u015f Diametri &#8211; Inlet Diameter<\/td>\n<td>11\/2\u201d<\/td>\n<\/tr>\n<tr>\n<td>Ortalama Su T\u0259l\u0259bat\u0131 &#8211; Water Requirement<\/td>\n<td>5 &#8211; 25 m3<\/td>\n<\/tr>\n<tr>\n<td>Su Atma M\u0259saf\u0259si (Radius) &#8211; Water Throw (Radius)<\/td>\n<td>20 &#8211; 29 m<\/td>\n<\/tr>\n<tr>\n<td>Bucaq M\u0259saf\u0259si &#8211; Angle Distance<\/td>\n<td>300 &#8211; 3600<\/td>\n<\/tr>\n<tr>\n<td>Nozul N\u00f6vl\u0259ri mm &#8211; Nozzle Types mm<\/td>\n<td>10 &#8211; 12 &#8211; 14 &#8211; 16<\/td>\n<\/tr>\n<\/tbody>\n<\/table>\n<p>&nbsp;<\/p>\n<table>\n<tbody>\n<tr>\n<td><strong>Kod<\/strong><\/p>\n<p><strong>Code<\/strong><\/td>\n<td><strong>Nozul<\/strong><\/p>\n<p><strong>Nozzle<\/strong><\/p>\n<p><strong>(mm)<\/strong><\/td>\n<td><strong>\u0130\u015fl\u0259m\u0259 T\u0259zyiqi<\/strong><\/p>\n<p><strong>Working Pressure<\/strong><\/p>\n<p><strong>(ATM &#8211; BAR)<\/strong><\/td>\n<td><strong>Su h\u0259cmi<\/strong><\/p>\n<p><strong>Flow Rate<\/strong><\/p>\n<p><strong>(m3\/h)<\/strong><\/td>\n<td><strong>Su Atma M\u0259saf\u0259si<\/strong><\/p>\n<p><strong>Water Throw<\/strong><\/p>\n<p><strong>(Radius m)<\/strong><\/td>\n<\/tr>\n<tr>\n<td rowspan=\"4\">AZ-1453-STND<\/td>\n<td rowspan=\"4\">STANDART<\/td>\n<td>2.0<\/td>\n<td>5,1<\/td>\n<td>16<\/td>\n<\/tr>\n<tr>\n<td>3.0<\/td>\n<td>5,9<\/td>\n<td>17,5<\/td>\n<\/tr>\n<tr>\n<td>4.0<\/td>\n<td>7,2<\/td>\n<td>19,5<\/td>\n<\/tr>\n<tr>\n<td>5.0<\/td>\n<td>8,4<\/td>\n<td>21<\/td>\n<\/tr>\n<tr>\n<td rowspan=\"4\">AZ-1453-10<\/td>\n<td rowspan=\"4\">10<\/td>\n<td>2.0<\/td>\n<td>7,8<\/td>\n<td>18<\/td>\n<\/tr>\n<tr>\n<td>3.0<\/td>\n<td>9,5<\/td>\n<td>21<\/td>\n<\/tr>\n<tr>\n<td>4.0<\/td>\n<td>11<\/td>\n<td>23<\/td>\n<\/tr>\n<tr>\n<td>5.0<\/td>\n<td>12,4<\/td>\n<td>24,5<\/td>\n<\/tr>\n<tr>\n<td rowspan=\"4\">AZ-1453-12<\/td>\n<td rowspan=\"4\">12<\/td>\n<td>2.0<\/td>\n<td>10,1<\/td>\n<td>19,5<\/td>\n<\/tr>\n<tr>\n<td>3.0<\/td>\n<td>12,4<\/td>\n<td>22<\/td>\n<\/tr>\n<tr>\n<td>4.0<\/td>\n<td>14,3<\/td>\n<td>25<\/td>\n<\/tr>\n<tr>\n<td>5.0<\/td>\n<td>16,1<\/td>\n<td>27,5<\/td>\n<\/tr>\n<tr>\n<td rowspan=\"4\">AZ-1453-14<\/td>\n<td rowspan=\"4\">14<\/td>\n<td>2.0<\/td>\n<td>12,9<\/td>\n<td>20,5<\/td>\n<\/tr>\n<tr>\n<td>3.0<\/td>\n<td>15,8<\/td>\n<td>23,5<\/td>\n<\/tr>\n<tr>\n<td>4.0<\/td>\n<td>18,3<\/td>\n<td>26<\/td>\n<\/tr>\n<tr>\n<td>5.0<\/td>\n<td>20,5<\/td>\n<td>28,5<\/td>\n<\/tr>\n<tr>\n<td rowspan=\"4\">AZ-1453-16<\/td>\n<td rowspan=\"4\">16<\/td>\n<td>2.0<\/td>\n<td>16<\/td>\n<td>21<\/td>\n<\/tr>\n<tr>\n<td>3.0<\/td>\n<td>19,6<\/td>\n<td>24<\/td>\n<\/tr>\n<tr>\n<td>4.0<\/td>\n<td>22,7<\/td>\n<td>26,5<\/td>\n<\/tr>\n<tr>\n<td>5.0<\/td>\n<td>24,8<\/td>\n<td>29<\/td>\n<\/tr>\n<\/tbody>\n<\/table>\n","protected":false},"excerpt":{"rendered":"<p>Tip &#8211; Type 1453 \u00c7\u0130L\u018fY\u0130C\u0130 BA\u015eLI\u011eI T\u00f6vsiyy\u0259 Olunan T\u0259zyiq &#8211; Recommended Pressure 2 &#8211; 5 kg\/cm2 Giri\u015f Diametri &#8211; Inlet Diameter 11\/2\u201d Ortalama Su T\u0259l\u0259bat\u0131 &#8211; Water Requirement 5 &#8211; 25 m3 Su Atma M\u0259saf\u0259si (Radius) &#8211; Water Throw (Radius) 20 &#8211; 29 m Bucaq M\u0259saf\u0259si &#8211; Angle Distance 300 &#8211; 3600 Nozul N\u00f6vl\u0259ri mm [&hellip;]<\/p>\n","protected":false},"featured_media":808,"template":"","meta":{"_acf_changed":false,"inline_featured_image":false},"product_brand":[],"product_cat":[324],"product_tag":[443,444],"class_list":{"0":"post-3374","1":"product","2":"type-product","3":"status-publish","4":"has-post-thumbnail","6":"product_cat-sprinklers-jet-guns","7":"product_tag-1453-tnzimlnn-en","8":"product_tag-cilyici-basligi-en","10":"first","11":"instock","12":"shipping-taxable","13":"purchasable","14":"product-type-simple"},"acf":[],"yoast_head":"<!-- This site is optimized with the Yoast SEO plugin v27.5 - https:\/\/yoast.com\/product\/yoast-seo-wordpress\/ -->\n<title>1453 Plastic Adjustable Raingun - Avtomatik Suvarma Sisteml\u0259ri,Ya\u011fmurlama,Pivot Sisteml\u0259ri:Onur Plast<\/title>\n<meta name=\"robots\" content=\"index, follow, max-snippet:-1, max-image-preview:large, max-video-preview:-1\" \/>\n<link rel=\"canonical\" href=\"https:\/\/onurplast.az\/en\/products\/sprinkler-system\/sprinklers-jet-guns\/1453-plastic-adjustable-raingun\/\" \/>\n<meta property=\"og:locale\" content=\"en_US\" \/>\n<meta property=\"og:type\" content=\"article\" \/>\n<meta property=\"og:title\" content=\"1453 Plastic Adjustable Raingun - Avtomatik Suvarma Sisteml\u0259ri,Ya\u011fmurlama,Pivot Sisteml\u0259ri:Onur Plast\" \/>\n<meta property=\"og:description\" content=\"Tip &#8211; Type 1453 \u00c7\u0130L\u018fY\u0130C\u0130 BA\u015eLI\u011eI T\u00f6vsiyy\u0259 Olunan T\u0259zyiq &#8211; Recommended Pressure 2 &#8211; 5 kg\/cm2 Giri\u015f Diametri &#8211; Inlet Diameter 11\/2\u201d Ortalama Su T\u0259l\u0259bat\u0131 &#8211; Water Requirement 5 &#8211; 25 m3 Su Atma M\u0259saf\u0259si (Radius) &#8211; Water Throw (Radius) 20 &#8211; 29 m Bucaq M\u0259saf\u0259si &#8211; Angle Distance 300 &#8211; 3600 Nozul N\u00f6vl\u0259ri mm [&hellip;]\" \/>\n<meta property=\"og:url\" content=\"https:\/\/onurplast.az\/en\/products\/sprinkler-system\/sprinklers-jet-guns\/1453-plastic-adjustable-raingun\/\" \/>\n<meta property=\"og:site_name\" content=\"Avtomatik Suvarma Sisteml\u0259ri,Ya\u011fmurlama,Pivot Sisteml\u0259ri:Onur Plast\" \/>\n<meta property=\"article:publisher\" content=\"https:\/\/www.facebook.com\/Onur-plast-110179870426347\" \/>\n<meta name=\"twitter:card\" content=\"summary_large_image\" \/>\n<meta name=\"twitter:label1\" content=\"Est. reading time\" \/>\n\t<meta name=\"twitter:data1\" content=\"1 minute\" \/>\n<script type=\"application\/ld+json\" class=\"yoast-schema-graph\">{\"@context\":\"https:\\\/\\\/schema.org\",\"@graph\":[{\"@type\":\"WebPage\",\"@id\":\"https:\\\/\\\/onurplast.az\\\/en\\\/products\\\/sprinkler-system\\\/sprinklers-jet-guns\\\/1453-plastic-adjustable-raingun\\\/\",\"url\":\"https:\\\/\\\/onurplast.az\\\/en\\\/products\\\/sprinkler-system\\\/sprinklers-jet-guns\\\/1453-plastic-adjustable-raingun\\\/\",\"name\":\"1453 Plastic Adjustable Raingun - Avtomatik Suvarma Sisteml\u0259ri,Ya\u011fmurlama,Pivot Sisteml\u0259ri:Onur Plast\",\"isPartOf\":{\"@id\":\"https:\\\/\\\/onurplast.az\\\/en\\\/#website\"},\"primaryImageOfPage\":{\"@id\":\"https:\\\/\\\/onurplast.az\\\/en\\\/products\\\/sprinkler-system\\\/sprinklers-jet-guns\\\/1453-plastic-adjustable-raingun\\\/#primaryimage\"},\"image\":{\"@id\":\"https:\\\/\\\/onurplast.az\\\/en\\\/products\\\/sprinkler-system\\\/sprinklers-jet-guns\\\/1453-plastic-adjustable-raingun\\\/#primaryimage\"},\"thumbnailUrl\":\"https:\\\/\\\/onurplast.az\\\/wp-content\\\/uploads\\\/1453-TENZIMLENEN-PLASTIK-CILEYICI-BASLIGI.webp\",\"datePublished\":\"2023-11-17T21:41:53+00:00\",\"breadcrumb\":{\"@id\":\"https:\\\/\\\/onurplast.az\\\/en\\\/products\\\/sprinkler-system\\\/sprinklers-jet-guns\\\/1453-plastic-adjustable-raingun\\\/#breadcrumb\"},\"inLanguage\":\"en-US\",\"potentialAction\":[{\"@type\":\"ReadAction\",\"target\":[\"https:\\\/\\\/onurplast.az\\\/en\\\/products\\\/sprinkler-system\\\/sprinklers-jet-guns\\\/1453-plastic-adjustable-raingun\\\/\"]}]},{\"@type\":\"ImageObject\",\"inLanguage\":\"en-US\",\"@id\":\"https:\\\/\\\/onurplast.az\\\/en\\\/products\\\/sprinkler-system\\\/sprinklers-jet-guns\\\/1453-plastic-adjustable-raingun\\\/#primaryimage\",\"url\":\"https:\\\/\\\/onurplast.az\\\/wp-content\\\/uploads\\\/1453-TENZIMLENEN-PLASTIK-CILEYICI-BASLIGI.webp\",\"contentUrl\":\"https:\\\/\\\/onurplast.az\\\/wp-content\\\/uploads\\\/1453-TENZIMLENEN-PLASTIK-CILEYICI-BASLIGI.webp\",\"width\":600,\"height\":600,\"caption\":\"1453 Plastic Adjustable Raingun\"},{\"@type\":\"BreadcrumbList\",\"@id\":\"https:\\\/\\\/onurplast.az\\\/en\\\/products\\\/sprinkler-system\\\/sprinklers-jet-guns\\\/1453-plastic-adjustable-raingun\\\/#breadcrumb\",\"itemListElement\":[{\"@type\":\"ListItem\",\"position\":1,\"name\":\"\u018fsas S\u0259hif\u0259\",\"item\":\"https:\\\/\\\/onurplast.az\\\/en\\\/\"},{\"@type\":\"ListItem\",\"position\":2,\"name\":\"M\u0259hsullar\",\"item\":\"https:\\\/\\\/onurplast.az\\\/mehsullar\\\/\"},{\"@type\":\"ListItem\",\"position\":3,\"name\":\"1453 Plastic Adjustable Raingun\"}]},{\"@type\":\"WebSite\",\"@id\":\"https:\\\/\\\/onurplast.az\\\/en\\\/#website\",\"url\":\"https:\\\/\\\/onurplast.az\\\/en\\\/\",\"name\":\"Suvarma,Ya\u011fmurlama v\u0259 Pivot Sisteml\u0259ri, Avtomatik Suvarma: Onur Plast\",\"description\":\"Avtomatik Suvarma Sisteml\u0259ri,Ya\u011fmurlama,Pivot Sisteml\u0259ri:Onur Plast\",\"publisher\":{\"@id\":\"https:\\\/\\\/onurplast.az\\\/en\\\/#organization\"},\"potentialAction\":[{\"@type\":\"SearchAction\",\"target\":{\"@type\":\"EntryPoint\",\"urlTemplate\":\"https:\\\/\\\/onurplast.az\\\/en\\\/?s={search_term_string}\"},\"query-input\":{\"@type\":\"PropertyValueSpecification\",\"valueRequired\":true,\"valueName\":\"search_term_string\"}}],\"inLanguage\":\"en-US\"},{\"@type\":\"Organization\",\"@id\":\"https:\\\/\\\/onurplast.az\\\/en\\\/#organization\",\"name\":\"Suvarma,Ya\u011fmurlama v\u0259 Pivot Sisteml\u0259ri, Avtomatik Suvarma: Onur Plast\",\"url\":\"https:\\\/\\\/onurplast.az\\\/en\\\/\",\"logo\":{\"@type\":\"ImageObject\",\"inLanguage\":\"en-US\",\"@id\":\"https:\\\/\\\/onurplast.az\\\/en\\\/#\\\/schema\\\/logo\\\/image\\\/\",\"url\":\"https:\\\/\\\/onurplast.az\\\/wp-content\\\/uploads\\\/Onur-Plast-Suvarma-Sistemleri-Logo2.svg\",\"contentUrl\":\"https:\\\/\\\/onurplast.az\\\/wp-content\\\/uploads\\\/Onur-Plast-Suvarma-Sistemleri-Logo2.svg\",\"width\":569,\"height\":150,\"caption\":\"Suvarma,Ya\u011fmurlama v\u0259 Pivot Sisteml\u0259ri, Avtomatik Suvarma: Onur Plast\"},\"image\":{\"@id\":\"https:\\\/\\\/onurplast.az\\\/en\\\/#\\\/schema\\\/logo\\\/image\\\/\"},\"sameAs\":[\"https:\\\/\\\/www.facebook.com\\\/Onur-plast-110179870426347\",\"https:\\\/\\\/www.instagram.com\\\/suvarma_onurplast\\\/\",\"https:\\\/\\\/www.youtube.com\\\/channel\\\/UCjWsbKNIsj1tvovG9PD4Btg\"]}]}<\/script>\n<!-- \/ Yoast SEO plugin. -->","yoast_head_json":{"title":"1453 Plastic Adjustable Raingun - Avtomatik Suvarma Sisteml\u0259ri,Ya\u011fmurlama,Pivot Sisteml\u0259ri:Onur Plast","robots":{"index":"index","follow":"follow","max-snippet":"max-snippet:-1","max-image-preview":"max-image-preview:large","max-video-preview":"max-video-preview:-1"},"canonical":"https:\/\/onurplast.az\/en\/products\/sprinkler-system\/sprinklers-jet-guns\/1453-plastic-adjustable-raingun\/","og_locale":"en_US","og_type":"article","og_title":"1453 Plastic Adjustable Raingun - Avtomatik Suvarma Sisteml\u0259ri,Ya\u011fmurlama,Pivot Sisteml\u0259ri:Onur Plast","og_description":"Tip &#8211; Type 1453 \u00c7\u0130L\u018fY\u0130C\u0130 BA\u015eLI\u011eI T\u00f6vsiyy\u0259 Olunan T\u0259zyiq &#8211; Recommended Pressure 2 &#8211; 5 kg\/cm2 Giri\u015f Diametri &#8211; Inlet Diameter 11\/2\u201d Ortalama Su T\u0259l\u0259bat\u0131 &#8211; Water Requirement 5 &#8211; 25 m3 Su Atma M\u0259saf\u0259si (Radius) &#8211; Water Throw (Radius) 20 &#8211; 29 m Bucaq M\u0259saf\u0259si &#8211; Angle Distance 300 &#8211; 3600 Nozul N\u00f6vl\u0259ri mm [&hellip;]","og_url":"https:\/\/onurplast.az\/en\/products\/sprinkler-system\/sprinklers-jet-guns\/1453-plastic-adjustable-raingun\/","og_site_name":"Avtomatik Suvarma Sisteml\u0259ri,Ya\u011fmurlama,Pivot Sisteml\u0259ri:Onur Plast","article_publisher":"https:\/\/www.facebook.com\/Onur-plast-110179870426347","twitter_card":"summary_large_image","twitter_misc":{"Est. reading time":"1 minute"},"schema":{"@context":"https:\/\/schema.org","@graph":[{"@type":"WebPage","@id":"https:\/\/onurplast.az\/en\/products\/sprinkler-system\/sprinklers-jet-guns\/1453-plastic-adjustable-raingun\/","url":"https:\/\/onurplast.az\/en\/products\/sprinkler-system\/sprinklers-jet-guns\/1453-plastic-adjustable-raingun\/","name":"1453 Plastic Adjustable Raingun - Avtomatik Suvarma Sisteml\u0259ri,Ya\u011fmurlama,Pivot Sisteml\u0259ri:Onur Plast","isPartOf":{"@id":"https:\/\/onurplast.az\/en\/#website"},"primaryImageOfPage":{"@id":"https:\/\/onurplast.az\/en\/products\/sprinkler-system\/sprinklers-jet-guns\/1453-plastic-adjustable-raingun\/#primaryimage"},"image":{"@id":"https:\/\/onurplast.az\/en\/products\/sprinkler-system\/sprinklers-jet-guns\/1453-plastic-adjustable-raingun\/#primaryimage"},"thumbnailUrl":"https:\/\/onurplast.az\/wp-content\/uploads\/1453-TENZIMLENEN-PLASTIK-CILEYICI-BASLIGI.webp","datePublished":"2023-11-17T21:41:53+00:00","breadcrumb":{"@id":"https:\/\/onurplast.az\/en\/products\/sprinkler-system\/sprinklers-jet-guns\/1453-plastic-adjustable-raingun\/#breadcrumb"},"inLanguage":"en-US","potentialAction":[{"@type":"ReadAction","target":["https:\/\/onurplast.az\/en\/products\/sprinkler-system\/sprinklers-jet-guns\/1453-plastic-adjustable-raingun\/"]}]},{"@type":"ImageObject","inLanguage":"en-US","@id":"https:\/\/onurplast.az\/en\/products\/sprinkler-system\/sprinklers-jet-guns\/1453-plastic-adjustable-raingun\/#primaryimage","url":"https:\/\/onurplast.az\/wp-content\/uploads\/1453-TENZIMLENEN-PLASTIK-CILEYICI-BASLIGI.webp","contentUrl":"https:\/\/onurplast.az\/wp-content\/uploads\/1453-TENZIMLENEN-PLASTIK-CILEYICI-BASLIGI.webp","width":600,"height":600,"caption":"1453 Plastic Adjustable Raingun"},{"@type":"BreadcrumbList","@id":"https:\/\/onurplast.az\/en\/products\/sprinkler-system\/sprinklers-jet-guns\/1453-plastic-adjustable-raingun\/#breadcrumb","itemListElement":[{"@type":"ListItem","position":1,"name":"\u018fsas S\u0259hif\u0259","item":"https:\/\/onurplast.az\/en\/"},{"@type":"ListItem","position":2,"name":"M\u0259hsullar","item":"https:\/\/onurplast.az\/mehsullar\/"},{"@type":"ListItem","position":3,"name":"1453 Plastic Adjustable Raingun"}]},{"@type":"WebSite","@id":"https:\/\/onurplast.az\/en\/#website","url":"https:\/\/onurplast.az\/en\/","name":"Suvarma,Ya\u011fmurlama v\u0259 Pivot Sisteml\u0259ri, Avtomatik Suvarma: Onur Plast","description":"Avtomatik Suvarma Sisteml\u0259ri,Ya\u011fmurlama,Pivot Sisteml\u0259ri:Onur Plast","publisher":{"@id":"https:\/\/onurplast.az\/en\/#organization"},"potentialAction":[{"@type":"SearchAction","target":{"@type":"EntryPoint","urlTemplate":"https:\/\/onurplast.az\/en\/?s={search_term_string}"},"query-input":{"@type":"PropertyValueSpecification","valueRequired":true,"valueName":"search_term_string"}}],"inLanguage":"en-US"},{"@type":"Organization","@id":"https:\/\/onurplast.az\/en\/#organization","name":"Suvarma,Ya\u011fmurlama v\u0259 Pivot Sisteml\u0259ri, Avtomatik Suvarma: Onur Plast","url":"https:\/\/onurplast.az\/en\/","logo":{"@type":"ImageObject","inLanguage":"en-US","@id":"https:\/\/onurplast.az\/en\/#\/schema\/logo\/image\/","url":"https:\/\/onurplast.az\/wp-content\/uploads\/Onur-Plast-Suvarma-Sistemleri-Logo2.svg","contentUrl":"https:\/\/onurplast.az\/wp-content\/uploads\/Onur-Plast-Suvarma-Sistemleri-Logo2.svg","width":569,"height":150,"caption":"Suvarma,Ya\u011fmurlama v\u0259 Pivot Sisteml\u0259ri, Avtomatik Suvarma: Onur Plast"},"image":{"@id":"https:\/\/onurplast.az\/en\/#\/schema\/logo\/image\/"},"sameAs":["https:\/\/www.facebook.com\/Onur-plast-110179870426347","https:\/\/www.instagram.com\/suvarma_onurplast\/","https:\/\/www.youtube.com\/channel\/UCjWsbKNIsj1tvovG9PD4Btg"]}]}},"_links":{"self":[{"href":"https:\/\/onurplast.az\/en\/wp-json\/wp\/v2\/product\/3374","targetHints":{"allow":["GET"]}}],"collection":[{"href":"https:\/\/onurplast.az\/en\/wp-json\/wp\/v2\/product"}],"about":[{"href":"https:\/\/onurplast.az\/en\/wp-json\/wp\/v2\/types\/product"}],"wp:featuredmedia":[{"embeddable":true,"href":"https:\/\/onurplast.az\/en\/wp-json\/wp\/v2\/media\/808"}],"wp:attachment":[{"href":"https:\/\/onurplast.az\/en\/wp-json\/wp\/v2\/media?parent=3374"}],"wp:term":[{"taxonomy":"product_brand","embeddable":true,"href":"https:\/\/onurplast.az\/en\/wp-json\/wp\/v2\/product_brand?post=3374"},{"taxonomy":"product_cat","embeddable":true,"href":"https:\/\/onurplast.az\/en\/wp-json\/wp\/v2\/product_cat?post=3374"},{"taxonomy":"product_tag","embeddable":true,"href":"https:\/\/onurplast.az\/en\/wp-json\/wp\/v2\/product_tag?post=3374"}],"curies":[{"name":"wp","href":"https:\/\/api.w.org\/{rel}","templated":true}]}}