{"id":3375,"date":"2023-11-17T21:54:18","date_gmt":"2023-11-17T21:54:18","guid":{"rendered":"https:\/\/onurplast.az\/mehsullar\/uncategorized\/b-2-adjustable-raingun\/"},"modified":"2023-11-17T21:54:18","modified_gmt":"2023-11-17T21:54:18","slug":"b-2-adjustable-raingun","status":"publish","type":"product","link":"https:\/\/onurplast.az\/en\/products\/sprinkler-system\/sprinklers-jet-guns\/b-2-adjustable-raingun\/","title":{"rendered":"B\/2 Adjustable Raingun"},"content":{"rendered":"<table>\n<tbody>\n<tr>\n<td><strong>Tip &#8211; Type<\/strong><\/td>\n<td><strong>B\/2 T\u018fNZ\u0130ML\u018fN\u018fN \u00c7\u0130L\u018fY\u0130C\u0130 BA\u015eLI\u011eI<\/strong><\/td>\n<\/tr>\n<tr>\n<td>T\u00f6vsiyy\u0259 Olunan T\u0259zyiq &#8211; Recommended Pressure<\/td>\n<td>2 &#8211; 5 kg\/cm2<\/td>\n<\/tr>\n<tr>\n<td>Giri\u015f Diametri &#8211; Inlet Diameter<\/td>\n<td>11\/2\u201d<\/td>\n<\/tr>\n<tr>\n<td>Ortalama Su T\u0259l\u0259bat\u0131 &#8211; Water Requirement<\/td>\n<td>5 &#8211; 15 m3<\/td>\n<\/tr>\n<tr>\n<td>Su Atma M\u0259saf\u0259si (Radius) &#8211; Water Throw (Radius)<\/td>\n<td>15 &#8211; 25 m<\/td>\n<\/tr>\n<tr>\n<td>Bucaq M\u0259saf\u0259si &#8211; Angle Distance<\/td>\n<td>300 &#8211; 3600<\/td>\n<\/tr>\n<tr>\n<td>Nozul N\u00f6vl\u0259ri mm &#8211; Nozzle Types mm<\/td>\n<td>8&#215;6 &#8211; 10&#215;6 &#8211; 12&#215;6<\/td>\n<\/tr>\n<\/tbody>\n<\/table>\n<p>&nbsp;<\/p>\n<table>\n<tbody>\n<tr>\n<td rowspan=\"3\"><strong>Kod<\/strong><\/p>\n<p><strong>Code<\/strong><\/td>\n<td rowspan=\"3\"><strong>Nozul<\/strong><\/p>\n<p><strong>Nozzle<\/strong><\/p>\n<p><strong>(mm)<\/strong><\/td>\n<td rowspan=\"3\"><strong>\u0130\u015fl\u0259m\u0259 T\u0259zyiqi<\/strong><\/p>\n<p><strong>Working Pressure<\/strong><\/p>\n<p><strong>(ATM &#8211; BAR)<\/strong><\/td>\n<td rowspan=\"3\"><strong>Su h\u0259cmi<\/strong><\/p>\n<p><strong>Flow Rate<\/strong><\/p>\n<p><strong>(m3\/h)<\/strong><\/td>\n<td rowspan=\"3\"><strong>Su Atma M\u0259saf\u0259si<\/strong><\/p>\n<p><strong>Water Throw<\/strong><\/p>\n<p><strong>(Radius m)<\/strong><\/td>\n<td colspan=\"3\"><strong>\u00c7il\u0259m\u0259 M\u0259saf\u0259si<\/strong><\/p>\n<p><strong>Sprinkler Distance<\/strong><\/td>\n<\/tr>\n<tr>\n<td colspan=\"3\">mm\/h mxm<\/td>\n<\/tr>\n<tr>\n<td>18&#215;24<\/td>\n<td>24&#215;24<\/td>\n<td>24&#215;30<\/td>\n<\/tr>\n<tr>\n<td rowspan=\"4\">AZ-ATILGAN-86<\/td>\n<td rowspan=\"4\">8&#215;6<\/td>\n<td>2,0<\/td>\n<td>4,90<\/td>\n<td>19,50<\/td>\n<td>11,34<\/td>\n<td>8,51<\/td>\n<td>6,81<\/td>\n<\/tr>\n<tr>\n<td>3,0<\/td>\n<td>6,01<\/td>\n<td>22,00<\/td>\n<td>13,91<\/td>\n<td>10,43<\/td>\n<td>8,35<\/td>\n<\/tr>\n<tr>\n<td>4,0<\/td>\n<td>6,91<\/td>\n<td>24,00<\/td>\n<td>16,00<\/td>\n<td>12,00<\/td>\n<td>9,60<\/td>\n<\/tr>\n<tr>\n<td>5,0<\/td>\n<td>7,74<\/td>\n<td>25,00<\/td>\n<td>17,92<\/td>\n<td>13,44<\/td>\n<td>10,75<\/td>\n<\/tr>\n<tr>\n<td rowspan=\"4\">AZ-ATILGAN-106<\/td>\n<td rowspan=\"4\">10&#215;6<\/td>\n<td>2,0<\/td>\n<td>6,77<\/td>\n<td>21,50<\/td>\n<td>15,67<\/td>\n<td>11,75<\/td>\n<td>9,40<\/td>\n<\/tr>\n<tr>\n<td>3,0<\/td>\n<td>8,28<\/td>\n<td>24,00<\/td>\n<td>19,17<\/td>\n<td>14,38<\/td>\n<td>11,50<\/td>\n<\/tr>\n<tr>\n<td>4,0<\/td>\n<td>9,68<\/td>\n<td>26,50<\/td>\n<td>22,18<\/td>\n<td>16,63<\/td>\n<td>13,31<\/td>\n<\/tr>\n<tr>\n<td>5,0<\/td>\n<td>10,73<\/td>\n<td>28,50<\/td>\n<td>24,84<\/td>\n<td>18,63<\/td>\n<td>14,90<\/td>\n<\/tr>\n<tr>\n<td rowspan=\"4\">AZ-ATILGAN-126<\/td>\n<td rowspan=\"4\">12&#215;6<\/td>\n<td>2,0<\/td>\n<td>9,07<\/td>\n<td>23,00<\/td>\n<td>21,00<\/td>\n<td>15,75<\/td>\n<td>12,60<\/td>\n<\/tr>\n<tr>\n<td>3,0<\/td>\n<td>11,09<\/td>\n<td>26,00<\/td>\n<td>25,67<\/td>\n<td>19,25<\/td>\n<td>15,40<\/td>\n<\/tr>\n<tr>\n<td>4,0<\/td>\n<td>12,82<\/td>\n<td>28,50<\/td>\n<td>28,68<\/td>\n<td>22,26<\/td>\n<td>17,80<\/td>\n<\/tr>\n<tr>\n<td>5,0<\/td>\n<td>14,83<\/td>\n<td>30,50<\/td>\n<td>33,17<\/td>\n<td>24,86<\/td>\n<td>19,90<\/td>\n<\/tr>\n<\/tbody>\n<\/table>\n","protected":false},"excerpt":{"rendered":"<p>Tip &#8211; Type B\/2 T\u018fNZ\u0130ML\u018fN\u018fN \u00c7\u0130L\u018fY\u0130C\u0130 BA\u015eLI\u011eI T\u00f6vsiyy\u0259 Olunan T\u0259zyiq &#8211; Recommended Pressure 2 &#8211; 5 kg\/cm2 Giri\u015f Diametri &#8211; Inlet Diameter 11\/2\u201d Ortalama Su T\u0259l\u0259bat\u0131 &#8211; Water Requirement 5 &#8211; 15 m3 Su Atma M\u0259saf\u0259si (Radius) &#8211; Water Throw (Radius) 15 &#8211; 25 m Bucaq M\u0259saf\u0259si &#8211; Angle Distance 300 &#8211; 3600 Nozul N\u00f6vl\u0259ri [&hellip;]<\/p>\n","protected":false},"featured_media":814,"template":"","meta":{"_acf_changed":false,"inline_featured_image":false},"product_brand":[],"product_cat":[324],"product_tag":[445,444],"class_list":{"0":"post-3375","1":"product","2":"type-product","3":"status-publish","4":"has-post-thumbnail","6":"product_cat-sprinklers-jet-guns","7":"product_tag-b-2-tnzimlnn-en","8":"product_tag-cilyici-basligi-en","10":"first","11":"instock","12":"shipping-taxable","13":"purchasable","14":"product-type-simple"},"acf":[],"yoast_head":"<!-- This site is optimized with the Yoast SEO plugin v27.5 - https:\/\/yoast.com\/product\/yoast-seo-wordpress\/ -->\n<title>B\/2 Adjustable Raingun - Avtomatik Suvarma Sisteml\u0259ri,Ya\u011fmurlama,Pivot Sisteml\u0259ri:Onur Plast<\/title>\n<meta name=\"robots\" content=\"index, follow, max-snippet:-1, max-image-preview:large, max-video-preview:-1\" \/>\n<link rel=\"canonical\" href=\"https:\/\/onurplast.az\/en\/products\/sprinkler-system\/sprinklers-jet-guns\/b-2-adjustable-raingun\/\" \/>\n<meta property=\"og:locale\" content=\"en_US\" \/>\n<meta property=\"og:type\" content=\"article\" \/>\n<meta property=\"og:title\" content=\"B\/2 Adjustable Raingun - Avtomatik Suvarma Sisteml\u0259ri,Ya\u011fmurlama,Pivot Sisteml\u0259ri:Onur Plast\" \/>\n<meta property=\"og:description\" content=\"Tip &#8211; Type B\/2 T\u018fNZ\u0130ML\u018fN\u018fN \u00c7\u0130L\u018fY\u0130C\u0130 BA\u015eLI\u011eI T\u00f6vsiyy\u0259 Olunan T\u0259zyiq &#8211; Recommended Pressure 2 &#8211; 5 kg\/cm2 Giri\u015f Diametri &#8211; Inlet Diameter 11\/2\u201d Ortalama Su T\u0259l\u0259bat\u0131 &#8211; Water Requirement 5 &#8211; 15 m3 Su Atma M\u0259saf\u0259si (Radius) &#8211; Water Throw (Radius) 15 &#8211; 25 m Bucaq M\u0259saf\u0259si &#8211; Angle Distance 300 &#8211; 3600 Nozul N\u00f6vl\u0259ri [&hellip;]\" \/>\n<meta property=\"og:url\" content=\"https:\/\/onurplast.az\/en\/products\/sprinkler-system\/sprinklers-jet-guns\/b-2-adjustable-raingun\/\" \/>\n<meta property=\"og:site_name\" content=\"Avtomatik Suvarma Sisteml\u0259ri,Ya\u011fmurlama,Pivot Sisteml\u0259ri:Onur Plast\" \/>\n<meta property=\"article:publisher\" content=\"https:\/\/www.facebook.com\/Onur-plast-110179870426347\" \/>\n<meta name=\"twitter:card\" content=\"summary_large_image\" \/>\n<meta name=\"twitter:label1\" content=\"Est. reading time\" \/>\n\t<meta name=\"twitter:data1\" content=\"1 minute\" \/>\n<script type=\"application\/ld+json\" class=\"yoast-schema-graph\">{\"@context\":\"https:\\\/\\\/schema.org\",\"@graph\":[{\"@type\":\"WebPage\",\"@id\":\"https:\\\/\\\/onurplast.az\\\/en\\\/products\\\/sprinkler-system\\\/sprinklers-jet-guns\\\/b-2-adjustable-raingun\\\/\",\"url\":\"https:\\\/\\\/onurplast.az\\\/en\\\/products\\\/sprinkler-system\\\/sprinklers-jet-guns\\\/b-2-adjustable-raingun\\\/\",\"name\":\"B\\\/2 Adjustable Raingun - Avtomatik Suvarma Sisteml\u0259ri,Ya\u011fmurlama,Pivot Sisteml\u0259ri:Onur Plast\",\"isPartOf\":{\"@id\":\"https:\\\/\\\/onurplast.az\\\/en\\\/#website\"},\"primaryImageOfPage\":{\"@id\":\"https:\\\/\\\/onurplast.az\\\/en\\\/products\\\/sprinkler-system\\\/sprinklers-jet-guns\\\/b-2-adjustable-raingun\\\/#primaryimage\"},\"image\":{\"@id\":\"https:\\\/\\\/onurplast.az\\\/en\\\/products\\\/sprinkler-system\\\/sprinklers-jet-guns\\\/b-2-adjustable-raingun\\\/#primaryimage\"},\"thumbnailUrl\":\"https:\\\/\\\/onurplast.az\\\/wp-content\\\/uploads\\\/B2-TENZIMLENEN-CILEYICI-BASLIGI.webp\",\"datePublished\":\"2023-11-17T21:54:18+00:00\",\"breadcrumb\":{\"@id\":\"https:\\\/\\\/onurplast.az\\\/en\\\/products\\\/sprinkler-system\\\/sprinklers-jet-guns\\\/b-2-adjustable-raingun\\\/#breadcrumb\"},\"inLanguage\":\"en-US\",\"potentialAction\":[{\"@type\":\"ReadAction\",\"target\":[\"https:\\\/\\\/onurplast.az\\\/en\\\/products\\\/sprinkler-system\\\/sprinklers-jet-guns\\\/b-2-adjustable-raingun\\\/\"]}]},{\"@type\":\"ImageObject\",\"inLanguage\":\"en-US\",\"@id\":\"https:\\\/\\\/onurplast.az\\\/en\\\/products\\\/sprinkler-system\\\/sprinklers-jet-guns\\\/b-2-adjustable-raingun\\\/#primaryimage\",\"url\":\"https:\\\/\\\/onurplast.az\\\/wp-content\\\/uploads\\\/B2-TENZIMLENEN-CILEYICI-BASLIGI.webp\",\"contentUrl\":\"https:\\\/\\\/onurplast.az\\\/wp-content\\\/uploads\\\/B2-TENZIMLENEN-CILEYICI-BASLIGI.webp\",\"width\":600,\"height\":600,\"caption\":\"B\\\/2 Adjustable Raingun\"},{\"@type\":\"BreadcrumbList\",\"@id\":\"https:\\\/\\\/onurplast.az\\\/en\\\/products\\\/sprinkler-system\\\/sprinklers-jet-guns\\\/b-2-adjustable-raingun\\\/#breadcrumb\",\"itemListElement\":[{\"@type\":\"ListItem\",\"position\":1,\"name\":\"\u018fsas S\u0259hif\u0259\",\"item\":\"https:\\\/\\\/onurplast.az\\\/en\\\/\"},{\"@type\":\"ListItem\",\"position\":2,\"name\":\"M\u0259hsullar\",\"item\":\"https:\\\/\\\/onurplast.az\\\/mehsullar\\\/\"},{\"@type\":\"ListItem\",\"position\":3,\"name\":\"B\\\/2 Adjustable Raingun\"}]},{\"@type\":\"WebSite\",\"@id\":\"https:\\\/\\\/onurplast.az\\\/en\\\/#website\",\"url\":\"https:\\\/\\\/onurplast.az\\\/en\\\/\",\"name\":\"Suvarma,Ya\u011fmurlama v\u0259 Pivot Sisteml\u0259ri, Avtomatik Suvarma: Onur Plast\",\"description\":\"Avtomatik Suvarma Sisteml\u0259ri,Ya\u011fmurlama,Pivot Sisteml\u0259ri:Onur Plast\",\"publisher\":{\"@id\":\"https:\\\/\\\/onurplast.az\\\/en\\\/#organization\"},\"potentialAction\":[{\"@type\":\"SearchAction\",\"target\":{\"@type\":\"EntryPoint\",\"urlTemplate\":\"https:\\\/\\\/onurplast.az\\\/en\\\/?s={search_term_string}\"},\"query-input\":{\"@type\":\"PropertyValueSpecification\",\"valueRequired\":true,\"valueName\":\"search_term_string\"}}],\"inLanguage\":\"en-US\"},{\"@type\":\"Organization\",\"@id\":\"https:\\\/\\\/onurplast.az\\\/en\\\/#organization\",\"name\":\"Suvarma,Ya\u011fmurlama v\u0259 Pivot Sisteml\u0259ri, Avtomatik Suvarma: Onur Plast\",\"url\":\"https:\\\/\\\/onurplast.az\\\/en\\\/\",\"logo\":{\"@type\":\"ImageObject\",\"inLanguage\":\"en-US\",\"@id\":\"https:\\\/\\\/onurplast.az\\\/en\\\/#\\\/schema\\\/logo\\\/image\\\/\",\"url\":\"https:\\\/\\\/onurplast.az\\\/wp-content\\\/uploads\\\/Onur-Plast-Suvarma-Sistemleri-Logo2.svg\",\"contentUrl\":\"https:\\\/\\\/onurplast.az\\\/wp-content\\\/uploads\\\/Onur-Plast-Suvarma-Sistemleri-Logo2.svg\",\"width\":569,\"height\":150,\"caption\":\"Suvarma,Ya\u011fmurlama v\u0259 Pivot Sisteml\u0259ri, Avtomatik Suvarma: Onur Plast\"},\"image\":{\"@id\":\"https:\\\/\\\/onurplast.az\\\/en\\\/#\\\/schema\\\/logo\\\/image\\\/\"},\"sameAs\":[\"https:\\\/\\\/www.facebook.com\\\/Onur-plast-110179870426347\",\"https:\\\/\\\/www.instagram.com\\\/suvarma_onurplast\\\/\",\"https:\\\/\\\/www.youtube.com\\\/channel\\\/UCjWsbKNIsj1tvovG9PD4Btg\"]}]}<\/script>\n<!-- \/ Yoast SEO plugin. -->","yoast_head_json":{"title":"B\/2 Adjustable Raingun - Avtomatik Suvarma Sisteml\u0259ri,Ya\u011fmurlama,Pivot Sisteml\u0259ri:Onur Plast","robots":{"index":"index","follow":"follow","max-snippet":"max-snippet:-1","max-image-preview":"max-image-preview:large","max-video-preview":"max-video-preview:-1"},"canonical":"https:\/\/onurplast.az\/en\/products\/sprinkler-system\/sprinklers-jet-guns\/b-2-adjustable-raingun\/","og_locale":"en_US","og_type":"article","og_title":"B\/2 Adjustable Raingun - Avtomatik Suvarma Sisteml\u0259ri,Ya\u011fmurlama,Pivot Sisteml\u0259ri:Onur Plast","og_description":"Tip &#8211; Type B\/2 T\u018fNZ\u0130ML\u018fN\u018fN \u00c7\u0130L\u018fY\u0130C\u0130 BA\u015eLI\u011eI T\u00f6vsiyy\u0259 Olunan T\u0259zyiq &#8211; Recommended Pressure 2 &#8211; 5 kg\/cm2 Giri\u015f Diametri &#8211; Inlet Diameter 11\/2\u201d Ortalama Su T\u0259l\u0259bat\u0131 &#8211; Water Requirement 5 &#8211; 15 m3 Su Atma M\u0259saf\u0259si (Radius) &#8211; Water Throw (Radius) 15 &#8211; 25 m Bucaq M\u0259saf\u0259si &#8211; Angle Distance 300 &#8211; 3600 Nozul N\u00f6vl\u0259ri [&hellip;]","og_url":"https:\/\/onurplast.az\/en\/products\/sprinkler-system\/sprinklers-jet-guns\/b-2-adjustable-raingun\/","og_site_name":"Avtomatik Suvarma Sisteml\u0259ri,Ya\u011fmurlama,Pivot Sisteml\u0259ri:Onur Plast","article_publisher":"https:\/\/www.facebook.com\/Onur-plast-110179870426347","twitter_card":"summary_large_image","twitter_misc":{"Est. reading time":"1 minute"},"schema":{"@context":"https:\/\/schema.org","@graph":[{"@type":"WebPage","@id":"https:\/\/onurplast.az\/en\/products\/sprinkler-system\/sprinklers-jet-guns\/b-2-adjustable-raingun\/","url":"https:\/\/onurplast.az\/en\/products\/sprinkler-system\/sprinklers-jet-guns\/b-2-adjustable-raingun\/","name":"B\/2 Adjustable Raingun - Avtomatik Suvarma Sisteml\u0259ri,Ya\u011fmurlama,Pivot Sisteml\u0259ri:Onur Plast","isPartOf":{"@id":"https:\/\/onurplast.az\/en\/#website"},"primaryImageOfPage":{"@id":"https:\/\/onurplast.az\/en\/products\/sprinkler-system\/sprinklers-jet-guns\/b-2-adjustable-raingun\/#primaryimage"},"image":{"@id":"https:\/\/onurplast.az\/en\/products\/sprinkler-system\/sprinklers-jet-guns\/b-2-adjustable-raingun\/#primaryimage"},"thumbnailUrl":"https:\/\/onurplast.az\/wp-content\/uploads\/B2-TENZIMLENEN-CILEYICI-BASLIGI.webp","datePublished":"2023-11-17T21:54:18+00:00","breadcrumb":{"@id":"https:\/\/onurplast.az\/en\/products\/sprinkler-system\/sprinklers-jet-guns\/b-2-adjustable-raingun\/#breadcrumb"},"inLanguage":"en-US","potentialAction":[{"@type":"ReadAction","target":["https:\/\/onurplast.az\/en\/products\/sprinkler-system\/sprinklers-jet-guns\/b-2-adjustable-raingun\/"]}]},{"@type":"ImageObject","inLanguage":"en-US","@id":"https:\/\/onurplast.az\/en\/products\/sprinkler-system\/sprinklers-jet-guns\/b-2-adjustable-raingun\/#primaryimage","url":"https:\/\/onurplast.az\/wp-content\/uploads\/B2-TENZIMLENEN-CILEYICI-BASLIGI.webp","contentUrl":"https:\/\/onurplast.az\/wp-content\/uploads\/B2-TENZIMLENEN-CILEYICI-BASLIGI.webp","width":600,"height":600,"caption":"B\/2 Adjustable Raingun"},{"@type":"BreadcrumbList","@id":"https:\/\/onurplast.az\/en\/products\/sprinkler-system\/sprinklers-jet-guns\/b-2-adjustable-raingun\/#breadcrumb","itemListElement":[{"@type":"ListItem","position":1,"name":"\u018fsas S\u0259hif\u0259","item":"https:\/\/onurplast.az\/en\/"},{"@type":"ListItem","position":2,"name":"M\u0259hsullar","item":"https:\/\/onurplast.az\/mehsullar\/"},{"@type":"ListItem","position":3,"name":"B\/2 Adjustable Raingun"}]},{"@type":"WebSite","@id":"https:\/\/onurplast.az\/en\/#website","url":"https:\/\/onurplast.az\/en\/","name":"Suvarma,Ya\u011fmurlama v\u0259 Pivot Sisteml\u0259ri, Avtomatik Suvarma: Onur Plast","description":"Avtomatik Suvarma Sisteml\u0259ri,Ya\u011fmurlama,Pivot Sisteml\u0259ri:Onur Plast","publisher":{"@id":"https:\/\/onurplast.az\/en\/#organization"},"potentialAction":[{"@type":"SearchAction","target":{"@type":"EntryPoint","urlTemplate":"https:\/\/onurplast.az\/en\/?s={search_term_string}"},"query-input":{"@type":"PropertyValueSpecification","valueRequired":true,"valueName":"search_term_string"}}],"inLanguage":"en-US"},{"@type":"Organization","@id":"https:\/\/onurplast.az\/en\/#organization","name":"Suvarma,Ya\u011fmurlama v\u0259 Pivot Sisteml\u0259ri, Avtomatik Suvarma: Onur Plast","url":"https:\/\/onurplast.az\/en\/","logo":{"@type":"ImageObject","inLanguage":"en-US","@id":"https:\/\/onurplast.az\/en\/#\/schema\/logo\/image\/","url":"https:\/\/onurplast.az\/wp-content\/uploads\/Onur-Plast-Suvarma-Sistemleri-Logo2.svg","contentUrl":"https:\/\/onurplast.az\/wp-content\/uploads\/Onur-Plast-Suvarma-Sistemleri-Logo2.svg","width":569,"height":150,"caption":"Suvarma,Ya\u011fmurlama v\u0259 Pivot Sisteml\u0259ri, Avtomatik Suvarma: Onur Plast"},"image":{"@id":"https:\/\/onurplast.az\/en\/#\/schema\/logo\/image\/"},"sameAs":["https:\/\/www.facebook.com\/Onur-plast-110179870426347","https:\/\/www.instagram.com\/suvarma_onurplast\/","https:\/\/www.youtube.com\/channel\/UCjWsbKNIsj1tvovG9PD4Btg"]}]}},"_links":{"self":[{"href":"https:\/\/onurplast.az\/en\/wp-json\/wp\/v2\/product\/3375","targetHints":{"allow":["GET"]}}],"collection":[{"href":"https:\/\/onurplast.az\/en\/wp-json\/wp\/v2\/product"}],"about":[{"href":"https:\/\/onurplast.az\/en\/wp-json\/wp\/v2\/types\/product"}],"wp:featuredmedia":[{"embeddable":true,"href":"https:\/\/onurplast.az\/en\/wp-json\/wp\/v2\/media\/814"}],"wp:attachment":[{"href":"https:\/\/onurplast.az\/en\/wp-json\/wp\/v2\/media?parent=3375"}],"wp:term":[{"taxonomy":"product_brand","embeddable":true,"href":"https:\/\/onurplast.az\/en\/wp-json\/wp\/v2\/product_brand?post=3375"},{"taxonomy":"product_cat","embeddable":true,"href":"https:\/\/onurplast.az\/en\/wp-json\/wp\/v2\/product_cat?post=3375"},{"taxonomy":"product_tag","embeddable":true,"href":"https:\/\/onurplast.az\/en\/wp-json\/wp\/v2\/product_tag?post=3375"}],"curies":[{"name":"wp","href":"https:\/\/api.w.org\/{rel}","templated":true}]}}