{"id":3379,"date":"2023-11-17T22:16:26","date_gmt":"2023-11-17T22:16:26","guid":{"rendered":"https:\/\/onurplast.az\/mehsullar\/uncategorized\/roket-50-gear-drive-type\/"},"modified":"2023-11-17T22:16:26","modified_gmt":"2023-11-17T22:16:26","slug":"roket-50-gear-drive-type","status":"publish","type":"product","link":"https:\/\/onurplast.az\/en\/products\/sprinkler-system\/sprinklers-jet-guns\/roket-50-gear-drive-type\/","title":{"rendered":"Roket 50 Gear Drive Type"},"content":{"rendered":"<table>\n<tbody>\n<tr>\n<td><strong>Tip &#8211; Type<\/strong><\/td>\n<td><strong>Roket 50<\/strong><\/td>\n<\/tr>\n<tr>\n<td>Optimum D\u00f6\u015feme Aral\u0131\u011f\u0131 &#8211; Installation Distance<\/td>\n<td>45 m<\/td>\n<\/tr>\n<tr>\n<td>T\u00f6vsiyy\u0259 Olunan T\u0259zyiq &#8211; Recommended Pressure<\/td>\n<td>2,5 &#8211; 10 Bar<\/td>\n<\/tr>\n<tr>\n<td>Giri\u015f Diametri &#8211; Inlet Diameter<\/td>\n<td>2\u201d<\/td>\n<\/tr>\n<tr>\n<td>Ortalama Su T\u0259l\u0259bat\u0131 &#8211; Water Requirement<\/td>\n<td>15 &#8211; 40 Ton<\/td>\n<\/tr>\n<tr>\n<td>Su Atma M\u0259saf\u0259si (Radius) &#8211; Water Throw (Radius)<\/td>\n<td>20 &#8211; 45 m<\/td>\n<\/tr>\n<tr>\n<td>A\u00e7\u0131 Ayar Aral\u0131\u011f\u0131 &#8211; Adjustable Angle Distance<\/td>\n<td>300 &#8211; 3600<\/td>\n<\/tr>\n<tr>\n<td>Ba\u011flant\u0131 Sehpas\u0131 Giri\u015f Boru Diametri<\/p>\n<p>Connection Table Inlet Pipe Diameter<\/td>\n<td>21\/2\u201d<\/td>\n<\/tr>\n<tr>\n<td>Ba\u011flant\u0131 Sehpas\u0131 \u00c7\u0131k\u0131\u015f Boru Diametri<\/p>\n<p>Connection Table Outlet Pipe Diameter<\/td>\n<td>2\u201d<\/td>\n<\/tr>\n<tr>\n<td>Nozul N\u00f6vl\u0259ri mm &#8211; Nozzle Types mm<\/td>\n<td>16 &#8211; 18 &#8211; 22<\/td>\n<\/tr>\n<\/tbody>\n<\/table>\n<p>&nbsp;<\/p>\n<table>\n<tbody>\n<tr>\n<td><strong>Kod<\/strong><\/p>\n<p><strong>Code<\/strong><\/td>\n<td><strong>Nozul<\/strong><\/p>\n<p><strong>Nozzle<\/strong><\/p>\n<p><strong>(mm)<\/strong><\/td>\n<td><strong>\u0130\u015fl\u0259m\u0259 T\u0259zyiqi<\/strong><\/p>\n<p><strong>Working Pressure<\/strong><\/p>\n<p><strong>(ATM &#8211; BAR)<\/strong><\/td>\n<td><strong>Su h\u0259cmi<\/strong><\/p>\n<p><strong>Flow Rate<\/strong><\/p>\n<p><strong>(m3\/h)<\/strong><\/td>\n<td><strong>Su Atma M\u0259saf\u0259si<\/strong><\/p>\n<p><strong>Water Throw<\/strong><\/p>\n<p><strong>(Radius m)<\/strong><\/td>\n<td><strong>Sulanan Alan<\/strong><\/p>\n<p><strong>Irr\u0131gating Area<\/strong><\/p>\n<p><strong>(m2)<\/strong><\/td>\n<\/tr>\n<tr>\n<td rowspan=\"4\">AZ-ROK50-16<\/td>\n<td rowspan=\"4\">16<\/td>\n<td>2,0<\/td>\n<td>17,80<\/td>\n<td>22<\/td>\n<td>1520<\/td>\n<\/tr>\n<tr>\n<td>3,0<\/td>\n<td>19,10<\/td>\n<td>26<\/td>\n<td>2122<\/td>\n<\/tr>\n<tr>\n<td>4,0<\/td>\n<td>20,50<\/td>\n<td>30<\/td>\n<td>2826<\/td>\n<\/tr>\n<tr>\n<td>5,0<\/td>\n<td>23,40<\/td>\n<td>33<\/td>\n<td>3420<\/td>\n<\/tr>\n<tr>\n<td rowspan=\"4\">AZ-ROK50-18<\/td>\n<td rowspan=\"4\">18<\/td>\n<td>3,0<\/td>\n<td>23,10<\/td>\n<td>28<\/td>\n<td>2462<\/td>\n<\/tr>\n<tr>\n<td>4,0<\/td>\n<td>26,50<\/td>\n<td>31<\/td>\n<td>3018<\/td>\n<\/tr>\n<tr>\n<td>5,0<\/td>\n<td>29,50<\/td>\n<td>34<\/td>\n<td>3630<\/td>\n<\/tr>\n<tr>\n<td>6,0<\/td>\n<td>32,40<\/td>\n<td>36<\/td>\n<td>4069<\/td>\n<\/tr>\n<tr>\n<td rowspan=\"5\">AZ-ROK50-22<\/td>\n<td rowspan=\"5\">22<\/td>\n<td>3,0<\/td>\n<td>34,50<\/td>\n<td>32<\/td>\n<td>3215<\/td>\n<\/tr>\n<tr>\n<td>4,0<\/td>\n<td>40,30<\/td>\n<td>34<\/td>\n<td>3630<\/td>\n<\/tr>\n<tr>\n<td>5,0<\/td>\n<td>44,10<\/td>\n<td>36<\/td>\n<td>4069<\/td>\n<\/tr>\n<tr>\n<td>6,0<\/td>\n<td>46,50<\/td>\n<td>40<\/td>\n<td>5024<\/td>\n<\/tr>\n<tr>\n<td>7,0<\/td>\n<td>54,30<\/td>\n<td>45<\/td>\n<td>6358<\/td>\n<\/tr>\n<\/tbody>\n<\/table>\n","protected":false},"excerpt":{"rendered":"<p>Tip &#8211; Type Roket 50 Optimum D\u00f6\u015feme Aral\u0131\u011f\u0131 &#8211; Installation Distance 45 m T\u00f6vsiyy\u0259 Olunan T\u0259zyiq &#8211; Recommended Pressure 2,5 &#8211; 10 Bar Giri\u015f Diametri &#8211; Inlet Diameter 2\u201d Ortalama Su T\u0259l\u0259bat\u0131 &#8211; Water Requirement 15 &#8211; 40 Ton Su Atma M\u0259saf\u0259si (Radius) &#8211; Water Throw (Radius) 20 &#8211; 45 m A\u00e7\u0131 Ayar Aral\u0131\u011f\u0131 &#8211; [&hellip;]<\/p>\n","protected":false},"featured_media":834,"template":"","meta":{"_acf_changed":false,"inline_featured_image":false},"product_brand":[],"product_cat":[324],"product_tag":[450,449],"class_list":{"0":"post-3379","1":"product","2":"type-product","3":"status-publish","4":"has-post-thumbnail","6":"product_cat-sprinklers-jet-guns","7":"product_tag-gear-drive-type-en","8":"product_tag-roket-50-en","10":"first","11":"instock","12":"shipping-taxable","13":"purchasable","14":"product-type-simple"},"acf":[],"yoast_head":"<!-- This site is optimized with the Yoast SEO plugin v27.5 - https:\/\/yoast.com\/product\/yoast-seo-wordpress\/ -->\n<title>Roket 50 Gear Drive Type - Avtomatik Suvarma Sisteml\u0259ri,Ya\u011fmurlama,Pivot Sisteml\u0259ri:Onur Plast<\/title>\n<meta name=\"robots\" content=\"index, follow, max-snippet:-1, max-image-preview:large, max-video-preview:-1\" \/>\n<link rel=\"canonical\" href=\"https:\/\/onurplast.az\/en\/products\/sprinkler-system\/sprinklers-jet-guns\/roket-50-gear-drive-type\/\" \/>\n<meta property=\"og:locale\" content=\"en_US\" \/>\n<meta property=\"og:type\" content=\"article\" \/>\n<meta property=\"og:title\" content=\"Roket 50 Gear Drive Type - Avtomatik Suvarma Sisteml\u0259ri,Ya\u011fmurlama,Pivot Sisteml\u0259ri:Onur Plast\" \/>\n<meta property=\"og:description\" content=\"Tip &#8211; Type Roket 50 Optimum D\u00f6\u015feme Aral\u0131\u011f\u0131 &#8211; Installation Distance 45 m T\u00f6vsiyy\u0259 Olunan T\u0259zyiq &#8211; Recommended Pressure 2,5 &#8211; 10 Bar Giri\u015f Diametri &#8211; Inlet Diameter 2\u201d Ortalama Su T\u0259l\u0259bat\u0131 &#8211; Water Requirement 15 &#8211; 40 Ton Su Atma M\u0259saf\u0259si (Radius) &#8211; Water Throw (Radius) 20 &#8211; 45 m A\u00e7\u0131 Ayar Aral\u0131\u011f\u0131 &#8211; [&hellip;]\" \/>\n<meta property=\"og:url\" content=\"https:\/\/onurplast.az\/en\/products\/sprinkler-system\/sprinklers-jet-guns\/roket-50-gear-drive-type\/\" \/>\n<meta property=\"og:site_name\" content=\"Avtomatik Suvarma Sisteml\u0259ri,Ya\u011fmurlama,Pivot Sisteml\u0259ri:Onur Plast\" \/>\n<meta property=\"article:publisher\" content=\"https:\/\/www.facebook.com\/Onur-plast-110179870426347\" \/>\n<meta name=\"twitter:card\" content=\"summary_large_image\" \/>\n<meta name=\"twitter:label1\" content=\"Est. reading time\" \/>\n\t<meta name=\"twitter:data1\" content=\"1 minute\" \/>\n<script type=\"application\/ld+json\" class=\"yoast-schema-graph\">{\"@context\":\"https:\\\/\\\/schema.org\",\"@graph\":[{\"@type\":\"WebPage\",\"@id\":\"https:\\\/\\\/onurplast.az\\\/en\\\/products\\\/sprinkler-system\\\/sprinklers-jet-guns\\\/roket-50-gear-drive-type\\\/\",\"url\":\"https:\\\/\\\/onurplast.az\\\/en\\\/products\\\/sprinkler-system\\\/sprinklers-jet-guns\\\/roket-50-gear-drive-type\\\/\",\"name\":\"Roket 50 Gear Drive Type - Avtomatik Suvarma Sisteml\u0259ri,Ya\u011fmurlama,Pivot Sisteml\u0259ri:Onur Plast\",\"isPartOf\":{\"@id\":\"https:\\\/\\\/onurplast.az\\\/en\\\/#website\"},\"primaryImageOfPage\":{\"@id\":\"https:\\\/\\\/onurplast.az\\\/en\\\/products\\\/sprinkler-system\\\/sprinklers-jet-guns\\\/roket-50-gear-drive-type\\\/#primaryimage\"},\"image\":{\"@id\":\"https:\\\/\\\/onurplast.az\\\/en\\\/products\\\/sprinkler-system\\\/sprinklers-jet-guns\\\/roket-50-gear-drive-type\\\/#primaryimage\"},\"thumbnailUrl\":\"https:\\\/\\\/onurplast.az\\\/wp-content\\\/uploads\\\/ROKET-50-GEAR-DRIVE-TYPE.webp\",\"datePublished\":\"2023-11-17T22:16:26+00:00\",\"breadcrumb\":{\"@id\":\"https:\\\/\\\/onurplast.az\\\/en\\\/products\\\/sprinkler-system\\\/sprinklers-jet-guns\\\/roket-50-gear-drive-type\\\/#breadcrumb\"},\"inLanguage\":\"en-US\",\"potentialAction\":[{\"@type\":\"ReadAction\",\"target\":[\"https:\\\/\\\/onurplast.az\\\/en\\\/products\\\/sprinkler-system\\\/sprinklers-jet-guns\\\/roket-50-gear-drive-type\\\/\"]}]},{\"@type\":\"ImageObject\",\"inLanguage\":\"en-US\",\"@id\":\"https:\\\/\\\/onurplast.az\\\/en\\\/products\\\/sprinkler-system\\\/sprinklers-jet-guns\\\/roket-50-gear-drive-type\\\/#primaryimage\",\"url\":\"https:\\\/\\\/onurplast.az\\\/wp-content\\\/uploads\\\/ROKET-50-GEAR-DRIVE-TYPE.webp\",\"contentUrl\":\"https:\\\/\\\/onurplast.az\\\/wp-content\\\/uploads\\\/ROKET-50-GEAR-DRIVE-TYPE.webp\",\"width\":600,\"height\":600,\"caption\":\"Roket 50 Gear Drive Type\"},{\"@type\":\"BreadcrumbList\",\"@id\":\"https:\\\/\\\/onurplast.az\\\/en\\\/products\\\/sprinkler-system\\\/sprinklers-jet-guns\\\/roket-50-gear-drive-type\\\/#breadcrumb\",\"itemListElement\":[{\"@type\":\"ListItem\",\"position\":1,\"name\":\"\u018fsas S\u0259hif\u0259\",\"item\":\"https:\\\/\\\/onurplast.az\\\/en\\\/\"},{\"@type\":\"ListItem\",\"position\":2,\"name\":\"M\u0259hsullar\",\"item\":\"https:\\\/\\\/onurplast.az\\\/mehsullar\\\/\"},{\"@type\":\"ListItem\",\"position\":3,\"name\":\"Roket 50 Gear Drive Type\"}]},{\"@type\":\"WebSite\",\"@id\":\"https:\\\/\\\/onurplast.az\\\/en\\\/#website\",\"url\":\"https:\\\/\\\/onurplast.az\\\/en\\\/\",\"name\":\"Suvarma,Ya\u011fmurlama v\u0259 Pivot Sisteml\u0259ri, Avtomatik Suvarma: Onur Plast\",\"description\":\"Avtomatik Suvarma Sisteml\u0259ri,Ya\u011fmurlama,Pivot Sisteml\u0259ri:Onur Plast\",\"publisher\":{\"@id\":\"https:\\\/\\\/onurplast.az\\\/en\\\/#organization\"},\"potentialAction\":[{\"@type\":\"SearchAction\",\"target\":{\"@type\":\"EntryPoint\",\"urlTemplate\":\"https:\\\/\\\/onurplast.az\\\/en\\\/?s={search_term_string}\"},\"query-input\":{\"@type\":\"PropertyValueSpecification\",\"valueRequired\":true,\"valueName\":\"search_term_string\"}}],\"inLanguage\":\"en-US\"},{\"@type\":\"Organization\",\"@id\":\"https:\\\/\\\/onurplast.az\\\/en\\\/#organization\",\"name\":\"Suvarma,Ya\u011fmurlama v\u0259 Pivot Sisteml\u0259ri, Avtomatik Suvarma: Onur Plast\",\"url\":\"https:\\\/\\\/onurplast.az\\\/en\\\/\",\"logo\":{\"@type\":\"ImageObject\",\"inLanguage\":\"en-US\",\"@id\":\"https:\\\/\\\/onurplast.az\\\/en\\\/#\\\/schema\\\/logo\\\/image\\\/\",\"url\":\"https:\\\/\\\/onurplast.az\\\/wp-content\\\/uploads\\\/Onur-Plast-Suvarma-Sistemleri-Logo2.svg\",\"contentUrl\":\"https:\\\/\\\/onurplast.az\\\/wp-content\\\/uploads\\\/Onur-Plast-Suvarma-Sistemleri-Logo2.svg\",\"width\":569,\"height\":150,\"caption\":\"Suvarma,Ya\u011fmurlama v\u0259 Pivot Sisteml\u0259ri, Avtomatik Suvarma: Onur Plast\"},\"image\":{\"@id\":\"https:\\\/\\\/onurplast.az\\\/en\\\/#\\\/schema\\\/logo\\\/image\\\/\"},\"sameAs\":[\"https:\\\/\\\/www.facebook.com\\\/Onur-plast-110179870426347\",\"https:\\\/\\\/www.instagram.com\\\/suvarma_onurplast\\\/\",\"https:\\\/\\\/www.youtube.com\\\/channel\\\/UCjWsbKNIsj1tvovG9PD4Btg\"]}]}<\/script>\n<!-- \/ Yoast SEO plugin. -->","yoast_head_json":{"title":"Roket 50 Gear Drive Type - Avtomatik Suvarma Sisteml\u0259ri,Ya\u011fmurlama,Pivot Sisteml\u0259ri:Onur Plast","robots":{"index":"index","follow":"follow","max-snippet":"max-snippet:-1","max-image-preview":"max-image-preview:large","max-video-preview":"max-video-preview:-1"},"canonical":"https:\/\/onurplast.az\/en\/products\/sprinkler-system\/sprinklers-jet-guns\/roket-50-gear-drive-type\/","og_locale":"en_US","og_type":"article","og_title":"Roket 50 Gear Drive Type - Avtomatik Suvarma Sisteml\u0259ri,Ya\u011fmurlama,Pivot Sisteml\u0259ri:Onur Plast","og_description":"Tip &#8211; Type Roket 50 Optimum D\u00f6\u015feme Aral\u0131\u011f\u0131 &#8211; Installation Distance 45 m T\u00f6vsiyy\u0259 Olunan T\u0259zyiq &#8211; Recommended Pressure 2,5 &#8211; 10 Bar Giri\u015f Diametri &#8211; Inlet Diameter 2\u201d Ortalama Su T\u0259l\u0259bat\u0131 &#8211; Water Requirement 15 &#8211; 40 Ton Su Atma M\u0259saf\u0259si (Radius) &#8211; Water Throw (Radius) 20 &#8211; 45 m A\u00e7\u0131 Ayar Aral\u0131\u011f\u0131 &#8211; [&hellip;]","og_url":"https:\/\/onurplast.az\/en\/products\/sprinkler-system\/sprinklers-jet-guns\/roket-50-gear-drive-type\/","og_site_name":"Avtomatik Suvarma Sisteml\u0259ri,Ya\u011fmurlama,Pivot Sisteml\u0259ri:Onur Plast","article_publisher":"https:\/\/www.facebook.com\/Onur-plast-110179870426347","twitter_card":"summary_large_image","twitter_misc":{"Est. reading time":"1 minute"},"schema":{"@context":"https:\/\/schema.org","@graph":[{"@type":"WebPage","@id":"https:\/\/onurplast.az\/en\/products\/sprinkler-system\/sprinklers-jet-guns\/roket-50-gear-drive-type\/","url":"https:\/\/onurplast.az\/en\/products\/sprinkler-system\/sprinklers-jet-guns\/roket-50-gear-drive-type\/","name":"Roket 50 Gear Drive Type - Avtomatik Suvarma Sisteml\u0259ri,Ya\u011fmurlama,Pivot Sisteml\u0259ri:Onur Plast","isPartOf":{"@id":"https:\/\/onurplast.az\/en\/#website"},"primaryImageOfPage":{"@id":"https:\/\/onurplast.az\/en\/products\/sprinkler-system\/sprinklers-jet-guns\/roket-50-gear-drive-type\/#primaryimage"},"image":{"@id":"https:\/\/onurplast.az\/en\/products\/sprinkler-system\/sprinklers-jet-guns\/roket-50-gear-drive-type\/#primaryimage"},"thumbnailUrl":"https:\/\/onurplast.az\/wp-content\/uploads\/ROKET-50-GEAR-DRIVE-TYPE.webp","datePublished":"2023-11-17T22:16:26+00:00","breadcrumb":{"@id":"https:\/\/onurplast.az\/en\/products\/sprinkler-system\/sprinklers-jet-guns\/roket-50-gear-drive-type\/#breadcrumb"},"inLanguage":"en-US","potentialAction":[{"@type":"ReadAction","target":["https:\/\/onurplast.az\/en\/products\/sprinkler-system\/sprinklers-jet-guns\/roket-50-gear-drive-type\/"]}]},{"@type":"ImageObject","inLanguage":"en-US","@id":"https:\/\/onurplast.az\/en\/products\/sprinkler-system\/sprinklers-jet-guns\/roket-50-gear-drive-type\/#primaryimage","url":"https:\/\/onurplast.az\/wp-content\/uploads\/ROKET-50-GEAR-DRIVE-TYPE.webp","contentUrl":"https:\/\/onurplast.az\/wp-content\/uploads\/ROKET-50-GEAR-DRIVE-TYPE.webp","width":600,"height":600,"caption":"Roket 50 Gear Drive Type"},{"@type":"BreadcrumbList","@id":"https:\/\/onurplast.az\/en\/products\/sprinkler-system\/sprinklers-jet-guns\/roket-50-gear-drive-type\/#breadcrumb","itemListElement":[{"@type":"ListItem","position":1,"name":"\u018fsas S\u0259hif\u0259","item":"https:\/\/onurplast.az\/en\/"},{"@type":"ListItem","position":2,"name":"M\u0259hsullar","item":"https:\/\/onurplast.az\/mehsullar\/"},{"@type":"ListItem","position":3,"name":"Roket 50 Gear Drive Type"}]},{"@type":"WebSite","@id":"https:\/\/onurplast.az\/en\/#website","url":"https:\/\/onurplast.az\/en\/","name":"Suvarma,Ya\u011fmurlama v\u0259 Pivot Sisteml\u0259ri, Avtomatik Suvarma: Onur Plast","description":"Avtomatik Suvarma Sisteml\u0259ri,Ya\u011fmurlama,Pivot Sisteml\u0259ri:Onur Plast","publisher":{"@id":"https:\/\/onurplast.az\/en\/#organization"},"potentialAction":[{"@type":"SearchAction","target":{"@type":"EntryPoint","urlTemplate":"https:\/\/onurplast.az\/en\/?s={search_term_string}"},"query-input":{"@type":"PropertyValueSpecification","valueRequired":true,"valueName":"search_term_string"}}],"inLanguage":"en-US"},{"@type":"Organization","@id":"https:\/\/onurplast.az\/en\/#organization","name":"Suvarma,Ya\u011fmurlama v\u0259 Pivot Sisteml\u0259ri, Avtomatik Suvarma: Onur Plast","url":"https:\/\/onurplast.az\/en\/","logo":{"@type":"ImageObject","inLanguage":"en-US","@id":"https:\/\/onurplast.az\/en\/#\/schema\/logo\/image\/","url":"https:\/\/onurplast.az\/wp-content\/uploads\/Onur-Plast-Suvarma-Sistemleri-Logo2.svg","contentUrl":"https:\/\/onurplast.az\/wp-content\/uploads\/Onur-Plast-Suvarma-Sistemleri-Logo2.svg","width":569,"height":150,"caption":"Suvarma,Ya\u011fmurlama v\u0259 Pivot Sisteml\u0259ri, Avtomatik Suvarma: Onur Plast"},"image":{"@id":"https:\/\/onurplast.az\/en\/#\/schema\/logo\/image\/"},"sameAs":["https:\/\/www.facebook.com\/Onur-plast-110179870426347","https:\/\/www.instagram.com\/suvarma_onurplast\/","https:\/\/www.youtube.com\/channel\/UCjWsbKNIsj1tvovG9PD4Btg"]}]}},"_links":{"self":[{"href":"https:\/\/onurplast.az\/en\/wp-json\/wp\/v2\/product\/3379","targetHints":{"allow":["GET"]}}],"collection":[{"href":"https:\/\/onurplast.az\/en\/wp-json\/wp\/v2\/product"}],"about":[{"href":"https:\/\/onurplast.az\/en\/wp-json\/wp\/v2\/types\/product"}],"wp:featuredmedia":[{"embeddable":true,"href":"https:\/\/onurplast.az\/en\/wp-json\/wp\/v2\/media\/834"}],"wp:attachment":[{"href":"https:\/\/onurplast.az\/en\/wp-json\/wp\/v2\/media?parent=3379"}],"wp:term":[{"taxonomy":"product_brand","embeddable":true,"href":"https:\/\/onurplast.az\/en\/wp-json\/wp\/v2\/product_brand?post=3379"},{"taxonomy":"product_cat","embeddable":true,"href":"https:\/\/onurplast.az\/en\/wp-json\/wp\/v2\/product_cat?post=3379"},{"taxonomy":"product_tag","embeddable":true,"href":"https:\/\/onurplast.az\/en\/wp-json\/wp\/v2\/product_tag?post=3379"}],"curies":[{"name":"wp","href":"https:\/\/api.w.org\/{rel}","templated":true}]}}