{"id":3383,"date":"2023-11-17T22:30:54","date_gmt":"2023-11-17T22:30:54","guid":{"rendered":"https:\/\/onurplast.az\/mehsullar\/uncategorized\/mini-sprink-normal-rotary\/"},"modified":"2023-11-17T22:30:54","modified_gmt":"2023-11-17T22:30:54","slug":"mini-sprink-normal-rotary","status":"publish","type":"product","link":"https:\/\/onurplast.az\/en\/products\/sprinkler-system\/micro-sprinklers-fittings\/mini-sprink-normal-rotary\/","title":{"rendered":"Mini Sprink Normal Rotary"},"content":{"rendered":"<table>\n<tbody>\n<tr>\n<td><strong>Kod<\/strong><br \/>\n<strong>Code<\/strong><\/td>\n<td><strong>R\u0259ng<\/strong><br \/>\n<strong>Color<\/strong><\/td>\n<td><strong>S\u0259rfyyat<\/strong><br \/>\n<strong>Flow<\/strong><\/td>\n<td><strong>Sulama \u00c7ap\u0131<\/strong><br \/>\n<strong>Irrigation Diameter<\/strong><\/td>\n<td><strong>Paketl\u0259m\u0259<\/strong><br \/>\n<strong>Packaging<\/strong><\/td>\n<\/tr>\n<tr>\n<td>AZ-104\/40<\/td>\n<td>Orange-Turuncu<\/td>\n<td>40 Lt\/h-Lt\/sa<\/td>\n<td>5 Mt.<\/td>\n<td>100<\/td>\n<\/tr>\n<tr>\n<td>AZ-104\/70<\/td>\n<td>Black-Siyah<\/td>\n<td>70 Lt\/h-Lt\/sa<\/td>\n<td>7 Mt.<\/td>\n<td>100<\/td>\n<\/tr>\n<tr>\n<td>AZ-104\/90<\/td>\n<td>Green-Ye\u015fil<\/td>\n<td>90 Lt\/h-Lt\/sa<\/td>\n<td>7.5 Mt.<\/td>\n<td>100<\/td>\n<\/tr>\n<tr>\n<td>AZ-104\/105<\/td>\n<td>Light Blue-A\u00e7\u0131k Mavi<\/td>\n<td>105 Lt\/h-Lt\/sa<\/td>\n<td>8 Mt.<\/td>\n<td>100<\/td>\n<\/tr>\n<tr>\n<td>AZ-104\/120<\/td>\n<td>Red-K\u0131rm\u0131z\u0131<\/td>\n<td>120 Lt\/h-Lt\/sa<\/td>\n<td>8 Mt.<\/td>\n<td>100<\/td>\n<\/tr>\n<tr>\n<td>AZ-104\/140<\/td>\n<td>Pink-Pembe<\/td>\n<td>140 Lt\/h-Lt\/sa<\/td>\n<td>8.5 Mt.<\/td>\n<td>100<\/td>\n<\/tr>\n<tr>\n<td>AZ-104\/160<\/td>\n<td>Brown-Kahverengi<\/td>\n<td>160 Lt\/h-Lt\/sa<\/td>\n<td>8.5 Mt.<\/td>\n<td>100<\/td>\n<\/tr>\n<tr>\n<td>AZ-104\/200<\/td>\n<td>Yellow-Sar\u0131<\/td>\n<td>200 Lt\/h-Lt\/sa<\/td>\n<td>9 Mt.<\/td>\n<td>100<\/td>\n<\/tr>\n<tr>\n<td>AZ-104\/250<\/td>\n<td>Wight-Beyaz<\/td>\n<td>250 Lt\/h-Lt\/sa<\/td>\n<td>9 Mt.<\/td>\n<td>100<\/td>\n<\/tr>\n<tr>\n<td>AZ-104\/300<\/td>\n<td>Olive Coloured-Zeytuni<\/td>\n<td>300 Lt\/h-Lt\/sa<\/td>\n<td>9.5 Mt.<\/td>\n<td>100<\/td>\n<\/tr>\n<tr>\n<td>AZ-104\/400<\/td>\n<td>Lilac-Lila<\/td>\n<td>400 Lt\/h-Lt\/sa<\/td>\n<td>10 Mt.<\/td>\n<td>100<\/td>\n<\/tr>\n<tr>\n<td>AZ-104\/500<\/td>\n<td>Purple-Mor<\/td>\n<td>500 Lt\/h-Lt\/sa<\/td>\n<td>10 Mt.<\/td>\n<td>100<\/td>\n<\/tr>\n<\/tbody>\n<\/table>\n","protected":false},"excerpt":{"rendered":"<p>Kod Code R\u0259ng Color S\u0259rfyyat Flow Sulama \u00c7ap\u0131 Irrigation Diameter Paketl\u0259m\u0259 Packaging AZ-104\/40 Orange-Turuncu 40 Lt\/h-Lt\/sa 5 Mt. 100 AZ-104\/70 Black-Siyah 70 Lt\/h-Lt\/sa 7 Mt. 100 AZ-104\/90 Green-Ye\u015fil 90 Lt\/h-Lt\/sa 7.5 Mt. 100 AZ-104\/105 Light Blue-A\u00e7\u0131k Mavi 105 Lt\/h-Lt\/sa 8 Mt. 100 AZ-104\/120 Red-K\u0131rm\u0131z\u0131 120 Lt\/h-Lt\/sa 8 Mt. 100 AZ-104\/140 Pink-Pembe 140 Lt\/h-Lt\/sa 8.5 Mt. [&hellip;]<\/p>\n","protected":false},"featured_media":854,"template":"","meta":{"_acf_changed":false,"inline_featured_image":false},"product_brand":[],"product_cat":[323],"product_tag":[456,455],"class_list":{"0":"post-3383","1":"product","2":"type-product","3":"status-publish","4":"has-post-thumbnail","6":"product_cat-micro-sprinklers-fittings","7":"product_tag-donergeli-baslik-en","8":"product_tag-mini-sprink-normal-en","10":"first","11":"instock","12":"shipping-taxable","13":"purchasable","14":"product-type-simple"},"acf":[],"yoast_head":"<!-- This site is optimized with the Yoast SEO plugin v27.5 - https:\/\/yoast.com\/product\/yoast-seo-wordpress\/ -->\n<title>Mini Sprink Normal Rotary - Avtomatik Suvarma Sisteml\u0259ri,Ya\u011fmurlama,Pivot Sisteml\u0259ri:Onur Plast<\/title>\n<meta name=\"robots\" content=\"index, follow, max-snippet:-1, max-image-preview:large, max-video-preview:-1\" \/>\n<link rel=\"canonical\" href=\"https:\/\/onurplast.az\/en\/products\/sprinkler-system\/micro-sprinklers-fittings\/mini-sprink-normal-rotary\/\" \/>\n<meta property=\"og:locale\" content=\"en_US\" \/>\n<meta property=\"og:type\" content=\"article\" \/>\n<meta property=\"og:title\" content=\"Mini Sprink Normal Rotary - Avtomatik Suvarma Sisteml\u0259ri,Ya\u011fmurlama,Pivot Sisteml\u0259ri:Onur Plast\" \/>\n<meta property=\"og:description\" content=\"Kod Code R\u0259ng Color S\u0259rfyyat Flow Sulama \u00c7ap\u0131 Irrigation Diameter Paketl\u0259m\u0259 Packaging AZ-104\/40 Orange-Turuncu 40 Lt\/h-Lt\/sa 5 Mt. 100 AZ-104\/70 Black-Siyah 70 Lt\/h-Lt\/sa 7 Mt. 100 AZ-104\/90 Green-Ye\u015fil 90 Lt\/h-Lt\/sa 7.5 Mt. 100 AZ-104\/105 Light Blue-A\u00e7\u0131k Mavi 105 Lt\/h-Lt\/sa 8 Mt. 100 AZ-104\/120 Red-K\u0131rm\u0131z\u0131 120 Lt\/h-Lt\/sa 8 Mt. 100 AZ-104\/140 Pink-Pembe 140 Lt\/h-Lt\/sa 8.5 Mt. [&hellip;]\" \/>\n<meta property=\"og:url\" content=\"https:\/\/onurplast.az\/en\/products\/sprinkler-system\/micro-sprinklers-fittings\/mini-sprink-normal-rotary\/\" \/>\n<meta property=\"og:site_name\" content=\"Avtomatik Suvarma Sisteml\u0259ri,Ya\u011fmurlama,Pivot Sisteml\u0259ri:Onur Plast\" \/>\n<meta property=\"article:publisher\" content=\"https:\/\/www.facebook.com\/Onur-plast-110179870426347\" \/>\n<meta name=\"twitter:card\" content=\"summary_large_image\" \/>\n<script type=\"application\/ld+json\" class=\"yoast-schema-graph\">{\"@context\":\"https:\\\/\\\/schema.org\",\"@graph\":[{\"@type\":\"WebPage\",\"@id\":\"https:\\\/\\\/onurplast.az\\\/en\\\/products\\\/sprinkler-system\\\/micro-sprinklers-fittings\\\/mini-sprink-normal-rotary\\\/\",\"url\":\"https:\\\/\\\/onurplast.az\\\/en\\\/products\\\/sprinkler-system\\\/micro-sprinklers-fittings\\\/mini-sprink-normal-rotary\\\/\",\"name\":\"Mini Sprink Normal Rotary - Avtomatik Suvarma Sisteml\u0259ri,Ya\u011fmurlama,Pivot Sisteml\u0259ri:Onur Plast\",\"isPartOf\":{\"@id\":\"https:\\\/\\\/onurplast.az\\\/en\\\/#website\"},\"primaryImageOfPage\":{\"@id\":\"https:\\\/\\\/onurplast.az\\\/en\\\/products\\\/sprinkler-system\\\/micro-sprinklers-fittings\\\/mini-sprink-normal-rotary\\\/#primaryimage\"},\"image\":{\"@id\":\"https:\\\/\\\/onurplast.az\\\/en\\\/products\\\/sprinkler-system\\\/micro-sprinklers-fittings\\\/mini-sprink-normal-rotary\\\/#primaryimage\"},\"thumbnailUrl\":\"https:\\\/\\\/onurplast.az\\\/wp-content\\\/uploads\\\/Mini-Sprink-Normal-Donergeli-Baslik.webp\",\"datePublished\":\"2023-11-17T22:30:54+00:00\",\"breadcrumb\":{\"@id\":\"https:\\\/\\\/onurplast.az\\\/en\\\/products\\\/sprinkler-system\\\/micro-sprinklers-fittings\\\/mini-sprink-normal-rotary\\\/#breadcrumb\"},\"inLanguage\":\"en-US\",\"potentialAction\":[{\"@type\":\"ReadAction\",\"target\":[\"https:\\\/\\\/onurplast.az\\\/en\\\/products\\\/sprinkler-system\\\/micro-sprinklers-fittings\\\/mini-sprink-normal-rotary\\\/\"]}]},{\"@type\":\"ImageObject\",\"inLanguage\":\"en-US\",\"@id\":\"https:\\\/\\\/onurplast.az\\\/en\\\/products\\\/sprinkler-system\\\/micro-sprinklers-fittings\\\/mini-sprink-normal-rotary\\\/#primaryimage\",\"url\":\"https:\\\/\\\/onurplast.az\\\/wp-content\\\/uploads\\\/Mini-Sprink-Normal-Donergeli-Baslik.webp\",\"contentUrl\":\"https:\\\/\\\/onurplast.az\\\/wp-content\\\/uploads\\\/Mini-Sprink-Normal-Donergeli-Baslik.webp\",\"width\":600,\"height\":600,\"caption\":\"Mini Sprink Normal Rotary\"},{\"@type\":\"BreadcrumbList\",\"@id\":\"https:\\\/\\\/onurplast.az\\\/en\\\/products\\\/sprinkler-system\\\/micro-sprinklers-fittings\\\/mini-sprink-normal-rotary\\\/#breadcrumb\",\"itemListElement\":[{\"@type\":\"ListItem\",\"position\":1,\"name\":\"\u018fsas S\u0259hif\u0259\",\"item\":\"https:\\\/\\\/onurplast.az\\\/en\\\/\"},{\"@type\":\"ListItem\",\"position\":2,\"name\":\"M\u0259hsullar\",\"item\":\"https:\\\/\\\/onurplast.az\\\/mehsullar\\\/\"},{\"@type\":\"ListItem\",\"position\":3,\"name\":\"Mini Sprink Normal Rotary\"}]},{\"@type\":\"WebSite\",\"@id\":\"https:\\\/\\\/onurplast.az\\\/en\\\/#website\",\"url\":\"https:\\\/\\\/onurplast.az\\\/en\\\/\",\"name\":\"Suvarma,Ya\u011fmurlama v\u0259 Pivot Sisteml\u0259ri, Avtomatik Suvarma: Onur Plast\",\"description\":\"Avtomatik Suvarma Sisteml\u0259ri,Ya\u011fmurlama,Pivot Sisteml\u0259ri:Onur Plast\",\"publisher\":{\"@id\":\"https:\\\/\\\/onurplast.az\\\/en\\\/#organization\"},\"potentialAction\":[{\"@type\":\"SearchAction\",\"target\":{\"@type\":\"EntryPoint\",\"urlTemplate\":\"https:\\\/\\\/onurplast.az\\\/en\\\/?s={search_term_string}\"},\"query-input\":{\"@type\":\"PropertyValueSpecification\",\"valueRequired\":true,\"valueName\":\"search_term_string\"}}],\"inLanguage\":\"en-US\"},{\"@type\":\"Organization\",\"@id\":\"https:\\\/\\\/onurplast.az\\\/en\\\/#organization\",\"name\":\"Suvarma,Ya\u011fmurlama v\u0259 Pivot Sisteml\u0259ri, Avtomatik Suvarma: Onur Plast\",\"url\":\"https:\\\/\\\/onurplast.az\\\/en\\\/\",\"logo\":{\"@type\":\"ImageObject\",\"inLanguage\":\"en-US\",\"@id\":\"https:\\\/\\\/onurplast.az\\\/en\\\/#\\\/schema\\\/logo\\\/image\\\/\",\"url\":\"https:\\\/\\\/onurplast.az\\\/wp-content\\\/uploads\\\/Onur-Plast-Suvarma-Sistemleri-Logo2.svg\",\"contentUrl\":\"https:\\\/\\\/onurplast.az\\\/wp-content\\\/uploads\\\/Onur-Plast-Suvarma-Sistemleri-Logo2.svg\",\"width\":569,\"height\":150,\"caption\":\"Suvarma,Ya\u011fmurlama v\u0259 Pivot Sisteml\u0259ri, Avtomatik Suvarma: Onur Plast\"},\"image\":{\"@id\":\"https:\\\/\\\/onurplast.az\\\/en\\\/#\\\/schema\\\/logo\\\/image\\\/\"},\"sameAs\":[\"https:\\\/\\\/www.facebook.com\\\/Onur-plast-110179870426347\",\"https:\\\/\\\/www.instagram.com\\\/suvarma_onurplast\\\/\",\"https:\\\/\\\/www.youtube.com\\\/channel\\\/UCjWsbKNIsj1tvovG9PD4Btg\"]}]}<\/script>\n<!-- \/ Yoast SEO plugin. -->","yoast_head_json":{"title":"Mini Sprink Normal Rotary - Avtomatik Suvarma Sisteml\u0259ri,Ya\u011fmurlama,Pivot Sisteml\u0259ri:Onur Plast","robots":{"index":"index","follow":"follow","max-snippet":"max-snippet:-1","max-image-preview":"max-image-preview:large","max-video-preview":"max-video-preview:-1"},"canonical":"https:\/\/onurplast.az\/en\/products\/sprinkler-system\/micro-sprinklers-fittings\/mini-sprink-normal-rotary\/","og_locale":"en_US","og_type":"article","og_title":"Mini Sprink Normal Rotary - Avtomatik Suvarma Sisteml\u0259ri,Ya\u011fmurlama,Pivot Sisteml\u0259ri:Onur Plast","og_description":"Kod Code R\u0259ng Color S\u0259rfyyat Flow Sulama \u00c7ap\u0131 Irrigation Diameter Paketl\u0259m\u0259 Packaging AZ-104\/40 Orange-Turuncu 40 Lt\/h-Lt\/sa 5 Mt. 100 AZ-104\/70 Black-Siyah 70 Lt\/h-Lt\/sa 7 Mt. 100 AZ-104\/90 Green-Ye\u015fil 90 Lt\/h-Lt\/sa 7.5 Mt. 100 AZ-104\/105 Light Blue-A\u00e7\u0131k Mavi 105 Lt\/h-Lt\/sa 8 Mt. 100 AZ-104\/120 Red-K\u0131rm\u0131z\u0131 120 Lt\/h-Lt\/sa 8 Mt. 100 AZ-104\/140 Pink-Pembe 140 Lt\/h-Lt\/sa 8.5 Mt. [&hellip;]","og_url":"https:\/\/onurplast.az\/en\/products\/sprinkler-system\/micro-sprinklers-fittings\/mini-sprink-normal-rotary\/","og_site_name":"Avtomatik Suvarma Sisteml\u0259ri,Ya\u011fmurlama,Pivot Sisteml\u0259ri:Onur Plast","article_publisher":"https:\/\/www.facebook.com\/Onur-plast-110179870426347","twitter_card":"summary_large_image","schema":{"@context":"https:\/\/schema.org","@graph":[{"@type":"WebPage","@id":"https:\/\/onurplast.az\/en\/products\/sprinkler-system\/micro-sprinklers-fittings\/mini-sprink-normal-rotary\/","url":"https:\/\/onurplast.az\/en\/products\/sprinkler-system\/micro-sprinklers-fittings\/mini-sprink-normal-rotary\/","name":"Mini Sprink Normal Rotary - Avtomatik Suvarma Sisteml\u0259ri,Ya\u011fmurlama,Pivot Sisteml\u0259ri:Onur Plast","isPartOf":{"@id":"https:\/\/onurplast.az\/en\/#website"},"primaryImageOfPage":{"@id":"https:\/\/onurplast.az\/en\/products\/sprinkler-system\/micro-sprinklers-fittings\/mini-sprink-normal-rotary\/#primaryimage"},"image":{"@id":"https:\/\/onurplast.az\/en\/products\/sprinkler-system\/micro-sprinklers-fittings\/mini-sprink-normal-rotary\/#primaryimage"},"thumbnailUrl":"https:\/\/onurplast.az\/wp-content\/uploads\/Mini-Sprink-Normal-Donergeli-Baslik.webp","datePublished":"2023-11-17T22:30:54+00:00","breadcrumb":{"@id":"https:\/\/onurplast.az\/en\/products\/sprinkler-system\/micro-sprinklers-fittings\/mini-sprink-normal-rotary\/#breadcrumb"},"inLanguage":"en-US","potentialAction":[{"@type":"ReadAction","target":["https:\/\/onurplast.az\/en\/products\/sprinkler-system\/micro-sprinklers-fittings\/mini-sprink-normal-rotary\/"]}]},{"@type":"ImageObject","inLanguage":"en-US","@id":"https:\/\/onurplast.az\/en\/products\/sprinkler-system\/micro-sprinklers-fittings\/mini-sprink-normal-rotary\/#primaryimage","url":"https:\/\/onurplast.az\/wp-content\/uploads\/Mini-Sprink-Normal-Donergeli-Baslik.webp","contentUrl":"https:\/\/onurplast.az\/wp-content\/uploads\/Mini-Sprink-Normal-Donergeli-Baslik.webp","width":600,"height":600,"caption":"Mini Sprink Normal Rotary"},{"@type":"BreadcrumbList","@id":"https:\/\/onurplast.az\/en\/products\/sprinkler-system\/micro-sprinklers-fittings\/mini-sprink-normal-rotary\/#breadcrumb","itemListElement":[{"@type":"ListItem","position":1,"name":"\u018fsas S\u0259hif\u0259","item":"https:\/\/onurplast.az\/en\/"},{"@type":"ListItem","position":2,"name":"M\u0259hsullar","item":"https:\/\/onurplast.az\/mehsullar\/"},{"@type":"ListItem","position":3,"name":"Mini Sprink Normal Rotary"}]},{"@type":"WebSite","@id":"https:\/\/onurplast.az\/en\/#website","url":"https:\/\/onurplast.az\/en\/","name":"Suvarma,Ya\u011fmurlama v\u0259 Pivot Sisteml\u0259ri, Avtomatik Suvarma: Onur Plast","description":"Avtomatik Suvarma Sisteml\u0259ri,Ya\u011fmurlama,Pivot Sisteml\u0259ri:Onur Plast","publisher":{"@id":"https:\/\/onurplast.az\/en\/#organization"},"potentialAction":[{"@type":"SearchAction","target":{"@type":"EntryPoint","urlTemplate":"https:\/\/onurplast.az\/en\/?s={search_term_string}"},"query-input":{"@type":"PropertyValueSpecification","valueRequired":true,"valueName":"search_term_string"}}],"inLanguage":"en-US"},{"@type":"Organization","@id":"https:\/\/onurplast.az\/en\/#organization","name":"Suvarma,Ya\u011fmurlama v\u0259 Pivot Sisteml\u0259ri, Avtomatik Suvarma: Onur Plast","url":"https:\/\/onurplast.az\/en\/","logo":{"@type":"ImageObject","inLanguage":"en-US","@id":"https:\/\/onurplast.az\/en\/#\/schema\/logo\/image\/","url":"https:\/\/onurplast.az\/wp-content\/uploads\/Onur-Plast-Suvarma-Sistemleri-Logo2.svg","contentUrl":"https:\/\/onurplast.az\/wp-content\/uploads\/Onur-Plast-Suvarma-Sistemleri-Logo2.svg","width":569,"height":150,"caption":"Suvarma,Ya\u011fmurlama v\u0259 Pivot Sisteml\u0259ri, Avtomatik Suvarma: Onur Plast"},"image":{"@id":"https:\/\/onurplast.az\/en\/#\/schema\/logo\/image\/"},"sameAs":["https:\/\/www.facebook.com\/Onur-plast-110179870426347","https:\/\/www.instagram.com\/suvarma_onurplast\/","https:\/\/www.youtube.com\/channel\/UCjWsbKNIsj1tvovG9PD4Btg"]}]}},"_links":{"self":[{"href":"https:\/\/onurplast.az\/en\/wp-json\/wp\/v2\/product\/3383","targetHints":{"allow":["GET"]}}],"collection":[{"href":"https:\/\/onurplast.az\/en\/wp-json\/wp\/v2\/product"}],"about":[{"href":"https:\/\/onurplast.az\/en\/wp-json\/wp\/v2\/types\/product"}],"wp:featuredmedia":[{"embeddable":true,"href":"https:\/\/onurplast.az\/en\/wp-json\/wp\/v2\/media\/854"}],"wp:attachment":[{"href":"https:\/\/onurplast.az\/en\/wp-json\/wp\/v2\/media?parent=3383"}],"wp:term":[{"taxonomy":"product_brand","embeddable":true,"href":"https:\/\/onurplast.az\/en\/wp-json\/wp\/v2\/product_brand?post=3383"},{"taxonomy":"product_cat","embeddable":true,"href":"https:\/\/onurplast.az\/en\/wp-json\/wp\/v2\/product_cat?post=3383"},{"taxonomy":"product_tag","embeddable":true,"href":"https:\/\/onurplast.az\/en\/wp-json\/wp\/v2\/product_tag?post=3383"}],"curies":[{"name":"wp","href":"https:\/\/api.w.org\/{rel}","templated":true}]}}