{"id":3401,"date":"2023-11-20T21:00:36","date_gmt":"2023-11-20T21:00:36","guid":{"rendered":"https:\/\/onurplast.az\/mehsullar\/uncategorized\/coupling-male-elbow\/"},"modified":"2023-11-20T21:00:36","modified_gmt":"2023-11-20T21:00:36","slug":"coupling-male-elbow","status":"publish","type":"product","link":"https:\/\/onurplast.az\/en\/products\/compression-fittings\/couplings\/coupling-male-elbow\/","title":{"rendered":"Coupling Male Elbow"},"content":{"rendered":"<table>\n<tbody>\n<tr>\n<td><strong>Kod<\/strong><\/p>\n<p><strong>Code<\/strong><\/td>\n<td><strong>Kaplin \u00c7\u00f6l Di\u015fli Dirs\u0259k<\/strong><\/p>\n<p><strong>COUPLING MALE Elbow<\/strong><\/td>\n<td><strong>Paketl\u0259m\u0259<\/strong><\/p>\n<p><strong>Packaging<\/strong><\/td>\n<\/tr>\n<tr>\n<td>AZ-23311<\/td>\n<td>20x\u00bd\u201d<\/td>\n<td>210<\/td>\n<\/tr>\n<tr>\n<td>AZ-23312<\/td>\n<td>20x\u00be\u201d<\/td>\n<td>210<\/td>\n<\/tr>\n<tr>\n<td>AZ-23321<\/td>\n<td>25x\u00bd\u201d<\/td>\n<td>150<\/td>\n<\/tr>\n<tr>\n<td>AZ-23322<\/td>\n<td>25x\u00be\u201d<\/td>\n<td>140<\/td>\n<\/tr>\n<tr>\n<td>AZ-23332<\/td>\n<td>32x\u00be\u201d<\/td>\n<td>95<\/td>\n<\/tr>\n<tr>\n<td>AZ-23333<\/td>\n<td>32&#215;1\u201d<\/td>\n<td>95<\/td>\n<\/tr>\n<tr>\n<td>AZ-23343<\/td>\n<td>40&#215;1\u201d<\/td>\n<td>60<\/td>\n<\/tr>\n<tr>\n<td>AZ-23344<\/td>\n<td>40&#215;1\u00bc\u201d<\/td>\n<td>60<\/td>\n<\/tr>\n<tr>\n<td>AZ-23354<\/td>\n<td>50&#215;1\u00bc\u201d<\/td>\n<td>30<\/td>\n<\/tr>\n<tr>\n<td>AZ-23355<\/td>\n<td>50&#215;1\u00bd\u201d<\/td>\n<td>30<\/td>\n<\/tr>\n<tr>\n<td>AZ-23356<\/td>\n<td>50&#215;2\u201d<\/td>\n<td>30<\/td>\n<\/tr>\n<tr>\n<td>AZ-23365<\/td>\n<td>63&#215;1\u00bd\u201d<\/td>\n<td>22<\/td>\n<\/tr>\n<tr>\n<td>AZ-23366<\/td>\n<td>63&#215;2\u201d<\/td>\n<td>22<\/td>\n<\/tr>\n<tr>\n<td>AZ-23376<\/td>\n<td>75&#215;2\u201d<\/td>\n<td>10<\/td>\n<\/tr>\n<tr>\n<td>AZ-23377<\/td>\n<td>75&#215;2\u00bd\u201d<\/td>\n<td>10<\/td>\n<\/tr>\n<tr>\n<td>AZ-23387<\/td>\n<td>90&#215;2\u00bd\u201d<\/td>\n<td>6<\/td>\n<\/tr>\n<tr>\n<td>AZ-23388<\/td>\n<td>90&#215;3\u201d<\/td>\n<td>6<\/td>\n<\/tr>\n<tr>\n<td>AZ-23398<\/td>\n<td>110&#215;3\u201d<\/td>\n<td>4<\/td>\n<\/tr>\n<tr>\n<td>AZ-23399<\/td>\n<td>110&#215;4\u201d<\/td>\n<td>4<\/td>\n<\/tr>\n<\/tbody>\n<\/table>\n","protected":false},"excerpt":{"rendered":"<p>Kod Code Kaplin \u00c7\u00f6l Di\u015fli Dirs\u0259k COUPLING MALE Elbow Paketl\u0259m\u0259 Packaging AZ-23311 20x\u00bd\u201d 210 AZ-23312 20x\u00be\u201d 210 AZ-23321 25x\u00bd\u201d 150 AZ-23322 25x\u00be\u201d 140 AZ-23332 32x\u00be\u201d 95 AZ-23333 32&#215;1\u201d 95 AZ-23343 40&#215;1\u201d 60 AZ-23344 40&#215;1\u00bc\u201d 60 AZ-23354 50&#215;1\u00bc\u201d 30 AZ-23355 50&#215;1\u00bd\u201d 30 AZ-23356 50&#215;2\u201d 30 AZ-23365 63&#215;1\u00bd\u201d 22 AZ-23366 63&#215;2\u201d 22 AZ-23376 75&#215;2\u201d 10 AZ-23377 75&#215;2\u00bd\u201d [&hellip;]<\/p>\n","protected":false},"featured_media":946,"template":"","meta":{"_acf_changed":false,"inline_featured_image":false},"product_brand":[],"product_cat":[305],"product_tag":[474,469],"class_list":{"0":"post-3401","1":"product","2":"type-product","3":"status-publish","4":"has-post-thumbnail","6":"product_cat-couplings","7":"product_tag-col-disli-dirsek-en","8":"product_tag-kaplin-en","10":"first","11":"instock","12":"shipping-taxable","13":"purchasable","14":"product-type-simple"},"acf":[],"yoast_head":"<!-- This site is optimized with the Yoast SEO plugin v27.4 - https:\/\/yoast.com\/product\/yoast-seo-wordpress\/ -->\n<title>Coupling Male Elbow - Avtomatik Suvarma Sisteml\u0259ri,Ya\u011fmurlama,Pivot Sisteml\u0259ri:Onur Plast<\/title>\n<meta name=\"robots\" content=\"index, follow, max-snippet:-1, max-image-preview:large, max-video-preview:-1\" \/>\n<link rel=\"canonical\" href=\"https:\/\/onurplast.az\/en\/products\/compression-fittings\/couplings\/coupling-male-elbow\/\" \/>\n<meta property=\"og:locale\" content=\"en_US\" \/>\n<meta property=\"og:type\" content=\"article\" \/>\n<meta property=\"og:title\" content=\"Coupling Male Elbow - Avtomatik Suvarma Sisteml\u0259ri,Ya\u011fmurlama,Pivot Sisteml\u0259ri:Onur Plast\" \/>\n<meta property=\"og:description\" content=\"Kod Code Kaplin \u00c7\u00f6l Di\u015fli Dirs\u0259k COUPLING MALE Elbow Paketl\u0259m\u0259 Packaging AZ-23311 20x\u00bd\u201d 210 AZ-23312 20x\u00be\u201d 210 AZ-23321 25x\u00bd\u201d 150 AZ-23322 25x\u00be\u201d 140 AZ-23332 32x\u00be\u201d 95 AZ-23333 32&#215;1\u201d 95 AZ-23343 40&#215;1\u201d 60 AZ-23344 40&#215;1\u00bc\u201d 60 AZ-23354 50&#215;1\u00bc\u201d 30 AZ-23355 50&#215;1\u00bd\u201d 30 AZ-23356 50&#215;2\u201d 30 AZ-23365 63&#215;1\u00bd\u201d 22 AZ-23366 63&#215;2\u201d 22 AZ-23376 75&#215;2\u201d 10 AZ-23377 75&#215;2\u00bd\u201d [&hellip;]\" \/>\n<meta property=\"og:url\" content=\"https:\/\/onurplast.az\/en\/products\/compression-fittings\/couplings\/coupling-male-elbow\/\" \/>\n<meta property=\"og:site_name\" content=\"Avtomatik Suvarma Sisteml\u0259ri,Ya\u011fmurlama,Pivot Sisteml\u0259ri:Onur Plast\" \/>\n<meta property=\"article:publisher\" content=\"https:\/\/www.facebook.com\/Onur-plast-110179870426347\" \/>\n<meta name=\"twitter:card\" content=\"summary_large_image\" \/>\n<script type=\"application\/ld+json\" class=\"yoast-schema-graph\">{\"@context\":\"https:\\\/\\\/schema.org\",\"@graph\":[{\"@type\":\"WebPage\",\"@id\":\"https:\\\/\\\/onurplast.az\\\/en\\\/products\\\/compression-fittings\\\/couplings\\\/coupling-male-elbow\\\/\",\"url\":\"https:\\\/\\\/onurplast.az\\\/en\\\/products\\\/compression-fittings\\\/couplings\\\/coupling-male-elbow\\\/\",\"name\":\"Coupling Male Elbow - Avtomatik Suvarma Sisteml\u0259ri,Ya\u011fmurlama,Pivot Sisteml\u0259ri:Onur Plast\",\"isPartOf\":{\"@id\":\"https:\\\/\\\/onurplast.az\\\/en\\\/#website\"},\"primaryImageOfPage\":{\"@id\":\"https:\\\/\\\/onurplast.az\\\/en\\\/products\\\/compression-fittings\\\/couplings\\\/coupling-male-elbow\\\/#primaryimage\"},\"image\":{\"@id\":\"https:\\\/\\\/onurplast.az\\\/en\\\/products\\\/compression-fittings\\\/couplings\\\/coupling-male-elbow\\\/#primaryimage\"},\"thumbnailUrl\":\"https:\\\/\\\/onurplast.az\\\/wp-content\\\/uploads\\\/Kaplin-Col-Disli-Dirsek.webp\",\"datePublished\":\"2023-11-20T21:00:36+00:00\",\"breadcrumb\":{\"@id\":\"https:\\\/\\\/onurplast.az\\\/en\\\/products\\\/compression-fittings\\\/couplings\\\/coupling-male-elbow\\\/#breadcrumb\"},\"inLanguage\":\"en-US\",\"potentialAction\":[{\"@type\":\"ReadAction\",\"target\":[\"https:\\\/\\\/onurplast.az\\\/en\\\/products\\\/compression-fittings\\\/couplings\\\/coupling-male-elbow\\\/\"]}]},{\"@type\":\"ImageObject\",\"inLanguage\":\"en-US\",\"@id\":\"https:\\\/\\\/onurplast.az\\\/en\\\/products\\\/compression-fittings\\\/couplings\\\/coupling-male-elbow\\\/#primaryimage\",\"url\":\"https:\\\/\\\/onurplast.az\\\/wp-content\\\/uploads\\\/Kaplin-Col-Disli-Dirsek.webp\",\"contentUrl\":\"https:\\\/\\\/onurplast.az\\\/wp-content\\\/uploads\\\/Kaplin-Col-Disli-Dirsek.webp\",\"width\":600,\"height\":600,\"caption\":\"Coupling Male Elbow\"},{\"@type\":\"BreadcrumbList\",\"@id\":\"https:\\\/\\\/onurplast.az\\\/en\\\/products\\\/compression-fittings\\\/couplings\\\/coupling-male-elbow\\\/#breadcrumb\",\"itemListElement\":[{\"@type\":\"ListItem\",\"position\":1,\"name\":\"\u018fsas S\u0259hif\u0259\",\"item\":\"https:\\\/\\\/onurplast.az\\\/en\\\/\"},{\"@type\":\"ListItem\",\"position\":2,\"name\":\"M\u0259hsullar\",\"item\":\"https:\\\/\\\/onurplast.az\\\/mehsullar\\\/\"},{\"@type\":\"ListItem\",\"position\":3,\"name\":\"Coupling Male Elbow\"}]},{\"@type\":\"WebSite\",\"@id\":\"https:\\\/\\\/onurplast.az\\\/en\\\/#website\",\"url\":\"https:\\\/\\\/onurplast.az\\\/en\\\/\",\"name\":\"Suvarma,Ya\u011fmurlama v\u0259 Pivot Sisteml\u0259ri, Avtomatik Suvarma: Onur Plast\",\"description\":\"Avtomatik Suvarma Sisteml\u0259ri,Ya\u011fmurlama,Pivot Sisteml\u0259ri:Onur Plast\",\"publisher\":{\"@id\":\"https:\\\/\\\/onurplast.az\\\/en\\\/#organization\"},\"potentialAction\":[{\"@type\":\"SearchAction\",\"target\":{\"@type\":\"EntryPoint\",\"urlTemplate\":\"https:\\\/\\\/onurplast.az\\\/en\\\/?s={search_term_string}\"},\"query-input\":{\"@type\":\"PropertyValueSpecification\",\"valueRequired\":true,\"valueName\":\"search_term_string\"}}],\"inLanguage\":\"en-US\"},{\"@type\":\"Organization\",\"@id\":\"https:\\\/\\\/onurplast.az\\\/en\\\/#organization\",\"name\":\"Suvarma,Ya\u011fmurlama v\u0259 Pivot Sisteml\u0259ri, Avtomatik Suvarma: Onur Plast\",\"url\":\"https:\\\/\\\/onurplast.az\\\/en\\\/\",\"logo\":{\"@type\":\"ImageObject\",\"inLanguage\":\"en-US\",\"@id\":\"https:\\\/\\\/onurplast.az\\\/en\\\/#\\\/schema\\\/logo\\\/image\\\/\",\"url\":\"https:\\\/\\\/onurplast.az\\\/wp-content\\\/uploads\\\/Onur-Plast-Suvarma-Sistemleri-Logo2.svg\",\"contentUrl\":\"https:\\\/\\\/onurplast.az\\\/wp-content\\\/uploads\\\/Onur-Plast-Suvarma-Sistemleri-Logo2.svg\",\"width\":569,\"height\":150,\"caption\":\"Suvarma,Ya\u011fmurlama v\u0259 Pivot Sisteml\u0259ri, Avtomatik Suvarma: Onur Plast\"},\"image\":{\"@id\":\"https:\\\/\\\/onurplast.az\\\/en\\\/#\\\/schema\\\/logo\\\/image\\\/\"},\"sameAs\":[\"https:\\\/\\\/www.facebook.com\\\/Onur-plast-110179870426347\",\"https:\\\/\\\/www.instagram.com\\\/suvarma_onurplast\\\/\",\"https:\\\/\\\/www.youtube.com\\\/channel\\\/UCjWsbKNIsj1tvovG9PD4Btg\"]}]}<\/script>\n<!-- \/ Yoast SEO plugin. -->","yoast_head_json":{"title":"Coupling Male Elbow - Avtomatik Suvarma Sisteml\u0259ri,Ya\u011fmurlama,Pivot Sisteml\u0259ri:Onur Plast","robots":{"index":"index","follow":"follow","max-snippet":"max-snippet:-1","max-image-preview":"max-image-preview:large","max-video-preview":"max-video-preview:-1"},"canonical":"https:\/\/onurplast.az\/en\/products\/compression-fittings\/couplings\/coupling-male-elbow\/","og_locale":"en_US","og_type":"article","og_title":"Coupling Male Elbow - Avtomatik Suvarma Sisteml\u0259ri,Ya\u011fmurlama,Pivot Sisteml\u0259ri:Onur Plast","og_description":"Kod Code Kaplin \u00c7\u00f6l Di\u015fli Dirs\u0259k COUPLING MALE Elbow Paketl\u0259m\u0259 Packaging AZ-23311 20x\u00bd\u201d 210 AZ-23312 20x\u00be\u201d 210 AZ-23321 25x\u00bd\u201d 150 AZ-23322 25x\u00be\u201d 140 AZ-23332 32x\u00be\u201d 95 AZ-23333 32&#215;1\u201d 95 AZ-23343 40&#215;1\u201d 60 AZ-23344 40&#215;1\u00bc\u201d 60 AZ-23354 50&#215;1\u00bc\u201d 30 AZ-23355 50&#215;1\u00bd\u201d 30 AZ-23356 50&#215;2\u201d 30 AZ-23365 63&#215;1\u00bd\u201d 22 AZ-23366 63&#215;2\u201d 22 AZ-23376 75&#215;2\u201d 10 AZ-23377 75&#215;2\u00bd\u201d [&hellip;]","og_url":"https:\/\/onurplast.az\/en\/products\/compression-fittings\/couplings\/coupling-male-elbow\/","og_site_name":"Avtomatik Suvarma Sisteml\u0259ri,Ya\u011fmurlama,Pivot Sisteml\u0259ri:Onur Plast","article_publisher":"https:\/\/www.facebook.com\/Onur-plast-110179870426347","twitter_card":"summary_large_image","schema":{"@context":"https:\/\/schema.org","@graph":[{"@type":"WebPage","@id":"https:\/\/onurplast.az\/en\/products\/compression-fittings\/couplings\/coupling-male-elbow\/","url":"https:\/\/onurplast.az\/en\/products\/compression-fittings\/couplings\/coupling-male-elbow\/","name":"Coupling Male Elbow - Avtomatik Suvarma Sisteml\u0259ri,Ya\u011fmurlama,Pivot Sisteml\u0259ri:Onur Plast","isPartOf":{"@id":"https:\/\/onurplast.az\/en\/#website"},"primaryImageOfPage":{"@id":"https:\/\/onurplast.az\/en\/products\/compression-fittings\/couplings\/coupling-male-elbow\/#primaryimage"},"image":{"@id":"https:\/\/onurplast.az\/en\/products\/compression-fittings\/couplings\/coupling-male-elbow\/#primaryimage"},"thumbnailUrl":"https:\/\/onurplast.az\/wp-content\/uploads\/Kaplin-Col-Disli-Dirsek.webp","datePublished":"2023-11-20T21:00:36+00:00","breadcrumb":{"@id":"https:\/\/onurplast.az\/en\/products\/compression-fittings\/couplings\/coupling-male-elbow\/#breadcrumb"},"inLanguage":"en-US","potentialAction":[{"@type":"ReadAction","target":["https:\/\/onurplast.az\/en\/products\/compression-fittings\/couplings\/coupling-male-elbow\/"]}]},{"@type":"ImageObject","inLanguage":"en-US","@id":"https:\/\/onurplast.az\/en\/products\/compression-fittings\/couplings\/coupling-male-elbow\/#primaryimage","url":"https:\/\/onurplast.az\/wp-content\/uploads\/Kaplin-Col-Disli-Dirsek.webp","contentUrl":"https:\/\/onurplast.az\/wp-content\/uploads\/Kaplin-Col-Disli-Dirsek.webp","width":600,"height":600,"caption":"Coupling Male Elbow"},{"@type":"BreadcrumbList","@id":"https:\/\/onurplast.az\/en\/products\/compression-fittings\/couplings\/coupling-male-elbow\/#breadcrumb","itemListElement":[{"@type":"ListItem","position":1,"name":"\u018fsas S\u0259hif\u0259","item":"https:\/\/onurplast.az\/en\/"},{"@type":"ListItem","position":2,"name":"M\u0259hsullar","item":"https:\/\/onurplast.az\/mehsullar\/"},{"@type":"ListItem","position":3,"name":"Coupling Male Elbow"}]},{"@type":"WebSite","@id":"https:\/\/onurplast.az\/en\/#website","url":"https:\/\/onurplast.az\/en\/","name":"Suvarma,Ya\u011fmurlama v\u0259 Pivot Sisteml\u0259ri, Avtomatik Suvarma: Onur Plast","description":"Avtomatik Suvarma Sisteml\u0259ri,Ya\u011fmurlama,Pivot Sisteml\u0259ri:Onur Plast","publisher":{"@id":"https:\/\/onurplast.az\/en\/#organization"},"potentialAction":[{"@type":"SearchAction","target":{"@type":"EntryPoint","urlTemplate":"https:\/\/onurplast.az\/en\/?s={search_term_string}"},"query-input":{"@type":"PropertyValueSpecification","valueRequired":true,"valueName":"search_term_string"}}],"inLanguage":"en-US"},{"@type":"Organization","@id":"https:\/\/onurplast.az\/en\/#organization","name":"Suvarma,Ya\u011fmurlama v\u0259 Pivot Sisteml\u0259ri, Avtomatik Suvarma: Onur Plast","url":"https:\/\/onurplast.az\/en\/","logo":{"@type":"ImageObject","inLanguage":"en-US","@id":"https:\/\/onurplast.az\/en\/#\/schema\/logo\/image\/","url":"https:\/\/onurplast.az\/wp-content\/uploads\/Onur-Plast-Suvarma-Sistemleri-Logo2.svg","contentUrl":"https:\/\/onurplast.az\/wp-content\/uploads\/Onur-Plast-Suvarma-Sistemleri-Logo2.svg","width":569,"height":150,"caption":"Suvarma,Ya\u011fmurlama v\u0259 Pivot Sisteml\u0259ri, Avtomatik Suvarma: Onur Plast"},"image":{"@id":"https:\/\/onurplast.az\/en\/#\/schema\/logo\/image\/"},"sameAs":["https:\/\/www.facebook.com\/Onur-plast-110179870426347","https:\/\/www.instagram.com\/suvarma_onurplast\/","https:\/\/www.youtube.com\/channel\/UCjWsbKNIsj1tvovG9PD4Btg"]}]}},"_links":{"self":[{"href":"https:\/\/onurplast.az\/en\/wp-json\/wp\/v2\/product\/3401","targetHints":{"allow":["GET"]}}],"collection":[{"href":"https:\/\/onurplast.az\/en\/wp-json\/wp\/v2\/product"}],"about":[{"href":"https:\/\/onurplast.az\/en\/wp-json\/wp\/v2\/types\/product"}],"wp:featuredmedia":[{"embeddable":true,"href":"https:\/\/onurplast.az\/en\/wp-json\/wp\/v2\/media\/946"}],"wp:attachment":[{"href":"https:\/\/onurplast.az\/en\/wp-json\/wp\/v2\/media?parent=3401"}],"wp:term":[{"taxonomy":"product_brand","embeddable":true,"href":"https:\/\/onurplast.az\/en\/wp-json\/wp\/v2\/product_brand?post=3401"},{"taxonomy":"product_cat","embeddable":true,"href":"https:\/\/onurplast.az\/en\/wp-json\/wp\/v2\/product_cat?post=3401"},{"taxonomy":"product_tag","embeddable":true,"href":"https:\/\/onurplast.az\/en\/wp-json\/wp\/v2\/product_tag?post=3401"}],"curies":[{"name":"wp","href":"https:\/\/api.w.org\/{rel}","templated":true}]}}