{"id":3405,"date":"2023-11-20T21:18:15","date_gmt":"2023-11-20T21:18:15","guid":{"rendered":"https:\/\/onurplast.az\/mehsullar\/uncategorized\/pe-male-nipple\/"},"modified":"2023-11-20T21:18:15","modified_gmt":"2023-11-20T21:18:15","slug":"pe-male-nipple","status":"publish","type":"product","link":"https:\/\/onurplast.az\/en\/products\/compression-fittings\/threaded-fittings\/pe-male-nipple\/","title":{"rendered":"PE Male Nipple"},"content":{"rendered":"<table>\n<tbody>\n<tr>\n<td><strong>Kod<\/strong><br \/>\n<strong>Code<\/strong><\/td>\n<td><strong>PE \u00c7\u00d6L D\u0130\u015eL\u0130 N\u0130PEL<\/strong><br \/>\n<strong>PE MALE NIPPLE<\/strong><\/td>\n<td><strong>Paketl\u0259m\u0259<\/strong><br \/>\n<strong>Packaging<\/strong><\/td>\n<\/tr>\n<tr>\n<td>AZ-13511<\/td>\n<td>\u00bd\u201d X \u00bd\u201d<\/td>\n<td>50<\/td>\n<\/tr>\n<tr>\n<td>AZ-13522<\/td>\n<td>\u00be\u201d X \u00be\u201d<\/td>\n<td>50<\/td>\n<\/tr>\n<tr>\n<td>AZ-13533<\/td>\n<td>1\u201d X 1\u201d<\/td>\n<td>50<\/td>\n<\/tr>\n<tr>\n<td>AZ-13544<\/td>\n<td>1\u00bc\u201d X 1\u00bc\u201d<\/td>\n<td>25<\/td>\n<\/tr>\n<tr>\n<td>AZ-13555<\/td>\n<td>1\u00bd\u201d X 1\u00bd\u201d<\/td>\n<td>25<\/td>\n<\/tr>\n<tr>\n<td>AZ-13566<\/td>\n<td>2\u201d X 2\u201d<\/td>\n<td>25<\/td>\n<\/tr>\n<tr>\n<td>AZ-13577<\/td>\n<td>2\u00bd\u201d X 2\u00bd\u201d<\/td>\n<td>12<\/td>\n<\/tr>\n<tr>\n<td>AZ-13588<\/td>\n<td>3\u201d X 3\u201d<\/td>\n<td>12<\/td>\n<\/tr>\n<tr>\n<td>AZ-13599<\/td>\n<td>4\u201d X 4\u201d<\/td>\n<td>6<\/td>\n<\/tr>\n<\/tbody>\n<\/table>\n","protected":false},"excerpt":{"rendered":"<p>Kod Code PE \u00c7\u00d6L D\u0130\u015eL\u0130 N\u0130PEL PE MALE NIPPLE Paketl\u0259m\u0259 Packaging AZ-13511 \u00bd\u201d X \u00bd\u201d 50 AZ-13522 \u00be\u201d X \u00be\u201d 50 AZ-13533 1\u201d X 1\u201d 50 AZ-13544 1\u00bc\u201d X 1\u00bc\u201d 25 AZ-13555 1\u00bd\u201d X 1\u00bd\u201d 25 AZ-13566 2\u201d X 2\u201d 25 AZ-13577 2\u00bd\u201d X 2\u00bd\u201d 12 AZ-13588 3\u201d X 3\u201d 12 AZ-13599 4\u201d X 4\u201d [&hellip;]<\/p>\n","protected":false},"featured_media":966,"template":"","meta":{"_acf_changed":false,"inline_featured_image":false},"product_brand":[],"product_cat":[307],"product_tag":[479,478],"class_list":{"0":"post-3405","1":"product","2":"type-product","3":"status-publish","4":"has-post-thumbnail","6":"product_cat-threaded-fittings","7":"product_tag-nipel-en","8":"product_tag-pe-col-disli-en","10":"first","11":"instock","12":"shipping-taxable","13":"purchasable","14":"product-type-simple"},"acf":[],"yoast_head":"<!-- This site is optimized with the Yoast SEO plugin v27.4 - https:\/\/yoast.com\/product\/yoast-seo-wordpress\/ -->\n<title>PE Male Nipple - Avtomatik Suvarma Sisteml\u0259ri,Ya\u011fmurlama,Pivot Sisteml\u0259ri:Onur Plast<\/title>\n<meta name=\"robots\" content=\"index, follow, max-snippet:-1, max-image-preview:large, max-video-preview:-1\" \/>\n<link rel=\"canonical\" href=\"https:\/\/onurplast.az\/en\/products\/compression-fittings\/threaded-fittings\/pe-male-nipple\/\" \/>\n<meta property=\"og:locale\" content=\"en_US\" \/>\n<meta property=\"og:type\" content=\"article\" \/>\n<meta property=\"og:title\" content=\"PE Male Nipple - Avtomatik Suvarma Sisteml\u0259ri,Ya\u011fmurlama,Pivot Sisteml\u0259ri:Onur Plast\" \/>\n<meta property=\"og:description\" content=\"Kod Code PE \u00c7\u00d6L D\u0130\u015eL\u0130 N\u0130PEL PE MALE NIPPLE Paketl\u0259m\u0259 Packaging AZ-13511 \u00bd\u201d X \u00bd\u201d 50 AZ-13522 \u00be\u201d X \u00be\u201d 50 AZ-13533 1\u201d X 1\u201d 50 AZ-13544 1\u00bc\u201d X 1\u00bc\u201d 25 AZ-13555 1\u00bd\u201d X 1\u00bd\u201d 25 AZ-13566 2\u201d X 2\u201d 25 AZ-13577 2\u00bd\u201d X 2\u00bd\u201d 12 AZ-13588 3\u201d X 3\u201d 12 AZ-13599 4\u201d X 4\u201d [&hellip;]\" \/>\n<meta property=\"og:url\" content=\"https:\/\/onurplast.az\/en\/products\/compression-fittings\/threaded-fittings\/pe-male-nipple\/\" \/>\n<meta property=\"og:site_name\" content=\"Avtomatik Suvarma Sisteml\u0259ri,Ya\u011fmurlama,Pivot Sisteml\u0259ri:Onur Plast\" \/>\n<meta property=\"article:publisher\" content=\"https:\/\/www.facebook.com\/Onur-plast-110179870426347\" \/>\n<meta name=\"twitter:card\" content=\"summary_large_image\" \/>\n<script type=\"application\/ld+json\" class=\"yoast-schema-graph\">{\"@context\":\"https:\\\/\\\/schema.org\",\"@graph\":[{\"@type\":\"WebPage\",\"@id\":\"https:\\\/\\\/onurplast.az\\\/en\\\/products\\\/compression-fittings\\\/threaded-fittings\\\/pe-male-nipple\\\/\",\"url\":\"https:\\\/\\\/onurplast.az\\\/en\\\/products\\\/compression-fittings\\\/threaded-fittings\\\/pe-male-nipple\\\/\",\"name\":\"PE Male Nipple - Avtomatik Suvarma Sisteml\u0259ri,Ya\u011fmurlama,Pivot Sisteml\u0259ri:Onur Plast\",\"isPartOf\":{\"@id\":\"https:\\\/\\\/onurplast.az\\\/en\\\/#website\"},\"primaryImageOfPage\":{\"@id\":\"https:\\\/\\\/onurplast.az\\\/en\\\/products\\\/compression-fittings\\\/threaded-fittings\\\/pe-male-nipple\\\/#primaryimage\"},\"image\":{\"@id\":\"https:\\\/\\\/onurplast.az\\\/en\\\/products\\\/compression-fittings\\\/threaded-fittings\\\/pe-male-nipple\\\/#primaryimage\"},\"thumbnailUrl\":\"https:\\\/\\\/onurplast.az\\\/wp-content\\\/uploads\\\/Pe-Col-Disli-Nipel.webp\",\"datePublished\":\"2023-11-20T21:18:15+00:00\",\"breadcrumb\":{\"@id\":\"https:\\\/\\\/onurplast.az\\\/en\\\/products\\\/compression-fittings\\\/threaded-fittings\\\/pe-male-nipple\\\/#breadcrumb\"},\"inLanguage\":\"en-US\",\"potentialAction\":[{\"@type\":\"ReadAction\",\"target\":[\"https:\\\/\\\/onurplast.az\\\/en\\\/products\\\/compression-fittings\\\/threaded-fittings\\\/pe-male-nipple\\\/\"]}]},{\"@type\":\"ImageObject\",\"inLanguage\":\"en-US\",\"@id\":\"https:\\\/\\\/onurplast.az\\\/en\\\/products\\\/compression-fittings\\\/threaded-fittings\\\/pe-male-nipple\\\/#primaryimage\",\"url\":\"https:\\\/\\\/onurplast.az\\\/wp-content\\\/uploads\\\/Pe-Col-Disli-Nipel.webp\",\"contentUrl\":\"https:\\\/\\\/onurplast.az\\\/wp-content\\\/uploads\\\/Pe-Col-Disli-Nipel.webp\",\"width\":600,\"height\":600,\"caption\":\"PE Male Nipple\"},{\"@type\":\"BreadcrumbList\",\"@id\":\"https:\\\/\\\/onurplast.az\\\/en\\\/products\\\/compression-fittings\\\/threaded-fittings\\\/pe-male-nipple\\\/#breadcrumb\",\"itemListElement\":[{\"@type\":\"ListItem\",\"position\":1,\"name\":\"\u018fsas S\u0259hif\u0259\",\"item\":\"https:\\\/\\\/onurplast.az\\\/en\\\/\"},{\"@type\":\"ListItem\",\"position\":2,\"name\":\"M\u0259hsullar\",\"item\":\"https:\\\/\\\/onurplast.az\\\/mehsullar\\\/\"},{\"@type\":\"ListItem\",\"position\":3,\"name\":\"PE Male Nipple\"}]},{\"@type\":\"WebSite\",\"@id\":\"https:\\\/\\\/onurplast.az\\\/en\\\/#website\",\"url\":\"https:\\\/\\\/onurplast.az\\\/en\\\/\",\"name\":\"Suvarma,Ya\u011fmurlama v\u0259 Pivot Sisteml\u0259ri, Avtomatik Suvarma: Onur Plast\",\"description\":\"Avtomatik Suvarma Sisteml\u0259ri,Ya\u011fmurlama,Pivot Sisteml\u0259ri:Onur Plast\",\"publisher\":{\"@id\":\"https:\\\/\\\/onurplast.az\\\/en\\\/#organization\"},\"potentialAction\":[{\"@type\":\"SearchAction\",\"target\":{\"@type\":\"EntryPoint\",\"urlTemplate\":\"https:\\\/\\\/onurplast.az\\\/en\\\/?s={search_term_string}\"},\"query-input\":{\"@type\":\"PropertyValueSpecification\",\"valueRequired\":true,\"valueName\":\"search_term_string\"}}],\"inLanguage\":\"en-US\"},{\"@type\":\"Organization\",\"@id\":\"https:\\\/\\\/onurplast.az\\\/en\\\/#organization\",\"name\":\"Suvarma,Ya\u011fmurlama v\u0259 Pivot Sisteml\u0259ri, Avtomatik Suvarma: Onur Plast\",\"url\":\"https:\\\/\\\/onurplast.az\\\/en\\\/\",\"logo\":{\"@type\":\"ImageObject\",\"inLanguage\":\"en-US\",\"@id\":\"https:\\\/\\\/onurplast.az\\\/en\\\/#\\\/schema\\\/logo\\\/image\\\/\",\"url\":\"https:\\\/\\\/onurplast.az\\\/wp-content\\\/uploads\\\/Onur-Plast-Suvarma-Sistemleri-Logo2.svg\",\"contentUrl\":\"https:\\\/\\\/onurplast.az\\\/wp-content\\\/uploads\\\/Onur-Plast-Suvarma-Sistemleri-Logo2.svg\",\"width\":569,\"height\":150,\"caption\":\"Suvarma,Ya\u011fmurlama v\u0259 Pivot Sisteml\u0259ri, Avtomatik Suvarma: Onur Plast\"},\"image\":{\"@id\":\"https:\\\/\\\/onurplast.az\\\/en\\\/#\\\/schema\\\/logo\\\/image\\\/\"},\"sameAs\":[\"https:\\\/\\\/www.facebook.com\\\/Onur-plast-110179870426347\",\"https:\\\/\\\/www.instagram.com\\\/suvarma_onurplast\\\/\",\"https:\\\/\\\/www.youtube.com\\\/channel\\\/UCjWsbKNIsj1tvovG9PD4Btg\"]}]}<\/script>\n<!-- \/ Yoast SEO plugin. -->","yoast_head_json":{"title":"PE Male Nipple - Avtomatik Suvarma Sisteml\u0259ri,Ya\u011fmurlama,Pivot Sisteml\u0259ri:Onur Plast","robots":{"index":"index","follow":"follow","max-snippet":"max-snippet:-1","max-image-preview":"max-image-preview:large","max-video-preview":"max-video-preview:-1"},"canonical":"https:\/\/onurplast.az\/en\/products\/compression-fittings\/threaded-fittings\/pe-male-nipple\/","og_locale":"en_US","og_type":"article","og_title":"PE Male Nipple - Avtomatik Suvarma Sisteml\u0259ri,Ya\u011fmurlama,Pivot Sisteml\u0259ri:Onur Plast","og_description":"Kod Code PE \u00c7\u00d6L D\u0130\u015eL\u0130 N\u0130PEL PE MALE NIPPLE Paketl\u0259m\u0259 Packaging AZ-13511 \u00bd\u201d X \u00bd\u201d 50 AZ-13522 \u00be\u201d X \u00be\u201d 50 AZ-13533 1\u201d X 1\u201d 50 AZ-13544 1\u00bc\u201d X 1\u00bc\u201d 25 AZ-13555 1\u00bd\u201d X 1\u00bd\u201d 25 AZ-13566 2\u201d X 2\u201d 25 AZ-13577 2\u00bd\u201d X 2\u00bd\u201d 12 AZ-13588 3\u201d X 3\u201d 12 AZ-13599 4\u201d X 4\u201d [&hellip;]","og_url":"https:\/\/onurplast.az\/en\/products\/compression-fittings\/threaded-fittings\/pe-male-nipple\/","og_site_name":"Avtomatik Suvarma Sisteml\u0259ri,Ya\u011fmurlama,Pivot Sisteml\u0259ri:Onur Plast","article_publisher":"https:\/\/www.facebook.com\/Onur-plast-110179870426347","twitter_card":"summary_large_image","schema":{"@context":"https:\/\/schema.org","@graph":[{"@type":"WebPage","@id":"https:\/\/onurplast.az\/en\/products\/compression-fittings\/threaded-fittings\/pe-male-nipple\/","url":"https:\/\/onurplast.az\/en\/products\/compression-fittings\/threaded-fittings\/pe-male-nipple\/","name":"PE Male Nipple - Avtomatik Suvarma Sisteml\u0259ri,Ya\u011fmurlama,Pivot Sisteml\u0259ri:Onur Plast","isPartOf":{"@id":"https:\/\/onurplast.az\/en\/#website"},"primaryImageOfPage":{"@id":"https:\/\/onurplast.az\/en\/products\/compression-fittings\/threaded-fittings\/pe-male-nipple\/#primaryimage"},"image":{"@id":"https:\/\/onurplast.az\/en\/products\/compression-fittings\/threaded-fittings\/pe-male-nipple\/#primaryimage"},"thumbnailUrl":"https:\/\/onurplast.az\/wp-content\/uploads\/Pe-Col-Disli-Nipel.webp","datePublished":"2023-11-20T21:18:15+00:00","breadcrumb":{"@id":"https:\/\/onurplast.az\/en\/products\/compression-fittings\/threaded-fittings\/pe-male-nipple\/#breadcrumb"},"inLanguage":"en-US","potentialAction":[{"@type":"ReadAction","target":["https:\/\/onurplast.az\/en\/products\/compression-fittings\/threaded-fittings\/pe-male-nipple\/"]}]},{"@type":"ImageObject","inLanguage":"en-US","@id":"https:\/\/onurplast.az\/en\/products\/compression-fittings\/threaded-fittings\/pe-male-nipple\/#primaryimage","url":"https:\/\/onurplast.az\/wp-content\/uploads\/Pe-Col-Disli-Nipel.webp","contentUrl":"https:\/\/onurplast.az\/wp-content\/uploads\/Pe-Col-Disli-Nipel.webp","width":600,"height":600,"caption":"PE Male Nipple"},{"@type":"BreadcrumbList","@id":"https:\/\/onurplast.az\/en\/products\/compression-fittings\/threaded-fittings\/pe-male-nipple\/#breadcrumb","itemListElement":[{"@type":"ListItem","position":1,"name":"\u018fsas S\u0259hif\u0259","item":"https:\/\/onurplast.az\/en\/"},{"@type":"ListItem","position":2,"name":"M\u0259hsullar","item":"https:\/\/onurplast.az\/mehsullar\/"},{"@type":"ListItem","position":3,"name":"PE Male Nipple"}]},{"@type":"WebSite","@id":"https:\/\/onurplast.az\/en\/#website","url":"https:\/\/onurplast.az\/en\/","name":"Suvarma,Ya\u011fmurlama v\u0259 Pivot Sisteml\u0259ri, Avtomatik Suvarma: Onur Plast","description":"Avtomatik Suvarma Sisteml\u0259ri,Ya\u011fmurlama,Pivot Sisteml\u0259ri:Onur Plast","publisher":{"@id":"https:\/\/onurplast.az\/en\/#organization"},"potentialAction":[{"@type":"SearchAction","target":{"@type":"EntryPoint","urlTemplate":"https:\/\/onurplast.az\/en\/?s={search_term_string}"},"query-input":{"@type":"PropertyValueSpecification","valueRequired":true,"valueName":"search_term_string"}}],"inLanguage":"en-US"},{"@type":"Organization","@id":"https:\/\/onurplast.az\/en\/#organization","name":"Suvarma,Ya\u011fmurlama v\u0259 Pivot Sisteml\u0259ri, Avtomatik Suvarma: Onur Plast","url":"https:\/\/onurplast.az\/en\/","logo":{"@type":"ImageObject","inLanguage":"en-US","@id":"https:\/\/onurplast.az\/en\/#\/schema\/logo\/image\/","url":"https:\/\/onurplast.az\/wp-content\/uploads\/Onur-Plast-Suvarma-Sistemleri-Logo2.svg","contentUrl":"https:\/\/onurplast.az\/wp-content\/uploads\/Onur-Plast-Suvarma-Sistemleri-Logo2.svg","width":569,"height":150,"caption":"Suvarma,Ya\u011fmurlama v\u0259 Pivot Sisteml\u0259ri, Avtomatik Suvarma: Onur Plast"},"image":{"@id":"https:\/\/onurplast.az\/en\/#\/schema\/logo\/image\/"},"sameAs":["https:\/\/www.facebook.com\/Onur-plast-110179870426347","https:\/\/www.instagram.com\/suvarma_onurplast\/","https:\/\/www.youtube.com\/channel\/UCjWsbKNIsj1tvovG9PD4Btg"]}]}},"_links":{"self":[{"href":"https:\/\/onurplast.az\/en\/wp-json\/wp\/v2\/product\/3405","targetHints":{"allow":["GET"]}}],"collection":[{"href":"https:\/\/onurplast.az\/en\/wp-json\/wp\/v2\/product"}],"about":[{"href":"https:\/\/onurplast.az\/en\/wp-json\/wp\/v2\/types\/product"}],"wp:featuredmedia":[{"embeddable":true,"href":"https:\/\/onurplast.az\/en\/wp-json\/wp\/v2\/media\/966"}],"wp:attachment":[{"href":"https:\/\/onurplast.az\/en\/wp-json\/wp\/v2\/media?parent=3405"}],"wp:term":[{"taxonomy":"product_brand","embeddable":true,"href":"https:\/\/onurplast.az\/en\/wp-json\/wp\/v2\/product_brand?post=3405"},{"taxonomy":"product_cat","embeddable":true,"href":"https:\/\/onurplast.az\/en\/wp-json\/wp\/v2\/product_cat?post=3405"},{"taxonomy":"product_tag","embeddable":true,"href":"https:\/\/onurplast.az\/en\/wp-json\/wp\/v2\/product_tag?post=3405"}],"curies":[{"name":"wp","href":"https:\/\/api.w.org\/{rel}","templated":true}]}}