{"id":3412,"date":"2023-11-20T21:45:10","date_gmt":"2023-11-20T21:45:10","guid":{"rendered":"https:\/\/onurplast.az\/mehsullar\/uncategorized\/pe-female-reduction-nipple\/"},"modified":"2024-01-16T23:54:27","modified_gmt":"2024-01-16T23:54:27","slug":"pe-female-reduction-nipple","status":"publish","type":"product","link":"https:\/\/onurplast.az\/en\/products\/compression-fittings\/threaded-fittings\/pe-female-reduction-nipple\/","title":{"rendered":"PE Female Reduction Nipple"},"content":{"rendered":"<table>\n<tbody>\n<tr>\n<td><strong>Kod<\/strong><br \/>\n<strong>Code<\/strong><\/td>\n<td><strong>PE \u0130\u00c7 D\u0130\u015eL\u0130<\/strong><br \/>\n<strong>REDUKS\u0130ON N\u0130PEL<\/strong><br \/>\n<strong>PE FEMALE REDUCTION<\/strong><br \/>\n<strong>NIPPLE<\/strong><\/td>\n<td><strong>Paketl\u0259m\u0259<\/strong><br \/>\n<strong>Packaging<\/strong><\/td>\n<\/tr>\n<tr>\n<td>AZ-13821<\/td>\n<td>\u00be&#8221; X \u00bd&#8221;<\/td>\n<td>50<\/td>\n<\/tr>\n<tr>\n<td>AZ-13831<\/td>\n<td>1&#8243; X \u00bd&#8221;<\/td>\n<td>50<\/td>\n<\/tr>\n<tr>\n<td>AZ-13832<\/td>\n<td>1&#8243; X \u00be&#8221;<\/td>\n<td>50<\/td>\n<\/tr>\n<tr>\n<td>AZ-13842<\/td>\n<td>1\u00bc&#8221; X \u00be&#8221;<\/td>\n<td>25<\/td>\n<\/tr>\n<tr>\n<td>AZ-13843<\/td>\n<td>1\u00bc&#8221; X 1&#8243;<\/td>\n<td>25<\/td>\n<\/tr>\n<tr>\n<td>AZ-13853<\/td>\n<td>1\u00bd&#8221; X 1&#8243;<\/td>\n<td>15<\/td>\n<\/tr>\n<tr>\n<td>AZ-13854<\/td>\n<td>1\u00bd&#8221; X 1\u00bc&#8221;<\/td>\n<td>15<\/td>\n<\/tr>\n<tr>\n<td>AZ-13864<\/td>\n<td>2&#8243; X 1\u00bc&#8221;<\/td>\n<td>12<\/td>\n<\/tr>\n<tr>\n<td>AZ-13865<\/td>\n<td>2&#8243; X 1\u00bd&#8221;<\/td>\n<td>12<\/td>\n<\/tr>\n<tr>\n<td>AZ-13874<\/td>\n<td>2\u00bd&#8221; X 1\u00bc&#8221;<\/td>\n<td>12<\/td>\n<\/tr>\n<tr>\n<td>AZ-13875<\/td>\n<td>2\u00bd&#8221; X 1\u00bd&#8221;<\/td>\n<td>12<\/td>\n<\/tr>\n<tr>\n<td>AZ-13876<\/td>\n<td>2\u00bd&#8221; X 2&#8243;<\/td>\n<td>12<\/td>\n<\/tr>\n<tr>\n<td>AZ-13886<\/td>\n<td>3&#8243; X 2&#8243;<\/td>\n<td>6<\/td>\n<\/tr>\n<tr>\n<td>AZ-13887<\/td>\n<td>3&#8243; X 2\u00bd&#8221;<\/td>\n<td>6<\/td>\n<\/tr>\n<tr>\n<td>AZ-13896<\/td>\n<td>4&#8243; X 2&#8243;<\/td>\n<td>4<\/td>\n<\/tr>\n<tr>\n<td>AZ-13897<\/td>\n<td>4&#8243; X 2\u00bd&#8221;<\/td>\n<td>4<\/td>\n<\/tr>\n<tr>\n<td>AZ-13898<\/td>\n<td>4&#8243; X 3&#8243;<\/td>\n<td>4<\/td>\n<\/tr>\n<\/tbody>\n<\/table>\n","protected":false},"excerpt":{"rendered":"<p>Kod Code PE \u0130\u00c7 D\u0130\u015eL\u0130 REDUKS\u0130ON N\u0130PEL PE FEMALE REDUCTION NIPPLE Paketl\u0259m\u0259 Packaging AZ-13821 \u00be&#8221; X \u00bd&#8221; 50 AZ-13831 1&#8243; X \u00bd&#8221; 50 AZ-13832 1&#8243; X \u00be&#8221; 50 AZ-13842 1\u00bc&#8221; X \u00be&#8221; 25 AZ-13843 1\u00bc&#8221; X 1&#8243; 25 AZ-13853 1\u00bd&#8221; X 1&#8243; 15 AZ-13854 1\u00bd&#8221; X 1\u00bc&#8221; 15 AZ-13864 2&#8243; X 1\u00bc&#8221; 12 AZ-13865 2&#8243; [&hellip;]<\/p>\n","protected":false},"featured_media":1001,"template":"","meta":{"_acf_changed":false,"inline_featured_image":false},"product_brand":[],"product_cat":[307],"product_tag":[480,481],"class_list":{"0":"post-3412","1":"product","2":"type-product","3":"status-publish","4":"has-post-thumbnail","6":"product_cat-threaded-fittings","7":"product_tag-pe-ic-disli-en","8":"product_tag-reduksion-nipel-en","10":"first","11":"instock","12":"shipping-taxable","13":"purchasable","14":"product-type-simple"},"acf":[],"yoast_head":"<!-- This site is optimized with the Yoast SEO plugin v27.5 - https:\/\/yoast.com\/product\/yoast-seo-wordpress\/ -->\n<title>PE Female Reduction Nipple - Avtomatik Suvarma Sisteml\u0259ri,Ya\u011fmurlama,Pivot Sisteml\u0259ri:Onur Plast<\/title>\n<meta name=\"robots\" content=\"index, follow, max-snippet:-1, max-image-preview:large, max-video-preview:-1\" \/>\n<link rel=\"canonical\" href=\"https:\/\/onurplast.az\/en\/products\/compression-fittings\/threaded-fittings\/pe-female-reduction-nipple\/\" \/>\n<meta property=\"og:locale\" content=\"en_US\" \/>\n<meta property=\"og:type\" content=\"article\" \/>\n<meta property=\"og:title\" content=\"PE Female Reduction Nipple - Avtomatik Suvarma Sisteml\u0259ri,Ya\u011fmurlama,Pivot Sisteml\u0259ri:Onur Plast\" \/>\n<meta property=\"og:description\" content=\"Kod Code PE \u0130\u00c7 D\u0130\u015eL\u0130 REDUKS\u0130ON N\u0130PEL PE FEMALE REDUCTION NIPPLE Paketl\u0259m\u0259 Packaging AZ-13821 \u00be&#8221; X \u00bd&#8221; 50 AZ-13831 1&#8243; X \u00bd&#8221; 50 AZ-13832 1&#8243; X \u00be&#8221; 50 AZ-13842 1\u00bc&#8221; X \u00be&#8221; 25 AZ-13843 1\u00bc&#8221; X 1&#8243; 25 AZ-13853 1\u00bd&#8221; X 1&#8243; 15 AZ-13854 1\u00bd&#8221; X 1\u00bc&#8221; 15 AZ-13864 2&#8243; X 1\u00bc&#8221; 12 AZ-13865 2&#8243; [&hellip;]\" \/>\n<meta property=\"og:url\" content=\"https:\/\/onurplast.az\/en\/products\/compression-fittings\/threaded-fittings\/pe-female-reduction-nipple\/\" \/>\n<meta property=\"og:site_name\" content=\"Avtomatik Suvarma Sisteml\u0259ri,Ya\u011fmurlama,Pivot Sisteml\u0259ri:Onur Plast\" \/>\n<meta property=\"article:publisher\" content=\"https:\/\/www.facebook.com\/Onur-plast-110179870426347\" \/>\n<meta property=\"article:modified_time\" content=\"2024-01-16T23:54:27+00:00\" \/>\n<meta property=\"og:image\" content=\"https:\/\/onurplast.az\/wp-content\/uploads\/Pe-Ic-Disli-Reduksion-Nipel.webp\" \/>\n\t<meta property=\"og:image:width\" content=\"600\" \/>\n\t<meta property=\"og:image:height\" content=\"600\" \/>\n\t<meta property=\"og:image:type\" content=\"image\/webp\" \/>\n<meta name=\"twitter:card\" content=\"summary_large_image\" \/>\n<script type=\"application\/ld+json\" class=\"yoast-schema-graph\">{\"@context\":\"https:\\\/\\\/schema.org\",\"@graph\":[{\"@type\":\"WebPage\",\"@id\":\"https:\\\/\\\/onurplast.az\\\/en\\\/products\\\/compression-fittings\\\/threaded-fittings\\\/pe-female-reduction-nipple\\\/\",\"url\":\"https:\\\/\\\/onurplast.az\\\/en\\\/products\\\/compression-fittings\\\/threaded-fittings\\\/pe-female-reduction-nipple\\\/\",\"name\":\"PE Female Reduction Nipple - Avtomatik Suvarma Sisteml\u0259ri,Ya\u011fmurlama,Pivot Sisteml\u0259ri:Onur Plast\",\"isPartOf\":{\"@id\":\"https:\\\/\\\/onurplast.az\\\/en\\\/#website\"},\"primaryImageOfPage\":{\"@id\":\"https:\\\/\\\/onurplast.az\\\/en\\\/products\\\/compression-fittings\\\/threaded-fittings\\\/pe-female-reduction-nipple\\\/#primaryimage\"},\"image\":{\"@id\":\"https:\\\/\\\/onurplast.az\\\/en\\\/products\\\/compression-fittings\\\/threaded-fittings\\\/pe-female-reduction-nipple\\\/#primaryimage\"},\"thumbnailUrl\":\"https:\\\/\\\/onurplast.az\\\/wp-content\\\/uploads\\\/Pe-Ic-Disli-Reduksion-Nipel.webp\",\"datePublished\":\"2023-11-20T21:45:10+00:00\",\"dateModified\":\"2024-01-16T23:54:27+00:00\",\"breadcrumb\":{\"@id\":\"https:\\\/\\\/onurplast.az\\\/en\\\/products\\\/compression-fittings\\\/threaded-fittings\\\/pe-female-reduction-nipple\\\/#breadcrumb\"},\"inLanguage\":\"en-US\",\"potentialAction\":[{\"@type\":\"ReadAction\",\"target\":[\"https:\\\/\\\/onurplast.az\\\/en\\\/products\\\/compression-fittings\\\/threaded-fittings\\\/pe-female-reduction-nipple\\\/\"]}]},{\"@type\":\"ImageObject\",\"inLanguage\":\"en-US\",\"@id\":\"https:\\\/\\\/onurplast.az\\\/en\\\/products\\\/compression-fittings\\\/threaded-fittings\\\/pe-female-reduction-nipple\\\/#primaryimage\",\"url\":\"https:\\\/\\\/onurplast.az\\\/wp-content\\\/uploads\\\/Pe-Ic-Disli-Reduksion-Nipel.webp\",\"contentUrl\":\"https:\\\/\\\/onurplast.az\\\/wp-content\\\/uploads\\\/Pe-Ic-Disli-Reduksion-Nipel.webp\",\"width\":600,\"height\":600,\"caption\":\"PE Female Reduction Nipple\"},{\"@type\":\"BreadcrumbList\",\"@id\":\"https:\\\/\\\/onurplast.az\\\/en\\\/products\\\/compression-fittings\\\/threaded-fittings\\\/pe-female-reduction-nipple\\\/#breadcrumb\",\"itemListElement\":[{\"@type\":\"ListItem\",\"position\":1,\"name\":\"\u018fsas S\u0259hif\u0259\",\"item\":\"https:\\\/\\\/onurplast.az\\\/en\\\/\"},{\"@type\":\"ListItem\",\"position\":2,\"name\":\"M\u0259hsullar\",\"item\":\"https:\\\/\\\/onurplast.az\\\/mehsullar\\\/\"},{\"@type\":\"ListItem\",\"position\":3,\"name\":\"PE Female Reduction Nipple\"}]},{\"@type\":\"WebSite\",\"@id\":\"https:\\\/\\\/onurplast.az\\\/en\\\/#website\",\"url\":\"https:\\\/\\\/onurplast.az\\\/en\\\/\",\"name\":\"Suvarma,Ya\u011fmurlama v\u0259 Pivot Sisteml\u0259ri, Avtomatik Suvarma: Onur Plast\",\"description\":\"Avtomatik Suvarma Sisteml\u0259ri,Ya\u011fmurlama,Pivot Sisteml\u0259ri:Onur Plast\",\"publisher\":{\"@id\":\"https:\\\/\\\/onurplast.az\\\/en\\\/#organization\"},\"potentialAction\":[{\"@type\":\"SearchAction\",\"target\":{\"@type\":\"EntryPoint\",\"urlTemplate\":\"https:\\\/\\\/onurplast.az\\\/en\\\/?s={search_term_string}\"},\"query-input\":{\"@type\":\"PropertyValueSpecification\",\"valueRequired\":true,\"valueName\":\"search_term_string\"}}],\"inLanguage\":\"en-US\"},{\"@type\":\"Organization\",\"@id\":\"https:\\\/\\\/onurplast.az\\\/en\\\/#organization\",\"name\":\"Suvarma,Ya\u011fmurlama v\u0259 Pivot Sisteml\u0259ri, Avtomatik Suvarma: Onur Plast\",\"url\":\"https:\\\/\\\/onurplast.az\\\/en\\\/\",\"logo\":{\"@type\":\"ImageObject\",\"inLanguage\":\"en-US\",\"@id\":\"https:\\\/\\\/onurplast.az\\\/en\\\/#\\\/schema\\\/logo\\\/image\\\/\",\"url\":\"https:\\\/\\\/onurplast.az\\\/wp-content\\\/uploads\\\/Onur-Plast-Suvarma-Sistemleri-Logo2.svg\",\"contentUrl\":\"https:\\\/\\\/onurplast.az\\\/wp-content\\\/uploads\\\/Onur-Plast-Suvarma-Sistemleri-Logo2.svg\",\"width\":569,\"height\":150,\"caption\":\"Suvarma,Ya\u011fmurlama v\u0259 Pivot Sisteml\u0259ri, Avtomatik Suvarma: Onur Plast\"},\"image\":{\"@id\":\"https:\\\/\\\/onurplast.az\\\/en\\\/#\\\/schema\\\/logo\\\/image\\\/\"},\"sameAs\":[\"https:\\\/\\\/www.facebook.com\\\/Onur-plast-110179870426347\",\"https:\\\/\\\/www.instagram.com\\\/suvarma_onurplast\\\/\",\"https:\\\/\\\/www.youtube.com\\\/channel\\\/UCjWsbKNIsj1tvovG9PD4Btg\"]}]}<\/script>\n<!-- \/ Yoast SEO plugin. -->","yoast_head_json":{"title":"PE Female Reduction Nipple - Avtomatik Suvarma Sisteml\u0259ri,Ya\u011fmurlama,Pivot Sisteml\u0259ri:Onur Plast","robots":{"index":"index","follow":"follow","max-snippet":"max-snippet:-1","max-image-preview":"max-image-preview:large","max-video-preview":"max-video-preview:-1"},"canonical":"https:\/\/onurplast.az\/en\/products\/compression-fittings\/threaded-fittings\/pe-female-reduction-nipple\/","og_locale":"en_US","og_type":"article","og_title":"PE Female Reduction Nipple - Avtomatik Suvarma Sisteml\u0259ri,Ya\u011fmurlama,Pivot Sisteml\u0259ri:Onur Plast","og_description":"Kod Code PE \u0130\u00c7 D\u0130\u015eL\u0130 REDUKS\u0130ON N\u0130PEL PE FEMALE REDUCTION NIPPLE Paketl\u0259m\u0259 Packaging AZ-13821 \u00be&#8221; X \u00bd&#8221; 50 AZ-13831 1&#8243; X \u00bd&#8221; 50 AZ-13832 1&#8243; X \u00be&#8221; 50 AZ-13842 1\u00bc&#8221; X \u00be&#8221; 25 AZ-13843 1\u00bc&#8221; X 1&#8243; 25 AZ-13853 1\u00bd&#8221; X 1&#8243; 15 AZ-13854 1\u00bd&#8221; X 1\u00bc&#8221; 15 AZ-13864 2&#8243; X 1\u00bc&#8221; 12 AZ-13865 2&#8243; [&hellip;]","og_url":"https:\/\/onurplast.az\/en\/products\/compression-fittings\/threaded-fittings\/pe-female-reduction-nipple\/","og_site_name":"Avtomatik Suvarma Sisteml\u0259ri,Ya\u011fmurlama,Pivot Sisteml\u0259ri:Onur Plast","article_publisher":"https:\/\/www.facebook.com\/Onur-plast-110179870426347","article_modified_time":"2024-01-16T23:54:27+00:00","og_image":[{"width":600,"height":600,"url":"https:\/\/onurplast.az\/wp-content\/uploads\/Pe-Ic-Disli-Reduksion-Nipel.webp","type":"image\/webp"}],"twitter_card":"summary_large_image","schema":{"@context":"https:\/\/schema.org","@graph":[{"@type":"WebPage","@id":"https:\/\/onurplast.az\/en\/products\/compression-fittings\/threaded-fittings\/pe-female-reduction-nipple\/","url":"https:\/\/onurplast.az\/en\/products\/compression-fittings\/threaded-fittings\/pe-female-reduction-nipple\/","name":"PE Female Reduction Nipple - Avtomatik Suvarma Sisteml\u0259ri,Ya\u011fmurlama,Pivot Sisteml\u0259ri:Onur Plast","isPartOf":{"@id":"https:\/\/onurplast.az\/en\/#website"},"primaryImageOfPage":{"@id":"https:\/\/onurplast.az\/en\/products\/compression-fittings\/threaded-fittings\/pe-female-reduction-nipple\/#primaryimage"},"image":{"@id":"https:\/\/onurplast.az\/en\/products\/compression-fittings\/threaded-fittings\/pe-female-reduction-nipple\/#primaryimage"},"thumbnailUrl":"https:\/\/onurplast.az\/wp-content\/uploads\/Pe-Ic-Disli-Reduksion-Nipel.webp","datePublished":"2023-11-20T21:45:10+00:00","dateModified":"2024-01-16T23:54:27+00:00","breadcrumb":{"@id":"https:\/\/onurplast.az\/en\/products\/compression-fittings\/threaded-fittings\/pe-female-reduction-nipple\/#breadcrumb"},"inLanguage":"en-US","potentialAction":[{"@type":"ReadAction","target":["https:\/\/onurplast.az\/en\/products\/compression-fittings\/threaded-fittings\/pe-female-reduction-nipple\/"]}]},{"@type":"ImageObject","inLanguage":"en-US","@id":"https:\/\/onurplast.az\/en\/products\/compression-fittings\/threaded-fittings\/pe-female-reduction-nipple\/#primaryimage","url":"https:\/\/onurplast.az\/wp-content\/uploads\/Pe-Ic-Disli-Reduksion-Nipel.webp","contentUrl":"https:\/\/onurplast.az\/wp-content\/uploads\/Pe-Ic-Disli-Reduksion-Nipel.webp","width":600,"height":600,"caption":"PE Female Reduction Nipple"},{"@type":"BreadcrumbList","@id":"https:\/\/onurplast.az\/en\/products\/compression-fittings\/threaded-fittings\/pe-female-reduction-nipple\/#breadcrumb","itemListElement":[{"@type":"ListItem","position":1,"name":"\u018fsas S\u0259hif\u0259","item":"https:\/\/onurplast.az\/en\/"},{"@type":"ListItem","position":2,"name":"M\u0259hsullar","item":"https:\/\/onurplast.az\/mehsullar\/"},{"@type":"ListItem","position":3,"name":"PE Female Reduction Nipple"}]},{"@type":"WebSite","@id":"https:\/\/onurplast.az\/en\/#website","url":"https:\/\/onurplast.az\/en\/","name":"Suvarma,Ya\u011fmurlama v\u0259 Pivot Sisteml\u0259ri, Avtomatik Suvarma: Onur Plast","description":"Avtomatik Suvarma Sisteml\u0259ri,Ya\u011fmurlama,Pivot Sisteml\u0259ri:Onur Plast","publisher":{"@id":"https:\/\/onurplast.az\/en\/#organization"},"potentialAction":[{"@type":"SearchAction","target":{"@type":"EntryPoint","urlTemplate":"https:\/\/onurplast.az\/en\/?s={search_term_string}"},"query-input":{"@type":"PropertyValueSpecification","valueRequired":true,"valueName":"search_term_string"}}],"inLanguage":"en-US"},{"@type":"Organization","@id":"https:\/\/onurplast.az\/en\/#organization","name":"Suvarma,Ya\u011fmurlama v\u0259 Pivot Sisteml\u0259ri, Avtomatik Suvarma: Onur Plast","url":"https:\/\/onurplast.az\/en\/","logo":{"@type":"ImageObject","inLanguage":"en-US","@id":"https:\/\/onurplast.az\/en\/#\/schema\/logo\/image\/","url":"https:\/\/onurplast.az\/wp-content\/uploads\/Onur-Plast-Suvarma-Sistemleri-Logo2.svg","contentUrl":"https:\/\/onurplast.az\/wp-content\/uploads\/Onur-Plast-Suvarma-Sistemleri-Logo2.svg","width":569,"height":150,"caption":"Suvarma,Ya\u011fmurlama v\u0259 Pivot Sisteml\u0259ri, Avtomatik Suvarma: Onur Plast"},"image":{"@id":"https:\/\/onurplast.az\/en\/#\/schema\/logo\/image\/"},"sameAs":["https:\/\/www.facebook.com\/Onur-plast-110179870426347","https:\/\/www.instagram.com\/suvarma_onurplast\/","https:\/\/www.youtube.com\/channel\/UCjWsbKNIsj1tvovG9PD4Btg"]}]}},"_links":{"self":[{"href":"https:\/\/onurplast.az\/en\/wp-json\/wp\/v2\/product\/3412","targetHints":{"allow":["GET"]}}],"collection":[{"href":"https:\/\/onurplast.az\/en\/wp-json\/wp\/v2\/product"}],"about":[{"href":"https:\/\/onurplast.az\/en\/wp-json\/wp\/v2\/types\/product"}],"wp:featuredmedia":[{"embeddable":true,"href":"https:\/\/onurplast.az\/en\/wp-json\/wp\/v2\/media\/1001"}],"wp:attachment":[{"href":"https:\/\/onurplast.az\/en\/wp-json\/wp\/v2\/media?parent=3412"}],"wp:term":[{"taxonomy":"product_brand","embeddable":true,"href":"https:\/\/onurplast.az\/en\/wp-json\/wp\/v2\/product_brand?post=3412"},{"taxonomy":"product_cat","embeddable":true,"href":"https:\/\/onurplast.az\/en\/wp-json\/wp\/v2\/product_cat?post=3412"},{"taxonomy":"product_tag","embeddable":true,"href":"https:\/\/onurplast.az\/en\/wp-json\/wp\/v2\/product_tag?post=3412"}],"curies":[{"name":"wp","href":"https:\/\/api.w.org\/{rel}","templated":true}]}}