{"id":3429,"date":"2023-11-21T21:04:07","date_gmt":"2023-11-21T21:04:07","guid":{"rendered":"https:\/\/onurplast.az\/mehsullar\/uncategorized\/pe-coupling-ball-valve-pn-10\/"},"modified":"2023-11-21T21:04:07","modified_gmt":"2023-11-21T21:04:07","slug":"pe-coupling-ball-valve-pn-10","status":"publish","type":"product","link":"https:\/\/onurplast.az\/en\/products\/valves\/ball-valve\/pe-coupling-ball-valve-pn-10\/","title":{"rendered":"PE Coupling Ball Valve PN 10"},"content":{"rendered":"<table>\n<tbody>\n<tr>\n<td><strong>Kod<\/strong><br \/>\n<strong>Code<\/strong><\/td>\n<td><strong>PE PN 10 KABL\u0130N K\u00dcRESEL VANA<\/strong><br \/>\n<strong>PE COUPLING K\u00dcR\u018fS\u018fL VENT\u0130L PN 10<\/strong><\/td>\n<td><strong>Paketl\u0259m\u0259<\/strong><br \/>\n<strong>Packaging<\/strong><\/td>\n<\/tr>\n<tr>\n<td>AZ-99544<\/td>\n<td>40 x 40<\/td>\n<td>4<\/td>\n<\/tr>\n<tr>\n<td>AZ-99555<\/td>\n<td>50 x 50<\/td>\n<td>2<\/td>\n<\/tr>\n<tr>\n<td>AZ-99566<\/td>\n<td>63 x 63<\/td>\n<td>2<\/td>\n<\/tr>\n<\/tbody>\n<\/table>\n","protected":false},"excerpt":{"rendered":"<p>Kod Code PE PN 10 KABL\u0130N K\u00dcRESEL VANA PE COUPLING K\u00dcR\u018fS\u018fL VENT\u0130L PN 10 Paketl\u0259m\u0259 Packaging AZ-99544 40 x 40 4 AZ-99555 50 x 50 2 AZ-99566 63 x 63 2<\/p>\n","protected":false},"featured_media":1090,"template":"","meta":{"_acf_changed":false,"inline_featured_image":false},"product_brand":[],"product_cat":[319],"product_tag":[495,498],"class_list":{"0":"post-3429","1":"product","2":"type-product","3":"status-publish","4":"has-post-thumbnail","6":"product_cat-ball-valve","7":"product_tag-kursl-ventil-en","8":"product_tag-pe-pn-10-kaplin-en","10":"first","11":"instock","12":"shipping-taxable","13":"purchasable","14":"product-type-simple"},"acf":[],"yoast_head":"<!-- This site is optimized with the Yoast SEO plugin v27.4 - https:\/\/yoast.com\/product\/yoast-seo-wordpress\/ -->\n<title>PE Coupling Ball Valve PN 10 - Avtomatik Suvarma Sisteml\u0259ri,Ya\u011fmurlama,Pivot Sisteml\u0259ri:Onur Plast<\/title>\n<meta name=\"robots\" content=\"index, follow, max-snippet:-1, max-image-preview:large, max-video-preview:-1\" \/>\n<link rel=\"canonical\" href=\"https:\/\/onurplast.az\/en\/products\/valves\/ball-valve\/pe-coupling-ball-valve-pn-10\/\" \/>\n<meta property=\"og:locale\" content=\"en_US\" \/>\n<meta property=\"og:type\" content=\"article\" \/>\n<meta property=\"og:title\" content=\"PE Coupling Ball Valve PN 10 - Avtomatik Suvarma Sisteml\u0259ri,Ya\u011fmurlama,Pivot Sisteml\u0259ri:Onur Plast\" \/>\n<meta property=\"og:description\" content=\"Kod Code PE PN 10 KABL\u0130N K\u00dcRESEL VANA PE COUPLING K\u00dcR\u018fS\u018fL VENT\u0130L PN 10 Paketl\u0259m\u0259 Packaging AZ-99544 40 x 40 4 AZ-99555 50 x 50 2 AZ-99566 63 x 63 2\" \/>\n<meta property=\"og:url\" content=\"https:\/\/onurplast.az\/en\/products\/valves\/ball-valve\/pe-coupling-ball-valve-pn-10\/\" \/>\n<meta property=\"og:site_name\" content=\"Avtomatik Suvarma Sisteml\u0259ri,Ya\u011fmurlama,Pivot Sisteml\u0259ri:Onur Plast\" \/>\n<meta property=\"article:publisher\" content=\"https:\/\/www.facebook.com\/Onur-plast-110179870426347\" \/>\n<meta name=\"twitter:card\" content=\"summary_large_image\" \/>\n<script type=\"application\/ld+json\" class=\"yoast-schema-graph\">{\"@context\":\"https:\\\/\\\/schema.org\",\"@graph\":[{\"@type\":\"WebPage\",\"@id\":\"https:\\\/\\\/onurplast.az\\\/en\\\/products\\\/valves\\\/ball-valve\\\/pe-coupling-ball-valve-pn-10\\\/\",\"url\":\"https:\\\/\\\/onurplast.az\\\/en\\\/products\\\/valves\\\/ball-valve\\\/pe-coupling-ball-valve-pn-10\\\/\",\"name\":\"PE Coupling Ball Valve PN 10 - Avtomatik Suvarma Sisteml\u0259ri,Ya\u011fmurlama,Pivot Sisteml\u0259ri:Onur Plast\",\"isPartOf\":{\"@id\":\"https:\\\/\\\/onurplast.az\\\/en\\\/#website\"},\"primaryImageOfPage\":{\"@id\":\"https:\\\/\\\/onurplast.az\\\/en\\\/products\\\/valves\\\/ball-valve\\\/pe-coupling-ball-valve-pn-10\\\/#primaryimage\"},\"image\":{\"@id\":\"https:\\\/\\\/onurplast.az\\\/en\\\/products\\\/valves\\\/ball-valve\\\/pe-coupling-ball-valve-pn-10\\\/#primaryimage\"},\"thumbnailUrl\":\"https:\\\/\\\/onurplast.az\\\/wp-content\\\/uploads\\\/PE-PN-10-KAPLIN-KURESEL-VENTIL.webp\",\"datePublished\":\"2023-11-21T21:04:07+00:00\",\"breadcrumb\":{\"@id\":\"https:\\\/\\\/onurplast.az\\\/en\\\/products\\\/valves\\\/ball-valve\\\/pe-coupling-ball-valve-pn-10\\\/#breadcrumb\"},\"inLanguage\":\"en-US\",\"potentialAction\":[{\"@type\":\"ReadAction\",\"target\":[\"https:\\\/\\\/onurplast.az\\\/en\\\/products\\\/valves\\\/ball-valve\\\/pe-coupling-ball-valve-pn-10\\\/\"]}]},{\"@type\":\"ImageObject\",\"inLanguage\":\"en-US\",\"@id\":\"https:\\\/\\\/onurplast.az\\\/en\\\/products\\\/valves\\\/ball-valve\\\/pe-coupling-ball-valve-pn-10\\\/#primaryimage\",\"url\":\"https:\\\/\\\/onurplast.az\\\/wp-content\\\/uploads\\\/PE-PN-10-KAPLIN-KURESEL-VENTIL.webp\",\"contentUrl\":\"https:\\\/\\\/onurplast.az\\\/wp-content\\\/uploads\\\/PE-PN-10-KAPLIN-KURESEL-VENTIL.webp\",\"width\":600,\"height\":600,\"caption\":\"PE Coupling Ball Valve PN 10\"},{\"@type\":\"BreadcrumbList\",\"@id\":\"https:\\\/\\\/onurplast.az\\\/en\\\/products\\\/valves\\\/ball-valve\\\/pe-coupling-ball-valve-pn-10\\\/#breadcrumb\",\"itemListElement\":[{\"@type\":\"ListItem\",\"position\":1,\"name\":\"\u018fsas S\u0259hif\u0259\",\"item\":\"https:\\\/\\\/onurplast.az\\\/en\\\/\"},{\"@type\":\"ListItem\",\"position\":2,\"name\":\"M\u0259hsullar\",\"item\":\"https:\\\/\\\/onurplast.az\\\/mehsullar\\\/\"},{\"@type\":\"ListItem\",\"position\":3,\"name\":\"PE Coupling Ball Valve PN 10\"}]},{\"@type\":\"WebSite\",\"@id\":\"https:\\\/\\\/onurplast.az\\\/en\\\/#website\",\"url\":\"https:\\\/\\\/onurplast.az\\\/en\\\/\",\"name\":\"Suvarma,Ya\u011fmurlama v\u0259 Pivot Sisteml\u0259ri, Avtomatik Suvarma: Onur Plast\",\"description\":\"Avtomatik Suvarma Sisteml\u0259ri,Ya\u011fmurlama,Pivot Sisteml\u0259ri:Onur Plast\",\"publisher\":{\"@id\":\"https:\\\/\\\/onurplast.az\\\/en\\\/#organization\"},\"potentialAction\":[{\"@type\":\"SearchAction\",\"target\":{\"@type\":\"EntryPoint\",\"urlTemplate\":\"https:\\\/\\\/onurplast.az\\\/en\\\/?s={search_term_string}\"},\"query-input\":{\"@type\":\"PropertyValueSpecification\",\"valueRequired\":true,\"valueName\":\"search_term_string\"}}],\"inLanguage\":\"en-US\"},{\"@type\":\"Organization\",\"@id\":\"https:\\\/\\\/onurplast.az\\\/en\\\/#organization\",\"name\":\"Suvarma,Ya\u011fmurlama v\u0259 Pivot Sisteml\u0259ri, Avtomatik Suvarma: Onur Plast\",\"url\":\"https:\\\/\\\/onurplast.az\\\/en\\\/\",\"logo\":{\"@type\":\"ImageObject\",\"inLanguage\":\"en-US\",\"@id\":\"https:\\\/\\\/onurplast.az\\\/en\\\/#\\\/schema\\\/logo\\\/image\\\/\",\"url\":\"https:\\\/\\\/onurplast.az\\\/wp-content\\\/uploads\\\/Onur-Plast-Suvarma-Sistemleri-Logo2.svg\",\"contentUrl\":\"https:\\\/\\\/onurplast.az\\\/wp-content\\\/uploads\\\/Onur-Plast-Suvarma-Sistemleri-Logo2.svg\",\"width\":569,\"height\":150,\"caption\":\"Suvarma,Ya\u011fmurlama v\u0259 Pivot Sisteml\u0259ri, Avtomatik Suvarma: Onur Plast\"},\"image\":{\"@id\":\"https:\\\/\\\/onurplast.az\\\/en\\\/#\\\/schema\\\/logo\\\/image\\\/\"},\"sameAs\":[\"https:\\\/\\\/www.facebook.com\\\/Onur-plast-110179870426347\",\"https:\\\/\\\/www.instagram.com\\\/suvarma_onurplast\\\/\",\"https:\\\/\\\/www.youtube.com\\\/channel\\\/UCjWsbKNIsj1tvovG9PD4Btg\"]}]}<\/script>\n<!-- \/ Yoast SEO plugin. -->","yoast_head_json":{"title":"PE Coupling Ball Valve PN 10 - Avtomatik Suvarma Sisteml\u0259ri,Ya\u011fmurlama,Pivot Sisteml\u0259ri:Onur Plast","robots":{"index":"index","follow":"follow","max-snippet":"max-snippet:-1","max-image-preview":"max-image-preview:large","max-video-preview":"max-video-preview:-1"},"canonical":"https:\/\/onurplast.az\/en\/products\/valves\/ball-valve\/pe-coupling-ball-valve-pn-10\/","og_locale":"en_US","og_type":"article","og_title":"PE Coupling Ball Valve PN 10 - Avtomatik Suvarma Sisteml\u0259ri,Ya\u011fmurlama,Pivot Sisteml\u0259ri:Onur Plast","og_description":"Kod Code PE PN 10 KABL\u0130N K\u00dcRESEL VANA PE COUPLING K\u00dcR\u018fS\u018fL VENT\u0130L PN 10 Paketl\u0259m\u0259 Packaging AZ-99544 40 x 40 4 AZ-99555 50 x 50 2 AZ-99566 63 x 63 2","og_url":"https:\/\/onurplast.az\/en\/products\/valves\/ball-valve\/pe-coupling-ball-valve-pn-10\/","og_site_name":"Avtomatik Suvarma Sisteml\u0259ri,Ya\u011fmurlama,Pivot Sisteml\u0259ri:Onur Plast","article_publisher":"https:\/\/www.facebook.com\/Onur-plast-110179870426347","twitter_card":"summary_large_image","schema":{"@context":"https:\/\/schema.org","@graph":[{"@type":"WebPage","@id":"https:\/\/onurplast.az\/en\/products\/valves\/ball-valve\/pe-coupling-ball-valve-pn-10\/","url":"https:\/\/onurplast.az\/en\/products\/valves\/ball-valve\/pe-coupling-ball-valve-pn-10\/","name":"PE Coupling Ball Valve PN 10 - Avtomatik Suvarma Sisteml\u0259ri,Ya\u011fmurlama,Pivot Sisteml\u0259ri:Onur Plast","isPartOf":{"@id":"https:\/\/onurplast.az\/en\/#website"},"primaryImageOfPage":{"@id":"https:\/\/onurplast.az\/en\/products\/valves\/ball-valve\/pe-coupling-ball-valve-pn-10\/#primaryimage"},"image":{"@id":"https:\/\/onurplast.az\/en\/products\/valves\/ball-valve\/pe-coupling-ball-valve-pn-10\/#primaryimage"},"thumbnailUrl":"https:\/\/onurplast.az\/wp-content\/uploads\/PE-PN-10-KAPLIN-KURESEL-VENTIL.webp","datePublished":"2023-11-21T21:04:07+00:00","breadcrumb":{"@id":"https:\/\/onurplast.az\/en\/products\/valves\/ball-valve\/pe-coupling-ball-valve-pn-10\/#breadcrumb"},"inLanguage":"en-US","potentialAction":[{"@type":"ReadAction","target":["https:\/\/onurplast.az\/en\/products\/valves\/ball-valve\/pe-coupling-ball-valve-pn-10\/"]}]},{"@type":"ImageObject","inLanguage":"en-US","@id":"https:\/\/onurplast.az\/en\/products\/valves\/ball-valve\/pe-coupling-ball-valve-pn-10\/#primaryimage","url":"https:\/\/onurplast.az\/wp-content\/uploads\/PE-PN-10-KAPLIN-KURESEL-VENTIL.webp","contentUrl":"https:\/\/onurplast.az\/wp-content\/uploads\/PE-PN-10-KAPLIN-KURESEL-VENTIL.webp","width":600,"height":600,"caption":"PE Coupling Ball Valve PN 10"},{"@type":"BreadcrumbList","@id":"https:\/\/onurplast.az\/en\/products\/valves\/ball-valve\/pe-coupling-ball-valve-pn-10\/#breadcrumb","itemListElement":[{"@type":"ListItem","position":1,"name":"\u018fsas S\u0259hif\u0259","item":"https:\/\/onurplast.az\/en\/"},{"@type":"ListItem","position":2,"name":"M\u0259hsullar","item":"https:\/\/onurplast.az\/mehsullar\/"},{"@type":"ListItem","position":3,"name":"PE Coupling Ball Valve PN 10"}]},{"@type":"WebSite","@id":"https:\/\/onurplast.az\/en\/#website","url":"https:\/\/onurplast.az\/en\/","name":"Suvarma,Ya\u011fmurlama v\u0259 Pivot Sisteml\u0259ri, Avtomatik Suvarma: Onur Plast","description":"Avtomatik Suvarma Sisteml\u0259ri,Ya\u011fmurlama,Pivot Sisteml\u0259ri:Onur Plast","publisher":{"@id":"https:\/\/onurplast.az\/en\/#organization"},"potentialAction":[{"@type":"SearchAction","target":{"@type":"EntryPoint","urlTemplate":"https:\/\/onurplast.az\/en\/?s={search_term_string}"},"query-input":{"@type":"PropertyValueSpecification","valueRequired":true,"valueName":"search_term_string"}}],"inLanguage":"en-US"},{"@type":"Organization","@id":"https:\/\/onurplast.az\/en\/#organization","name":"Suvarma,Ya\u011fmurlama v\u0259 Pivot Sisteml\u0259ri, Avtomatik Suvarma: Onur Plast","url":"https:\/\/onurplast.az\/en\/","logo":{"@type":"ImageObject","inLanguage":"en-US","@id":"https:\/\/onurplast.az\/en\/#\/schema\/logo\/image\/","url":"https:\/\/onurplast.az\/wp-content\/uploads\/Onur-Plast-Suvarma-Sistemleri-Logo2.svg","contentUrl":"https:\/\/onurplast.az\/wp-content\/uploads\/Onur-Plast-Suvarma-Sistemleri-Logo2.svg","width":569,"height":150,"caption":"Suvarma,Ya\u011fmurlama v\u0259 Pivot Sisteml\u0259ri, Avtomatik Suvarma: Onur Plast"},"image":{"@id":"https:\/\/onurplast.az\/en\/#\/schema\/logo\/image\/"},"sameAs":["https:\/\/www.facebook.com\/Onur-plast-110179870426347","https:\/\/www.instagram.com\/suvarma_onurplast\/","https:\/\/www.youtube.com\/channel\/UCjWsbKNIsj1tvovG9PD4Btg"]}]}},"_links":{"self":[{"href":"https:\/\/onurplast.az\/en\/wp-json\/wp\/v2\/product\/3429","targetHints":{"allow":["GET"]}}],"collection":[{"href":"https:\/\/onurplast.az\/en\/wp-json\/wp\/v2\/product"}],"about":[{"href":"https:\/\/onurplast.az\/en\/wp-json\/wp\/v2\/types\/product"}],"wp:featuredmedia":[{"embeddable":true,"href":"https:\/\/onurplast.az\/en\/wp-json\/wp\/v2\/media\/1090"}],"wp:attachment":[{"href":"https:\/\/onurplast.az\/en\/wp-json\/wp\/v2\/media?parent=3429"}],"wp:term":[{"taxonomy":"product_brand","embeddable":true,"href":"https:\/\/onurplast.az\/en\/wp-json\/wp\/v2\/product_brand?post=3429"},{"taxonomy":"product_cat","embeddable":true,"href":"https:\/\/onurplast.az\/en\/wp-json\/wp\/v2\/product_cat?post=3429"},{"taxonomy":"product_tag","embeddable":true,"href":"https:\/\/onurplast.az\/en\/wp-json\/wp\/v2\/product_tag?post=3429"}],"curies":[{"name":"wp","href":"https:\/\/api.w.org\/{rel}","templated":true}]}}