{"id":3479,"date":"2023-11-29T22:17:17","date_gmt":"2023-11-29T22:17:17","guid":{"rendered":"https:\/\/onurplast.az\/mehsullar\/uncategorized\/single-stage-gear-box-tractor-type-pumps\/"},"modified":"2024-01-17T00:49:49","modified_gmt":"2024-01-17T00:49:49","slug":"single-stage-gear-box-tractor-type-pumps","status":"publish","type":"product","link":"https:\/\/onurplast.az\/en\/products\/water-pumps\/tractor-type-water-pumps\/single-stage-gear-box-tractor-type-pumps\/","title":{"rendered":"Single Stage Gear Box Tractor Type Pumps"},"content":{"rendered":"<table>\n<tbody>\n<tr>\n<td rowspan=\"3\"><strong>POMPA<\/strong><br \/>\n<strong>T\u0130P\u0130<\/strong><\/td>\n<td rowspan=\"2\"><strong>G\u0130R\u0130\u015e \u2013 \u00c7IKI\u015e<\/strong><br \/>\n<strong>\u00c7API<\/strong><\/td>\n<td rowspan=\"2\"><strong>G\u00dc\u00c7<\/strong><\/td>\n<td colspan=\"6\"><strong>500 d\/dk\u2019da KAPAS\u0130TE<\/strong><\/td>\n<\/tr>\n<tr>\n<td><strong>Hm<\/strong><\/td>\n<td><strong>Debi<\/strong><\/td>\n<td><strong>Hm<\/strong><\/td>\n<td><strong>Debi<\/strong><\/td>\n<td><strong>Hm<\/strong><\/td>\n<td><strong>Debi<\/strong><\/td>\n<\/tr>\n<tr>\n<td><strong>\u0130n\u00e7<\/strong><\/td>\n<td><strong>hp<\/strong><\/td>\n<td><strong>Metre<\/strong><\/td>\n<td><strong>m3\/h<\/strong><\/td>\n<td><strong>Metre<\/strong><\/td>\n<td><strong>m3\/h<\/strong><\/td>\n<td><strong>Metre<\/strong><\/td>\n<td><strong>m3\/h<\/strong><\/td>\n<\/tr>\n<tr>\n<td>TSP 60<\/td>\n<td>4\u2033\/3\u2033<\/td>\n<td>30 HP<\/td>\n<td>75<\/td>\n<td>60<\/td>\n<td>70<\/td>\n<td><\/td>\n<td>50<\/td>\n<td>110<\/td>\n<\/tr>\n<tr>\n<td>TSP 60<\/td>\n<td>4\u2033\/4\u2033<\/td>\n<td>30 HP<\/td>\n<td>75<\/td>\n<td>60<\/td>\n<td>70<\/td>\n<td>80<\/td>\n<td>50<\/td>\n<td>110<\/td>\n<\/tr>\n<tr>\n<td>TSP 60<\/td>\n<td>5\u2033\/4\u2033<\/td>\n<td>30 HP<\/td>\n<td>75<\/td>\n<td>60<\/td>\n<td>70<\/td>\n<td>80<\/td>\n<td>50<\/td>\n<td>110<\/td>\n<\/tr>\n<tr>\n<td colspan=\"9\"><\/td>\n<\/tr>\n<tr>\n<td>TSP 80<\/td>\n<td>4\u2033\/4\u2033<\/td>\n<td>50 HP<\/td>\n<td>70<\/td>\n<td>100<\/td>\n<td>60<\/td>\n<td>140<\/td>\n<td>52<\/td>\n<td>160<\/td>\n<\/tr>\n<tr>\n<td>TSP 80<\/td>\n<td>5\u2033\/4\u2033<\/td>\n<td>50 HP<\/td>\n<td>70<\/td>\n<td>100<\/td>\n<td>60<\/td>\n<td>140<\/td>\n<td>52<\/td>\n<td>160<\/td>\n<\/tr>\n<tr>\n<td colspan=\"9\"><\/td>\n<\/tr>\n<tr>\n<td>TSP 100<\/td>\n<td>5\u2033\/5\u2033<\/td>\n<td>65 HP<\/td>\n<td>60<\/td>\n<td>150<\/td>\n<td>55<\/td>\n<td>200<\/td>\n<td>46<\/td>\n<td>250<\/td>\n<\/tr>\n<tr>\n<td>TSP 100<\/td>\n<td>6\u2033\/5\u2033<\/td>\n<td>65 HP<\/td>\n<td>60<\/td>\n<td>150<\/td>\n<td>55<\/td>\n<td>200<\/td>\n<td>46<\/td>\n<td>250<\/td>\n<\/tr>\n<tr>\n<td>TSP 100<\/td>\n<td>6\u2033\/6\u2033<\/td>\n<td>65 HP<\/td>\n<td>60<\/td>\n<td>150<\/td>\n<td>55<\/td>\n<td>200<\/td>\n<td>46<\/td>\n<td>250<\/td>\n<\/tr>\n<tr>\n<td colspan=\"9\"><\/td>\n<\/tr>\n<tr>\n<td>TSP 125<\/td>\n<td>6\u2033\/5\u2033<\/td>\n<td>70 HP<\/td>\n<td>80<\/td>\n<td>150<\/td>\n<td>70<\/td>\n<td>200<\/td>\n<td>60<\/td>\n<td>250<\/td>\n<\/tr>\n<tr>\n<td>TSP 125<\/td>\n<td>6\u2033\/6\u2033<\/td>\n<td>70 HP<\/td>\n<td>80<\/td>\n<td>150<\/td>\n<td>70<\/td>\n<td>200<\/td>\n<td>60<\/td>\n<td>250<\/td>\n<\/tr>\n<tr>\n<td colspan=\"9\"><\/td>\n<\/tr>\n<tr>\n<td>TSP 130<\/td>\n<td>6\u2033\/5\u2033<\/td>\n<td>80 HP<\/td>\n<td>80<\/td>\n<td>150<\/td>\n<td>70<\/td>\n<td>220<\/td>\n<td>60<\/td>\n<td>280<\/td>\n<\/tr>\n<tr>\n<td>TSP 130<\/td>\n<td>6\u2033\/6\u2033<\/td>\n<td>80 HP<\/td>\n<td>80<\/td>\n<td>150<\/td>\n<td>70<\/td>\n<td>220<\/td>\n<td>60<\/td>\n<td>280<\/td>\n<\/tr>\n<tr>\n<td colspan=\"9\"><\/td>\n<\/tr>\n<tr>\n<td>TSP 140<\/td>\n<td>6\u2033\/6\u2033<\/td>\n<td>90 HP<\/td>\n<td>52<\/td>\n<td>160<\/td>\n<td>50<\/td>\n<td>220<\/td>\n<td>45<\/td>\n<td>320<\/td>\n<\/tr>\n<tr>\n<td>TSP 140<\/td>\n<td>8\u2033\/6\u2033\/6\u2033<\/td>\n<td>90 HP<\/td>\n<td>52<\/td>\n<td>160<\/td>\n<td>50<\/td>\n<td>230<\/td>\n<td>45<\/td>\n<td>350<\/td>\n<\/tr>\n<tr>\n<td colspan=\"9\"><\/td>\n<\/tr>\n<tr>\n<td>TSP 150<\/td>\n<td>8\u2033\/6\u2033\/6\u2033<\/td>\n<td>70 HP<\/td>\n<td>30<\/td>\n<td>350<\/td>\n<td>27<\/td>\n<td>450<\/td>\n<td>22<\/td>\n<td>600<\/td>\n<\/tr>\n<tr>\n<td>TSP 150<\/td>\n<td>8\u2033\/8\u2033<\/td>\n<td>70 HP<\/td>\n<td>30<\/td>\n<td>350<\/td>\n<td>27<\/td>\n<td>450<\/td>\n<td>22<\/td>\n<td>600<\/td>\n<\/tr>\n<\/tbody>\n<\/table>\n","protected":false},"excerpt":{"rendered":"<p>POMPA T\u0130P\u0130 G\u0130R\u0130\u015e \u2013 \u00c7IKI\u015e \u00c7API G\u00dc\u00c7 500 d\/dk\u2019da KAPAS\u0130TE Hm Debi Hm Debi Hm Debi \u0130n\u00e7 hp Metre m3\/h Metre m3\/h Metre m3\/h TSP 60 4\u2033\/3\u2033 30 HP 75 60 70 50 110 TSP 60 4\u2033\/4\u2033 30 HP 75 60 70 80 50 110 TSP 60 5\u2033\/4\u2033 30 HP 75 60 70 80 50 [&hellip;]<\/p>\n","protected":false},"featured_media":1369,"template":"","meta":{"_acf_changed":false,"inline_featured_image":false},"product_brand":[],"product_cat":[315],"product_tag":[545,544,546],"class_list":{"0":"post-3479","1":"product","2":"type-product","3":"status-publish","4":"has-post-thumbnail","6":"product_cat-tractor-type-water-pumps","7":"product_tag-disli-qutulu-en","8":"product_tag-tk-pillli-en","9":"product_tag-traktor-tipi-nasos-en","11":"first","12":"instock","13":"shipping-taxable","14":"purchasable","15":"product-type-simple"},"acf":[],"yoast_head":"<!-- This site is optimized with the Yoast SEO plugin v27.5 - https:\/\/yoast.com\/product\/yoast-seo-wordpress\/ -->\n<title>Single Stage Gear Box Tractor Type Pumps - Avtomatik Suvarma Sisteml\u0259ri,Ya\u011fmurlama,Pivot Sisteml\u0259ri:Onur Plast<\/title>\n<meta name=\"robots\" content=\"index, follow, max-snippet:-1, max-image-preview:large, max-video-preview:-1\" \/>\n<link rel=\"canonical\" href=\"https:\/\/onurplast.az\/en\/products\/water-pumps\/tractor-type-water-pumps\/single-stage-gear-box-tractor-type-pumps\/\" \/>\n<meta property=\"og:locale\" content=\"en_US\" \/>\n<meta property=\"og:type\" content=\"article\" \/>\n<meta property=\"og:title\" content=\"Single Stage Gear Box Tractor Type Pumps - Avtomatik Suvarma Sisteml\u0259ri,Ya\u011fmurlama,Pivot Sisteml\u0259ri:Onur Plast\" \/>\n<meta property=\"og:description\" content=\"POMPA T\u0130P\u0130 G\u0130R\u0130\u015e \u2013 \u00c7IKI\u015e \u00c7API G\u00dc\u00c7 500 d\/dk\u2019da KAPAS\u0130TE Hm Debi Hm Debi Hm Debi \u0130n\u00e7 hp Metre m3\/h Metre m3\/h Metre m3\/h TSP 60 4\u2033\/3\u2033 30 HP 75 60 70 50 110 TSP 60 4\u2033\/4\u2033 30 HP 75 60 70 80 50 110 TSP 60 5\u2033\/4\u2033 30 HP 75 60 70 80 50 [&hellip;]\" \/>\n<meta property=\"og:url\" content=\"https:\/\/onurplast.az\/en\/products\/water-pumps\/tractor-type-water-pumps\/single-stage-gear-box-tractor-type-pumps\/\" \/>\n<meta property=\"og:site_name\" content=\"Avtomatik Suvarma Sisteml\u0259ri,Ya\u011fmurlama,Pivot Sisteml\u0259ri:Onur Plast\" \/>\n<meta property=\"article:publisher\" content=\"https:\/\/www.facebook.com\/Onur-plast-110179870426347\" \/>\n<meta property=\"article:modified_time\" content=\"2024-01-17T00:49:49+00:00\" \/>\n<meta property=\"og:image\" content=\"https:\/\/onurplast.az\/wp-content\/uploads\/TEK-PILLELI-DISLI-QUTULU-TRAKTOR-TIPI-NASOS.webp\" \/>\n\t<meta property=\"og:image:width\" content=\"600\" \/>\n\t<meta property=\"og:image:height\" content=\"600\" \/>\n\t<meta property=\"og:image:type\" content=\"image\/webp\" \/>\n<meta name=\"twitter:card\" content=\"summary_large_image\" \/>\n<script type=\"application\/ld+json\" class=\"yoast-schema-graph\">{\"@context\":\"https:\\\/\\\/schema.org\",\"@graph\":[{\"@type\":\"WebPage\",\"@id\":\"https:\\\/\\\/onurplast.az\\\/en\\\/products\\\/water-pumps\\\/tractor-type-water-pumps\\\/single-stage-gear-box-tractor-type-pumps\\\/\",\"url\":\"https:\\\/\\\/onurplast.az\\\/en\\\/products\\\/water-pumps\\\/tractor-type-water-pumps\\\/single-stage-gear-box-tractor-type-pumps\\\/\",\"name\":\"Single Stage Gear Box Tractor Type Pumps - Avtomatik Suvarma Sisteml\u0259ri,Ya\u011fmurlama,Pivot Sisteml\u0259ri:Onur Plast\",\"isPartOf\":{\"@id\":\"https:\\\/\\\/onurplast.az\\\/en\\\/#website\"},\"primaryImageOfPage\":{\"@id\":\"https:\\\/\\\/onurplast.az\\\/en\\\/products\\\/water-pumps\\\/tractor-type-water-pumps\\\/single-stage-gear-box-tractor-type-pumps\\\/#primaryimage\"},\"image\":{\"@id\":\"https:\\\/\\\/onurplast.az\\\/en\\\/products\\\/water-pumps\\\/tractor-type-water-pumps\\\/single-stage-gear-box-tractor-type-pumps\\\/#primaryimage\"},\"thumbnailUrl\":\"https:\\\/\\\/onurplast.az\\\/wp-content\\\/uploads\\\/TEK-PILLELI-DISLI-QUTULU-TRAKTOR-TIPI-NASOS.webp\",\"datePublished\":\"2023-11-29T22:17:17+00:00\",\"dateModified\":\"2024-01-17T00:49:49+00:00\",\"breadcrumb\":{\"@id\":\"https:\\\/\\\/onurplast.az\\\/en\\\/products\\\/water-pumps\\\/tractor-type-water-pumps\\\/single-stage-gear-box-tractor-type-pumps\\\/#breadcrumb\"},\"inLanguage\":\"en-US\",\"potentialAction\":[{\"@type\":\"ReadAction\",\"target\":[\"https:\\\/\\\/onurplast.az\\\/en\\\/products\\\/water-pumps\\\/tractor-type-water-pumps\\\/single-stage-gear-box-tractor-type-pumps\\\/\"]}]},{\"@type\":\"ImageObject\",\"inLanguage\":\"en-US\",\"@id\":\"https:\\\/\\\/onurplast.az\\\/en\\\/products\\\/water-pumps\\\/tractor-type-water-pumps\\\/single-stage-gear-box-tractor-type-pumps\\\/#primaryimage\",\"url\":\"https:\\\/\\\/onurplast.az\\\/wp-content\\\/uploads\\\/TEK-PILLELI-DISLI-QUTULU-TRAKTOR-TIPI-NASOS.webp\",\"contentUrl\":\"https:\\\/\\\/onurplast.az\\\/wp-content\\\/uploads\\\/TEK-PILLELI-DISLI-QUTULU-TRAKTOR-TIPI-NASOS.webp\",\"width\":600,\"height\":600,\"caption\":\"Single Stage Gear Box Tractor Type Pumps\"},{\"@type\":\"BreadcrumbList\",\"@id\":\"https:\\\/\\\/onurplast.az\\\/en\\\/products\\\/water-pumps\\\/tractor-type-water-pumps\\\/single-stage-gear-box-tractor-type-pumps\\\/#breadcrumb\",\"itemListElement\":[{\"@type\":\"ListItem\",\"position\":1,\"name\":\"\u018fsas S\u0259hif\u0259\",\"item\":\"https:\\\/\\\/onurplast.az\\\/en\\\/\"},{\"@type\":\"ListItem\",\"position\":2,\"name\":\"M\u0259hsullar\",\"item\":\"https:\\\/\\\/onurplast.az\\\/mehsullar\\\/\"},{\"@type\":\"ListItem\",\"position\":3,\"name\":\"Single Stage Gear Box Tractor Type Pumps\"}]},{\"@type\":\"WebSite\",\"@id\":\"https:\\\/\\\/onurplast.az\\\/en\\\/#website\",\"url\":\"https:\\\/\\\/onurplast.az\\\/en\\\/\",\"name\":\"Suvarma,Ya\u011fmurlama v\u0259 Pivot Sisteml\u0259ri, Avtomatik Suvarma: Onur Plast\",\"description\":\"Avtomatik Suvarma Sisteml\u0259ri,Ya\u011fmurlama,Pivot Sisteml\u0259ri:Onur Plast\",\"publisher\":{\"@id\":\"https:\\\/\\\/onurplast.az\\\/en\\\/#organization\"},\"potentialAction\":[{\"@type\":\"SearchAction\",\"target\":{\"@type\":\"EntryPoint\",\"urlTemplate\":\"https:\\\/\\\/onurplast.az\\\/en\\\/?s={search_term_string}\"},\"query-input\":{\"@type\":\"PropertyValueSpecification\",\"valueRequired\":true,\"valueName\":\"search_term_string\"}}],\"inLanguage\":\"en-US\"},{\"@type\":\"Organization\",\"@id\":\"https:\\\/\\\/onurplast.az\\\/en\\\/#organization\",\"name\":\"Suvarma,Ya\u011fmurlama v\u0259 Pivot Sisteml\u0259ri, Avtomatik Suvarma: Onur Plast\",\"url\":\"https:\\\/\\\/onurplast.az\\\/en\\\/\",\"logo\":{\"@type\":\"ImageObject\",\"inLanguage\":\"en-US\",\"@id\":\"https:\\\/\\\/onurplast.az\\\/en\\\/#\\\/schema\\\/logo\\\/image\\\/\",\"url\":\"https:\\\/\\\/onurplast.az\\\/wp-content\\\/uploads\\\/Onur-Plast-Suvarma-Sistemleri-Logo2.svg\",\"contentUrl\":\"https:\\\/\\\/onurplast.az\\\/wp-content\\\/uploads\\\/Onur-Plast-Suvarma-Sistemleri-Logo2.svg\",\"width\":569,\"height\":150,\"caption\":\"Suvarma,Ya\u011fmurlama v\u0259 Pivot Sisteml\u0259ri, Avtomatik Suvarma: Onur Plast\"},\"image\":{\"@id\":\"https:\\\/\\\/onurplast.az\\\/en\\\/#\\\/schema\\\/logo\\\/image\\\/\"},\"sameAs\":[\"https:\\\/\\\/www.facebook.com\\\/Onur-plast-110179870426347\",\"https:\\\/\\\/www.instagram.com\\\/suvarma_onurplast\\\/\",\"https:\\\/\\\/www.youtube.com\\\/channel\\\/UCjWsbKNIsj1tvovG9PD4Btg\"]}]}<\/script>\n<!-- \/ Yoast SEO plugin. -->","yoast_head_json":{"title":"Single Stage Gear Box Tractor Type Pumps - Avtomatik Suvarma Sisteml\u0259ri,Ya\u011fmurlama,Pivot Sisteml\u0259ri:Onur Plast","robots":{"index":"index","follow":"follow","max-snippet":"max-snippet:-1","max-image-preview":"max-image-preview:large","max-video-preview":"max-video-preview:-1"},"canonical":"https:\/\/onurplast.az\/en\/products\/water-pumps\/tractor-type-water-pumps\/single-stage-gear-box-tractor-type-pumps\/","og_locale":"en_US","og_type":"article","og_title":"Single Stage Gear Box Tractor Type Pumps - Avtomatik Suvarma Sisteml\u0259ri,Ya\u011fmurlama,Pivot Sisteml\u0259ri:Onur Plast","og_description":"POMPA T\u0130P\u0130 G\u0130R\u0130\u015e \u2013 \u00c7IKI\u015e \u00c7API G\u00dc\u00c7 500 d\/dk\u2019da KAPAS\u0130TE Hm Debi Hm Debi Hm Debi \u0130n\u00e7 hp Metre m3\/h Metre m3\/h Metre m3\/h TSP 60 4\u2033\/3\u2033 30 HP 75 60 70 50 110 TSP 60 4\u2033\/4\u2033 30 HP 75 60 70 80 50 110 TSP 60 5\u2033\/4\u2033 30 HP 75 60 70 80 50 [&hellip;]","og_url":"https:\/\/onurplast.az\/en\/products\/water-pumps\/tractor-type-water-pumps\/single-stage-gear-box-tractor-type-pumps\/","og_site_name":"Avtomatik Suvarma Sisteml\u0259ri,Ya\u011fmurlama,Pivot Sisteml\u0259ri:Onur Plast","article_publisher":"https:\/\/www.facebook.com\/Onur-plast-110179870426347","article_modified_time":"2024-01-17T00:49:49+00:00","og_image":[{"width":600,"height":600,"url":"https:\/\/onurplast.az\/wp-content\/uploads\/TEK-PILLELI-DISLI-QUTULU-TRAKTOR-TIPI-NASOS.webp","type":"image\/webp"}],"twitter_card":"summary_large_image","schema":{"@context":"https:\/\/schema.org","@graph":[{"@type":"WebPage","@id":"https:\/\/onurplast.az\/en\/products\/water-pumps\/tractor-type-water-pumps\/single-stage-gear-box-tractor-type-pumps\/","url":"https:\/\/onurplast.az\/en\/products\/water-pumps\/tractor-type-water-pumps\/single-stage-gear-box-tractor-type-pumps\/","name":"Single Stage Gear Box Tractor Type Pumps - Avtomatik Suvarma Sisteml\u0259ri,Ya\u011fmurlama,Pivot Sisteml\u0259ri:Onur Plast","isPartOf":{"@id":"https:\/\/onurplast.az\/en\/#website"},"primaryImageOfPage":{"@id":"https:\/\/onurplast.az\/en\/products\/water-pumps\/tractor-type-water-pumps\/single-stage-gear-box-tractor-type-pumps\/#primaryimage"},"image":{"@id":"https:\/\/onurplast.az\/en\/products\/water-pumps\/tractor-type-water-pumps\/single-stage-gear-box-tractor-type-pumps\/#primaryimage"},"thumbnailUrl":"https:\/\/onurplast.az\/wp-content\/uploads\/TEK-PILLELI-DISLI-QUTULU-TRAKTOR-TIPI-NASOS.webp","datePublished":"2023-11-29T22:17:17+00:00","dateModified":"2024-01-17T00:49:49+00:00","breadcrumb":{"@id":"https:\/\/onurplast.az\/en\/products\/water-pumps\/tractor-type-water-pumps\/single-stage-gear-box-tractor-type-pumps\/#breadcrumb"},"inLanguage":"en-US","potentialAction":[{"@type":"ReadAction","target":["https:\/\/onurplast.az\/en\/products\/water-pumps\/tractor-type-water-pumps\/single-stage-gear-box-tractor-type-pumps\/"]}]},{"@type":"ImageObject","inLanguage":"en-US","@id":"https:\/\/onurplast.az\/en\/products\/water-pumps\/tractor-type-water-pumps\/single-stage-gear-box-tractor-type-pumps\/#primaryimage","url":"https:\/\/onurplast.az\/wp-content\/uploads\/TEK-PILLELI-DISLI-QUTULU-TRAKTOR-TIPI-NASOS.webp","contentUrl":"https:\/\/onurplast.az\/wp-content\/uploads\/TEK-PILLELI-DISLI-QUTULU-TRAKTOR-TIPI-NASOS.webp","width":600,"height":600,"caption":"Single Stage Gear Box Tractor Type Pumps"},{"@type":"BreadcrumbList","@id":"https:\/\/onurplast.az\/en\/products\/water-pumps\/tractor-type-water-pumps\/single-stage-gear-box-tractor-type-pumps\/#breadcrumb","itemListElement":[{"@type":"ListItem","position":1,"name":"\u018fsas S\u0259hif\u0259","item":"https:\/\/onurplast.az\/en\/"},{"@type":"ListItem","position":2,"name":"M\u0259hsullar","item":"https:\/\/onurplast.az\/mehsullar\/"},{"@type":"ListItem","position":3,"name":"Single Stage Gear Box Tractor Type Pumps"}]},{"@type":"WebSite","@id":"https:\/\/onurplast.az\/en\/#website","url":"https:\/\/onurplast.az\/en\/","name":"Suvarma,Ya\u011fmurlama v\u0259 Pivot Sisteml\u0259ri, Avtomatik Suvarma: Onur Plast","description":"Avtomatik Suvarma Sisteml\u0259ri,Ya\u011fmurlama,Pivot Sisteml\u0259ri:Onur Plast","publisher":{"@id":"https:\/\/onurplast.az\/en\/#organization"},"potentialAction":[{"@type":"SearchAction","target":{"@type":"EntryPoint","urlTemplate":"https:\/\/onurplast.az\/en\/?s={search_term_string}"},"query-input":{"@type":"PropertyValueSpecification","valueRequired":true,"valueName":"search_term_string"}}],"inLanguage":"en-US"},{"@type":"Organization","@id":"https:\/\/onurplast.az\/en\/#organization","name":"Suvarma,Ya\u011fmurlama v\u0259 Pivot Sisteml\u0259ri, Avtomatik Suvarma: Onur Plast","url":"https:\/\/onurplast.az\/en\/","logo":{"@type":"ImageObject","inLanguage":"en-US","@id":"https:\/\/onurplast.az\/en\/#\/schema\/logo\/image\/","url":"https:\/\/onurplast.az\/wp-content\/uploads\/Onur-Plast-Suvarma-Sistemleri-Logo2.svg","contentUrl":"https:\/\/onurplast.az\/wp-content\/uploads\/Onur-Plast-Suvarma-Sistemleri-Logo2.svg","width":569,"height":150,"caption":"Suvarma,Ya\u011fmurlama v\u0259 Pivot Sisteml\u0259ri, Avtomatik Suvarma: Onur Plast"},"image":{"@id":"https:\/\/onurplast.az\/en\/#\/schema\/logo\/image\/"},"sameAs":["https:\/\/www.facebook.com\/Onur-plast-110179870426347","https:\/\/www.instagram.com\/suvarma_onurplast\/","https:\/\/www.youtube.com\/channel\/UCjWsbKNIsj1tvovG9PD4Btg"]}]}},"_links":{"self":[{"href":"https:\/\/onurplast.az\/en\/wp-json\/wp\/v2\/product\/3479","targetHints":{"allow":["GET"]}}],"collection":[{"href":"https:\/\/onurplast.az\/en\/wp-json\/wp\/v2\/product"}],"about":[{"href":"https:\/\/onurplast.az\/en\/wp-json\/wp\/v2\/types\/product"}],"wp:featuredmedia":[{"embeddable":true,"href":"https:\/\/onurplast.az\/en\/wp-json\/wp\/v2\/media\/1369"}],"wp:attachment":[{"href":"https:\/\/onurplast.az\/en\/wp-json\/wp\/v2\/media?parent=3479"}],"wp:term":[{"taxonomy":"product_brand","embeddable":true,"href":"https:\/\/onurplast.az\/en\/wp-json\/wp\/v2\/product_brand?post=3479"},{"taxonomy":"product_cat","embeddable":true,"href":"https:\/\/onurplast.az\/en\/wp-json\/wp\/v2\/product_cat?post=3479"},{"taxonomy":"product_tag","embeddable":true,"href":"https:\/\/onurplast.az\/en\/wp-json\/wp\/v2\/product_tag?post=3479"}],"curies":[{"name":"wp","href":"https:\/\/api.w.org\/{rel}","templated":true}]}}