{"id":3521,"date":"2023-11-15T23:19:32","date_gmt":"2023-11-15T23:19:32","guid":{"rendered":"https:\/\/onurplast.az\/mehsullar\/uncategorized\/%d0%bf%d0%bb%d0%b0%d1%81%d1%82%d0%b8%d0%ba%d0%be%d0%b2%d1%8b%d0%b9-%d0%b4%d0%b2%d0%be%d0%b9%d0%bd%d0%be%d0%b9-%d1%84%d0%b8%d0%bb%d1%8c%d1%82%d1%80\/"},"modified":"2023-11-15T23:19:32","modified_gmt":"2023-11-15T23:19:32","slug":"%d0%bf%d0%bb%d0%b0%d1%81%d1%82%d0%b8%d0%ba%d0%be%d0%b2%d1%8b%d0%b9-%d0%b4%d0%b2%d0%be%d0%b9%d0%bd%d0%be%d0%b9-%d1%84%d0%b8%d0%bb%d1%8c%d1%82%d1%80","status":"publish","type":"product","link":"https:\/\/onurplast.az\/ru\/produkti\/%d1%81%d0%b8%d1%81%d1%82%d0%b5%d0%bc%d1%8b-%d1%84%d0%b8%d0%bb%d1%8c%d1%82%d1%80%d0%b0%d1%86%d0%b8%d0%b8-%d0%b8-%d1%83%d0%b4%d0%be%d0%b1%d1%80%d0%b5%d0%bd%d0%b8%d1%8f\/%d0%bf%d0%bb%d0%b0%d1%81%d1%82%d0%b8%d0%ba%d0%be%d0%b2%d1%8b%d0%b5-%d1%84%d0%b8%d0%bb%d1%8c%d1%82%d1%80%d1%8b\/%d0%bf%d0%bb%d0%b0%d1%81%d1%82%d0%b8%d0%ba%d0%be%d0%b2%d1%8b%d0%b9-%d0%b4%d0%b2%d0%be%d0%b9%d0%bd%d0%be%d0%b9-%d1%84%d0%b8%d0%bb%d1%8c%d1%82%d1%80\/","title":{"rendered":"\u041f\u043b\u0430\u0441\u0442\u0438\u043a\u043e\u0432\u044b\u0439 \u0414\u0432\u043e\u0439\u043d\u043e\u0439 \u0424\u0438\u043b\u044c\u0442\u0440"},"content":{"rendered":"<table>\n<tbody>\n<tr>\n<td colspan=\"2\"><strong>\u00dcr\u00fcn<\/strong><br \/>\n<strong>Product<\/strong><\/td>\n<td colspan=\"2\"><strong>A-B-D<\/strong><br \/>\n<strong>Giri\u015f-Tahliye-\u00c7\u0131k\u0131\u015f<\/strong><br \/>\n<strong>Input-Discharge-Output<\/strong><\/td>\n<td rowspan=\"2\"><strong>H<\/strong><br \/>\n<strong>Y\u00fckseklik<\/strong><br \/>\n<strong>Height<\/strong><\/td>\n<td rowspan=\"2\"><strong>L<\/strong><br \/>\n<strong>Geni\u015flik<\/strong><br \/>\n<strong>Width<\/strong><\/td>\n<td rowspan=\"2\"><strong>F<\/strong><br \/>\n<strong>Tahliye \u00c7\u0131k\u0131\u015f\u0131<\/strong><br \/>\n<strong>Output<\/strong><\/td>\n<td rowspan=\"2\"><strong>G<\/strong><br \/>\n<strong>Manometre<\/strong><br \/>\n<strong>Manometer<\/strong><\/td>\n<td rowspan=\"2\"><strong>C<\/strong><br \/>\n<strong>Ta\u015f\u0131ma Kapasitesi<\/strong><br \/>\n<strong>Capacity<\/strong><\/td>\n<td rowspan=\"2\"><strong>I<\/strong><br \/>\n<strong>\u00c7al\u0131\u015fma Bas\u0131nc\u0131<\/strong><br \/>\n<strong>Bar-At\u00fc<\/strong><\/td>\n<td rowspan=\"2\"><strong>J<\/strong><br \/>\n<strong>A\u011f\u0131rl\u0131\u011f\u0131<\/strong><br \/>\n<strong>Weight<\/strong><\/td>\n<\/tr>\n<tr>\n<td>Kod<br \/>\nCode<\/td>\n<td>A\u00e7\u0131klama<br \/>\nExplanation<\/td>\n<td>Inc<\/td>\n<td>\u00d8-mm.<\/td>\n<\/tr>\n<tr>\n<td>AZ-17001<\/td>\n<td>Grand<\/td>\n<td>4&#8243;<\/td>\n<td>110mm.<\/td>\n<td>120<\/td>\n<td>35<\/td>\n<td>3\/4&#8243;<\/td>\n<td>1\/4&#8243;<\/td>\n<td>80<\/td>\n<td>8<\/td>\n<td>15,50 kg<\/td>\n<\/tr>\n<tr>\n<td>AZ-17002<\/td>\n<td>Grand<\/td>\n<td>3&#8243;<\/td>\n<td>90mm.<\/td>\n<td>120<\/td>\n<td>35<\/td>\n<td>3\/4&#8243;<\/td>\n<td>1\/4&#8243;<\/td>\n<td>70<\/td>\n<td>8<\/td>\n<td>15,40 kg<\/td>\n<\/tr>\n<tr>\n<td>AZ-17019<\/td>\n<td>Normal<\/td>\n<td>4&#8243;<\/td>\n<td>110mm.<\/td>\n<td>100<\/td>\n<td>35<\/td>\n<td>3\/4&#8243;<\/td>\n<td>1\/4&#8243;<\/td>\n<td>70<\/td>\n<td>8<\/td>\n<td>13,90 kg<\/td>\n<\/tr>\n<tr>\n<td>AZ-17020<\/td>\n<td>Normal<\/td>\n<td>3&#8243;<\/td>\n<td>90mm.<\/td>\n<td>100<\/td>\n<td>35<\/td>\n<td>3\/4&#8243;<\/td>\n<td>1\/4&#8243;<\/td>\n<td>60<\/td>\n<td>8<\/td>\n<td>13,80 kg<\/td>\n<\/tr>\n<\/tbody>\n<\/table>\n","protected":false},"excerpt":{"rendered":"<p>\u00dcr\u00fcn Product A-B-D Giri\u015f-Tahliye-\u00c7\u0131k\u0131\u015f Input-Discharge-Output H Y\u00fckseklik Height L Geni\u015flik Width F Tahliye \u00c7\u0131k\u0131\u015f\u0131 Output G Manometre Manometer C Ta\u015f\u0131ma Kapasitesi Capacity I \u00c7al\u0131\u015fma Bas\u0131nc\u0131 Bar-At\u00fc J A\u011f\u0131rl\u0131\u011f\u0131 Weight Kod Code A\u00e7\u0131klama Explanation Inc \u00d8-mm. AZ-17001 Grand 4&#8243; 110mm. 120 35 3\/4&#8243; 1\/4&#8243; 80 8 15,50 kg AZ-17002 Grand 3&#8243; 90mm. 120 35 3\/4&#8243; 1\/4&#8243; [&hellip;]<\/p>\n","protected":false},"featured_media":521,"template":"","meta":{"_acf_changed":false,"inline_featured_image":false},"product_brand":[],"product_cat":[337],"product_tag":[575,576],"class_list":{"0":"post-3521","1":"product","2":"type-product","3":"status-publish","4":"has-post-thumbnail","6":"product_cat-337","7":"product_tag-filtr-ru","8":"product_tag-plastik-double-ru","10":"first","11":"instock","12":"shipping-taxable","13":"purchasable","14":"product-type-simple"},"acf":[],"yoast_head":"<!-- This site is optimized with the Yoast SEO plugin v27.4 - https:\/\/yoast.com\/product\/yoast-seo-wordpress\/ -->\n<title>\u041f\u043b\u0430\u0441\u0442\u0438\u043a\u043e\u0432\u044b\u0439 \u0414\u0432\u043e\u0439\u043d\u043e\u0439 \u0424\u0438\u043b\u044c\u0442\u0440 - Avtomatik Suvarma Sisteml\u0259ri,Ya\u011fmurlama,Pivot Sisteml\u0259ri:Onur Plast<\/title>\n<meta name=\"robots\" content=\"index, follow, max-snippet:-1, max-image-preview:large, max-video-preview:-1\" \/>\n<link rel=\"canonical\" href=\"https:\/\/onurplast.az\/ru\/produkti\/%d1%81%d0%b8%d1%81%d1%82%d0%b5%d0%bc%d1%8b-%d1%84%d0%b8%d0%bb%d1%8c%d1%82%d1%80%d0%b0%d1%86%d0%b8%d0%b8-%d0%b8-%d1%83%d0%b4%d0%be%d0%b1%d1%80%d0%b5%d0%bd%d0%b8%d1%8f\/%d0%bf%d0%bb%d0%b0%d1%81%d1%82%d0%b8%d0%ba%d0%be%d0%b2%d1%8b%d0%b5-%d1%84%d0%b8%d0%bb%d1%8c%d1%82%d1%80%d1%8b\/%d0%bf%d0%bb%d0%b0%d1%81%d1%82%d0%b8%d0%ba%d0%be%d0%b2%d1%8b%d0%b9-%d0%b4%d0%b2%d0%be%d0%b9%d0%bd%d0%be%d0%b9-%d1%84%d0%b8%d0%bb%d1%8c%d1%82%d1%80\/\" \/>\n<meta property=\"og:locale\" content=\"ru_RU\" \/>\n<meta property=\"og:type\" content=\"article\" \/>\n<meta property=\"og:title\" content=\"\u041f\u043b\u0430\u0441\u0442\u0438\u043a\u043e\u0432\u044b\u0439 \u0414\u0432\u043e\u0439\u043d\u043e\u0439 \u0424\u0438\u043b\u044c\u0442\u0440 - Avtomatik Suvarma Sisteml\u0259ri,Ya\u011fmurlama,Pivot Sisteml\u0259ri:Onur Plast\" \/>\n<meta property=\"og:description\" content=\"\u00dcr\u00fcn Product A-B-D Giri\u015f-Tahliye-\u00c7\u0131k\u0131\u015f Input-Discharge-Output H Y\u00fckseklik Height L Geni\u015flik Width F Tahliye \u00c7\u0131k\u0131\u015f\u0131 Output G Manometre Manometer C Ta\u015f\u0131ma Kapasitesi Capacity I \u00c7al\u0131\u015fma Bas\u0131nc\u0131 Bar-At\u00fc J A\u011f\u0131rl\u0131\u011f\u0131 Weight Kod Code A\u00e7\u0131klama Explanation Inc \u00d8-mm. AZ-17001 Grand 4&#8243; 110mm. 120 35 3\/4&#8243; 1\/4&#8243; 80 8 15,50 kg AZ-17002 Grand 3&#8243; 90mm. 120 35 3\/4&#8243; 1\/4&#8243; [&hellip;]\" \/>\n<meta property=\"og:url\" content=\"https:\/\/onurplast.az\/ru\/produkti\/%d1%81%d0%b8%d1%81%d1%82%d0%b5%d0%bc%d1%8b-%d1%84%d0%b8%d0%bb%d1%8c%d1%82%d1%80%d0%b0%d1%86%d0%b8%d0%b8-%d0%b8-%d1%83%d0%b4%d0%be%d0%b1%d1%80%d0%b5%d0%bd%d0%b8%d1%8f\/%d0%bf%d0%bb%d0%b0%d1%81%d1%82%d0%b8%d0%ba%d0%be%d0%b2%d1%8b%d0%b5-%d1%84%d0%b8%d0%bb%d1%8c%d1%82%d1%80%d1%8b\/%d0%bf%d0%bb%d0%b0%d1%81%d1%82%d0%b8%d0%ba%d0%be%d0%b2%d1%8b%d0%b9-%d0%b4%d0%b2%d0%be%d0%b9%d0%bd%d0%be%d0%b9-%d1%84%d0%b8%d0%bb%d1%8c%d1%82%d1%80\/\" \/>\n<meta property=\"og:site_name\" content=\"Avtomatik Suvarma Sisteml\u0259ri,Ya\u011fmurlama,Pivot Sisteml\u0259ri:Onur Plast\" \/>\n<meta property=\"article:publisher\" content=\"https:\/\/www.facebook.com\/Onur-plast-110179870426347\" \/>\n<meta name=\"twitter:card\" content=\"summary_large_image\" \/>\n<script type=\"application\/ld+json\" class=\"yoast-schema-graph\">{\"@context\":\"https:\\\/\\\/schema.org\",\"@graph\":[{\"@type\":\"WebPage\",\"@id\":\"https:\\\/\\\/onurplast.az\\\/ru\\\/produkti\\\/%d1%81%d0%b8%d1%81%d1%82%d0%b5%d0%bc%d1%8b-%d1%84%d0%b8%d0%bb%d1%8c%d1%82%d1%80%d0%b0%d1%86%d0%b8%d0%b8-%d0%b8-%d1%83%d0%b4%d0%be%d0%b1%d1%80%d0%b5%d0%bd%d0%b8%d1%8f\\\/%d0%bf%d0%bb%d0%b0%d1%81%d1%82%d0%b8%d0%ba%d0%be%d0%b2%d1%8b%d0%b5-%d1%84%d0%b8%d0%bb%d1%8c%d1%82%d1%80%d1%8b\\\/%d0%bf%d0%bb%d0%b0%d1%81%d1%82%d0%b8%d0%ba%d0%be%d0%b2%d1%8b%d0%b9-%d0%b4%d0%b2%d0%be%d0%b9%d0%bd%d0%be%d0%b9-%d1%84%d0%b8%d0%bb%d1%8c%d1%82%d1%80\\\/\",\"url\":\"https:\\\/\\\/onurplast.az\\\/ru\\\/produkti\\\/%d1%81%d0%b8%d1%81%d1%82%d0%b5%d0%bc%d1%8b-%d1%84%d0%b8%d0%bb%d1%8c%d1%82%d1%80%d0%b0%d1%86%d0%b8%d0%b8-%d0%b8-%d1%83%d0%b4%d0%be%d0%b1%d1%80%d0%b5%d0%bd%d0%b8%d1%8f\\\/%d0%bf%d0%bb%d0%b0%d1%81%d1%82%d0%b8%d0%ba%d0%be%d0%b2%d1%8b%d0%b5-%d1%84%d0%b8%d0%bb%d1%8c%d1%82%d1%80%d1%8b\\\/%d0%bf%d0%bb%d0%b0%d1%81%d1%82%d0%b8%d0%ba%d0%be%d0%b2%d1%8b%d0%b9-%d0%b4%d0%b2%d0%be%d0%b9%d0%bd%d0%be%d0%b9-%d1%84%d0%b8%d0%bb%d1%8c%d1%82%d1%80\\\/\",\"name\":\"\u041f\u043b\u0430\u0441\u0442\u0438\u043a\u043e\u0432\u044b\u0439 \u0414\u0432\u043e\u0439\u043d\u043e\u0439 \u0424\u0438\u043b\u044c\u0442\u0440 - Avtomatik Suvarma Sisteml\u0259ri,Ya\u011fmurlama,Pivot Sisteml\u0259ri:Onur Plast\",\"isPartOf\":{\"@id\":\"https:\\\/\\\/onurplast.az\\\/ru\\\/#website\"},\"primaryImageOfPage\":{\"@id\":\"https:\\\/\\\/onurplast.az\\\/ru\\\/produkti\\\/%d1%81%d0%b8%d1%81%d1%82%d0%b5%d0%bc%d1%8b-%d1%84%d0%b8%d0%bb%d1%8c%d1%82%d1%80%d0%b0%d1%86%d0%b8%d0%b8-%d0%b8-%d1%83%d0%b4%d0%be%d0%b1%d1%80%d0%b5%d0%bd%d0%b8%d1%8f\\\/%d0%bf%d0%bb%d0%b0%d1%81%d1%82%d0%b8%d0%ba%d0%be%d0%b2%d1%8b%d0%b5-%d1%84%d0%b8%d0%bb%d1%8c%d1%82%d1%80%d1%8b\\\/%d0%bf%d0%bb%d0%b0%d1%81%d1%82%d0%b8%d0%ba%d0%be%d0%b2%d1%8b%d0%b9-%d0%b4%d0%b2%d0%be%d0%b9%d0%bd%d0%be%d0%b9-%d1%84%d0%b8%d0%bb%d1%8c%d1%82%d1%80\\\/#primaryimage\"},\"image\":{\"@id\":\"https:\\\/\\\/onurplast.az\\\/ru\\\/produkti\\\/%d1%81%d0%b8%d1%81%d1%82%d0%b5%d0%bc%d1%8b-%d1%84%d0%b8%d0%bb%d1%8c%d1%82%d1%80%d0%b0%d1%86%d0%b8%d0%b8-%d0%b8-%d1%83%d0%b4%d0%be%d0%b1%d1%80%d0%b5%d0%bd%d0%b8%d1%8f\\\/%d0%bf%d0%bb%d0%b0%d1%81%d1%82%d0%b8%d0%ba%d0%be%d0%b2%d1%8b%d0%b5-%d1%84%d0%b8%d0%bb%d1%8c%d1%82%d1%80%d1%8b\\\/%d0%bf%d0%bb%d0%b0%d1%81%d1%82%d0%b8%d0%ba%d0%be%d0%b2%d1%8b%d0%b9-%d0%b4%d0%b2%d0%be%d0%b9%d0%bd%d0%be%d0%b9-%d1%84%d0%b8%d0%bb%d1%8c%d1%82%d1%80\\\/#primaryimage\"},\"thumbnailUrl\":\"https:\\\/\\\/onurplast.az\\\/wp-content\\\/uploads\\\/PLASTIK-DOUBLE-FILTR.webp\",\"datePublished\":\"2023-11-15T23:19:32+00:00\",\"breadcrumb\":{\"@id\":\"https:\\\/\\\/onurplast.az\\\/ru\\\/produkti\\\/%d1%81%d0%b8%d1%81%d1%82%d0%b5%d0%bc%d1%8b-%d1%84%d0%b8%d0%bb%d1%8c%d1%82%d1%80%d0%b0%d1%86%d0%b8%d0%b8-%d0%b8-%d1%83%d0%b4%d0%be%d0%b1%d1%80%d0%b5%d0%bd%d0%b8%d1%8f\\\/%d0%bf%d0%bb%d0%b0%d1%81%d1%82%d0%b8%d0%ba%d0%be%d0%b2%d1%8b%d0%b5-%d1%84%d0%b8%d0%bb%d1%8c%d1%82%d1%80%d1%8b\\\/%d0%bf%d0%bb%d0%b0%d1%81%d1%82%d0%b8%d0%ba%d0%be%d0%b2%d1%8b%d0%b9-%d0%b4%d0%b2%d0%be%d0%b9%d0%bd%d0%be%d0%b9-%d1%84%d0%b8%d0%bb%d1%8c%d1%82%d1%80\\\/#breadcrumb\"},\"inLanguage\":\"ru-RU\",\"potentialAction\":[{\"@type\":\"ReadAction\",\"target\":[\"https:\\\/\\\/onurplast.az\\\/ru\\\/produkti\\\/%d1%81%d0%b8%d1%81%d1%82%d0%b5%d0%bc%d1%8b-%d1%84%d0%b8%d0%bb%d1%8c%d1%82%d1%80%d0%b0%d1%86%d0%b8%d0%b8-%d0%b8-%d1%83%d0%b4%d0%be%d0%b1%d1%80%d0%b5%d0%bd%d0%b8%d1%8f\\\/%d0%bf%d0%bb%d0%b0%d1%81%d1%82%d0%b8%d0%ba%d0%be%d0%b2%d1%8b%d0%b5-%d1%84%d0%b8%d0%bb%d1%8c%d1%82%d1%80%d1%8b\\\/%d0%bf%d0%bb%d0%b0%d1%81%d1%82%d0%b8%d0%ba%d0%be%d0%b2%d1%8b%d0%b9-%d0%b4%d0%b2%d0%be%d0%b9%d0%bd%d0%be%d0%b9-%d1%84%d0%b8%d0%bb%d1%8c%d1%82%d1%80\\\/\"]}]},{\"@type\":\"ImageObject\",\"inLanguage\":\"ru-RU\",\"@id\":\"https:\\\/\\\/onurplast.az\\\/ru\\\/produkti\\\/%d1%81%d0%b8%d1%81%d1%82%d0%b5%d0%bc%d1%8b-%d1%84%d0%b8%d0%bb%d1%8c%d1%82%d1%80%d0%b0%d1%86%d0%b8%d0%b8-%d0%b8-%d1%83%d0%b4%d0%be%d0%b1%d1%80%d0%b5%d0%bd%d0%b8%d1%8f\\\/%d0%bf%d0%bb%d0%b0%d1%81%d1%82%d0%b8%d0%ba%d0%be%d0%b2%d1%8b%d0%b5-%d1%84%d0%b8%d0%bb%d1%8c%d1%82%d1%80%d1%8b\\\/%d0%bf%d0%bb%d0%b0%d1%81%d1%82%d0%b8%d0%ba%d0%be%d0%b2%d1%8b%d0%b9-%d0%b4%d0%b2%d0%be%d0%b9%d0%bd%d0%be%d0%b9-%d1%84%d0%b8%d0%bb%d1%8c%d1%82%d1%80\\\/#primaryimage\",\"url\":\"https:\\\/\\\/onurplast.az\\\/wp-content\\\/uploads\\\/PLASTIK-DOUBLE-FILTR.webp\",\"contentUrl\":\"https:\\\/\\\/onurplast.az\\\/wp-content\\\/uploads\\\/PLASTIK-DOUBLE-FILTR.webp\",\"width\":600,\"height\":600,\"caption\":\"\u041f\u043b\u0430\u0441\u0442\u0438\u043a\u043e\u0432\u044b\u0439 \u0414\u0432\u043e\u0439\u043d\u043e\u0439 \u0424\u0438\u043b\u044c\u0442\u0440\"},{\"@type\":\"BreadcrumbList\",\"@id\":\"https:\\\/\\\/onurplast.az\\\/ru\\\/produkti\\\/%d1%81%d0%b8%d1%81%d1%82%d0%b5%d0%bc%d1%8b-%d1%84%d0%b8%d0%bb%d1%8c%d1%82%d1%80%d0%b0%d1%86%d0%b8%d0%b8-%d0%b8-%d1%83%d0%b4%d0%be%d0%b1%d1%80%d0%b5%d0%bd%d0%b8%d1%8f\\\/%d0%bf%d0%bb%d0%b0%d1%81%d1%82%d0%b8%d0%ba%d0%be%d0%b2%d1%8b%d0%b5-%d1%84%d0%b8%d0%bb%d1%8c%d1%82%d1%80%d1%8b\\\/%d0%bf%d0%bb%d0%b0%d1%81%d1%82%d0%b8%d0%ba%d0%be%d0%b2%d1%8b%d0%b9-%d0%b4%d0%b2%d0%be%d0%b9%d0%bd%d0%be%d0%b9-%d1%84%d0%b8%d0%bb%d1%8c%d1%82%d1%80\\\/#breadcrumb\",\"itemListElement\":[{\"@type\":\"ListItem\",\"position\":1,\"name\":\"\u018fsas S\u0259hif\u0259\",\"item\":\"https:\\\/\\\/onurplast.az\\\/ru\\\/\"},{\"@type\":\"ListItem\",\"position\":2,\"name\":\"M\u0259hsullar\",\"item\":\"https:\\\/\\\/onurplast.az\\\/mehsullar\\\/\"},{\"@type\":\"ListItem\",\"position\":3,\"name\":\"\u041f\u043b\u0430\u0441\u0442\u0438\u043a\u043e\u0432\u044b\u0439 \u0414\u0432\u043e\u0439\u043d\u043e\u0439 \u0424\u0438\u043b\u044c\u0442\u0440\"}]},{\"@type\":\"WebSite\",\"@id\":\"https:\\\/\\\/onurplast.az\\\/ru\\\/#website\",\"url\":\"https:\\\/\\\/onurplast.az\\\/ru\\\/\",\"name\":\"Suvarma,Ya\u011fmurlama v\u0259 Pivot Sisteml\u0259ri, Avtomatik Suvarma: Onur Plast\",\"description\":\"Avtomatik Suvarma Sisteml\u0259ri,Ya\u011fmurlama,Pivot Sisteml\u0259ri:Onur Plast\",\"publisher\":{\"@id\":\"https:\\\/\\\/onurplast.az\\\/ru\\\/#organization\"},\"potentialAction\":[{\"@type\":\"SearchAction\",\"target\":{\"@type\":\"EntryPoint\",\"urlTemplate\":\"https:\\\/\\\/onurplast.az\\\/ru\\\/?s={search_term_string}\"},\"query-input\":{\"@type\":\"PropertyValueSpecification\",\"valueRequired\":true,\"valueName\":\"search_term_string\"}}],\"inLanguage\":\"ru-RU\"},{\"@type\":\"Organization\",\"@id\":\"https:\\\/\\\/onurplast.az\\\/ru\\\/#organization\",\"name\":\"Suvarma,Ya\u011fmurlama v\u0259 Pivot Sisteml\u0259ri, Avtomatik Suvarma: Onur Plast\",\"url\":\"https:\\\/\\\/onurplast.az\\\/ru\\\/\",\"logo\":{\"@type\":\"ImageObject\",\"inLanguage\":\"ru-RU\",\"@id\":\"https:\\\/\\\/onurplast.az\\\/ru\\\/#\\\/schema\\\/logo\\\/image\\\/\",\"url\":\"https:\\\/\\\/onurplast.az\\\/wp-content\\\/uploads\\\/Onur-Plast-Suvarma-Sistemleri-Logo2.svg\",\"contentUrl\":\"https:\\\/\\\/onurplast.az\\\/wp-content\\\/uploads\\\/Onur-Plast-Suvarma-Sistemleri-Logo2.svg\",\"width\":569,\"height\":150,\"caption\":\"Suvarma,Ya\u011fmurlama v\u0259 Pivot Sisteml\u0259ri, Avtomatik Suvarma: Onur Plast\"},\"image\":{\"@id\":\"https:\\\/\\\/onurplast.az\\\/ru\\\/#\\\/schema\\\/logo\\\/image\\\/\"},\"sameAs\":[\"https:\\\/\\\/www.facebook.com\\\/Onur-plast-110179870426347\",\"https:\\\/\\\/www.instagram.com\\\/suvarma_onurplast\\\/\",\"https:\\\/\\\/www.youtube.com\\\/channel\\\/UCjWsbKNIsj1tvovG9PD4Btg\"]}]}<\/script>\n<!-- \/ Yoast SEO plugin. -->","yoast_head_json":{"title":"\u041f\u043b\u0430\u0441\u0442\u0438\u043a\u043e\u0432\u044b\u0439 \u0414\u0432\u043e\u0439\u043d\u043e\u0439 \u0424\u0438\u043b\u044c\u0442\u0440 - Avtomatik Suvarma Sisteml\u0259ri,Ya\u011fmurlama,Pivot Sisteml\u0259ri:Onur Plast","robots":{"index":"index","follow":"follow","max-snippet":"max-snippet:-1","max-image-preview":"max-image-preview:large","max-video-preview":"max-video-preview:-1"},"canonical":"https:\/\/onurplast.az\/ru\/produkti\/%d1%81%d0%b8%d1%81%d1%82%d0%b5%d0%bc%d1%8b-%d1%84%d0%b8%d0%bb%d1%8c%d1%82%d1%80%d0%b0%d1%86%d0%b8%d0%b8-%d0%b8-%d1%83%d0%b4%d0%be%d0%b1%d1%80%d0%b5%d0%bd%d0%b8%d1%8f\/%d0%bf%d0%bb%d0%b0%d1%81%d1%82%d0%b8%d0%ba%d0%be%d0%b2%d1%8b%d0%b5-%d1%84%d0%b8%d0%bb%d1%8c%d1%82%d1%80%d1%8b\/%d0%bf%d0%bb%d0%b0%d1%81%d1%82%d0%b8%d0%ba%d0%be%d0%b2%d1%8b%d0%b9-%d0%b4%d0%b2%d0%be%d0%b9%d0%bd%d0%be%d0%b9-%d1%84%d0%b8%d0%bb%d1%8c%d1%82%d1%80\/","og_locale":"ru_RU","og_type":"article","og_title":"\u041f\u043b\u0430\u0441\u0442\u0438\u043a\u043e\u0432\u044b\u0439 \u0414\u0432\u043e\u0439\u043d\u043e\u0439 \u0424\u0438\u043b\u044c\u0442\u0440 - Avtomatik Suvarma Sisteml\u0259ri,Ya\u011fmurlama,Pivot Sisteml\u0259ri:Onur Plast","og_description":"\u00dcr\u00fcn Product A-B-D Giri\u015f-Tahliye-\u00c7\u0131k\u0131\u015f Input-Discharge-Output H Y\u00fckseklik Height L Geni\u015flik Width F Tahliye \u00c7\u0131k\u0131\u015f\u0131 Output G Manometre Manometer C Ta\u015f\u0131ma Kapasitesi Capacity I \u00c7al\u0131\u015fma Bas\u0131nc\u0131 Bar-At\u00fc J A\u011f\u0131rl\u0131\u011f\u0131 Weight Kod Code A\u00e7\u0131klama Explanation Inc \u00d8-mm. AZ-17001 Grand 4&#8243; 110mm. 120 35 3\/4&#8243; 1\/4&#8243; 80 8 15,50 kg AZ-17002 Grand 3&#8243; 90mm. 120 35 3\/4&#8243; 1\/4&#8243; [&hellip;]","og_url":"https:\/\/onurplast.az\/ru\/produkti\/%d1%81%d0%b8%d1%81%d1%82%d0%b5%d0%bc%d1%8b-%d1%84%d0%b8%d0%bb%d1%8c%d1%82%d1%80%d0%b0%d1%86%d0%b8%d0%b8-%d0%b8-%d1%83%d0%b4%d0%be%d0%b1%d1%80%d0%b5%d0%bd%d0%b8%d1%8f\/%d0%bf%d0%bb%d0%b0%d1%81%d1%82%d0%b8%d0%ba%d0%be%d0%b2%d1%8b%d0%b5-%d1%84%d0%b8%d0%bb%d1%8c%d1%82%d1%80%d1%8b\/%d0%bf%d0%bb%d0%b0%d1%81%d1%82%d0%b8%d0%ba%d0%be%d0%b2%d1%8b%d0%b9-%d0%b4%d0%b2%d0%be%d0%b9%d0%bd%d0%be%d0%b9-%d1%84%d0%b8%d0%bb%d1%8c%d1%82%d1%80\/","og_site_name":"Avtomatik Suvarma Sisteml\u0259ri,Ya\u011fmurlama,Pivot Sisteml\u0259ri:Onur Plast","article_publisher":"https:\/\/www.facebook.com\/Onur-plast-110179870426347","twitter_card":"summary_large_image","schema":{"@context":"https:\/\/schema.org","@graph":[{"@type":"WebPage","@id":"https:\/\/onurplast.az\/ru\/produkti\/%d1%81%d0%b8%d1%81%d1%82%d0%b5%d0%bc%d1%8b-%d1%84%d0%b8%d0%bb%d1%8c%d1%82%d1%80%d0%b0%d1%86%d0%b8%d0%b8-%d0%b8-%d1%83%d0%b4%d0%be%d0%b1%d1%80%d0%b5%d0%bd%d0%b8%d1%8f\/%d0%bf%d0%bb%d0%b0%d1%81%d1%82%d0%b8%d0%ba%d0%be%d0%b2%d1%8b%d0%b5-%d1%84%d0%b8%d0%bb%d1%8c%d1%82%d1%80%d1%8b\/%d0%bf%d0%bb%d0%b0%d1%81%d1%82%d0%b8%d0%ba%d0%be%d0%b2%d1%8b%d0%b9-%d0%b4%d0%b2%d0%be%d0%b9%d0%bd%d0%be%d0%b9-%d1%84%d0%b8%d0%bb%d1%8c%d1%82%d1%80\/","url":"https:\/\/onurplast.az\/ru\/produkti\/%d1%81%d0%b8%d1%81%d1%82%d0%b5%d0%bc%d1%8b-%d1%84%d0%b8%d0%bb%d1%8c%d1%82%d1%80%d0%b0%d1%86%d0%b8%d0%b8-%d0%b8-%d1%83%d0%b4%d0%be%d0%b1%d1%80%d0%b5%d0%bd%d0%b8%d1%8f\/%d0%bf%d0%bb%d0%b0%d1%81%d1%82%d0%b8%d0%ba%d0%be%d0%b2%d1%8b%d0%b5-%d1%84%d0%b8%d0%bb%d1%8c%d1%82%d1%80%d1%8b\/%d0%bf%d0%bb%d0%b0%d1%81%d1%82%d0%b8%d0%ba%d0%be%d0%b2%d1%8b%d0%b9-%d0%b4%d0%b2%d0%be%d0%b9%d0%bd%d0%be%d0%b9-%d1%84%d0%b8%d0%bb%d1%8c%d1%82%d1%80\/","name":"\u041f\u043b\u0430\u0441\u0442\u0438\u043a\u043e\u0432\u044b\u0439 \u0414\u0432\u043e\u0439\u043d\u043e\u0439 \u0424\u0438\u043b\u044c\u0442\u0440 - Avtomatik Suvarma Sisteml\u0259ri,Ya\u011fmurlama,Pivot Sisteml\u0259ri:Onur Plast","isPartOf":{"@id":"https:\/\/onurplast.az\/ru\/#website"},"primaryImageOfPage":{"@id":"https:\/\/onurplast.az\/ru\/produkti\/%d1%81%d0%b8%d1%81%d1%82%d0%b5%d0%bc%d1%8b-%d1%84%d0%b8%d0%bb%d1%8c%d1%82%d1%80%d0%b0%d1%86%d0%b8%d0%b8-%d0%b8-%d1%83%d0%b4%d0%be%d0%b1%d1%80%d0%b5%d0%bd%d0%b8%d1%8f\/%d0%bf%d0%bb%d0%b0%d1%81%d1%82%d0%b8%d0%ba%d0%be%d0%b2%d1%8b%d0%b5-%d1%84%d0%b8%d0%bb%d1%8c%d1%82%d1%80%d1%8b\/%d0%bf%d0%bb%d0%b0%d1%81%d1%82%d0%b8%d0%ba%d0%be%d0%b2%d1%8b%d0%b9-%d0%b4%d0%b2%d0%be%d0%b9%d0%bd%d0%be%d0%b9-%d1%84%d0%b8%d0%bb%d1%8c%d1%82%d1%80\/#primaryimage"},"image":{"@id":"https:\/\/onurplast.az\/ru\/produkti\/%d1%81%d0%b8%d1%81%d1%82%d0%b5%d0%bc%d1%8b-%d1%84%d0%b8%d0%bb%d1%8c%d1%82%d1%80%d0%b0%d1%86%d0%b8%d0%b8-%d0%b8-%d1%83%d0%b4%d0%be%d0%b1%d1%80%d0%b5%d0%bd%d0%b8%d1%8f\/%d0%bf%d0%bb%d0%b0%d1%81%d1%82%d0%b8%d0%ba%d0%be%d0%b2%d1%8b%d0%b5-%d1%84%d0%b8%d0%bb%d1%8c%d1%82%d1%80%d1%8b\/%d0%bf%d0%bb%d0%b0%d1%81%d1%82%d0%b8%d0%ba%d0%be%d0%b2%d1%8b%d0%b9-%d0%b4%d0%b2%d0%be%d0%b9%d0%bd%d0%be%d0%b9-%d1%84%d0%b8%d0%bb%d1%8c%d1%82%d1%80\/#primaryimage"},"thumbnailUrl":"https:\/\/onurplast.az\/wp-content\/uploads\/PLASTIK-DOUBLE-FILTR.webp","datePublished":"2023-11-15T23:19:32+00:00","breadcrumb":{"@id":"https:\/\/onurplast.az\/ru\/produkti\/%d1%81%d0%b8%d1%81%d1%82%d0%b5%d0%bc%d1%8b-%d1%84%d0%b8%d0%bb%d1%8c%d1%82%d1%80%d0%b0%d1%86%d0%b8%d0%b8-%d0%b8-%d1%83%d0%b4%d0%be%d0%b1%d1%80%d0%b5%d0%bd%d0%b8%d1%8f\/%d0%bf%d0%bb%d0%b0%d1%81%d1%82%d0%b8%d0%ba%d0%be%d0%b2%d1%8b%d0%b5-%d1%84%d0%b8%d0%bb%d1%8c%d1%82%d1%80%d1%8b\/%d0%bf%d0%bb%d0%b0%d1%81%d1%82%d0%b8%d0%ba%d0%be%d0%b2%d1%8b%d0%b9-%d0%b4%d0%b2%d0%be%d0%b9%d0%bd%d0%be%d0%b9-%d1%84%d0%b8%d0%bb%d1%8c%d1%82%d1%80\/#breadcrumb"},"inLanguage":"ru-RU","potentialAction":[{"@type":"ReadAction","target":["https:\/\/onurplast.az\/ru\/produkti\/%d1%81%d0%b8%d1%81%d1%82%d0%b5%d0%bc%d1%8b-%d1%84%d0%b8%d0%bb%d1%8c%d1%82%d1%80%d0%b0%d1%86%d0%b8%d0%b8-%d0%b8-%d1%83%d0%b4%d0%be%d0%b1%d1%80%d0%b5%d0%bd%d0%b8%d1%8f\/%d0%bf%d0%bb%d0%b0%d1%81%d1%82%d0%b8%d0%ba%d0%be%d0%b2%d1%8b%d0%b5-%d1%84%d0%b8%d0%bb%d1%8c%d1%82%d1%80%d1%8b\/%d0%bf%d0%bb%d0%b0%d1%81%d1%82%d0%b8%d0%ba%d0%be%d0%b2%d1%8b%d0%b9-%d0%b4%d0%b2%d0%be%d0%b9%d0%bd%d0%be%d0%b9-%d1%84%d0%b8%d0%bb%d1%8c%d1%82%d1%80\/"]}]},{"@type":"ImageObject","inLanguage":"ru-RU","@id":"https:\/\/onurplast.az\/ru\/produkti\/%d1%81%d0%b8%d1%81%d1%82%d0%b5%d0%bc%d1%8b-%d1%84%d0%b8%d0%bb%d1%8c%d1%82%d1%80%d0%b0%d1%86%d0%b8%d0%b8-%d0%b8-%d1%83%d0%b4%d0%be%d0%b1%d1%80%d0%b5%d0%bd%d0%b8%d1%8f\/%d0%bf%d0%bb%d0%b0%d1%81%d1%82%d0%b8%d0%ba%d0%be%d0%b2%d1%8b%d0%b5-%d1%84%d0%b8%d0%bb%d1%8c%d1%82%d1%80%d1%8b\/%d0%bf%d0%bb%d0%b0%d1%81%d1%82%d0%b8%d0%ba%d0%be%d0%b2%d1%8b%d0%b9-%d0%b4%d0%b2%d0%be%d0%b9%d0%bd%d0%be%d0%b9-%d1%84%d0%b8%d0%bb%d1%8c%d1%82%d1%80\/#primaryimage","url":"https:\/\/onurplast.az\/wp-content\/uploads\/PLASTIK-DOUBLE-FILTR.webp","contentUrl":"https:\/\/onurplast.az\/wp-content\/uploads\/PLASTIK-DOUBLE-FILTR.webp","width":600,"height":600,"caption":"\u041f\u043b\u0430\u0441\u0442\u0438\u043a\u043e\u0432\u044b\u0439 \u0414\u0432\u043e\u0439\u043d\u043e\u0439 \u0424\u0438\u043b\u044c\u0442\u0440"},{"@type":"BreadcrumbList","@id":"https:\/\/onurplast.az\/ru\/produkti\/%d1%81%d0%b8%d1%81%d1%82%d0%b5%d0%bc%d1%8b-%d1%84%d0%b8%d0%bb%d1%8c%d1%82%d1%80%d0%b0%d1%86%d0%b8%d0%b8-%d0%b8-%d1%83%d0%b4%d0%be%d0%b1%d1%80%d0%b5%d0%bd%d0%b8%d1%8f\/%d0%bf%d0%bb%d0%b0%d1%81%d1%82%d0%b8%d0%ba%d0%be%d0%b2%d1%8b%d0%b5-%d1%84%d0%b8%d0%bb%d1%8c%d1%82%d1%80%d1%8b\/%d0%bf%d0%bb%d0%b0%d1%81%d1%82%d0%b8%d0%ba%d0%be%d0%b2%d1%8b%d0%b9-%d0%b4%d0%b2%d0%be%d0%b9%d0%bd%d0%be%d0%b9-%d1%84%d0%b8%d0%bb%d1%8c%d1%82%d1%80\/#breadcrumb","itemListElement":[{"@type":"ListItem","position":1,"name":"\u018fsas S\u0259hif\u0259","item":"https:\/\/onurplast.az\/ru\/"},{"@type":"ListItem","position":2,"name":"M\u0259hsullar","item":"https:\/\/onurplast.az\/mehsullar\/"},{"@type":"ListItem","position":3,"name":"\u041f\u043b\u0430\u0441\u0442\u0438\u043a\u043e\u0432\u044b\u0439 \u0414\u0432\u043e\u0439\u043d\u043e\u0439 \u0424\u0438\u043b\u044c\u0442\u0440"}]},{"@type":"WebSite","@id":"https:\/\/onurplast.az\/ru\/#website","url":"https:\/\/onurplast.az\/ru\/","name":"Suvarma,Ya\u011fmurlama v\u0259 Pivot Sisteml\u0259ri, Avtomatik Suvarma: Onur Plast","description":"Avtomatik Suvarma Sisteml\u0259ri,Ya\u011fmurlama,Pivot Sisteml\u0259ri:Onur Plast","publisher":{"@id":"https:\/\/onurplast.az\/ru\/#organization"},"potentialAction":[{"@type":"SearchAction","target":{"@type":"EntryPoint","urlTemplate":"https:\/\/onurplast.az\/ru\/?s={search_term_string}"},"query-input":{"@type":"PropertyValueSpecification","valueRequired":true,"valueName":"search_term_string"}}],"inLanguage":"ru-RU"},{"@type":"Organization","@id":"https:\/\/onurplast.az\/ru\/#organization","name":"Suvarma,Ya\u011fmurlama v\u0259 Pivot Sisteml\u0259ri, Avtomatik Suvarma: Onur Plast","url":"https:\/\/onurplast.az\/ru\/","logo":{"@type":"ImageObject","inLanguage":"ru-RU","@id":"https:\/\/onurplast.az\/ru\/#\/schema\/logo\/image\/","url":"https:\/\/onurplast.az\/wp-content\/uploads\/Onur-Plast-Suvarma-Sistemleri-Logo2.svg","contentUrl":"https:\/\/onurplast.az\/wp-content\/uploads\/Onur-Plast-Suvarma-Sistemleri-Logo2.svg","width":569,"height":150,"caption":"Suvarma,Ya\u011fmurlama v\u0259 Pivot Sisteml\u0259ri, Avtomatik Suvarma: Onur Plast"},"image":{"@id":"https:\/\/onurplast.az\/ru\/#\/schema\/logo\/image\/"},"sameAs":["https:\/\/www.facebook.com\/Onur-plast-110179870426347","https:\/\/www.instagram.com\/suvarma_onurplast\/","https:\/\/www.youtube.com\/channel\/UCjWsbKNIsj1tvovG9PD4Btg"]}]}},"_links":{"self":[{"href":"https:\/\/onurplast.az\/ru\/wp-json\/wp\/v2\/product\/3521","targetHints":{"allow":["GET"]}}],"collection":[{"href":"https:\/\/onurplast.az\/ru\/wp-json\/wp\/v2\/product"}],"about":[{"href":"https:\/\/onurplast.az\/ru\/wp-json\/wp\/v2\/types\/product"}],"wp:featuredmedia":[{"embeddable":true,"href":"https:\/\/onurplast.az\/ru\/wp-json\/wp\/v2\/media\/521"}],"wp:attachment":[{"href":"https:\/\/onurplast.az\/ru\/wp-json\/wp\/v2\/media?parent=3521"}],"wp:term":[{"taxonomy":"product_brand","embeddable":true,"href":"https:\/\/onurplast.az\/ru\/wp-json\/wp\/v2\/product_brand?post=3521"},{"taxonomy":"product_cat","embeddable":true,"href":"https:\/\/onurplast.az\/ru\/wp-json\/wp\/v2\/product_cat?post=3521"},{"taxonomy":"product_tag","embeddable":true,"href":"https:\/\/onurplast.az\/ru\/wp-json\/wp\/v2\/product_tag?post=3521"}],"curies":[{"name":"wp","href":"https:\/\/api.w.org\/{rel}","templated":true}]}}