{"id":3538,"date":"2023-11-16T23:05:55","date_gmt":"2023-11-16T23:05:55","guid":{"rendered":"https:\/\/onurplast.az\/mehsullar\/uncategorized\/%d0%b3%d1%80%d0%b0%d0%b2%d0%b8%d0%b9%d0%bd%d0%b0%d1%8f-%d1%81%d0%b8%d1%81%d1%82%d0%b5%d0%bc%d0%b0-%d0%bf%d0%bb%d0%b0%d1%81%d1%82%d0%b8%d0%ba%d0%be%d0%b2%d0%be%d0%b3%d0%be-%d0%b4%d0%b8%d1%81%d0%ba\/"},"modified":"2023-11-16T23:05:55","modified_gmt":"2023-11-16T23:05:55","slug":"%d0%b3%d1%80%d0%b0%d0%b2%d0%b8%d0%b9%d0%bd%d0%b0%d1%8f-%d1%81%d0%b8%d1%81%d1%82%d0%b5%d0%bc%d0%b0-%d0%bf%d0%bb%d0%b0%d1%81%d1%82%d0%b8%d0%ba%d0%be%d0%b2%d0%be%d0%b3%d0%be-%d0%b4%d0%b8%d1%81%d0%ba","status":"publish","type":"product","link":"https:\/\/onurplast.az\/ru\/produkti\/%d1%81%d0%b8%d1%81%d1%82%d0%b5%d0%bc%d1%8b-%d1%84%d0%b8%d0%bb%d1%8c%d1%82%d1%80%d0%b0%d1%86%d0%b8%d0%b8-%d0%b8-%d1%83%d0%b4%d0%be%d0%b1%d1%80%d0%b5%d0%bd%d0%b8%d1%8f\/%d1%81%d0%b8%d1%81%d1%82%d0%b5%d0%bc%d1%8b-%d1%84%d0%b8%d0%bb%d1%8c%d1%82%d1%80%d0%b0%d1%86%d0%b8%d0%b8\/%d0%b3%d1%80%d0%b0%d0%b2%d0%b8%d0%b9%d0%bd%d0%b0%d1%8f-%d1%81%d0%b8%d1%81%d1%82%d0%b5%d0%bc%d0%b0-%d0%bf%d0%bb%d0%b0%d1%81%d1%82%d0%b8%d0%ba%d0%be%d0%b2%d0%be%d0%b3%d0%be-%d0%b4%d0%b8%d1%81%d0%ba\/","title":{"rendered":"\u0413\u0440\u0430\u0432\u0438\u0439\u043d\u0430\u044f \u0421\u0438\u0441\u0442\u0435\u043c\u0430 \u041f\u043b\u0430\u0441\u0442\u0438\u043a\u043e\u0432\u043e\u0433\u043e \u0414\u0438\u0441\u043a\u043e\u0432\u043e\u0433\u043e \u0424\u0438\u043b\u044c\u0442\u0440\u0430 \u0411\u0430\u0439\u043f\u0430\u0441\u043d\u043e\u0433\u043e \u0422\u0438\u043f\u0430"},"content":{"rendered":"<table>\n<tbody>\n<tr>\n<td><strong>Kod<\/strong><\/p>\n<p><strong>Code<\/strong><\/td>\n<td><strong>\u00d6l\u00e7\u00fcs\u00fc<\/strong><\/p>\n<p><strong>Size<\/strong><\/td>\n<td><strong>Filtr Say\u0131 ve Diametri<\/strong><\/p>\n<p><strong>Filter Quantity and Diameter<\/strong><\/td>\n<td><strong>Su ke\u00e7iricilik<\/strong><\/p>\n<p><strong>Capacity m\u00b3\/h<\/strong><\/td>\n<\/tr>\n<tr>\n<td>AZ-YP-218<\/td>\n<td>2\u201d \/ DN50<\/td>\n<td>18\u201d\/45 cm<\/td>\n<td>8-18<\/td>\n<\/tr>\n<tr>\n<td>AZ-YP-255<\/td>\n<td>21\/2\u201d \/ DN75<\/td>\n<td>24\u201d\/60 cm<\/td>\n<td>14-30<\/td>\n<\/tr>\n<tr>\n<td>AZ-YP-325<\/td>\n<td>3\u201d \/ DN80<\/td>\n<td>24\u201d\/60 cm<\/td>\n<td>18-40<\/td>\n<\/tr>\n<tr>\n<td>AZ-YP-425<\/td>\n<td>4\u201d \/ DN100<\/td>\n<td>24\u201d\/60 cm<\/td>\n<td>20-50<\/td>\n<\/tr>\n<tr>\n<td>AZ-YP-336<\/td>\n<td>3\u201d \/ DN80<\/td>\n<td>36\u201d\/90 cm<\/td>\n<td>32-50<\/td>\n<\/tr>\n<tr>\n<td>AZ-YP-436<\/td>\n<td>4\u201d \/ DN100<\/td>\n<td>36\u201d\/90 cm<\/td>\n<td>34-60<\/td>\n<\/tr>\n<\/tbody>\n<\/table>\n","protected":false},"excerpt":{"rendered":"<p>Kod Code \u00d6l\u00e7\u00fcs\u00fc Size Filtr Say\u0131 ve Diametri Filter Quantity and Diameter Su ke\u00e7iricilik Capacity m\u00b3\/h AZ-YP-218 2\u201d \/ DN50 18\u201d\/45 cm 8-18 AZ-YP-255 21\/2\u201d \/ DN75 24\u201d\/60 cm 14-30 AZ-YP-325 3\u201d \/ DN80 24\u201d\/60 cm 18-40 AZ-YP-425 4\u201d \/ DN100 24\u201d\/60 cm 20-50 AZ-YP-336 3\u201d \/ DN80 36\u201d\/90 cm 32-50 AZ-YP-436 4\u201d \/ DN100 [&hellip;]<\/p>\n","protected":false},"featured_media":629,"template":"","meta":{"_acf_changed":false,"inline_featured_image":false},"product_brand":[],"product_cat":[339],"product_tag":[589],"class_list":{"0":"post-3538","1":"product","2":"type-product","3":"status-publish","4":"has-post-thumbnail","6":"product_cat-339","7":"product_tag-disk-filtreli-gravel-ru","9":"first","10":"instock","11":"shipping-taxable","12":"purchasable","13":"product-type-simple"},"acf":[],"yoast_head":"<!-- This site is optimized with the Yoast SEO plugin v27.4 - https:\/\/yoast.com\/product\/yoast-seo-wordpress\/ -->\n<title>\u0413\u0440\u0430\u0432\u0438\u0439\u043d\u0430\u044f \u0421\u0438\u0441\u0442\u0435\u043c\u0430 \u041f\u043b\u0430\u0441\u0442\u0438\u043a\u043e\u0432\u043e\u0433\u043e \u0414\u0438\u0441\u043a\u043e\u0432\u043e\u0433\u043e \u0424\u0438\u043b\u044c\u0442\u0440\u0430 \u0411\u0430\u0439\u043f\u0430\u0441\u043d\u043e\u0433\u043e \u0422\u0438\u043f\u0430 - Avtomatik Suvarma Sisteml\u0259ri,Ya\u011fmurlama,Pivot Sisteml\u0259ri:Onur Plast<\/title>\n<meta name=\"robots\" content=\"index, follow, max-snippet:-1, max-image-preview:large, max-video-preview:-1\" \/>\n<link rel=\"canonical\" href=\"https:\/\/onurplast.az\/ru\/produkti\/%d1%81%d0%b8%d1%81%d1%82%d0%b5%d0%bc%d1%8b-%d1%84%d0%b8%d0%bb%d1%8c%d1%82%d1%80%d0%b0%d1%86%d0%b8%d0%b8-%d0%b8-%d1%83%d0%b4%d0%be%d0%b1%d1%80%d0%b5%d0%bd%d0%b8%d1%8f\/%d1%81%d0%b8%d1%81%d1%82%d0%b5%d0%bc%d1%8b-%d1%84%d0%b8%d0%bb%d1%8c%d1%82%d1%80%d0%b0%d1%86%d0%b8%d0%b8\/%d0%b3%d1%80%d0%b0%d0%b2%d0%b8%d0%b9%d0%bd%d0%b0%d1%8f-%d1%81%d0%b8%d1%81%d1%82%d0%b5%d0%bc%d0%b0-%d0%bf%d0%bb%d0%b0%d1%81%d1%82%d0%b8%d0%ba%d0%be%d0%b2%d0%be%d0%b3%d0%be-%d0%b4%d0%b8%d1%81%d0%ba\/\" \/>\n<meta property=\"og:locale\" content=\"ru_RU\" \/>\n<meta property=\"og:type\" content=\"article\" \/>\n<meta property=\"og:title\" content=\"\u0413\u0440\u0430\u0432\u0438\u0439\u043d\u0430\u044f \u0421\u0438\u0441\u0442\u0435\u043c\u0430 \u041f\u043b\u0430\u0441\u0442\u0438\u043a\u043e\u0432\u043e\u0433\u043e \u0414\u0438\u0441\u043a\u043e\u0432\u043e\u0433\u043e \u0424\u0438\u043b\u044c\u0442\u0440\u0430 \u0411\u0430\u0439\u043f\u0430\u0441\u043d\u043e\u0433\u043e \u0422\u0438\u043f\u0430 - Avtomatik Suvarma Sisteml\u0259ri,Ya\u011fmurlama,Pivot Sisteml\u0259ri:Onur Plast\" \/>\n<meta property=\"og:description\" content=\"Kod Code \u00d6l\u00e7\u00fcs\u00fc Size Filtr Say\u0131 ve Diametri Filter Quantity and Diameter Su ke\u00e7iricilik Capacity m\u00b3\/h AZ-YP-218 2\u201d \/ DN50 18\u201d\/45 cm 8-18 AZ-YP-255 21\/2\u201d \/ DN75 24\u201d\/60 cm 14-30 AZ-YP-325 3\u201d \/ DN80 24\u201d\/60 cm 18-40 AZ-YP-425 4\u201d \/ DN100 24\u201d\/60 cm 20-50 AZ-YP-336 3\u201d \/ DN80 36\u201d\/90 cm 32-50 AZ-YP-436 4\u201d \/ DN100 [&hellip;]\" \/>\n<meta property=\"og:url\" content=\"https:\/\/onurplast.az\/ru\/produkti\/%d1%81%d0%b8%d1%81%d1%82%d0%b5%d0%bc%d1%8b-%d1%84%d0%b8%d0%bb%d1%8c%d1%82%d1%80%d0%b0%d1%86%d0%b8%d0%b8-%d0%b8-%d1%83%d0%b4%d0%be%d0%b1%d1%80%d0%b5%d0%bd%d0%b8%d1%8f\/%d1%81%d0%b8%d1%81%d1%82%d0%b5%d0%bc%d1%8b-%d1%84%d0%b8%d0%bb%d1%8c%d1%82%d1%80%d0%b0%d1%86%d0%b8%d0%b8\/%d0%b3%d1%80%d0%b0%d0%b2%d0%b8%d0%b9%d0%bd%d0%b0%d1%8f-%d1%81%d0%b8%d1%81%d1%82%d0%b5%d0%bc%d0%b0-%d0%bf%d0%bb%d0%b0%d1%81%d1%82%d0%b8%d0%ba%d0%be%d0%b2%d0%be%d0%b3%d0%be-%d0%b4%d0%b8%d1%81%d0%ba\/\" \/>\n<meta property=\"og:site_name\" content=\"Avtomatik Suvarma Sisteml\u0259ri,Ya\u011fmurlama,Pivot Sisteml\u0259ri:Onur Plast\" \/>\n<meta property=\"article:publisher\" content=\"https:\/\/www.facebook.com\/Onur-plast-110179870426347\" \/>\n<meta name=\"twitter:card\" content=\"summary_large_image\" \/>\n<script type=\"application\/ld+json\" class=\"yoast-schema-graph\">{\"@context\":\"https:\\\/\\\/schema.org\",\"@graph\":[{\"@type\":\"WebPage\",\"@id\":\"https:\\\/\\\/onurplast.az\\\/ru\\\/produkti\\\/%d1%81%d0%b8%d1%81%d1%82%d0%b5%d0%bc%d1%8b-%d1%84%d0%b8%d0%bb%d1%8c%d1%82%d1%80%d0%b0%d1%86%d0%b8%d0%b8-%d0%b8-%d1%83%d0%b4%d0%be%d0%b1%d1%80%d0%b5%d0%bd%d0%b8%d1%8f\\\/%d1%81%d0%b8%d1%81%d1%82%d0%b5%d0%bc%d1%8b-%d1%84%d0%b8%d0%bb%d1%8c%d1%82%d1%80%d0%b0%d1%86%d0%b8%d0%b8\\\/%d0%b3%d1%80%d0%b0%d0%b2%d0%b8%d0%b9%d0%bd%d0%b0%d1%8f-%d1%81%d0%b8%d1%81%d1%82%d0%b5%d0%bc%d0%b0-%d0%bf%d0%bb%d0%b0%d1%81%d1%82%d0%b8%d0%ba%d0%be%d0%b2%d0%be%d0%b3%d0%be-%d0%b4%d0%b8%d1%81%d0%ba\\\/\",\"url\":\"https:\\\/\\\/onurplast.az\\\/ru\\\/produkti\\\/%d1%81%d0%b8%d1%81%d1%82%d0%b5%d0%bc%d1%8b-%d1%84%d0%b8%d0%bb%d1%8c%d1%82%d1%80%d0%b0%d1%86%d0%b8%d0%b8-%d0%b8-%d1%83%d0%b4%d0%be%d0%b1%d1%80%d0%b5%d0%bd%d0%b8%d1%8f\\\/%d1%81%d0%b8%d1%81%d1%82%d0%b5%d0%bc%d1%8b-%d1%84%d0%b8%d0%bb%d1%8c%d1%82%d1%80%d0%b0%d1%86%d0%b8%d0%b8\\\/%d0%b3%d1%80%d0%b0%d0%b2%d0%b8%d0%b9%d0%bd%d0%b0%d1%8f-%d1%81%d0%b8%d1%81%d1%82%d0%b5%d0%bc%d0%b0-%d0%bf%d0%bb%d0%b0%d1%81%d1%82%d0%b8%d0%ba%d0%be%d0%b2%d0%be%d0%b3%d0%be-%d0%b4%d0%b8%d1%81%d0%ba\\\/\",\"name\":\"\u0413\u0440\u0430\u0432\u0438\u0439\u043d\u0430\u044f \u0421\u0438\u0441\u0442\u0435\u043c\u0430 \u041f\u043b\u0430\u0441\u0442\u0438\u043a\u043e\u0432\u043e\u0433\u043e \u0414\u0438\u0441\u043a\u043e\u0432\u043e\u0433\u043e \u0424\u0438\u043b\u044c\u0442\u0440\u0430 \u0411\u0430\u0439\u043f\u0430\u0441\u043d\u043e\u0433\u043e \u0422\u0438\u043f\u0430 - Avtomatik Suvarma Sisteml\u0259ri,Ya\u011fmurlama,Pivot Sisteml\u0259ri:Onur Plast\",\"isPartOf\":{\"@id\":\"https:\\\/\\\/onurplast.az\\\/ru\\\/#website\"},\"primaryImageOfPage\":{\"@id\":\"https:\\\/\\\/onurplast.az\\\/ru\\\/produkti\\\/%d1%81%d0%b8%d1%81%d1%82%d0%b5%d0%bc%d1%8b-%d1%84%d0%b8%d0%bb%d1%8c%d1%82%d1%80%d0%b0%d1%86%d0%b8%d0%b8-%d0%b8-%d1%83%d0%b4%d0%be%d0%b1%d1%80%d0%b5%d0%bd%d0%b8%d1%8f\\\/%d1%81%d0%b8%d1%81%d1%82%d0%b5%d0%bc%d1%8b-%d1%84%d0%b8%d0%bb%d1%8c%d1%82%d1%80%d0%b0%d1%86%d0%b8%d0%b8\\\/%d0%b3%d1%80%d0%b0%d0%b2%d0%b8%d0%b9%d0%bd%d0%b0%d1%8f-%d1%81%d0%b8%d1%81%d1%82%d0%b5%d0%bc%d0%b0-%d0%bf%d0%bb%d0%b0%d1%81%d1%82%d0%b8%d0%ba%d0%be%d0%b2%d0%be%d0%b3%d0%be-%d0%b4%d0%b8%d1%81%d0%ba\\\/#primaryimage\"},\"image\":{\"@id\":\"https:\\\/\\\/onurplast.az\\\/ru\\\/produkti\\\/%d1%81%d0%b8%d1%81%d1%82%d0%b5%d0%bc%d1%8b-%d1%84%d0%b8%d0%bb%d1%8c%d1%82%d1%80%d0%b0%d1%86%d0%b8%d0%b8-%d0%b8-%d1%83%d0%b4%d0%be%d0%b1%d1%80%d0%b5%d0%bd%d0%b8%d1%8f\\\/%d1%81%d0%b8%d1%81%d1%82%d0%b5%d0%bc%d1%8b-%d1%84%d0%b8%d0%bb%d1%8c%d1%82%d1%80%d0%b0%d1%86%d0%b8%d0%b8\\\/%d0%b3%d1%80%d0%b0%d0%b2%d0%b8%d0%b9%d0%bd%d0%b0%d1%8f-%d1%81%d0%b8%d1%81%d1%82%d0%b5%d0%bc%d0%b0-%d0%bf%d0%bb%d0%b0%d1%81%d1%82%d0%b8%d0%ba%d0%be%d0%b2%d0%be%d0%b3%d0%be-%d0%b4%d0%b8%d1%81%d0%ba\\\/#primaryimage\"},\"thumbnailUrl\":\"https:\\\/\\\/onurplast.az\\\/wp-content\\\/uploads\\\/BYPASS-TIP-PLASTIK-DISK-FILTRELI-GRAVEL-SISTEM.webp\",\"datePublished\":\"2023-11-16T23:05:55+00:00\",\"breadcrumb\":{\"@id\":\"https:\\\/\\\/onurplast.az\\\/ru\\\/produkti\\\/%d1%81%d0%b8%d1%81%d1%82%d0%b5%d0%bc%d1%8b-%d1%84%d0%b8%d0%bb%d1%8c%d1%82%d1%80%d0%b0%d1%86%d0%b8%d0%b8-%d0%b8-%d1%83%d0%b4%d0%be%d0%b1%d1%80%d0%b5%d0%bd%d0%b8%d1%8f\\\/%d1%81%d0%b8%d1%81%d1%82%d0%b5%d0%bc%d1%8b-%d1%84%d0%b8%d0%bb%d1%8c%d1%82%d1%80%d0%b0%d1%86%d0%b8%d0%b8\\\/%d0%b3%d1%80%d0%b0%d0%b2%d0%b8%d0%b9%d0%bd%d0%b0%d1%8f-%d1%81%d0%b8%d1%81%d1%82%d0%b5%d0%bc%d0%b0-%d0%bf%d0%bb%d0%b0%d1%81%d1%82%d0%b8%d0%ba%d0%be%d0%b2%d0%be%d0%b3%d0%be-%d0%b4%d0%b8%d1%81%d0%ba\\\/#breadcrumb\"},\"inLanguage\":\"ru-RU\",\"potentialAction\":[{\"@type\":\"ReadAction\",\"target\":[\"https:\\\/\\\/onurplast.az\\\/ru\\\/produkti\\\/%d1%81%d0%b8%d1%81%d1%82%d0%b5%d0%bc%d1%8b-%d1%84%d0%b8%d0%bb%d1%8c%d1%82%d1%80%d0%b0%d1%86%d0%b8%d0%b8-%d0%b8-%d1%83%d0%b4%d0%be%d0%b1%d1%80%d0%b5%d0%bd%d0%b8%d1%8f\\\/%d1%81%d0%b8%d1%81%d1%82%d0%b5%d0%bc%d1%8b-%d1%84%d0%b8%d0%bb%d1%8c%d1%82%d1%80%d0%b0%d1%86%d0%b8%d0%b8\\\/%d0%b3%d1%80%d0%b0%d0%b2%d0%b8%d0%b9%d0%bd%d0%b0%d1%8f-%d1%81%d0%b8%d1%81%d1%82%d0%b5%d0%bc%d0%b0-%d0%bf%d0%bb%d0%b0%d1%81%d1%82%d0%b8%d0%ba%d0%be%d0%b2%d0%be%d0%b3%d0%be-%d0%b4%d0%b8%d1%81%d0%ba\\\/\"]}]},{\"@type\":\"ImageObject\",\"inLanguage\":\"ru-RU\",\"@id\":\"https:\\\/\\\/onurplast.az\\\/ru\\\/produkti\\\/%d1%81%d0%b8%d1%81%d1%82%d0%b5%d0%bc%d1%8b-%d1%84%d0%b8%d0%bb%d1%8c%d1%82%d1%80%d0%b0%d1%86%d0%b8%d0%b8-%d0%b8-%d1%83%d0%b4%d0%be%d0%b1%d1%80%d0%b5%d0%bd%d0%b8%d1%8f\\\/%d1%81%d0%b8%d1%81%d1%82%d0%b5%d0%bc%d1%8b-%d1%84%d0%b8%d0%bb%d1%8c%d1%82%d1%80%d0%b0%d1%86%d0%b8%d0%b8\\\/%d0%b3%d1%80%d0%b0%d0%b2%d0%b8%d0%b9%d0%bd%d0%b0%d1%8f-%d1%81%d0%b8%d1%81%d1%82%d0%b5%d0%bc%d0%b0-%d0%bf%d0%bb%d0%b0%d1%81%d1%82%d0%b8%d0%ba%d0%be%d0%b2%d0%be%d0%b3%d0%be-%d0%b4%d0%b8%d1%81%d0%ba\\\/#primaryimage\",\"url\":\"https:\\\/\\\/onurplast.az\\\/wp-content\\\/uploads\\\/BYPASS-TIP-PLASTIK-DISK-FILTRELI-GRAVEL-SISTEM.webp\",\"contentUrl\":\"https:\\\/\\\/onurplast.az\\\/wp-content\\\/uploads\\\/BYPASS-TIP-PLASTIK-DISK-FILTRELI-GRAVEL-SISTEM.webp\",\"width\":600,\"height\":600,\"caption\":\"\u0413\u0440\u0430\u0432\u0438\u0439\u043d\u0430\u044f \u0421\u0438\u0441\u0442\u0435\u043c\u0430 \u041f\u043b\u0430\u0441\u0442\u0438\u043a\u043e\u0432\u043e\u0433\u043e \u0414\u0438\u0441\u043a\u043e\u0432\u043e\u0433\u043e \u0424\u0438\u043b\u044c\u0442\u0440\u0430 \u0411\u0430\u0439\u043f\u0430\u0441\u043d\u043e\u0433\u043e \u0422\u0438\u043f\u0430\"},{\"@type\":\"BreadcrumbList\",\"@id\":\"https:\\\/\\\/onurplast.az\\\/ru\\\/produkti\\\/%d1%81%d0%b8%d1%81%d1%82%d0%b5%d0%bc%d1%8b-%d1%84%d0%b8%d0%bb%d1%8c%d1%82%d1%80%d0%b0%d1%86%d0%b8%d0%b8-%d0%b8-%d1%83%d0%b4%d0%be%d0%b1%d1%80%d0%b5%d0%bd%d0%b8%d1%8f\\\/%d1%81%d0%b8%d1%81%d1%82%d0%b5%d0%bc%d1%8b-%d1%84%d0%b8%d0%bb%d1%8c%d1%82%d1%80%d0%b0%d1%86%d0%b8%d0%b8\\\/%d0%b3%d1%80%d0%b0%d0%b2%d0%b8%d0%b9%d0%bd%d0%b0%d1%8f-%d1%81%d0%b8%d1%81%d1%82%d0%b5%d0%bc%d0%b0-%d0%bf%d0%bb%d0%b0%d1%81%d1%82%d0%b8%d0%ba%d0%be%d0%b2%d0%be%d0%b3%d0%be-%d0%b4%d0%b8%d1%81%d0%ba\\\/#breadcrumb\",\"itemListElement\":[{\"@type\":\"ListItem\",\"position\":1,\"name\":\"\u018fsas S\u0259hif\u0259\",\"item\":\"https:\\\/\\\/onurplast.az\\\/ru\\\/\"},{\"@type\":\"ListItem\",\"position\":2,\"name\":\"M\u0259hsullar\",\"item\":\"https:\\\/\\\/onurplast.az\\\/mehsullar\\\/\"},{\"@type\":\"ListItem\",\"position\":3,\"name\":\"\u0413\u0440\u0430\u0432\u0438\u0439\u043d\u0430\u044f \u0421\u0438\u0441\u0442\u0435\u043c\u0430 \u041f\u043b\u0430\u0441\u0442\u0438\u043a\u043e\u0432\u043e\u0433\u043e \u0414\u0438\u0441\u043a\u043e\u0432\u043e\u0433\u043e \u0424\u0438\u043b\u044c\u0442\u0440\u0430 \u0411\u0430\u0439\u043f\u0430\u0441\u043d\u043e\u0433\u043e \u0422\u0438\u043f\u0430\"}]},{\"@type\":\"WebSite\",\"@id\":\"https:\\\/\\\/onurplast.az\\\/ru\\\/#website\",\"url\":\"https:\\\/\\\/onurplast.az\\\/ru\\\/\",\"name\":\"Suvarma,Ya\u011fmurlama v\u0259 Pivot Sisteml\u0259ri, Avtomatik Suvarma: Onur Plast\",\"description\":\"Avtomatik Suvarma Sisteml\u0259ri,Ya\u011fmurlama,Pivot Sisteml\u0259ri:Onur Plast\",\"publisher\":{\"@id\":\"https:\\\/\\\/onurplast.az\\\/ru\\\/#organization\"},\"potentialAction\":[{\"@type\":\"SearchAction\",\"target\":{\"@type\":\"EntryPoint\",\"urlTemplate\":\"https:\\\/\\\/onurplast.az\\\/ru\\\/?s={search_term_string}\"},\"query-input\":{\"@type\":\"PropertyValueSpecification\",\"valueRequired\":true,\"valueName\":\"search_term_string\"}}],\"inLanguage\":\"ru-RU\"},{\"@type\":\"Organization\",\"@id\":\"https:\\\/\\\/onurplast.az\\\/ru\\\/#organization\",\"name\":\"Suvarma,Ya\u011fmurlama v\u0259 Pivot Sisteml\u0259ri, Avtomatik Suvarma: Onur Plast\",\"url\":\"https:\\\/\\\/onurplast.az\\\/ru\\\/\",\"logo\":{\"@type\":\"ImageObject\",\"inLanguage\":\"ru-RU\",\"@id\":\"https:\\\/\\\/onurplast.az\\\/ru\\\/#\\\/schema\\\/logo\\\/image\\\/\",\"url\":\"https:\\\/\\\/onurplast.az\\\/wp-content\\\/uploads\\\/Onur-Plast-Suvarma-Sistemleri-Logo2.svg\",\"contentUrl\":\"https:\\\/\\\/onurplast.az\\\/wp-content\\\/uploads\\\/Onur-Plast-Suvarma-Sistemleri-Logo2.svg\",\"width\":569,\"height\":150,\"caption\":\"Suvarma,Ya\u011fmurlama v\u0259 Pivot Sisteml\u0259ri, Avtomatik Suvarma: Onur Plast\"},\"image\":{\"@id\":\"https:\\\/\\\/onurplast.az\\\/ru\\\/#\\\/schema\\\/logo\\\/image\\\/\"},\"sameAs\":[\"https:\\\/\\\/www.facebook.com\\\/Onur-plast-110179870426347\",\"https:\\\/\\\/www.instagram.com\\\/suvarma_onurplast\\\/\",\"https:\\\/\\\/www.youtube.com\\\/channel\\\/UCjWsbKNIsj1tvovG9PD4Btg\"]}]}<\/script>\n<!-- \/ Yoast SEO plugin. -->","yoast_head_json":{"title":"\u0413\u0440\u0430\u0432\u0438\u0439\u043d\u0430\u044f \u0421\u0438\u0441\u0442\u0435\u043c\u0430 \u041f\u043b\u0430\u0441\u0442\u0438\u043a\u043e\u0432\u043e\u0433\u043e \u0414\u0438\u0441\u043a\u043e\u0432\u043e\u0433\u043e \u0424\u0438\u043b\u044c\u0442\u0440\u0430 \u0411\u0430\u0439\u043f\u0430\u0441\u043d\u043e\u0433\u043e \u0422\u0438\u043f\u0430 - Avtomatik Suvarma Sisteml\u0259ri,Ya\u011fmurlama,Pivot Sisteml\u0259ri:Onur Plast","robots":{"index":"index","follow":"follow","max-snippet":"max-snippet:-1","max-image-preview":"max-image-preview:large","max-video-preview":"max-video-preview:-1"},"canonical":"https:\/\/onurplast.az\/ru\/produkti\/%d1%81%d0%b8%d1%81%d1%82%d0%b5%d0%bc%d1%8b-%d1%84%d0%b8%d0%bb%d1%8c%d1%82%d1%80%d0%b0%d1%86%d0%b8%d0%b8-%d0%b8-%d1%83%d0%b4%d0%be%d0%b1%d1%80%d0%b5%d0%bd%d0%b8%d1%8f\/%d1%81%d0%b8%d1%81%d1%82%d0%b5%d0%bc%d1%8b-%d1%84%d0%b8%d0%bb%d1%8c%d1%82%d1%80%d0%b0%d1%86%d0%b8%d0%b8\/%d0%b3%d1%80%d0%b0%d0%b2%d0%b8%d0%b9%d0%bd%d0%b0%d1%8f-%d1%81%d0%b8%d1%81%d1%82%d0%b5%d0%bc%d0%b0-%d0%bf%d0%bb%d0%b0%d1%81%d1%82%d0%b8%d0%ba%d0%be%d0%b2%d0%be%d0%b3%d0%be-%d0%b4%d0%b8%d1%81%d0%ba\/","og_locale":"ru_RU","og_type":"article","og_title":"\u0413\u0440\u0430\u0432\u0438\u0439\u043d\u0430\u044f \u0421\u0438\u0441\u0442\u0435\u043c\u0430 \u041f\u043b\u0430\u0441\u0442\u0438\u043a\u043e\u0432\u043e\u0433\u043e \u0414\u0438\u0441\u043a\u043e\u0432\u043e\u0433\u043e \u0424\u0438\u043b\u044c\u0442\u0440\u0430 \u0411\u0430\u0439\u043f\u0430\u0441\u043d\u043e\u0433\u043e \u0422\u0438\u043f\u0430 - Avtomatik Suvarma Sisteml\u0259ri,Ya\u011fmurlama,Pivot Sisteml\u0259ri:Onur Plast","og_description":"Kod Code \u00d6l\u00e7\u00fcs\u00fc Size Filtr Say\u0131 ve Diametri Filter Quantity and Diameter Su ke\u00e7iricilik Capacity m\u00b3\/h AZ-YP-218 2\u201d \/ DN50 18\u201d\/45 cm 8-18 AZ-YP-255 21\/2\u201d \/ DN75 24\u201d\/60 cm 14-30 AZ-YP-325 3\u201d \/ DN80 24\u201d\/60 cm 18-40 AZ-YP-425 4\u201d \/ DN100 24\u201d\/60 cm 20-50 AZ-YP-336 3\u201d \/ DN80 36\u201d\/90 cm 32-50 AZ-YP-436 4\u201d \/ DN100 [&hellip;]","og_url":"https:\/\/onurplast.az\/ru\/produkti\/%d1%81%d0%b8%d1%81%d1%82%d0%b5%d0%bc%d1%8b-%d1%84%d0%b8%d0%bb%d1%8c%d1%82%d1%80%d0%b0%d1%86%d0%b8%d0%b8-%d0%b8-%d1%83%d0%b4%d0%be%d0%b1%d1%80%d0%b5%d0%bd%d0%b8%d1%8f\/%d1%81%d0%b8%d1%81%d1%82%d0%b5%d0%bc%d1%8b-%d1%84%d0%b8%d0%bb%d1%8c%d1%82%d1%80%d0%b0%d1%86%d0%b8%d0%b8\/%d0%b3%d1%80%d0%b0%d0%b2%d0%b8%d0%b9%d0%bd%d0%b0%d1%8f-%d1%81%d0%b8%d1%81%d1%82%d0%b5%d0%bc%d0%b0-%d0%bf%d0%bb%d0%b0%d1%81%d1%82%d0%b8%d0%ba%d0%be%d0%b2%d0%be%d0%b3%d0%be-%d0%b4%d0%b8%d1%81%d0%ba\/","og_site_name":"Avtomatik Suvarma Sisteml\u0259ri,Ya\u011fmurlama,Pivot Sisteml\u0259ri:Onur Plast","article_publisher":"https:\/\/www.facebook.com\/Onur-plast-110179870426347","twitter_card":"summary_large_image","schema":{"@context":"https:\/\/schema.org","@graph":[{"@type":"WebPage","@id":"https:\/\/onurplast.az\/ru\/produkti\/%d1%81%d0%b8%d1%81%d1%82%d0%b5%d0%bc%d1%8b-%d1%84%d0%b8%d0%bb%d1%8c%d1%82%d1%80%d0%b0%d1%86%d0%b8%d0%b8-%d0%b8-%d1%83%d0%b4%d0%be%d0%b1%d1%80%d0%b5%d0%bd%d0%b8%d1%8f\/%d1%81%d0%b8%d1%81%d1%82%d0%b5%d0%bc%d1%8b-%d1%84%d0%b8%d0%bb%d1%8c%d1%82%d1%80%d0%b0%d1%86%d0%b8%d0%b8\/%d0%b3%d1%80%d0%b0%d0%b2%d0%b8%d0%b9%d0%bd%d0%b0%d1%8f-%d1%81%d0%b8%d1%81%d1%82%d0%b5%d0%bc%d0%b0-%d0%bf%d0%bb%d0%b0%d1%81%d1%82%d0%b8%d0%ba%d0%be%d0%b2%d0%be%d0%b3%d0%be-%d0%b4%d0%b8%d1%81%d0%ba\/","url":"https:\/\/onurplast.az\/ru\/produkti\/%d1%81%d0%b8%d1%81%d1%82%d0%b5%d0%bc%d1%8b-%d1%84%d0%b8%d0%bb%d1%8c%d1%82%d1%80%d0%b0%d1%86%d0%b8%d0%b8-%d0%b8-%d1%83%d0%b4%d0%be%d0%b1%d1%80%d0%b5%d0%bd%d0%b8%d1%8f\/%d1%81%d0%b8%d1%81%d1%82%d0%b5%d0%bc%d1%8b-%d1%84%d0%b8%d0%bb%d1%8c%d1%82%d1%80%d0%b0%d1%86%d0%b8%d0%b8\/%d0%b3%d1%80%d0%b0%d0%b2%d0%b8%d0%b9%d0%bd%d0%b0%d1%8f-%d1%81%d0%b8%d1%81%d1%82%d0%b5%d0%bc%d0%b0-%d0%bf%d0%bb%d0%b0%d1%81%d1%82%d0%b8%d0%ba%d0%be%d0%b2%d0%be%d0%b3%d0%be-%d0%b4%d0%b8%d1%81%d0%ba\/","name":"\u0413\u0440\u0430\u0432\u0438\u0439\u043d\u0430\u044f \u0421\u0438\u0441\u0442\u0435\u043c\u0430 \u041f\u043b\u0430\u0441\u0442\u0438\u043a\u043e\u0432\u043e\u0433\u043e \u0414\u0438\u0441\u043a\u043e\u0432\u043e\u0433\u043e \u0424\u0438\u043b\u044c\u0442\u0440\u0430 \u0411\u0430\u0439\u043f\u0430\u0441\u043d\u043e\u0433\u043e \u0422\u0438\u043f\u0430 - Avtomatik Suvarma Sisteml\u0259ri,Ya\u011fmurlama,Pivot Sisteml\u0259ri:Onur Plast","isPartOf":{"@id":"https:\/\/onurplast.az\/ru\/#website"},"primaryImageOfPage":{"@id":"https:\/\/onurplast.az\/ru\/produkti\/%d1%81%d0%b8%d1%81%d1%82%d0%b5%d0%bc%d1%8b-%d1%84%d0%b8%d0%bb%d1%8c%d1%82%d1%80%d0%b0%d1%86%d0%b8%d0%b8-%d0%b8-%d1%83%d0%b4%d0%be%d0%b1%d1%80%d0%b5%d0%bd%d0%b8%d1%8f\/%d1%81%d0%b8%d1%81%d1%82%d0%b5%d0%bc%d1%8b-%d1%84%d0%b8%d0%bb%d1%8c%d1%82%d1%80%d0%b0%d1%86%d0%b8%d0%b8\/%d0%b3%d1%80%d0%b0%d0%b2%d0%b8%d0%b9%d0%bd%d0%b0%d1%8f-%d1%81%d0%b8%d1%81%d1%82%d0%b5%d0%bc%d0%b0-%d0%bf%d0%bb%d0%b0%d1%81%d1%82%d0%b8%d0%ba%d0%be%d0%b2%d0%be%d0%b3%d0%be-%d0%b4%d0%b8%d1%81%d0%ba\/#primaryimage"},"image":{"@id":"https:\/\/onurplast.az\/ru\/produkti\/%d1%81%d0%b8%d1%81%d1%82%d0%b5%d0%bc%d1%8b-%d1%84%d0%b8%d0%bb%d1%8c%d1%82%d1%80%d0%b0%d1%86%d0%b8%d0%b8-%d0%b8-%d1%83%d0%b4%d0%be%d0%b1%d1%80%d0%b5%d0%bd%d0%b8%d1%8f\/%d1%81%d0%b8%d1%81%d1%82%d0%b5%d0%bc%d1%8b-%d1%84%d0%b8%d0%bb%d1%8c%d1%82%d1%80%d0%b0%d1%86%d0%b8%d0%b8\/%d0%b3%d1%80%d0%b0%d0%b2%d0%b8%d0%b9%d0%bd%d0%b0%d1%8f-%d1%81%d0%b8%d1%81%d1%82%d0%b5%d0%bc%d0%b0-%d0%bf%d0%bb%d0%b0%d1%81%d1%82%d0%b8%d0%ba%d0%be%d0%b2%d0%be%d0%b3%d0%be-%d0%b4%d0%b8%d1%81%d0%ba\/#primaryimage"},"thumbnailUrl":"https:\/\/onurplast.az\/wp-content\/uploads\/BYPASS-TIP-PLASTIK-DISK-FILTRELI-GRAVEL-SISTEM.webp","datePublished":"2023-11-16T23:05:55+00:00","breadcrumb":{"@id":"https:\/\/onurplast.az\/ru\/produkti\/%d1%81%d0%b8%d1%81%d1%82%d0%b5%d0%bc%d1%8b-%d1%84%d0%b8%d0%bb%d1%8c%d1%82%d1%80%d0%b0%d1%86%d0%b8%d0%b8-%d0%b8-%d1%83%d0%b4%d0%be%d0%b1%d1%80%d0%b5%d0%bd%d0%b8%d1%8f\/%d1%81%d0%b8%d1%81%d1%82%d0%b5%d0%bc%d1%8b-%d1%84%d0%b8%d0%bb%d1%8c%d1%82%d1%80%d0%b0%d1%86%d0%b8%d0%b8\/%d0%b3%d1%80%d0%b0%d0%b2%d0%b8%d0%b9%d0%bd%d0%b0%d1%8f-%d1%81%d0%b8%d1%81%d1%82%d0%b5%d0%bc%d0%b0-%d0%bf%d0%bb%d0%b0%d1%81%d1%82%d0%b8%d0%ba%d0%be%d0%b2%d0%be%d0%b3%d0%be-%d0%b4%d0%b8%d1%81%d0%ba\/#breadcrumb"},"inLanguage":"ru-RU","potentialAction":[{"@type":"ReadAction","target":["https:\/\/onurplast.az\/ru\/produkti\/%d1%81%d0%b8%d1%81%d1%82%d0%b5%d0%bc%d1%8b-%d1%84%d0%b8%d0%bb%d1%8c%d1%82%d1%80%d0%b0%d1%86%d0%b8%d0%b8-%d0%b8-%d1%83%d0%b4%d0%be%d0%b1%d1%80%d0%b5%d0%bd%d0%b8%d1%8f\/%d1%81%d0%b8%d1%81%d1%82%d0%b5%d0%bc%d1%8b-%d1%84%d0%b8%d0%bb%d1%8c%d1%82%d1%80%d0%b0%d1%86%d0%b8%d0%b8\/%d0%b3%d1%80%d0%b0%d0%b2%d0%b8%d0%b9%d0%bd%d0%b0%d1%8f-%d1%81%d0%b8%d1%81%d1%82%d0%b5%d0%bc%d0%b0-%d0%bf%d0%bb%d0%b0%d1%81%d1%82%d0%b8%d0%ba%d0%be%d0%b2%d0%be%d0%b3%d0%be-%d0%b4%d0%b8%d1%81%d0%ba\/"]}]},{"@type":"ImageObject","inLanguage":"ru-RU","@id":"https:\/\/onurplast.az\/ru\/produkti\/%d1%81%d0%b8%d1%81%d1%82%d0%b5%d0%bc%d1%8b-%d1%84%d0%b8%d0%bb%d1%8c%d1%82%d1%80%d0%b0%d1%86%d0%b8%d0%b8-%d0%b8-%d1%83%d0%b4%d0%be%d0%b1%d1%80%d0%b5%d0%bd%d0%b8%d1%8f\/%d1%81%d0%b8%d1%81%d1%82%d0%b5%d0%bc%d1%8b-%d1%84%d0%b8%d0%bb%d1%8c%d1%82%d1%80%d0%b0%d1%86%d0%b8%d0%b8\/%d0%b3%d1%80%d0%b0%d0%b2%d0%b8%d0%b9%d0%bd%d0%b0%d1%8f-%d1%81%d0%b8%d1%81%d1%82%d0%b5%d0%bc%d0%b0-%d0%bf%d0%bb%d0%b0%d1%81%d1%82%d0%b8%d0%ba%d0%be%d0%b2%d0%be%d0%b3%d0%be-%d0%b4%d0%b8%d1%81%d0%ba\/#primaryimage","url":"https:\/\/onurplast.az\/wp-content\/uploads\/BYPASS-TIP-PLASTIK-DISK-FILTRELI-GRAVEL-SISTEM.webp","contentUrl":"https:\/\/onurplast.az\/wp-content\/uploads\/BYPASS-TIP-PLASTIK-DISK-FILTRELI-GRAVEL-SISTEM.webp","width":600,"height":600,"caption":"\u0413\u0440\u0430\u0432\u0438\u0439\u043d\u0430\u044f \u0421\u0438\u0441\u0442\u0435\u043c\u0430 \u041f\u043b\u0430\u0441\u0442\u0438\u043a\u043e\u0432\u043e\u0433\u043e \u0414\u0438\u0441\u043a\u043e\u0432\u043e\u0433\u043e \u0424\u0438\u043b\u044c\u0442\u0440\u0430 \u0411\u0430\u0439\u043f\u0430\u0441\u043d\u043e\u0433\u043e \u0422\u0438\u043f\u0430"},{"@type":"BreadcrumbList","@id":"https:\/\/onurplast.az\/ru\/produkti\/%d1%81%d0%b8%d1%81%d1%82%d0%b5%d0%bc%d1%8b-%d1%84%d0%b8%d0%bb%d1%8c%d1%82%d1%80%d0%b0%d1%86%d0%b8%d0%b8-%d0%b8-%d1%83%d0%b4%d0%be%d0%b1%d1%80%d0%b5%d0%bd%d0%b8%d1%8f\/%d1%81%d0%b8%d1%81%d1%82%d0%b5%d0%bc%d1%8b-%d1%84%d0%b8%d0%bb%d1%8c%d1%82%d1%80%d0%b0%d1%86%d0%b8%d0%b8\/%d0%b3%d1%80%d0%b0%d0%b2%d0%b8%d0%b9%d0%bd%d0%b0%d1%8f-%d1%81%d0%b8%d1%81%d1%82%d0%b5%d0%bc%d0%b0-%d0%bf%d0%bb%d0%b0%d1%81%d1%82%d0%b8%d0%ba%d0%be%d0%b2%d0%be%d0%b3%d0%be-%d0%b4%d0%b8%d1%81%d0%ba\/#breadcrumb","itemListElement":[{"@type":"ListItem","position":1,"name":"\u018fsas S\u0259hif\u0259","item":"https:\/\/onurplast.az\/ru\/"},{"@type":"ListItem","position":2,"name":"M\u0259hsullar","item":"https:\/\/onurplast.az\/mehsullar\/"},{"@type":"ListItem","position":3,"name":"\u0413\u0440\u0430\u0432\u0438\u0439\u043d\u0430\u044f \u0421\u0438\u0441\u0442\u0435\u043c\u0430 \u041f\u043b\u0430\u0441\u0442\u0438\u043a\u043e\u0432\u043e\u0433\u043e \u0414\u0438\u0441\u043a\u043e\u0432\u043e\u0433\u043e \u0424\u0438\u043b\u044c\u0442\u0440\u0430 \u0411\u0430\u0439\u043f\u0430\u0441\u043d\u043e\u0433\u043e \u0422\u0438\u043f\u0430"}]},{"@type":"WebSite","@id":"https:\/\/onurplast.az\/ru\/#website","url":"https:\/\/onurplast.az\/ru\/","name":"Suvarma,Ya\u011fmurlama v\u0259 Pivot Sisteml\u0259ri, Avtomatik Suvarma: Onur Plast","description":"Avtomatik Suvarma Sisteml\u0259ri,Ya\u011fmurlama,Pivot Sisteml\u0259ri:Onur Plast","publisher":{"@id":"https:\/\/onurplast.az\/ru\/#organization"},"potentialAction":[{"@type":"SearchAction","target":{"@type":"EntryPoint","urlTemplate":"https:\/\/onurplast.az\/ru\/?s={search_term_string}"},"query-input":{"@type":"PropertyValueSpecification","valueRequired":true,"valueName":"search_term_string"}}],"inLanguage":"ru-RU"},{"@type":"Organization","@id":"https:\/\/onurplast.az\/ru\/#organization","name":"Suvarma,Ya\u011fmurlama v\u0259 Pivot Sisteml\u0259ri, Avtomatik Suvarma: Onur Plast","url":"https:\/\/onurplast.az\/ru\/","logo":{"@type":"ImageObject","inLanguage":"ru-RU","@id":"https:\/\/onurplast.az\/ru\/#\/schema\/logo\/image\/","url":"https:\/\/onurplast.az\/wp-content\/uploads\/Onur-Plast-Suvarma-Sistemleri-Logo2.svg","contentUrl":"https:\/\/onurplast.az\/wp-content\/uploads\/Onur-Plast-Suvarma-Sistemleri-Logo2.svg","width":569,"height":150,"caption":"Suvarma,Ya\u011fmurlama v\u0259 Pivot Sisteml\u0259ri, Avtomatik Suvarma: Onur Plast"},"image":{"@id":"https:\/\/onurplast.az\/ru\/#\/schema\/logo\/image\/"},"sameAs":["https:\/\/www.facebook.com\/Onur-plast-110179870426347","https:\/\/www.instagram.com\/suvarma_onurplast\/","https:\/\/www.youtube.com\/channel\/UCjWsbKNIsj1tvovG9PD4Btg"]}]}},"_links":{"self":[{"href":"https:\/\/onurplast.az\/ru\/wp-json\/wp\/v2\/product\/3538","targetHints":{"allow":["GET"]}}],"collection":[{"href":"https:\/\/onurplast.az\/ru\/wp-json\/wp\/v2\/product"}],"about":[{"href":"https:\/\/onurplast.az\/ru\/wp-json\/wp\/v2\/types\/product"}],"wp:featuredmedia":[{"embeddable":true,"href":"https:\/\/onurplast.az\/ru\/wp-json\/wp\/v2\/media\/629"}],"wp:attachment":[{"href":"https:\/\/onurplast.az\/ru\/wp-json\/wp\/v2\/media?parent=3538"}],"wp:term":[{"taxonomy":"product_brand","embeddable":true,"href":"https:\/\/onurplast.az\/ru\/wp-json\/wp\/v2\/product_brand?post=3538"},{"taxonomy":"product_cat","embeddable":true,"href":"https:\/\/onurplast.az\/ru\/wp-json\/wp\/v2\/product_cat?post=3538"},{"taxonomy":"product_tag","embeddable":true,"href":"https:\/\/onurplast.az\/ru\/wp-json\/wp\/v2\/product_tag?post=3538"}],"curies":[{"name":"wp","href":"https:\/\/api.w.org\/{rel}","templated":true}]}}