{"id":3566,"date":"2023-11-17T20:51:57","date_gmt":"2023-11-17T20:51:57","guid":{"rendered":"https:\/\/onurplast.az\/mehsullar\/uncategorized\/%d0%bc%d0%be%d1%82%d0%be%d0%bf%d0%be%d0%bc%d0%bf%d0%b0-%d1%81-%d0%b2%d0%bd%d1%83%d1%82%d1%80%d0%b5%d0%bd%d0%bd%d0%b5%d0%b9-%d1%80%d0%b5%d0%b7%d1%8c%d0%b1%d0%be%d0%b9\/"},"modified":"2023-11-17T20:51:57","modified_gmt":"2023-11-17T20:51:57","slug":"%d0%bc%d0%be%d1%82%d0%be%d0%bf%d0%be%d0%bc%d0%bf%d0%b0-%d1%81-%d0%b2%d0%bd%d1%83%d1%82%d1%80%d0%b5%d0%bd%d0%bd%d0%b5%d0%b9-%d1%80%d0%b5%d0%b7%d1%8c%d0%b1%d0%be%d0%b9","status":"publish","type":"product","link":"https:\/\/onurplast.az\/ru\/produkti\/%d1%81%d0%bf%d1%80%d0%b8%d0%bd%d0%ba%d0%bb%d0%b5%d1%80%d0%bd%d1%8b%d0%b5-%d1%81%d0%b8%d1%81%d1%82%d0%b5%d0%bc%d1%8b\/%d1%81%d0%bf%d1%80%d0%b8%d0%bd%d0%ba%d0%bb%d0%b5%d1%80%d0%bd%d1%8b%d0%b5-%d1%84%d0%b8%d1%82%d0%b8%d0%bd%d0%b3%d0%b8\/%d0%bc%d0%be%d1%82%d0%be%d0%bf%d0%be%d0%bc%d0%bf%d0%b0-%d1%81-%d0%b2%d0%bd%d1%83%d1%82%d1%80%d0%b5%d0%bd%d0%bd%d0%b5%d0%b9-%d1%80%d0%b5%d0%b7%d1%8c%d0%b1%d0%be%d0%b9\/","title":{"rendered":"\u041c\u043e\u0442\u043e\u043f\u043e\u043c\u043f\u0430 \u0441 \u0412\u043d\u0443\u0442\u0440\u0435\u043d\u043d\u0435\u0439 \u0420\u0435\u0437\u044c\u0431\u043e\u0439"},"content":{"rendered":"<table>\n<tbody>\n<tr>\n<td><strong>Kod<\/strong><br \/>\n<strong>Code<\/strong><\/td>\n<td><strong>\u00d6l\u00e7\u00fcs\u00fc<\/strong><br \/>\n<strong>Size<\/strong><\/td>\n<\/tr>\n<tr>\n<td>AZ-PSF 50<\/td>\n<td>50 mm<\/td>\n<\/tr>\n<tr>\n<td>AZ-PSF 63<\/td>\n<td>63 mm<\/td>\n<\/tr>\n<tr>\n<td>AZ-PSF 75<\/td>\n<td>75 mm<\/td>\n<\/tr>\n<tr>\n<td>AZ-PSF 90<\/td>\n<td>90 mm<\/td>\n<\/tr>\n<tr>\n<td>AZ-PSF 110<\/td>\n<td>110 mm<\/td>\n<\/tr>\n<tr>\n<td>AZ-PSF 125<\/td>\n<td>125 mm<\/td>\n<\/tr>\n<tr>\n<td>AZ-PSF 140<\/td>\n<td>140 mm<\/td>\n<\/tr>\n<tr>\n<td>AZ-PSF 160<\/td>\n<td>160 mm<\/td>\n<\/tr>\n<\/tbody>\n<\/table>\n","protected":false},"excerpt":{"rendered":"<p>Kod Code \u00d6l\u00e7\u00fcs\u00fc Size AZ-PSF 50 50 mm AZ-PSF 63 63 mm AZ-PSF 75 75 mm AZ-PSF 90 90 mm AZ-PSF 110 110 mm AZ-PSF 125 125 mm AZ-PSF 140 140 mm AZ-PSF 160 160 mm<\/p>\n","protected":false},"featured_media":774,"template":"","meta":{"_acf_changed":false,"inline_featured_image":false},"product_brand":[],"product_cat":[355],"product_tag":[609],"class_list":{"0":"post-3566","1":"product","2":"type-product","3":"status-publish","4":"has-post-thumbnail","6":"product_cat-355","7":"product_tag-motopompa-cixisi-ru","9":"first","10":"instock","11":"shipping-taxable","12":"purchasable","13":"product-type-simple"},"acf":[],"yoast_head":"<!-- This site is optimized with the Yoast SEO plugin v27.4 - https:\/\/yoast.com\/product\/yoast-seo-wordpress\/ -->\n<title>\u041c\u043e\u0442\u043e\u043f\u043e\u043c\u043f\u0430 \u0441 \u0412\u043d\u0443\u0442\u0440\u0435\u043d\u043d\u0435\u0439 \u0420\u0435\u0437\u044c\u0431\u043e\u0439 - Avtomatik Suvarma Sisteml\u0259ri,Ya\u011fmurlama,Pivot Sisteml\u0259ri:Onur Plast<\/title>\n<meta name=\"robots\" content=\"index, follow, max-snippet:-1, max-image-preview:large, max-video-preview:-1\" \/>\n<link rel=\"canonical\" href=\"https:\/\/onurplast.az\/ru\/produkti\/%d1%81%d0%bf%d1%80%d0%b8%d0%bd%d0%ba%d0%bb%d0%b5%d1%80%d0%bd%d1%8b%d0%b5-%d1%81%d0%b8%d1%81%d1%82%d0%b5%d0%bc%d1%8b\/%d1%81%d0%bf%d1%80%d0%b8%d0%bd%d0%ba%d0%bb%d0%b5%d1%80%d0%bd%d1%8b%d0%b5-%d1%84%d0%b8%d1%82%d0%b8%d0%bd%d0%b3%d0%b8\/%d0%bc%d0%be%d1%82%d0%be%d0%bf%d0%be%d0%bc%d0%bf%d0%b0-%d1%81-%d0%b2%d0%bd%d1%83%d1%82%d1%80%d0%b5%d0%bd%d0%bd%d0%b5%d0%b9-%d1%80%d0%b5%d0%b7%d1%8c%d0%b1%d0%be%d0%b9\/\" \/>\n<meta property=\"og:locale\" content=\"ru_RU\" \/>\n<meta property=\"og:type\" content=\"article\" \/>\n<meta property=\"og:title\" content=\"\u041c\u043e\u0442\u043e\u043f\u043e\u043c\u043f\u0430 \u0441 \u0412\u043d\u0443\u0442\u0440\u0435\u043d\u043d\u0435\u0439 \u0420\u0435\u0437\u044c\u0431\u043e\u0439 - Avtomatik Suvarma Sisteml\u0259ri,Ya\u011fmurlama,Pivot Sisteml\u0259ri:Onur Plast\" \/>\n<meta property=\"og:description\" content=\"Kod Code \u00d6l\u00e7\u00fcs\u00fc Size AZ-PSF 50 50 mm AZ-PSF 63 63 mm AZ-PSF 75 75 mm AZ-PSF 90 90 mm AZ-PSF 110 110 mm AZ-PSF 125 125 mm AZ-PSF 140 140 mm AZ-PSF 160 160 mm\" \/>\n<meta property=\"og:url\" content=\"https:\/\/onurplast.az\/ru\/produkti\/%d1%81%d0%bf%d1%80%d0%b8%d0%bd%d0%ba%d0%bb%d0%b5%d1%80%d0%bd%d1%8b%d0%b5-%d1%81%d0%b8%d1%81%d1%82%d0%b5%d0%bc%d1%8b\/%d1%81%d0%bf%d1%80%d0%b8%d0%bd%d0%ba%d0%bb%d0%b5%d1%80%d0%bd%d1%8b%d0%b5-%d1%84%d0%b8%d1%82%d0%b8%d0%bd%d0%b3%d0%b8\/%d0%bc%d0%be%d1%82%d0%be%d0%bf%d0%be%d0%bc%d0%bf%d0%b0-%d1%81-%d0%b2%d0%bd%d1%83%d1%82%d1%80%d0%b5%d0%bd%d0%bd%d0%b5%d0%b9-%d1%80%d0%b5%d0%b7%d1%8c%d0%b1%d0%be%d0%b9\/\" \/>\n<meta property=\"og:site_name\" content=\"Avtomatik Suvarma Sisteml\u0259ri,Ya\u011fmurlama,Pivot Sisteml\u0259ri:Onur Plast\" \/>\n<meta property=\"article:publisher\" content=\"https:\/\/www.facebook.com\/Onur-plast-110179870426347\" \/>\n<meta name=\"twitter:card\" content=\"summary_large_image\" \/>\n<script type=\"application\/ld+json\" class=\"yoast-schema-graph\">{\"@context\":\"https:\\\/\\\/schema.org\",\"@graph\":[{\"@type\":\"WebPage\",\"@id\":\"https:\\\/\\\/onurplast.az\\\/ru\\\/produkti\\\/%d1%81%d0%bf%d1%80%d0%b8%d0%bd%d0%ba%d0%bb%d0%b5%d1%80%d0%bd%d1%8b%d0%b5-%d1%81%d0%b8%d1%81%d1%82%d0%b5%d0%bc%d1%8b\\\/%d1%81%d0%bf%d1%80%d0%b8%d0%bd%d0%ba%d0%bb%d0%b5%d1%80%d0%bd%d1%8b%d0%b5-%d1%84%d0%b8%d1%82%d0%b8%d0%bd%d0%b3%d0%b8\\\/%d0%bc%d0%be%d1%82%d0%be%d0%bf%d0%be%d0%bc%d0%bf%d0%b0-%d1%81-%d0%b2%d0%bd%d1%83%d1%82%d1%80%d0%b5%d0%bd%d0%bd%d0%b5%d0%b9-%d1%80%d0%b5%d0%b7%d1%8c%d0%b1%d0%be%d0%b9\\\/\",\"url\":\"https:\\\/\\\/onurplast.az\\\/ru\\\/produkti\\\/%d1%81%d0%bf%d1%80%d0%b8%d0%bd%d0%ba%d0%bb%d0%b5%d1%80%d0%bd%d1%8b%d0%b5-%d1%81%d0%b8%d1%81%d1%82%d0%b5%d0%bc%d1%8b\\\/%d1%81%d0%bf%d1%80%d0%b8%d0%bd%d0%ba%d0%bb%d0%b5%d1%80%d0%bd%d1%8b%d0%b5-%d1%84%d0%b8%d1%82%d0%b8%d0%bd%d0%b3%d0%b8\\\/%d0%bc%d0%be%d1%82%d0%be%d0%bf%d0%be%d0%bc%d0%bf%d0%b0-%d1%81-%d0%b2%d0%bd%d1%83%d1%82%d1%80%d0%b5%d0%bd%d0%bd%d0%b5%d0%b9-%d1%80%d0%b5%d0%b7%d1%8c%d0%b1%d0%be%d0%b9\\\/\",\"name\":\"\u041c\u043e\u0442\u043e\u043f\u043e\u043c\u043f\u0430 \u0441 \u0412\u043d\u0443\u0442\u0440\u0435\u043d\u043d\u0435\u0439 \u0420\u0435\u0437\u044c\u0431\u043e\u0439 - Avtomatik Suvarma Sisteml\u0259ri,Ya\u011fmurlama,Pivot Sisteml\u0259ri:Onur Plast\",\"isPartOf\":{\"@id\":\"https:\\\/\\\/onurplast.az\\\/ru\\\/#website\"},\"primaryImageOfPage\":{\"@id\":\"https:\\\/\\\/onurplast.az\\\/ru\\\/produkti\\\/%d1%81%d0%bf%d1%80%d0%b8%d0%bd%d0%ba%d0%bb%d0%b5%d1%80%d0%bd%d1%8b%d0%b5-%d1%81%d0%b8%d1%81%d1%82%d0%b5%d0%bc%d1%8b\\\/%d1%81%d0%bf%d1%80%d0%b8%d0%bd%d0%ba%d0%bb%d0%b5%d1%80%d0%bd%d1%8b%d0%b5-%d1%84%d0%b8%d1%82%d0%b8%d0%bd%d0%b3%d0%b8\\\/%d0%bc%d0%be%d1%82%d0%be%d0%bf%d0%be%d0%bc%d0%bf%d0%b0-%d1%81-%d0%b2%d0%bd%d1%83%d1%82%d1%80%d0%b5%d0%bd%d0%bd%d0%b5%d0%b9-%d1%80%d0%b5%d0%b7%d1%8c%d0%b1%d0%be%d0%b9\\\/#primaryimage\"},\"image\":{\"@id\":\"https:\\\/\\\/onurplast.az\\\/ru\\\/produkti\\\/%d1%81%d0%bf%d1%80%d0%b8%d0%bd%d0%ba%d0%bb%d0%b5%d1%80%d0%bd%d1%8b%d0%b5-%d1%81%d0%b8%d1%81%d1%82%d0%b5%d0%bc%d1%8b\\\/%d1%81%d0%bf%d1%80%d0%b8%d0%bd%d0%ba%d0%bb%d0%b5%d1%80%d0%bd%d1%8b%d0%b5-%d1%84%d0%b8%d1%82%d0%b8%d0%bd%d0%b3%d0%b8\\\/%d0%bc%d0%be%d1%82%d0%be%d0%bf%d0%be%d0%bc%d0%bf%d0%b0-%d1%81-%d0%b2%d0%bd%d1%83%d1%82%d1%80%d0%b5%d0%bd%d0%bd%d0%b5%d0%b9-%d1%80%d0%b5%d0%b7%d1%8c%d0%b1%d0%be%d0%b9\\\/#primaryimage\"},\"thumbnailUrl\":\"https:\\\/\\\/onurplast.az\\\/wp-content\\\/uploads\\\/DISI-MOTOPOMPA-CIXISI.webp\",\"datePublished\":\"2023-11-17T20:51:57+00:00\",\"breadcrumb\":{\"@id\":\"https:\\\/\\\/onurplast.az\\\/ru\\\/produkti\\\/%d1%81%d0%bf%d1%80%d0%b8%d0%bd%d0%ba%d0%bb%d0%b5%d1%80%d0%bd%d1%8b%d0%b5-%d1%81%d0%b8%d1%81%d1%82%d0%b5%d0%bc%d1%8b\\\/%d1%81%d0%bf%d1%80%d0%b8%d0%bd%d0%ba%d0%bb%d0%b5%d1%80%d0%bd%d1%8b%d0%b5-%d1%84%d0%b8%d1%82%d0%b8%d0%bd%d0%b3%d0%b8\\\/%d0%bc%d0%be%d1%82%d0%be%d0%bf%d0%be%d0%bc%d0%bf%d0%b0-%d1%81-%d0%b2%d0%bd%d1%83%d1%82%d1%80%d0%b5%d0%bd%d0%bd%d0%b5%d0%b9-%d1%80%d0%b5%d0%b7%d1%8c%d0%b1%d0%be%d0%b9\\\/#breadcrumb\"},\"inLanguage\":\"ru-RU\",\"potentialAction\":[{\"@type\":\"ReadAction\",\"target\":[\"https:\\\/\\\/onurplast.az\\\/ru\\\/produkti\\\/%d1%81%d0%bf%d1%80%d0%b8%d0%bd%d0%ba%d0%bb%d0%b5%d1%80%d0%bd%d1%8b%d0%b5-%d1%81%d0%b8%d1%81%d1%82%d0%b5%d0%bc%d1%8b\\\/%d1%81%d0%bf%d1%80%d0%b8%d0%bd%d0%ba%d0%bb%d0%b5%d1%80%d0%bd%d1%8b%d0%b5-%d1%84%d0%b8%d1%82%d0%b8%d0%bd%d0%b3%d0%b8\\\/%d0%bc%d0%be%d1%82%d0%be%d0%bf%d0%be%d0%bc%d0%bf%d0%b0-%d1%81-%d0%b2%d0%bd%d1%83%d1%82%d1%80%d0%b5%d0%bd%d0%bd%d0%b5%d0%b9-%d1%80%d0%b5%d0%b7%d1%8c%d0%b1%d0%be%d0%b9\\\/\"]}]},{\"@type\":\"ImageObject\",\"inLanguage\":\"ru-RU\",\"@id\":\"https:\\\/\\\/onurplast.az\\\/ru\\\/produkti\\\/%d1%81%d0%bf%d1%80%d0%b8%d0%bd%d0%ba%d0%bb%d0%b5%d1%80%d0%bd%d1%8b%d0%b5-%d1%81%d0%b8%d1%81%d1%82%d0%b5%d0%bc%d1%8b\\\/%d1%81%d0%bf%d1%80%d0%b8%d0%bd%d0%ba%d0%bb%d0%b5%d1%80%d0%bd%d1%8b%d0%b5-%d1%84%d0%b8%d1%82%d0%b8%d0%bd%d0%b3%d0%b8\\\/%d0%bc%d0%be%d1%82%d0%be%d0%bf%d0%be%d0%bc%d0%bf%d0%b0-%d1%81-%d0%b2%d0%bd%d1%83%d1%82%d1%80%d0%b5%d0%bd%d0%bd%d0%b5%d0%b9-%d1%80%d0%b5%d0%b7%d1%8c%d0%b1%d0%be%d0%b9\\\/#primaryimage\",\"url\":\"https:\\\/\\\/onurplast.az\\\/wp-content\\\/uploads\\\/DISI-MOTOPOMPA-CIXISI.webp\",\"contentUrl\":\"https:\\\/\\\/onurplast.az\\\/wp-content\\\/uploads\\\/DISI-MOTOPOMPA-CIXISI.webp\",\"width\":600,\"height\":600,\"caption\":\"\u041c\u043e\u0442\u043e\u043f\u043e\u043c\u043f\u0430 \u0441 \u0412\u043d\u0443\u0442\u0440\u0435\u043d\u043d\u0435\u0439 \u0420\u0435\u0437\u044c\u0431\u043e\u0439\"},{\"@type\":\"BreadcrumbList\",\"@id\":\"https:\\\/\\\/onurplast.az\\\/ru\\\/produkti\\\/%d1%81%d0%bf%d1%80%d0%b8%d0%bd%d0%ba%d0%bb%d0%b5%d1%80%d0%bd%d1%8b%d0%b5-%d1%81%d0%b8%d1%81%d1%82%d0%b5%d0%bc%d1%8b\\\/%d1%81%d0%bf%d1%80%d0%b8%d0%bd%d0%ba%d0%bb%d0%b5%d1%80%d0%bd%d1%8b%d0%b5-%d1%84%d0%b8%d1%82%d0%b8%d0%bd%d0%b3%d0%b8\\\/%d0%bc%d0%be%d1%82%d0%be%d0%bf%d0%be%d0%bc%d0%bf%d0%b0-%d1%81-%d0%b2%d0%bd%d1%83%d1%82%d1%80%d0%b5%d0%bd%d0%bd%d0%b5%d0%b9-%d1%80%d0%b5%d0%b7%d1%8c%d0%b1%d0%be%d0%b9\\\/#breadcrumb\",\"itemListElement\":[{\"@type\":\"ListItem\",\"position\":1,\"name\":\"\u018fsas S\u0259hif\u0259\",\"item\":\"https:\\\/\\\/onurplast.az\\\/ru\\\/\"},{\"@type\":\"ListItem\",\"position\":2,\"name\":\"M\u0259hsullar\",\"item\":\"https:\\\/\\\/onurplast.az\\\/mehsullar\\\/\"},{\"@type\":\"ListItem\",\"position\":3,\"name\":\"\u041c\u043e\u0442\u043e\u043f\u043e\u043c\u043f\u0430 \u0441 \u0412\u043d\u0443\u0442\u0440\u0435\u043d\u043d\u0435\u0439 \u0420\u0435\u0437\u044c\u0431\u043e\u0439\"}]},{\"@type\":\"WebSite\",\"@id\":\"https:\\\/\\\/onurplast.az\\\/ru\\\/#website\",\"url\":\"https:\\\/\\\/onurplast.az\\\/ru\\\/\",\"name\":\"Suvarma,Ya\u011fmurlama v\u0259 Pivot Sisteml\u0259ri, Avtomatik Suvarma: Onur Plast\",\"description\":\"Avtomatik Suvarma Sisteml\u0259ri,Ya\u011fmurlama,Pivot Sisteml\u0259ri:Onur Plast\",\"publisher\":{\"@id\":\"https:\\\/\\\/onurplast.az\\\/ru\\\/#organization\"},\"potentialAction\":[{\"@type\":\"SearchAction\",\"target\":{\"@type\":\"EntryPoint\",\"urlTemplate\":\"https:\\\/\\\/onurplast.az\\\/ru\\\/?s={search_term_string}\"},\"query-input\":{\"@type\":\"PropertyValueSpecification\",\"valueRequired\":true,\"valueName\":\"search_term_string\"}}],\"inLanguage\":\"ru-RU\"},{\"@type\":\"Organization\",\"@id\":\"https:\\\/\\\/onurplast.az\\\/ru\\\/#organization\",\"name\":\"Suvarma,Ya\u011fmurlama v\u0259 Pivot Sisteml\u0259ri, Avtomatik Suvarma: Onur Plast\",\"url\":\"https:\\\/\\\/onurplast.az\\\/ru\\\/\",\"logo\":{\"@type\":\"ImageObject\",\"inLanguage\":\"ru-RU\",\"@id\":\"https:\\\/\\\/onurplast.az\\\/ru\\\/#\\\/schema\\\/logo\\\/image\\\/\",\"url\":\"https:\\\/\\\/onurplast.az\\\/wp-content\\\/uploads\\\/Onur-Plast-Suvarma-Sistemleri-Logo2.svg\",\"contentUrl\":\"https:\\\/\\\/onurplast.az\\\/wp-content\\\/uploads\\\/Onur-Plast-Suvarma-Sistemleri-Logo2.svg\",\"width\":569,\"height\":150,\"caption\":\"Suvarma,Ya\u011fmurlama v\u0259 Pivot Sisteml\u0259ri, Avtomatik Suvarma: Onur Plast\"},\"image\":{\"@id\":\"https:\\\/\\\/onurplast.az\\\/ru\\\/#\\\/schema\\\/logo\\\/image\\\/\"},\"sameAs\":[\"https:\\\/\\\/www.facebook.com\\\/Onur-plast-110179870426347\",\"https:\\\/\\\/www.instagram.com\\\/suvarma_onurplast\\\/\",\"https:\\\/\\\/www.youtube.com\\\/channel\\\/UCjWsbKNIsj1tvovG9PD4Btg\"]}]}<\/script>\n<!-- \/ Yoast SEO plugin. -->","yoast_head_json":{"title":"\u041c\u043e\u0442\u043e\u043f\u043e\u043c\u043f\u0430 \u0441 \u0412\u043d\u0443\u0442\u0440\u0435\u043d\u043d\u0435\u0439 \u0420\u0435\u0437\u044c\u0431\u043e\u0439 - Avtomatik Suvarma Sisteml\u0259ri,Ya\u011fmurlama,Pivot Sisteml\u0259ri:Onur Plast","robots":{"index":"index","follow":"follow","max-snippet":"max-snippet:-1","max-image-preview":"max-image-preview:large","max-video-preview":"max-video-preview:-1"},"canonical":"https:\/\/onurplast.az\/ru\/produkti\/%d1%81%d0%bf%d1%80%d0%b8%d0%bd%d0%ba%d0%bb%d0%b5%d1%80%d0%bd%d1%8b%d0%b5-%d1%81%d0%b8%d1%81%d1%82%d0%b5%d0%bc%d1%8b\/%d1%81%d0%bf%d1%80%d0%b8%d0%bd%d0%ba%d0%bb%d0%b5%d1%80%d0%bd%d1%8b%d0%b5-%d1%84%d0%b8%d1%82%d0%b8%d0%bd%d0%b3%d0%b8\/%d0%bc%d0%be%d1%82%d0%be%d0%bf%d0%be%d0%bc%d0%bf%d0%b0-%d1%81-%d0%b2%d0%bd%d1%83%d1%82%d1%80%d0%b5%d0%bd%d0%bd%d0%b5%d0%b9-%d1%80%d0%b5%d0%b7%d1%8c%d0%b1%d0%be%d0%b9\/","og_locale":"ru_RU","og_type":"article","og_title":"\u041c\u043e\u0442\u043e\u043f\u043e\u043c\u043f\u0430 \u0441 \u0412\u043d\u0443\u0442\u0440\u0435\u043d\u043d\u0435\u0439 \u0420\u0435\u0437\u044c\u0431\u043e\u0439 - Avtomatik Suvarma Sisteml\u0259ri,Ya\u011fmurlama,Pivot Sisteml\u0259ri:Onur Plast","og_description":"Kod Code \u00d6l\u00e7\u00fcs\u00fc Size AZ-PSF 50 50 mm AZ-PSF 63 63 mm AZ-PSF 75 75 mm AZ-PSF 90 90 mm AZ-PSF 110 110 mm AZ-PSF 125 125 mm AZ-PSF 140 140 mm AZ-PSF 160 160 mm","og_url":"https:\/\/onurplast.az\/ru\/produkti\/%d1%81%d0%bf%d1%80%d0%b8%d0%bd%d0%ba%d0%bb%d0%b5%d1%80%d0%bd%d1%8b%d0%b5-%d1%81%d0%b8%d1%81%d1%82%d0%b5%d0%bc%d1%8b\/%d1%81%d0%bf%d1%80%d0%b8%d0%bd%d0%ba%d0%bb%d0%b5%d1%80%d0%bd%d1%8b%d0%b5-%d1%84%d0%b8%d1%82%d0%b8%d0%bd%d0%b3%d0%b8\/%d0%bc%d0%be%d1%82%d0%be%d0%bf%d0%be%d0%bc%d0%bf%d0%b0-%d1%81-%d0%b2%d0%bd%d1%83%d1%82%d1%80%d0%b5%d0%bd%d0%bd%d0%b5%d0%b9-%d1%80%d0%b5%d0%b7%d1%8c%d0%b1%d0%be%d0%b9\/","og_site_name":"Avtomatik Suvarma Sisteml\u0259ri,Ya\u011fmurlama,Pivot Sisteml\u0259ri:Onur Plast","article_publisher":"https:\/\/www.facebook.com\/Onur-plast-110179870426347","twitter_card":"summary_large_image","schema":{"@context":"https:\/\/schema.org","@graph":[{"@type":"WebPage","@id":"https:\/\/onurplast.az\/ru\/produkti\/%d1%81%d0%bf%d1%80%d0%b8%d0%bd%d0%ba%d0%bb%d0%b5%d1%80%d0%bd%d1%8b%d0%b5-%d1%81%d0%b8%d1%81%d1%82%d0%b5%d0%bc%d1%8b\/%d1%81%d0%bf%d1%80%d0%b8%d0%bd%d0%ba%d0%bb%d0%b5%d1%80%d0%bd%d1%8b%d0%b5-%d1%84%d0%b8%d1%82%d0%b8%d0%bd%d0%b3%d0%b8\/%d0%bc%d0%be%d1%82%d0%be%d0%bf%d0%be%d0%bc%d0%bf%d0%b0-%d1%81-%d0%b2%d0%bd%d1%83%d1%82%d1%80%d0%b5%d0%bd%d0%bd%d0%b5%d0%b9-%d1%80%d0%b5%d0%b7%d1%8c%d0%b1%d0%be%d0%b9\/","url":"https:\/\/onurplast.az\/ru\/produkti\/%d1%81%d0%bf%d1%80%d0%b8%d0%bd%d0%ba%d0%bb%d0%b5%d1%80%d0%bd%d1%8b%d0%b5-%d1%81%d0%b8%d1%81%d1%82%d0%b5%d0%bc%d1%8b\/%d1%81%d0%bf%d1%80%d0%b8%d0%bd%d0%ba%d0%bb%d0%b5%d1%80%d0%bd%d1%8b%d0%b5-%d1%84%d0%b8%d1%82%d0%b8%d0%bd%d0%b3%d0%b8\/%d0%bc%d0%be%d1%82%d0%be%d0%bf%d0%be%d0%bc%d0%bf%d0%b0-%d1%81-%d0%b2%d0%bd%d1%83%d1%82%d1%80%d0%b5%d0%bd%d0%bd%d0%b5%d0%b9-%d1%80%d0%b5%d0%b7%d1%8c%d0%b1%d0%be%d0%b9\/","name":"\u041c\u043e\u0442\u043e\u043f\u043e\u043c\u043f\u0430 \u0441 \u0412\u043d\u0443\u0442\u0440\u0435\u043d\u043d\u0435\u0439 \u0420\u0435\u0437\u044c\u0431\u043e\u0439 - Avtomatik Suvarma Sisteml\u0259ri,Ya\u011fmurlama,Pivot Sisteml\u0259ri:Onur Plast","isPartOf":{"@id":"https:\/\/onurplast.az\/ru\/#website"},"primaryImageOfPage":{"@id":"https:\/\/onurplast.az\/ru\/produkti\/%d1%81%d0%bf%d1%80%d0%b8%d0%bd%d0%ba%d0%bb%d0%b5%d1%80%d0%bd%d1%8b%d0%b5-%d1%81%d0%b8%d1%81%d1%82%d0%b5%d0%bc%d1%8b\/%d1%81%d0%bf%d1%80%d0%b8%d0%bd%d0%ba%d0%bb%d0%b5%d1%80%d0%bd%d1%8b%d0%b5-%d1%84%d0%b8%d1%82%d0%b8%d0%bd%d0%b3%d0%b8\/%d0%bc%d0%be%d1%82%d0%be%d0%bf%d0%be%d0%bc%d0%bf%d0%b0-%d1%81-%d0%b2%d0%bd%d1%83%d1%82%d1%80%d0%b5%d0%bd%d0%bd%d0%b5%d0%b9-%d1%80%d0%b5%d0%b7%d1%8c%d0%b1%d0%be%d0%b9\/#primaryimage"},"image":{"@id":"https:\/\/onurplast.az\/ru\/produkti\/%d1%81%d0%bf%d1%80%d0%b8%d0%bd%d0%ba%d0%bb%d0%b5%d1%80%d0%bd%d1%8b%d0%b5-%d1%81%d0%b8%d1%81%d1%82%d0%b5%d0%bc%d1%8b\/%d1%81%d0%bf%d1%80%d0%b8%d0%bd%d0%ba%d0%bb%d0%b5%d1%80%d0%bd%d1%8b%d0%b5-%d1%84%d0%b8%d1%82%d0%b8%d0%bd%d0%b3%d0%b8\/%d0%bc%d0%be%d1%82%d0%be%d0%bf%d0%be%d0%bc%d0%bf%d0%b0-%d1%81-%d0%b2%d0%bd%d1%83%d1%82%d1%80%d0%b5%d0%bd%d0%bd%d0%b5%d0%b9-%d1%80%d0%b5%d0%b7%d1%8c%d0%b1%d0%be%d0%b9\/#primaryimage"},"thumbnailUrl":"https:\/\/onurplast.az\/wp-content\/uploads\/DISI-MOTOPOMPA-CIXISI.webp","datePublished":"2023-11-17T20:51:57+00:00","breadcrumb":{"@id":"https:\/\/onurplast.az\/ru\/produkti\/%d1%81%d0%bf%d1%80%d0%b8%d0%bd%d0%ba%d0%bb%d0%b5%d1%80%d0%bd%d1%8b%d0%b5-%d1%81%d0%b8%d1%81%d1%82%d0%b5%d0%bc%d1%8b\/%d1%81%d0%bf%d1%80%d0%b8%d0%bd%d0%ba%d0%bb%d0%b5%d1%80%d0%bd%d1%8b%d0%b5-%d1%84%d0%b8%d1%82%d0%b8%d0%bd%d0%b3%d0%b8\/%d0%bc%d0%be%d1%82%d0%be%d0%bf%d0%be%d0%bc%d0%bf%d0%b0-%d1%81-%d0%b2%d0%bd%d1%83%d1%82%d1%80%d0%b5%d0%bd%d0%bd%d0%b5%d0%b9-%d1%80%d0%b5%d0%b7%d1%8c%d0%b1%d0%be%d0%b9\/#breadcrumb"},"inLanguage":"ru-RU","potentialAction":[{"@type":"ReadAction","target":["https:\/\/onurplast.az\/ru\/produkti\/%d1%81%d0%bf%d1%80%d0%b8%d0%bd%d0%ba%d0%bb%d0%b5%d1%80%d0%bd%d1%8b%d0%b5-%d1%81%d0%b8%d1%81%d1%82%d0%b5%d0%bc%d1%8b\/%d1%81%d0%bf%d1%80%d0%b8%d0%bd%d0%ba%d0%bb%d0%b5%d1%80%d0%bd%d1%8b%d0%b5-%d1%84%d0%b8%d1%82%d0%b8%d0%bd%d0%b3%d0%b8\/%d0%bc%d0%be%d1%82%d0%be%d0%bf%d0%be%d0%bc%d0%bf%d0%b0-%d1%81-%d0%b2%d0%bd%d1%83%d1%82%d1%80%d0%b5%d0%bd%d0%bd%d0%b5%d0%b9-%d1%80%d0%b5%d0%b7%d1%8c%d0%b1%d0%be%d0%b9\/"]}]},{"@type":"ImageObject","inLanguage":"ru-RU","@id":"https:\/\/onurplast.az\/ru\/produkti\/%d1%81%d0%bf%d1%80%d0%b8%d0%bd%d0%ba%d0%bb%d0%b5%d1%80%d0%bd%d1%8b%d0%b5-%d1%81%d0%b8%d1%81%d1%82%d0%b5%d0%bc%d1%8b\/%d1%81%d0%bf%d1%80%d0%b8%d0%bd%d0%ba%d0%bb%d0%b5%d1%80%d0%bd%d1%8b%d0%b5-%d1%84%d0%b8%d1%82%d0%b8%d0%bd%d0%b3%d0%b8\/%d0%bc%d0%be%d1%82%d0%be%d0%bf%d0%be%d0%bc%d0%bf%d0%b0-%d1%81-%d0%b2%d0%bd%d1%83%d1%82%d1%80%d0%b5%d0%bd%d0%bd%d0%b5%d0%b9-%d1%80%d0%b5%d0%b7%d1%8c%d0%b1%d0%be%d0%b9\/#primaryimage","url":"https:\/\/onurplast.az\/wp-content\/uploads\/DISI-MOTOPOMPA-CIXISI.webp","contentUrl":"https:\/\/onurplast.az\/wp-content\/uploads\/DISI-MOTOPOMPA-CIXISI.webp","width":600,"height":600,"caption":"\u041c\u043e\u0442\u043e\u043f\u043e\u043c\u043f\u0430 \u0441 \u0412\u043d\u0443\u0442\u0440\u0435\u043d\u043d\u0435\u0439 \u0420\u0435\u0437\u044c\u0431\u043e\u0439"},{"@type":"BreadcrumbList","@id":"https:\/\/onurplast.az\/ru\/produkti\/%d1%81%d0%bf%d1%80%d0%b8%d0%bd%d0%ba%d0%bb%d0%b5%d1%80%d0%bd%d1%8b%d0%b5-%d1%81%d0%b8%d1%81%d1%82%d0%b5%d0%bc%d1%8b\/%d1%81%d0%bf%d1%80%d0%b8%d0%bd%d0%ba%d0%bb%d0%b5%d1%80%d0%bd%d1%8b%d0%b5-%d1%84%d0%b8%d1%82%d0%b8%d0%bd%d0%b3%d0%b8\/%d0%bc%d0%be%d1%82%d0%be%d0%bf%d0%be%d0%bc%d0%bf%d0%b0-%d1%81-%d0%b2%d0%bd%d1%83%d1%82%d1%80%d0%b5%d0%bd%d0%bd%d0%b5%d0%b9-%d1%80%d0%b5%d0%b7%d1%8c%d0%b1%d0%be%d0%b9\/#breadcrumb","itemListElement":[{"@type":"ListItem","position":1,"name":"\u018fsas S\u0259hif\u0259","item":"https:\/\/onurplast.az\/ru\/"},{"@type":"ListItem","position":2,"name":"M\u0259hsullar","item":"https:\/\/onurplast.az\/mehsullar\/"},{"@type":"ListItem","position":3,"name":"\u041c\u043e\u0442\u043e\u043f\u043e\u043c\u043f\u0430 \u0441 \u0412\u043d\u0443\u0442\u0440\u0435\u043d\u043d\u0435\u0439 \u0420\u0435\u0437\u044c\u0431\u043e\u0439"}]},{"@type":"WebSite","@id":"https:\/\/onurplast.az\/ru\/#website","url":"https:\/\/onurplast.az\/ru\/","name":"Suvarma,Ya\u011fmurlama v\u0259 Pivot Sisteml\u0259ri, Avtomatik Suvarma: Onur Plast","description":"Avtomatik Suvarma Sisteml\u0259ri,Ya\u011fmurlama,Pivot Sisteml\u0259ri:Onur Plast","publisher":{"@id":"https:\/\/onurplast.az\/ru\/#organization"},"potentialAction":[{"@type":"SearchAction","target":{"@type":"EntryPoint","urlTemplate":"https:\/\/onurplast.az\/ru\/?s={search_term_string}"},"query-input":{"@type":"PropertyValueSpecification","valueRequired":true,"valueName":"search_term_string"}}],"inLanguage":"ru-RU"},{"@type":"Organization","@id":"https:\/\/onurplast.az\/ru\/#organization","name":"Suvarma,Ya\u011fmurlama v\u0259 Pivot Sisteml\u0259ri, Avtomatik Suvarma: Onur Plast","url":"https:\/\/onurplast.az\/ru\/","logo":{"@type":"ImageObject","inLanguage":"ru-RU","@id":"https:\/\/onurplast.az\/ru\/#\/schema\/logo\/image\/","url":"https:\/\/onurplast.az\/wp-content\/uploads\/Onur-Plast-Suvarma-Sistemleri-Logo2.svg","contentUrl":"https:\/\/onurplast.az\/wp-content\/uploads\/Onur-Plast-Suvarma-Sistemleri-Logo2.svg","width":569,"height":150,"caption":"Suvarma,Ya\u011fmurlama v\u0259 Pivot Sisteml\u0259ri, Avtomatik Suvarma: Onur Plast"},"image":{"@id":"https:\/\/onurplast.az\/ru\/#\/schema\/logo\/image\/"},"sameAs":["https:\/\/www.facebook.com\/Onur-plast-110179870426347","https:\/\/www.instagram.com\/suvarma_onurplast\/","https:\/\/www.youtube.com\/channel\/UCjWsbKNIsj1tvovG9PD4Btg"]}]}},"_links":{"self":[{"href":"https:\/\/onurplast.az\/ru\/wp-json\/wp\/v2\/product\/3566","targetHints":{"allow":["GET"]}}],"collection":[{"href":"https:\/\/onurplast.az\/ru\/wp-json\/wp\/v2\/product"}],"about":[{"href":"https:\/\/onurplast.az\/ru\/wp-json\/wp\/v2\/types\/product"}],"wp:featuredmedia":[{"embeddable":true,"href":"https:\/\/onurplast.az\/ru\/wp-json\/wp\/v2\/media\/774"}],"wp:attachment":[{"href":"https:\/\/onurplast.az\/ru\/wp-json\/wp\/v2\/media?parent=3566"}],"wp:term":[{"taxonomy":"product_brand","embeddable":true,"href":"https:\/\/onurplast.az\/ru\/wp-json\/wp\/v2\/product_brand?post=3566"},{"taxonomy":"product_cat","embeddable":true,"href":"https:\/\/onurplast.az\/ru\/wp-json\/wp\/v2\/product_cat?post=3566"},{"taxonomy":"product_tag","embeddable":true,"href":"https:\/\/onurplast.az\/ru\/wp-json\/wp\/v2\/product_tag?post=3566"}],"curies":[{"name":"wp","href":"https:\/\/api.w.org\/{rel}","templated":true}]}}