{"id":3568,"date":"2023-11-17T21:02:33","date_gmt":"2023-11-17T21:02:33","guid":{"rendered":"https:\/\/onurplast.az\/mehsullar\/uncategorized\/%d0%bc%d0%b8%d0%bd%d0%b8-%d1%81%d0%bf%d1%80%d0%b8%d0%bd%d0%ba\/"},"modified":"2023-11-17T21:02:33","modified_gmt":"2023-11-17T21:02:33","slug":"%d0%bc%d0%b8%d0%bd%d0%b8-%d1%81%d0%bf%d1%80%d0%b8%d0%bd%d0%ba","status":"publish","type":"product","link":"https:\/\/onurplast.az\/ru\/produkti\/%d1%81%d0%bf%d1%80%d0%b8%d0%bd%d0%ba%d0%bb%d0%b5%d1%80%d0%bd%d1%8b%d0%b5-%d1%81%d0%b8%d1%81%d1%82%d0%b5%d0%bc%d1%8b\/%d1%81%d0%bf%d1%80%d0%b8%d0%bd%d0%ba%d0%bb%d0%b5%d1%80%d1%8b-%d0%b8-%d1%80%d0%b5%d0%b0%d0%ba%d1%82%d0%b8%d0%b2%d0%bd%d1%8b%d0%b5-%d0%bf%d0%b8%d1%81%d1%82%d0%be%d0%bb%d0%b5%d1%82%d1%8b\/%d0%bc%d0%b8%d0%bd%d0%b8-%d1%81%d0%bf%d1%80%d0%b8%d0%bd%d0%ba\/","title":{"rendered":"\u041c\u0438\u043d\u0438 \u0421\u043f\u0440\u0438\u043d\u043a"},"content":{"rendered":"<table>\n<tbody>\n<tr>\n<td><strong>Kod<\/strong><br \/>\n<strong>Code<\/strong><\/td>\n<td><strong>\u00d6l\u00e7\u00fc<\/strong><br \/>\n<strong>Size<\/strong><\/td>\n<td><strong>Nozul<\/strong><br \/>\n<strong>Nozzle<\/strong><\/td>\n<td><strong>Paketl\u0259m\u0259 \/ Koli<\/strong><br \/>\n<strong>Packaging \/ Box<\/strong><\/td>\n<\/tr>\n<tr>\n<td rowspan=\"2\">AZ-BMS-1\/2<\/td>\n<td rowspan=\"2\">1\/2\u201d<\/td>\n<td>2,5 x 3,5 mm<\/td>\n<td rowspan=\"2\">40<\/td>\n<\/tr>\n<tr>\n<td>2,0 x 3,0 mm<\/td>\n<\/tr>\n<\/tbody>\n<\/table>\n<p>&nbsp;<\/p>\n<table>\n<tbody>\n<tr>\n<td><strong>Nozul N\u00f6v\u00fc<\/strong><br \/>\n<strong>Nozzle Type<\/strong><br \/>\n<strong>(mm)<\/strong><\/td>\n<td><strong>Giri\u015f Diametri<\/strong><br \/>\n<strong>Inlet Diameter<\/strong><br \/>\n<strong>(inch)<\/strong><\/td>\n<td><strong>Bas\u0131n\u00e7<\/strong><br \/>\n<strong>Pressure<\/strong><br \/>\n<strong>(bar)<\/strong><\/td>\n<td><strong>Su h\u0259cmi<\/strong><br \/>\n<strong>Flow Rate<\/strong><br \/>\n<strong>(l\/h)<\/strong><\/td>\n<td><strong>Suvarma Diametri<\/strong><br \/>\n<strong>Irrigated Diameter<\/strong><br \/>\n<strong>(m)<\/strong><\/td>\n<\/tr>\n<tr>\n<td>2,5 x 3,5<\/td>\n<td>1\/2\u201d<\/td>\n<td>1,5<\/td>\n<td>898<\/td>\n<td>23<\/td>\n<\/tr>\n<tr>\n<td>2,5 x 3,5<\/td>\n<td>1\/2\u201d<\/td>\n<td>2<\/td>\n<td>1007<\/td>\n<td>24<\/td>\n<\/tr>\n<tr>\n<td>2,5 x 3,5<\/td>\n<td>1\/2\u201d<\/td>\n<td>2,5<\/td>\n<td>1126<\/td>\n<td>24<\/td>\n<\/tr>\n<tr>\n<td>2,5 x 3,5<\/td>\n<td>1\/2\u201d<\/td>\n<td>3<\/td>\n<td>1272<\/td>\n<td>24,5<\/td>\n<\/tr>\n<tr>\n<td>2,5 x 3,5<\/td>\n<td>1\/2\u201d<\/td>\n<td>3,5<\/td>\n<td>1428<\/td>\n<td>24,5<\/td>\n<\/tr>\n<tr>\n<td>2 x 3<\/td>\n<td>1\/2\u201d<\/td>\n<td>1,5<\/td>\n<td>656<\/td>\n<td>22,5<\/td>\n<\/tr>\n<tr>\n<td>2 x 3<\/td>\n<td>1\/2\u201d<\/td>\n<td>2<\/td>\n<td>857<\/td>\n<td>22,5<\/td>\n<\/tr>\n<tr>\n<td>2 x 3<\/td>\n<td>1\/2\u201d<\/td>\n<td>2,5<\/td>\n<td>898<\/td>\n<td>22,5<\/td>\n<\/tr>\n<tr>\n<td>2 x 3<\/td>\n<td>1\/2\u201d<\/td>\n<td>3<\/td>\n<td>932<\/td>\n<td>21,5<\/td>\n<\/tr>\n<tr>\n<td>2 x 3<\/td>\n<td>1\/2\u201d<\/td>\n<td>3,5<\/td>\n<td>1011<\/td>\n<td>21,5<\/td>\n<\/tr>\n<\/tbody>\n<\/table>\n","protected":false},"excerpt":{"rendered":"<p>Kod Code \u00d6l\u00e7\u00fc Size Nozul Nozzle Paketl\u0259m\u0259 \/ Koli Packaging \/ Box AZ-BMS-1\/2 1\/2\u201d 2,5 x 3,5 mm 40 2,0 x 3,0 mm &nbsp; Nozul N\u00f6v\u00fc Nozzle Type (mm) Giri\u015f Diametri Inlet Diameter (inch) Bas\u0131n\u00e7 Pressure (bar) Su h\u0259cmi Flow Rate (l\/h) Suvarma Diametri Irrigated Diameter (m) 2,5 x 3,5 1\/2\u201d 1,5 898 23 2,5 [&hellip;]<\/p>\n","protected":false},"featured_media":784,"template":"","meta":{"_acf_changed":false,"inline_featured_image":false},"product_brand":[],"product_cat":[356],"product_tag":[612],"class_list":{"0":"post-3568","1":"product","2":"type-product","3":"status-publish","4":"has-post-thumbnail","6":"product_cat-356","7":"product_tag-612","9":"first","10":"instock","11":"shipping-taxable","12":"purchasable","13":"product-type-simple"},"acf":[],"yoast_head":"<!-- This site is optimized with the Yoast SEO plugin v27.4 - https:\/\/yoast.com\/product\/yoast-seo-wordpress\/ -->\n<title>\u041c\u0438\u043d\u0438 \u0421\u043f\u0440\u0438\u043d\u043a - Avtomatik Suvarma Sisteml\u0259ri,Ya\u011fmurlama,Pivot Sisteml\u0259ri:Onur Plast<\/title>\n<meta name=\"robots\" content=\"index, follow, max-snippet:-1, max-image-preview:large, max-video-preview:-1\" \/>\n<link rel=\"canonical\" href=\"https:\/\/onurplast.az\/ru\/produkti\/%d1%81%d0%bf%d1%80%d0%b8%d0%bd%d0%ba%d0%bb%d0%b5%d1%80%d0%bd%d1%8b%d0%b5-%d1%81%d0%b8%d1%81%d1%82%d0%b5%d0%bc%d1%8b\/%d1%81%d0%bf%d1%80%d0%b8%d0%bd%d0%ba%d0%bb%d0%b5%d1%80%d1%8b-%d0%b8-%d1%80%d0%b5%d0%b0%d0%ba%d1%82%d0%b8%d0%b2%d0%bd%d1%8b%d0%b5-%d0%bf%d0%b8%d1%81%d1%82%d0%be%d0%bb%d0%b5%d1%82%d1%8b\/%d0%bc%d0%b8%d0%bd%d0%b8-%d1%81%d0%bf%d1%80%d0%b8%d0%bd%d0%ba\/\" \/>\n<meta property=\"og:locale\" content=\"ru_RU\" \/>\n<meta property=\"og:type\" content=\"article\" \/>\n<meta property=\"og:title\" content=\"\u041c\u0438\u043d\u0438 \u0421\u043f\u0440\u0438\u043d\u043a - Avtomatik Suvarma Sisteml\u0259ri,Ya\u011fmurlama,Pivot Sisteml\u0259ri:Onur Plast\" \/>\n<meta property=\"og:description\" content=\"Kod Code \u00d6l\u00e7\u00fc Size Nozul Nozzle Paketl\u0259m\u0259 \/ Koli Packaging \/ Box AZ-BMS-1\/2 1\/2\u201d 2,5 x 3,5 mm 40 2,0 x 3,0 mm &nbsp; Nozul N\u00f6v\u00fc Nozzle Type (mm) Giri\u015f Diametri Inlet Diameter (inch) Bas\u0131n\u00e7 Pressure (bar) Su h\u0259cmi Flow Rate (l\/h) Suvarma Diametri Irrigated Diameter (m) 2,5 x 3,5 1\/2\u201d 1,5 898 23 2,5 [&hellip;]\" \/>\n<meta property=\"og:url\" content=\"https:\/\/onurplast.az\/ru\/produkti\/%d1%81%d0%bf%d1%80%d0%b8%d0%bd%d0%ba%d0%bb%d0%b5%d1%80%d0%bd%d1%8b%d0%b5-%d1%81%d0%b8%d1%81%d1%82%d0%b5%d0%bc%d1%8b\/%d1%81%d0%bf%d1%80%d0%b8%d0%bd%d0%ba%d0%bb%d0%b5%d1%80%d1%8b-%d0%b8-%d1%80%d0%b5%d0%b0%d0%ba%d1%82%d0%b8%d0%b2%d0%bd%d1%8b%d0%b5-%d0%bf%d0%b8%d1%81%d1%82%d0%be%d0%bb%d0%b5%d1%82%d1%8b\/%d0%bc%d0%b8%d0%bd%d0%b8-%d1%81%d0%bf%d1%80%d0%b8%d0%bd%d0%ba\/\" \/>\n<meta property=\"og:site_name\" content=\"Avtomatik Suvarma Sisteml\u0259ri,Ya\u011fmurlama,Pivot Sisteml\u0259ri:Onur Plast\" \/>\n<meta property=\"article:publisher\" content=\"https:\/\/www.facebook.com\/Onur-plast-110179870426347\" \/>\n<meta name=\"twitter:card\" content=\"summary_large_image\" \/>\n<script type=\"application\/ld+json\" class=\"yoast-schema-graph\">{\"@context\":\"https:\\\/\\\/schema.org\",\"@graph\":[{\"@type\":\"WebPage\",\"@id\":\"https:\\\/\\\/onurplast.az\\\/ru\\\/produkti\\\/%d1%81%d0%bf%d1%80%d0%b8%d0%bd%d0%ba%d0%bb%d0%b5%d1%80%d0%bd%d1%8b%d0%b5-%d1%81%d0%b8%d1%81%d1%82%d0%b5%d0%bc%d1%8b\\\/%d1%81%d0%bf%d1%80%d0%b8%d0%bd%d0%ba%d0%bb%d0%b5%d1%80%d1%8b-%d0%b8-%d1%80%d0%b5%d0%b0%d0%ba%d1%82%d0%b8%d0%b2%d0%bd%d1%8b%d0%b5-%d0%bf%d0%b8%d1%81%d1%82%d0%be%d0%bb%d0%b5%d1%82%d1%8b\\\/%d0%bc%d0%b8%d0%bd%d0%b8-%d1%81%d0%bf%d1%80%d0%b8%d0%bd%d0%ba\\\/\",\"url\":\"https:\\\/\\\/onurplast.az\\\/ru\\\/produkti\\\/%d1%81%d0%bf%d1%80%d0%b8%d0%bd%d0%ba%d0%bb%d0%b5%d1%80%d0%bd%d1%8b%d0%b5-%d1%81%d0%b8%d1%81%d1%82%d0%b5%d0%bc%d1%8b\\\/%d1%81%d0%bf%d1%80%d0%b8%d0%bd%d0%ba%d0%bb%d0%b5%d1%80%d1%8b-%d0%b8-%d1%80%d0%b5%d0%b0%d0%ba%d1%82%d0%b8%d0%b2%d0%bd%d1%8b%d0%b5-%d0%bf%d0%b8%d1%81%d1%82%d0%be%d0%bb%d0%b5%d1%82%d1%8b\\\/%d0%bc%d0%b8%d0%bd%d0%b8-%d1%81%d0%bf%d1%80%d0%b8%d0%bd%d0%ba\\\/\",\"name\":\"\u041c\u0438\u043d\u0438 \u0421\u043f\u0440\u0438\u043d\u043a - Avtomatik Suvarma Sisteml\u0259ri,Ya\u011fmurlama,Pivot Sisteml\u0259ri:Onur Plast\",\"isPartOf\":{\"@id\":\"https:\\\/\\\/onurplast.az\\\/ru\\\/#website\"},\"primaryImageOfPage\":{\"@id\":\"https:\\\/\\\/onurplast.az\\\/ru\\\/produkti\\\/%d1%81%d0%bf%d1%80%d0%b8%d0%bd%d0%ba%d0%bb%d0%b5%d1%80%d0%bd%d1%8b%d0%b5-%d1%81%d0%b8%d1%81%d1%82%d0%b5%d0%bc%d1%8b\\\/%d1%81%d0%bf%d1%80%d0%b8%d0%bd%d0%ba%d0%bb%d0%b5%d1%80%d1%8b-%d0%b8-%d1%80%d0%b5%d0%b0%d0%ba%d1%82%d0%b8%d0%b2%d0%bd%d1%8b%d0%b5-%d0%bf%d0%b8%d1%81%d1%82%d0%be%d0%bb%d0%b5%d1%82%d1%8b\\\/%d0%bc%d0%b8%d0%bd%d0%b8-%d1%81%d0%bf%d1%80%d0%b8%d0%bd%d0%ba\\\/#primaryimage\"},\"image\":{\"@id\":\"https:\\\/\\\/onurplast.az\\\/ru\\\/produkti\\\/%d1%81%d0%bf%d1%80%d0%b8%d0%bd%d0%ba%d0%bb%d0%b5%d1%80%d0%bd%d1%8b%d0%b5-%d1%81%d0%b8%d1%81%d1%82%d0%b5%d0%bc%d1%8b\\\/%d1%81%d0%bf%d1%80%d0%b8%d0%bd%d0%ba%d0%bb%d0%b5%d1%80%d1%8b-%d0%b8-%d1%80%d0%b5%d0%b0%d0%ba%d1%82%d0%b8%d0%b2%d0%bd%d1%8b%d0%b5-%d0%bf%d0%b8%d1%81%d1%82%d0%be%d0%bb%d0%b5%d1%82%d1%8b\\\/%d0%bc%d0%b8%d0%bd%d0%b8-%d1%81%d0%bf%d1%80%d0%b8%d0%bd%d0%ba\\\/#primaryimage\"},\"thumbnailUrl\":\"https:\\\/\\\/onurplast.az\\\/wp-content\\\/uploads\\\/MINI-SPRINK.webp\",\"datePublished\":\"2023-11-17T21:02:33+00:00\",\"breadcrumb\":{\"@id\":\"https:\\\/\\\/onurplast.az\\\/ru\\\/produkti\\\/%d1%81%d0%bf%d1%80%d0%b8%d0%bd%d0%ba%d0%bb%d0%b5%d1%80%d0%bd%d1%8b%d0%b5-%d1%81%d0%b8%d1%81%d1%82%d0%b5%d0%bc%d1%8b\\\/%d1%81%d0%bf%d1%80%d0%b8%d0%bd%d0%ba%d0%bb%d0%b5%d1%80%d1%8b-%d0%b8-%d1%80%d0%b5%d0%b0%d0%ba%d1%82%d0%b8%d0%b2%d0%bd%d1%8b%d0%b5-%d0%bf%d0%b8%d1%81%d1%82%d0%be%d0%bb%d0%b5%d1%82%d1%8b\\\/%d0%bc%d0%b8%d0%bd%d0%b8-%d1%81%d0%bf%d1%80%d0%b8%d0%bd%d0%ba\\\/#breadcrumb\"},\"inLanguage\":\"ru-RU\",\"potentialAction\":[{\"@type\":\"ReadAction\",\"target\":[\"https:\\\/\\\/onurplast.az\\\/ru\\\/produkti\\\/%d1%81%d0%bf%d1%80%d0%b8%d0%bd%d0%ba%d0%bb%d0%b5%d1%80%d0%bd%d1%8b%d0%b5-%d1%81%d0%b8%d1%81%d1%82%d0%b5%d0%bc%d1%8b\\\/%d1%81%d0%bf%d1%80%d0%b8%d0%bd%d0%ba%d0%bb%d0%b5%d1%80%d1%8b-%d0%b8-%d1%80%d0%b5%d0%b0%d0%ba%d1%82%d0%b8%d0%b2%d0%bd%d1%8b%d0%b5-%d0%bf%d0%b8%d1%81%d1%82%d0%be%d0%bb%d0%b5%d1%82%d1%8b\\\/%d0%bc%d0%b8%d0%bd%d0%b8-%d1%81%d0%bf%d1%80%d0%b8%d0%bd%d0%ba\\\/\"]}]},{\"@type\":\"ImageObject\",\"inLanguage\":\"ru-RU\",\"@id\":\"https:\\\/\\\/onurplast.az\\\/ru\\\/produkti\\\/%d1%81%d0%bf%d1%80%d0%b8%d0%bd%d0%ba%d0%bb%d0%b5%d1%80%d0%bd%d1%8b%d0%b5-%d1%81%d0%b8%d1%81%d1%82%d0%b5%d0%bc%d1%8b\\\/%d1%81%d0%bf%d1%80%d0%b8%d0%bd%d0%ba%d0%bb%d0%b5%d1%80%d1%8b-%d0%b8-%d1%80%d0%b5%d0%b0%d0%ba%d1%82%d0%b8%d0%b2%d0%bd%d1%8b%d0%b5-%d0%bf%d0%b8%d1%81%d1%82%d0%be%d0%bb%d0%b5%d1%82%d1%8b\\\/%d0%bc%d0%b8%d0%bd%d0%b8-%d1%81%d0%bf%d1%80%d0%b8%d0%bd%d0%ba\\\/#primaryimage\",\"url\":\"https:\\\/\\\/onurplast.az\\\/wp-content\\\/uploads\\\/MINI-SPRINK.webp\",\"contentUrl\":\"https:\\\/\\\/onurplast.az\\\/wp-content\\\/uploads\\\/MINI-SPRINK.webp\",\"width\":600,\"height\":600,\"caption\":\"\u041c\u0438\u043d\u0438 \u0421\u043f\u0440\u0438\u043d\u043a\"},{\"@type\":\"BreadcrumbList\",\"@id\":\"https:\\\/\\\/onurplast.az\\\/ru\\\/produkti\\\/%d1%81%d0%bf%d1%80%d0%b8%d0%bd%d0%ba%d0%bb%d0%b5%d1%80%d0%bd%d1%8b%d0%b5-%d1%81%d0%b8%d1%81%d1%82%d0%b5%d0%bc%d1%8b\\\/%d1%81%d0%bf%d1%80%d0%b8%d0%bd%d0%ba%d0%bb%d0%b5%d1%80%d1%8b-%d0%b8-%d1%80%d0%b5%d0%b0%d0%ba%d1%82%d0%b8%d0%b2%d0%bd%d1%8b%d0%b5-%d0%bf%d0%b8%d1%81%d1%82%d0%be%d0%bb%d0%b5%d1%82%d1%8b\\\/%d0%bc%d0%b8%d0%bd%d0%b8-%d1%81%d0%bf%d1%80%d0%b8%d0%bd%d0%ba\\\/#breadcrumb\",\"itemListElement\":[{\"@type\":\"ListItem\",\"position\":1,\"name\":\"\u018fsas S\u0259hif\u0259\",\"item\":\"https:\\\/\\\/onurplast.az\\\/ru\\\/\"},{\"@type\":\"ListItem\",\"position\":2,\"name\":\"M\u0259hsullar\",\"item\":\"https:\\\/\\\/onurplast.az\\\/mehsullar\\\/\"},{\"@type\":\"ListItem\",\"position\":3,\"name\":\"\u041c\u0438\u043d\u0438 \u0421\u043f\u0440\u0438\u043d\u043a\"}]},{\"@type\":\"WebSite\",\"@id\":\"https:\\\/\\\/onurplast.az\\\/ru\\\/#website\",\"url\":\"https:\\\/\\\/onurplast.az\\\/ru\\\/\",\"name\":\"Suvarma,Ya\u011fmurlama v\u0259 Pivot Sisteml\u0259ri, Avtomatik Suvarma: Onur Plast\",\"description\":\"Avtomatik Suvarma Sisteml\u0259ri,Ya\u011fmurlama,Pivot Sisteml\u0259ri:Onur Plast\",\"publisher\":{\"@id\":\"https:\\\/\\\/onurplast.az\\\/ru\\\/#organization\"},\"potentialAction\":[{\"@type\":\"SearchAction\",\"target\":{\"@type\":\"EntryPoint\",\"urlTemplate\":\"https:\\\/\\\/onurplast.az\\\/ru\\\/?s={search_term_string}\"},\"query-input\":{\"@type\":\"PropertyValueSpecification\",\"valueRequired\":true,\"valueName\":\"search_term_string\"}}],\"inLanguage\":\"ru-RU\"},{\"@type\":\"Organization\",\"@id\":\"https:\\\/\\\/onurplast.az\\\/ru\\\/#organization\",\"name\":\"Suvarma,Ya\u011fmurlama v\u0259 Pivot Sisteml\u0259ri, Avtomatik Suvarma: Onur Plast\",\"url\":\"https:\\\/\\\/onurplast.az\\\/ru\\\/\",\"logo\":{\"@type\":\"ImageObject\",\"inLanguage\":\"ru-RU\",\"@id\":\"https:\\\/\\\/onurplast.az\\\/ru\\\/#\\\/schema\\\/logo\\\/image\\\/\",\"url\":\"https:\\\/\\\/onurplast.az\\\/wp-content\\\/uploads\\\/Onur-Plast-Suvarma-Sistemleri-Logo2.svg\",\"contentUrl\":\"https:\\\/\\\/onurplast.az\\\/wp-content\\\/uploads\\\/Onur-Plast-Suvarma-Sistemleri-Logo2.svg\",\"width\":569,\"height\":150,\"caption\":\"Suvarma,Ya\u011fmurlama v\u0259 Pivot Sisteml\u0259ri, Avtomatik Suvarma: Onur Plast\"},\"image\":{\"@id\":\"https:\\\/\\\/onurplast.az\\\/ru\\\/#\\\/schema\\\/logo\\\/image\\\/\"},\"sameAs\":[\"https:\\\/\\\/www.facebook.com\\\/Onur-plast-110179870426347\",\"https:\\\/\\\/www.instagram.com\\\/suvarma_onurplast\\\/\",\"https:\\\/\\\/www.youtube.com\\\/channel\\\/UCjWsbKNIsj1tvovG9PD4Btg\"]}]}<\/script>\n<!-- \/ Yoast SEO plugin. -->","yoast_head_json":{"title":"\u041c\u0438\u043d\u0438 \u0421\u043f\u0440\u0438\u043d\u043a - Avtomatik Suvarma Sisteml\u0259ri,Ya\u011fmurlama,Pivot Sisteml\u0259ri:Onur Plast","robots":{"index":"index","follow":"follow","max-snippet":"max-snippet:-1","max-image-preview":"max-image-preview:large","max-video-preview":"max-video-preview:-1"},"canonical":"https:\/\/onurplast.az\/ru\/produkti\/%d1%81%d0%bf%d1%80%d0%b8%d0%bd%d0%ba%d0%bb%d0%b5%d1%80%d0%bd%d1%8b%d0%b5-%d1%81%d0%b8%d1%81%d1%82%d0%b5%d0%bc%d1%8b\/%d1%81%d0%bf%d1%80%d0%b8%d0%bd%d0%ba%d0%bb%d0%b5%d1%80%d1%8b-%d0%b8-%d1%80%d0%b5%d0%b0%d0%ba%d1%82%d0%b8%d0%b2%d0%bd%d1%8b%d0%b5-%d0%bf%d0%b8%d1%81%d1%82%d0%be%d0%bb%d0%b5%d1%82%d1%8b\/%d0%bc%d0%b8%d0%bd%d0%b8-%d1%81%d0%bf%d1%80%d0%b8%d0%bd%d0%ba\/","og_locale":"ru_RU","og_type":"article","og_title":"\u041c\u0438\u043d\u0438 \u0421\u043f\u0440\u0438\u043d\u043a - Avtomatik Suvarma Sisteml\u0259ri,Ya\u011fmurlama,Pivot Sisteml\u0259ri:Onur Plast","og_description":"Kod Code \u00d6l\u00e7\u00fc Size Nozul Nozzle Paketl\u0259m\u0259 \/ Koli Packaging \/ Box AZ-BMS-1\/2 1\/2\u201d 2,5 x 3,5 mm 40 2,0 x 3,0 mm &nbsp; Nozul N\u00f6v\u00fc Nozzle Type (mm) Giri\u015f Diametri Inlet Diameter (inch) Bas\u0131n\u00e7 Pressure (bar) Su h\u0259cmi Flow Rate (l\/h) Suvarma Diametri Irrigated Diameter (m) 2,5 x 3,5 1\/2\u201d 1,5 898 23 2,5 [&hellip;]","og_url":"https:\/\/onurplast.az\/ru\/produkti\/%d1%81%d0%bf%d1%80%d0%b8%d0%bd%d0%ba%d0%bb%d0%b5%d1%80%d0%bd%d1%8b%d0%b5-%d1%81%d0%b8%d1%81%d1%82%d0%b5%d0%bc%d1%8b\/%d1%81%d0%bf%d1%80%d0%b8%d0%bd%d0%ba%d0%bb%d0%b5%d1%80%d1%8b-%d0%b8-%d1%80%d0%b5%d0%b0%d0%ba%d1%82%d0%b8%d0%b2%d0%bd%d1%8b%d0%b5-%d0%bf%d0%b8%d1%81%d1%82%d0%be%d0%bb%d0%b5%d1%82%d1%8b\/%d0%bc%d0%b8%d0%bd%d0%b8-%d1%81%d0%bf%d1%80%d0%b8%d0%bd%d0%ba\/","og_site_name":"Avtomatik Suvarma Sisteml\u0259ri,Ya\u011fmurlama,Pivot Sisteml\u0259ri:Onur Plast","article_publisher":"https:\/\/www.facebook.com\/Onur-plast-110179870426347","twitter_card":"summary_large_image","schema":{"@context":"https:\/\/schema.org","@graph":[{"@type":"WebPage","@id":"https:\/\/onurplast.az\/ru\/produkti\/%d1%81%d0%bf%d1%80%d0%b8%d0%bd%d0%ba%d0%bb%d0%b5%d1%80%d0%bd%d1%8b%d0%b5-%d1%81%d0%b8%d1%81%d1%82%d0%b5%d0%bc%d1%8b\/%d1%81%d0%bf%d1%80%d0%b8%d0%bd%d0%ba%d0%bb%d0%b5%d1%80%d1%8b-%d0%b8-%d1%80%d0%b5%d0%b0%d0%ba%d1%82%d0%b8%d0%b2%d0%bd%d1%8b%d0%b5-%d0%bf%d0%b8%d1%81%d1%82%d0%be%d0%bb%d0%b5%d1%82%d1%8b\/%d0%bc%d0%b8%d0%bd%d0%b8-%d1%81%d0%bf%d1%80%d0%b8%d0%bd%d0%ba\/","url":"https:\/\/onurplast.az\/ru\/produkti\/%d1%81%d0%bf%d1%80%d0%b8%d0%bd%d0%ba%d0%bb%d0%b5%d1%80%d0%bd%d1%8b%d0%b5-%d1%81%d0%b8%d1%81%d1%82%d0%b5%d0%bc%d1%8b\/%d1%81%d0%bf%d1%80%d0%b8%d0%bd%d0%ba%d0%bb%d0%b5%d1%80%d1%8b-%d0%b8-%d1%80%d0%b5%d0%b0%d0%ba%d1%82%d0%b8%d0%b2%d0%bd%d1%8b%d0%b5-%d0%bf%d0%b8%d1%81%d1%82%d0%be%d0%bb%d0%b5%d1%82%d1%8b\/%d0%bc%d0%b8%d0%bd%d0%b8-%d1%81%d0%bf%d1%80%d0%b8%d0%bd%d0%ba\/","name":"\u041c\u0438\u043d\u0438 \u0421\u043f\u0440\u0438\u043d\u043a - Avtomatik Suvarma Sisteml\u0259ri,Ya\u011fmurlama,Pivot Sisteml\u0259ri:Onur Plast","isPartOf":{"@id":"https:\/\/onurplast.az\/ru\/#website"},"primaryImageOfPage":{"@id":"https:\/\/onurplast.az\/ru\/produkti\/%d1%81%d0%bf%d1%80%d0%b8%d0%bd%d0%ba%d0%bb%d0%b5%d1%80%d0%bd%d1%8b%d0%b5-%d1%81%d0%b8%d1%81%d1%82%d0%b5%d0%bc%d1%8b\/%d1%81%d0%bf%d1%80%d0%b8%d0%bd%d0%ba%d0%bb%d0%b5%d1%80%d1%8b-%d0%b8-%d1%80%d0%b5%d0%b0%d0%ba%d1%82%d0%b8%d0%b2%d0%bd%d1%8b%d0%b5-%d0%bf%d0%b8%d1%81%d1%82%d0%be%d0%bb%d0%b5%d1%82%d1%8b\/%d0%bc%d0%b8%d0%bd%d0%b8-%d1%81%d0%bf%d1%80%d0%b8%d0%bd%d0%ba\/#primaryimage"},"image":{"@id":"https:\/\/onurplast.az\/ru\/produkti\/%d1%81%d0%bf%d1%80%d0%b8%d0%bd%d0%ba%d0%bb%d0%b5%d1%80%d0%bd%d1%8b%d0%b5-%d1%81%d0%b8%d1%81%d1%82%d0%b5%d0%bc%d1%8b\/%d1%81%d0%bf%d1%80%d0%b8%d0%bd%d0%ba%d0%bb%d0%b5%d1%80%d1%8b-%d0%b8-%d1%80%d0%b5%d0%b0%d0%ba%d1%82%d0%b8%d0%b2%d0%bd%d1%8b%d0%b5-%d0%bf%d0%b8%d1%81%d1%82%d0%be%d0%bb%d0%b5%d1%82%d1%8b\/%d0%bc%d0%b8%d0%bd%d0%b8-%d1%81%d0%bf%d1%80%d0%b8%d0%bd%d0%ba\/#primaryimage"},"thumbnailUrl":"https:\/\/onurplast.az\/wp-content\/uploads\/MINI-SPRINK.webp","datePublished":"2023-11-17T21:02:33+00:00","breadcrumb":{"@id":"https:\/\/onurplast.az\/ru\/produkti\/%d1%81%d0%bf%d1%80%d0%b8%d0%bd%d0%ba%d0%bb%d0%b5%d1%80%d0%bd%d1%8b%d0%b5-%d1%81%d0%b8%d1%81%d1%82%d0%b5%d0%bc%d1%8b\/%d1%81%d0%bf%d1%80%d0%b8%d0%bd%d0%ba%d0%bb%d0%b5%d1%80%d1%8b-%d0%b8-%d1%80%d0%b5%d0%b0%d0%ba%d1%82%d0%b8%d0%b2%d0%bd%d1%8b%d0%b5-%d0%bf%d0%b8%d1%81%d1%82%d0%be%d0%bb%d0%b5%d1%82%d1%8b\/%d0%bc%d0%b8%d0%bd%d0%b8-%d1%81%d0%bf%d1%80%d0%b8%d0%bd%d0%ba\/#breadcrumb"},"inLanguage":"ru-RU","potentialAction":[{"@type":"ReadAction","target":["https:\/\/onurplast.az\/ru\/produkti\/%d1%81%d0%bf%d1%80%d0%b8%d0%bd%d0%ba%d0%bb%d0%b5%d1%80%d0%bd%d1%8b%d0%b5-%d1%81%d0%b8%d1%81%d1%82%d0%b5%d0%bc%d1%8b\/%d1%81%d0%bf%d1%80%d0%b8%d0%bd%d0%ba%d0%bb%d0%b5%d1%80%d1%8b-%d0%b8-%d1%80%d0%b5%d0%b0%d0%ba%d1%82%d0%b8%d0%b2%d0%bd%d1%8b%d0%b5-%d0%bf%d0%b8%d1%81%d1%82%d0%be%d0%bb%d0%b5%d1%82%d1%8b\/%d0%bc%d0%b8%d0%bd%d0%b8-%d1%81%d0%bf%d1%80%d0%b8%d0%bd%d0%ba\/"]}]},{"@type":"ImageObject","inLanguage":"ru-RU","@id":"https:\/\/onurplast.az\/ru\/produkti\/%d1%81%d0%bf%d1%80%d0%b8%d0%bd%d0%ba%d0%bb%d0%b5%d1%80%d0%bd%d1%8b%d0%b5-%d1%81%d0%b8%d1%81%d1%82%d0%b5%d0%bc%d1%8b\/%d1%81%d0%bf%d1%80%d0%b8%d0%bd%d0%ba%d0%bb%d0%b5%d1%80%d1%8b-%d0%b8-%d1%80%d0%b5%d0%b0%d0%ba%d1%82%d0%b8%d0%b2%d0%bd%d1%8b%d0%b5-%d0%bf%d0%b8%d1%81%d1%82%d0%be%d0%bb%d0%b5%d1%82%d1%8b\/%d0%bc%d0%b8%d0%bd%d0%b8-%d1%81%d0%bf%d1%80%d0%b8%d0%bd%d0%ba\/#primaryimage","url":"https:\/\/onurplast.az\/wp-content\/uploads\/MINI-SPRINK.webp","contentUrl":"https:\/\/onurplast.az\/wp-content\/uploads\/MINI-SPRINK.webp","width":600,"height":600,"caption":"\u041c\u0438\u043d\u0438 \u0421\u043f\u0440\u0438\u043d\u043a"},{"@type":"BreadcrumbList","@id":"https:\/\/onurplast.az\/ru\/produkti\/%d1%81%d0%bf%d1%80%d0%b8%d0%bd%d0%ba%d0%bb%d0%b5%d1%80%d0%bd%d1%8b%d0%b5-%d1%81%d0%b8%d1%81%d1%82%d0%b5%d0%bc%d1%8b\/%d1%81%d0%bf%d1%80%d0%b8%d0%bd%d0%ba%d0%bb%d0%b5%d1%80%d1%8b-%d0%b8-%d1%80%d0%b5%d0%b0%d0%ba%d1%82%d0%b8%d0%b2%d0%bd%d1%8b%d0%b5-%d0%bf%d0%b8%d1%81%d1%82%d0%be%d0%bb%d0%b5%d1%82%d1%8b\/%d0%bc%d0%b8%d0%bd%d0%b8-%d1%81%d0%bf%d1%80%d0%b8%d0%bd%d0%ba\/#breadcrumb","itemListElement":[{"@type":"ListItem","position":1,"name":"\u018fsas S\u0259hif\u0259","item":"https:\/\/onurplast.az\/ru\/"},{"@type":"ListItem","position":2,"name":"M\u0259hsullar","item":"https:\/\/onurplast.az\/mehsullar\/"},{"@type":"ListItem","position":3,"name":"\u041c\u0438\u043d\u0438 \u0421\u043f\u0440\u0438\u043d\u043a"}]},{"@type":"WebSite","@id":"https:\/\/onurplast.az\/ru\/#website","url":"https:\/\/onurplast.az\/ru\/","name":"Suvarma,Ya\u011fmurlama v\u0259 Pivot Sisteml\u0259ri, Avtomatik Suvarma: Onur Plast","description":"Avtomatik Suvarma Sisteml\u0259ri,Ya\u011fmurlama,Pivot Sisteml\u0259ri:Onur Plast","publisher":{"@id":"https:\/\/onurplast.az\/ru\/#organization"},"potentialAction":[{"@type":"SearchAction","target":{"@type":"EntryPoint","urlTemplate":"https:\/\/onurplast.az\/ru\/?s={search_term_string}"},"query-input":{"@type":"PropertyValueSpecification","valueRequired":true,"valueName":"search_term_string"}}],"inLanguage":"ru-RU"},{"@type":"Organization","@id":"https:\/\/onurplast.az\/ru\/#organization","name":"Suvarma,Ya\u011fmurlama v\u0259 Pivot Sisteml\u0259ri, Avtomatik Suvarma: Onur Plast","url":"https:\/\/onurplast.az\/ru\/","logo":{"@type":"ImageObject","inLanguage":"ru-RU","@id":"https:\/\/onurplast.az\/ru\/#\/schema\/logo\/image\/","url":"https:\/\/onurplast.az\/wp-content\/uploads\/Onur-Plast-Suvarma-Sistemleri-Logo2.svg","contentUrl":"https:\/\/onurplast.az\/wp-content\/uploads\/Onur-Plast-Suvarma-Sistemleri-Logo2.svg","width":569,"height":150,"caption":"Suvarma,Ya\u011fmurlama v\u0259 Pivot Sisteml\u0259ri, Avtomatik Suvarma: Onur Plast"},"image":{"@id":"https:\/\/onurplast.az\/ru\/#\/schema\/logo\/image\/"},"sameAs":["https:\/\/www.facebook.com\/Onur-plast-110179870426347","https:\/\/www.instagram.com\/suvarma_onurplast\/","https:\/\/www.youtube.com\/channel\/UCjWsbKNIsj1tvovG9PD4Btg"]}]}},"_links":{"self":[{"href":"https:\/\/onurplast.az\/ru\/wp-json\/wp\/v2\/product\/3568","targetHints":{"allow":["GET"]}}],"collection":[{"href":"https:\/\/onurplast.az\/ru\/wp-json\/wp\/v2\/product"}],"about":[{"href":"https:\/\/onurplast.az\/ru\/wp-json\/wp\/v2\/types\/product"}],"wp:featuredmedia":[{"embeddable":true,"href":"https:\/\/onurplast.az\/ru\/wp-json\/wp\/v2\/media\/784"}],"wp:attachment":[{"href":"https:\/\/onurplast.az\/ru\/wp-json\/wp\/v2\/media?parent=3568"}],"wp:term":[{"taxonomy":"product_brand","embeddable":true,"href":"https:\/\/onurplast.az\/ru\/wp-json\/wp\/v2\/product_brand?post=3568"},{"taxonomy":"product_cat","embeddable":true,"href":"https:\/\/onurplast.az\/ru\/wp-json\/wp\/v2\/product_cat?post=3568"},{"taxonomy":"product_tag","embeddable":true,"href":"https:\/\/onurplast.az\/ru\/wp-json\/wp\/v2\/product_tag?post=3568"}],"curies":[{"name":"wp","href":"https:\/\/api.w.org\/{rel}","templated":true}]}}