{"id":3571,"date":"2023-11-17T21:24:00","date_gmt":"2023-11-17T21:24:00","guid":{"rendered":"https:\/\/onurplast.az\/mehsullar\/uncategorized\/%d1%80%d0%b5%d0%b3%d1%83%d0%bb%d0%b8%d1%80%d1%83%d0%b5%d0%bc%d1%8b%d0%b9-%d0%bc%d0%b8%d0%bd%d0%b8-%d1%80%d0%b0%d0%b7%d0%b1%d1%80%d1%8b%d0%b7%d0%b3%d0%b8%d0%b2%d0%b0%d1%82%d0%b5%d0%bb%d1%8c\/"},"modified":"2023-11-17T21:24:00","modified_gmt":"2023-11-17T21:24:00","slug":"%d1%80%d0%b5%d0%b3%d1%83%d0%bb%d0%b8%d1%80%d1%83%d0%b5%d0%bc%d1%8b%d0%b9-%d0%bc%d0%b8%d0%bd%d0%b8-%d1%80%d0%b0%d0%b7%d0%b1%d1%80%d1%8b%d0%b7%d0%b3%d0%b8%d0%b2%d0%b0%d1%82%d0%b5%d0%bb%d1%8c","status":"publish","type":"product","link":"https:\/\/onurplast.az\/ru\/produkti\/%d1%81%d0%bf%d1%80%d0%b8%d0%bd%d0%ba%d0%bb%d0%b5%d1%80%d0%bd%d1%8b%d0%b5-%d1%81%d0%b8%d1%81%d1%82%d0%b5%d0%bc%d1%8b\/%d1%81%d0%bf%d1%80%d0%b8%d0%bd%d0%ba%d0%bb%d0%b5%d1%80%d1%8b-%d0%b8-%d1%80%d0%b5%d0%b0%d0%ba%d1%82%d0%b8%d0%b2%d0%bd%d1%8b%d0%b5-%d0%bf%d0%b8%d1%81%d1%82%d0%be%d0%bb%d0%b5%d1%82%d1%8b\/%d1%80%d0%b5%d0%b3%d1%83%d0%bb%d0%b8%d1%80%d1%83%d0%b5%d0%bc%d1%8b%d0%b9-%d0%bc%d0%b8%d0%bd%d0%b8-%d1%80%d0%b0%d0%b7%d0%b1%d1%80%d1%8b%d0%b7%d0%b3%d0%b8%d0%b2%d0%b0%d1%82%d0%b5%d0%bb%d1%8c\/","title":{"rendered":"\u0420\u0435\u0433\u0443\u043b\u0438\u0440\u0443\u0435\u043c\u044b\u0439 \u041c\u0438\u043d\u0438-\u0420\u0430\u0437\u0431\u0440\u044b\u0437\u0433\u0438\u0432\u0430\u0442\u0435\u043b\u044c"},"content":{"rendered":"<table>\n<tbody>\n<tr>\n<td colspan=\"3\"><strong>T\u018fNZ\u0130ML\u018fN\u018fN<\/strong><\/p>\n<p><strong>M\u0130N\u0130 SPR\u0130NK<\/strong><\/p>\n<p><strong>ADJUSTABLE<\/strong><\/p>\n<p><strong>M\u0130N\u0130 SPR\u0130NK<\/strong><\/td>\n<\/tr>\n<tr>\n<td>Kod<\/p>\n<p>Code<\/td>\n<td colspan=\"2\">AZ-AMS<\/td>\n<\/tr>\n<tr>\n<td>Nozul N\u00f6v\u00fc<\/p>\n<p>Nozzle Type<br \/>\n(mm)<\/td>\n<td>2,8<\/td>\n<td>3,5<\/td>\n<\/tr>\n<tr>\n<td>Giri\u015f Diametri<\/p>\n<p>Inlet Diameter<\/p>\n<p>(inch)<\/td>\n<\/tr>\n<tr>\n<td>T\u0259zyiq<\/p>\n<p>Pressure<br \/>\n(bar)<\/td>\n<td>2 to 3<\/td>\n<td>2 to 3<\/td>\n<\/tr>\n<tr>\n<td>Su h\u0259cmi<\/p>\n<p>Flow Rate<br \/>\n(l\/h)<\/td>\n<td>600<\/p>\n<p>to<\/p>\n<p>800<\/td>\n<td>1100<\/p>\n<p>to<\/p>\n<p>1250<\/td>\n<\/tr>\n<tr>\n<td>Suvarma Diametri<\/p>\n<p>Irrigated Diameter<br \/>\n(m)<\/td>\n<td>22<\/p>\n<p>to<\/p>\n<p>25<\/td>\n<td>22<\/p>\n<p>to<\/p>\n<p>25<\/td>\n<\/tr>\n<tr>\n<td>Paketl\u0259m\u0259 \/ Qutu<\/p>\n<p>Packaging \/ Box<\/td>\n<td>25<\/td>\n<\/tr>\n<\/tbody>\n<\/table>\n","protected":false},"excerpt":{"rendered":"<p>T\u018fNZ\u0130ML\u018fN\u018fN M\u0130N\u0130 SPR\u0130NK ADJUSTABLE M\u0130N\u0130 SPR\u0130NK Kod Code AZ-AMS Nozul N\u00f6v\u00fc Nozzle Type (mm) 2,8 3,5 Giri\u015f Diametri Inlet Diameter (inch) T\u0259zyiq Pressure (bar) 2 to 3 2 to 3 Su h\u0259cmi Flow Rate (l\/h) 600 to 800 1100 to 1250 Suvarma Diametri Irrigated Diameter (m) 22 to 25 22 to 25 Paketl\u0259m\u0259 \/ Qutu [&hellip;]<\/p>\n","protected":false},"featured_media":799,"template":"","meta":{"_acf_changed":false,"inline_featured_image":false},"product_brand":[],"product_cat":[356],"product_tag":[612],"class_list":{"0":"post-3571","1":"product","2":"type-product","3":"status-publish","4":"has-post-thumbnail","6":"product_cat-356","7":"product_tag-612","9":"first","10":"instock","11":"shipping-taxable","12":"purchasable","13":"product-type-simple"},"acf":[],"yoast_head":"<!-- This site is optimized with the Yoast SEO plugin v27.4 - https:\/\/yoast.com\/product\/yoast-seo-wordpress\/ -->\n<title>\u0420\u0435\u0433\u0443\u043b\u0438\u0440\u0443\u0435\u043c\u044b\u0439 \u041c\u0438\u043d\u0438-\u0420\u0430\u0437\u0431\u0440\u044b\u0437\u0433\u0438\u0432\u0430\u0442\u0435\u043b\u044c - Avtomatik Suvarma Sisteml\u0259ri,Ya\u011fmurlama,Pivot Sisteml\u0259ri:Onur Plast<\/title>\n<meta name=\"robots\" content=\"index, follow, max-snippet:-1, max-image-preview:large, max-video-preview:-1\" \/>\n<link rel=\"canonical\" href=\"https:\/\/onurplast.az\/ru\/produkti\/%d1%81%d0%bf%d1%80%d0%b8%d0%bd%d0%ba%d0%bb%d0%b5%d1%80%d0%bd%d1%8b%d0%b5-%d1%81%d0%b8%d1%81%d1%82%d0%b5%d0%bc%d1%8b\/%d1%81%d0%bf%d1%80%d0%b8%d0%bd%d0%ba%d0%bb%d0%b5%d1%80%d1%8b-%d0%b8-%d1%80%d0%b5%d0%b0%d0%ba%d1%82%d0%b8%d0%b2%d0%bd%d1%8b%d0%b5-%d0%bf%d0%b8%d1%81%d1%82%d0%be%d0%bb%d0%b5%d1%82%d1%8b\/%d1%80%d0%b5%d0%b3%d1%83%d0%bb%d0%b8%d1%80%d1%83%d0%b5%d0%bc%d1%8b%d0%b9-%d0%bc%d0%b8%d0%bd%d0%b8-%d1%80%d0%b0%d0%b7%d0%b1%d1%80%d1%8b%d0%b7%d0%b3%d0%b8%d0%b2%d0%b0%d1%82%d0%b5%d0%bb%d1%8c\/\" \/>\n<meta property=\"og:locale\" content=\"ru_RU\" \/>\n<meta property=\"og:type\" content=\"article\" \/>\n<meta property=\"og:title\" content=\"\u0420\u0435\u0433\u0443\u043b\u0438\u0440\u0443\u0435\u043c\u044b\u0439 \u041c\u0438\u043d\u0438-\u0420\u0430\u0437\u0431\u0440\u044b\u0437\u0433\u0438\u0432\u0430\u0442\u0435\u043b\u044c - Avtomatik Suvarma Sisteml\u0259ri,Ya\u011fmurlama,Pivot Sisteml\u0259ri:Onur Plast\" \/>\n<meta property=\"og:description\" content=\"T\u018fNZ\u0130ML\u018fN\u018fN M\u0130N\u0130 SPR\u0130NK ADJUSTABLE M\u0130N\u0130 SPR\u0130NK Kod Code AZ-AMS Nozul N\u00f6v\u00fc Nozzle Type (mm) 2,8 3,5 Giri\u015f Diametri Inlet Diameter (inch) T\u0259zyiq Pressure (bar) 2 to 3 2 to 3 Su h\u0259cmi Flow Rate (l\/h) 600 to 800 1100 to 1250 Suvarma Diametri Irrigated Diameter (m) 22 to 25 22 to 25 Paketl\u0259m\u0259 \/ Qutu [&hellip;]\" \/>\n<meta property=\"og:url\" content=\"https:\/\/onurplast.az\/ru\/produkti\/%d1%81%d0%bf%d1%80%d0%b8%d0%bd%d0%ba%d0%bb%d0%b5%d1%80%d0%bd%d1%8b%d0%b5-%d1%81%d0%b8%d1%81%d1%82%d0%b5%d0%bc%d1%8b\/%d1%81%d0%bf%d1%80%d0%b8%d0%bd%d0%ba%d0%bb%d0%b5%d1%80%d1%8b-%d0%b8-%d1%80%d0%b5%d0%b0%d0%ba%d1%82%d0%b8%d0%b2%d0%bd%d1%8b%d0%b5-%d0%bf%d0%b8%d1%81%d1%82%d0%be%d0%bb%d0%b5%d1%82%d1%8b\/%d1%80%d0%b5%d0%b3%d1%83%d0%bb%d0%b8%d1%80%d1%83%d0%b5%d0%bc%d1%8b%d0%b9-%d0%bc%d0%b8%d0%bd%d0%b8-%d1%80%d0%b0%d0%b7%d0%b1%d1%80%d1%8b%d0%b7%d0%b3%d0%b8%d0%b2%d0%b0%d1%82%d0%b5%d0%bb%d1%8c\/\" \/>\n<meta property=\"og:site_name\" content=\"Avtomatik Suvarma Sisteml\u0259ri,Ya\u011fmurlama,Pivot Sisteml\u0259ri:Onur Plast\" \/>\n<meta property=\"article:publisher\" content=\"https:\/\/www.facebook.com\/Onur-plast-110179870426347\" \/>\n<meta name=\"twitter:card\" content=\"summary_large_image\" \/>\n<script type=\"application\/ld+json\" class=\"yoast-schema-graph\">{\"@context\":\"https:\\\/\\\/schema.org\",\"@graph\":[{\"@type\":\"WebPage\",\"@id\":\"https:\\\/\\\/onurplast.az\\\/ru\\\/produkti\\\/%d1%81%d0%bf%d1%80%d0%b8%d0%bd%d0%ba%d0%bb%d0%b5%d1%80%d0%bd%d1%8b%d0%b5-%d1%81%d0%b8%d1%81%d1%82%d0%b5%d0%bc%d1%8b\\\/%d1%81%d0%bf%d1%80%d0%b8%d0%bd%d0%ba%d0%bb%d0%b5%d1%80%d1%8b-%d0%b8-%d1%80%d0%b5%d0%b0%d0%ba%d1%82%d0%b8%d0%b2%d0%bd%d1%8b%d0%b5-%d0%bf%d0%b8%d1%81%d1%82%d0%be%d0%bb%d0%b5%d1%82%d1%8b\\\/%d1%80%d0%b5%d0%b3%d1%83%d0%bb%d0%b8%d1%80%d1%83%d0%b5%d0%bc%d1%8b%d0%b9-%d0%bc%d0%b8%d0%bd%d0%b8-%d1%80%d0%b0%d0%b7%d0%b1%d1%80%d1%8b%d0%b7%d0%b3%d0%b8%d0%b2%d0%b0%d1%82%d0%b5%d0%bb%d1%8c\\\/\",\"url\":\"https:\\\/\\\/onurplast.az\\\/ru\\\/produkti\\\/%d1%81%d0%bf%d1%80%d0%b8%d0%bd%d0%ba%d0%bb%d0%b5%d1%80%d0%bd%d1%8b%d0%b5-%d1%81%d0%b8%d1%81%d1%82%d0%b5%d0%bc%d1%8b\\\/%d1%81%d0%bf%d1%80%d0%b8%d0%bd%d0%ba%d0%bb%d0%b5%d1%80%d1%8b-%d0%b8-%d1%80%d0%b5%d0%b0%d0%ba%d1%82%d0%b8%d0%b2%d0%bd%d1%8b%d0%b5-%d0%bf%d0%b8%d1%81%d1%82%d0%be%d0%bb%d0%b5%d1%82%d1%8b\\\/%d1%80%d0%b5%d0%b3%d1%83%d0%bb%d0%b8%d1%80%d1%83%d0%b5%d0%bc%d1%8b%d0%b9-%d0%bc%d0%b8%d0%bd%d0%b8-%d1%80%d0%b0%d0%b7%d0%b1%d1%80%d1%8b%d0%b7%d0%b3%d0%b8%d0%b2%d0%b0%d1%82%d0%b5%d0%bb%d1%8c\\\/\",\"name\":\"\u0420\u0435\u0433\u0443\u043b\u0438\u0440\u0443\u0435\u043c\u044b\u0439 \u041c\u0438\u043d\u0438-\u0420\u0430\u0437\u0431\u0440\u044b\u0437\u0433\u0438\u0432\u0430\u0442\u0435\u043b\u044c - Avtomatik Suvarma Sisteml\u0259ri,Ya\u011fmurlama,Pivot Sisteml\u0259ri:Onur Plast\",\"isPartOf\":{\"@id\":\"https:\\\/\\\/onurplast.az\\\/ru\\\/#website\"},\"primaryImageOfPage\":{\"@id\":\"https:\\\/\\\/onurplast.az\\\/ru\\\/produkti\\\/%d1%81%d0%bf%d1%80%d0%b8%d0%bd%d0%ba%d0%bb%d0%b5%d1%80%d0%bd%d1%8b%d0%b5-%d1%81%d0%b8%d1%81%d1%82%d0%b5%d0%bc%d1%8b\\\/%d1%81%d0%bf%d1%80%d0%b8%d0%bd%d0%ba%d0%bb%d0%b5%d1%80%d1%8b-%d0%b8-%d1%80%d0%b5%d0%b0%d0%ba%d1%82%d0%b8%d0%b2%d0%bd%d1%8b%d0%b5-%d0%bf%d0%b8%d1%81%d1%82%d0%be%d0%bb%d0%b5%d1%82%d1%8b\\\/%d1%80%d0%b5%d0%b3%d1%83%d0%bb%d0%b8%d1%80%d1%83%d0%b5%d0%bc%d1%8b%d0%b9-%d0%bc%d0%b8%d0%bd%d0%b8-%d1%80%d0%b0%d0%b7%d0%b1%d1%80%d1%8b%d0%b7%d0%b3%d0%b8%d0%b2%d0%b0%d1%82%d0%b5%d0%bb%d1%8c\\\/#primaryimage\"},\"image\":{\"@id\":\"https:\\\/\\\/onurplast.az\\\/ru\\\/produkti\\\/%d1%81%d0%bf%d1%80%d0%b8%d0%bd%d0%ba%d0%bb%d0%b5%d1%80%d0%bd%d1%8b%d0%b5-%d1%81%d0%b8%d1%81%d1%82%d0%b5%d0%bc%d1%8b\\\/%d1%81%d0%bf%d1%80%d0%b8%d0%bd%d0%ba%d0%bb%d0%b5%d1%80%d1%8b-%d0%b8-%d1%80%d0%b5%d0%b0%d0%ba%d1%82%d0%b8%d0%b2%d0%bd%d1%8b%d0%b5-%d0%bf%d0%b8%d1%81%d1%82%d0%be%d0%bb%d0%b5%d1%82%d1%8b\\\/%d1%80%d0%b5%d0%b3%d1%83%d0%bb%d0%b8%d1%80%d1%83%d0%b5%d0%bc%d1%8b%d0%b9-%d0%bc%d0%b8%d0%bd%d0%b8-%d1%80%d0%b0%d0%b7%d0%b1%d1%80%d1%8b%d0%b7%d0%b3%d0%b8%d0%b2%d0%b0%d1%82%d0%b5%d0%bb%d1%8c\\\/#primaryimage\"},\"thumbnailUrl\":\"https:\\\/\\\/onurplast.az\\\/wp-content\\\/uploads\\\/TENZIMLENEN-MINI-SPRINK.webp\",\"datePublished\":\"2023-11-17T21:24:00+00:00\",\"breadcrumb\":{\"@id\":\"https:\\\/\\\/onurplast.az\\\/ru\\\/produkti\\\/%d1%81%d0%bf%d1%80%d0%b8%d0%bd%d0%ba%d0%bb%d0%b5%d1%80%d0%bd%d1%8b%d0%b5-%d1%81%d0%b8%d1%81%d1%82%d0%b5%d0%bc%d1%8b\\\/%d1%81%d0%bf%d1%80%d0%b8%d0%bd%d0%ba%d0%bb%d0%b5%d1%80%d1%8b-%d0%b8-%d1%80%d0%b5%d0%b0%d0%ba%d1%82%d0%b8%d0%b2%d0%bd%d1%8b%d0%b5-%d0%bf%d0%b8%d1%81%d1%82%d0%be%d0%bb%d0%b5%d1%82%d1%8b\\\/%d1%80%d0%b5%d0%b3%d1%83%d0%bb%d0%b8%d1%80%d1%83%d0%b5%d0%bc%d1%8b%d0%b9-%d0%bc%d0%b8%d0%bd%d0%b8-%d1%80%d0%b0%d0%b7%d0%b1%d1%80%d1%8b%d0%b7%d0%b3%d0%b8%d0%b2%d0%b0%d1%82%d0%b5%d0%bb%d1%8c\\\/#breadcrumb\"},\"inLanguage\":\"ru-RU\",\"potentialAction\":[{\"@type\":\"ReadAction\",\"target\":[\"https:\\\/\\\/onurplast.az\\\/ru\\\/produkti\\\/%d1%81%d0%bf%d1%80%d0%b8%d0%bd%d0%ba%d0%bb%d0%b5%d1%80%d0%bd%d1%8b%d0%b5-%d1%81%d0%b8%d1%81%d1%82%d0%b5%d0%bc%d1%8b\\\/%d1%81%d0%bf%d1%80%d0%b8%d0%bd%d0%ba%d0%bb%d0%b5%d1%80%d1%8b-%d0%b8-%d1%80%d0%b5%d0%b0%d0%ba%d1%82%d0%b8%d0%b2%d0%bd%d1%8b%d0%b5-%d0%bf%d0%b8%d1%81%d1%82%d0%be%d0%bb%d0%b5%d1%82%d1%8b\\\/%d1%80%d0%b5%d0%b3%d1%83%d0%bb%d0%b8%d1%80%d1%83%d0%b5%d0%bc%d1%8b%d0%b9-%d0%bc%d0%b8%d0%bd%d0%b8-%d1%80%d0%b0%d0%b7%d0%b1%d1%80%d1%8b%d0%b7%d0%b3%d0%b8%d0%b2%d0%b0%d1%82%d0%b5%d0%bb%d1%8c\\\/\"]}]},{\"@type\":\"ImageObject\",\"inLanguage\":\"ru-RU\",\"@id\":\"https:\\\/\\\/onurplast.az\\\/ru\\\/produkti\\\/%d1%81%d0%bf%d1%80%d0%b8%d0%bd%d0%ba%d0%bb%d0%b5%d1%80%d0%bd%d1%8b%d0%b5-%d1%81%d0%b8%d1%81%d1%82%d0%b5%d0%bc%d1%8b\\\/%d1%81%d0%bf%d1%80%d0%b8%d0%bd%d0%ba%d0%bb%d0%b5%d1%80%d1%8b-%d0%b8-%d1%80%d0%b5%d0%b0%d0%ba%d1%82%d0%b8%d0%b2%d0%bd%d1%8b%d0%b5-%d0%bf%d0%b8%d1%81%d1%82%d0%be%d0%bb%d0%b5%d1%82%d1%8b\\\/%d1%80%d0%b5%d0%b3%d1%83%d0%bb%d0%b8%d1%80%d1%83%d0%b5%d0%bc%d1%8b%d0%b9-%d0%bc%d0%b8%d0%bd%d0%b8-%d1%80%d0%b0%d0%b7%d0%b1%d1%80%d1%8b%d0%b7%d0%b3%d0%b8%d0%b2%d0%b0%d1%82%d0%b5%d0%bb%d1%8c\\\/#primaryimage\",\"url\":\"https:\\\/\\\/onurplast.az\\\/wp-content\\\/uploads\\\/TENZIMLENEN-MINI-SPRINK.webp\",\"contentUrl\":\"https:\\\/\\\/onurplast.az\\\/wp-content\\\/uploads\\\/TENZIMLENEN-MINI-SPRINK.webp\",\"width\":600,\"height\":600,\"caption\":\"\u0420\u0435\u0433\u0443\u043b\u0438\u0440\u0443\u0435\u043c\u044b\u0439 \u041c\u0438\u043d\u0438-\u0420\u0430\u0437\u0431\u0440\u044b\u0437\u0433\u0438\u0432\u0430\u0442\u0435\u043b\u044c\"},{\"@type\":\"BreadcrumbList\",\"@id\":\"https:\\\/\\\/onurplast.az\\\/ru\\\/produkti\\\/%d1%81%d0%bf%d1%80%d0%b8%d0%bd%d0%ba%d0%bb%d0%b5%d1%80%d0%bd%d1%8b%d0%b5-%d1%81%d0%b8%d1%81%d1%82%d0%b5%d0%bc%d1%8b\\\/%d1%81%d0%bf%d1%80%d0%b8%d0%bd%d0%ba%d0%bb%d0%b5%d1%80%d1%8b-%d0%b8-%d1%80%d0%b5%d0%b0%d0%ba%d1%82%d0%b8%d0%b2%d0%bd%d1%8b%d0%b5-%d0%bf%d0%b8%d1%81%d1%82%d0%be%d0%bb%d0%b5%d1%82%d1%8b\\\/%d1%80%d0%b5%d0%b3%d1%83%d0%bb%d0%b8%d1%80%d1%83%d0%b5%d0%bc%d1%8b%d0%b9-%d0%bc%d0%b8%d0%bd%d0%b8-%d1%80%d0%b0%d0%b7%d0%b1%d1%80%d1%8b%d0%b7%d0%b3%d0%b8%d0%b2%d0%b0%d1%82%d0%b5%d0%bb%d1%8c\\\/#breadcrumb\",\"itemListElement\":[{\"@type\":\"ListItem\",\"position\":1,\"name\":\"\u018fsas S\u0259hif\u0259\",\"item\":\"https:\\\/\\\/onurplast.az\\\/ru\\\/\"},{\"@type\":\"ListItem\",\"position\":2,\"name\":\"M\u0259hsullar\",\"item\":\"https:\\\/\\\/onurplast.az\\\/mehsullar\\\/\"},{\"@type\":\"ListItem\",\"position\":3,\"name\":\"\u0420\u0435\u0433\u0443\u043b\u0438\u0440\u0443\u0435\u043c\u044b\u0439 \u041c\u0438\u043d\u0438-\u0420\u0430\u0437\u0431\u0440\u044b\u0437\u0433\u0438\u0432\u0430\u0442\u0435\u043b\u044c\"}]},{\"@type\":\"WebSite\",\"@id\":\"https:\\\/\\\/onurplast.az\\\/ru\\\/#website\",\"url\":\"https:\\\/\\\/onurplast.az\\\/ru\\\/\",\"name\":\"Suvarma,Ya\u011fmurlama v\u0259 Pivot Sisteml\u0259ri, Avtomatik Suvarma: Onur Plast\",\"description\":\"Avtomatik Suvarma Sisteml\u0259ri,Ya\u011fmurlama,Pivot Sisteml\u0259ri:Onur Plast\",\"publisher\":{\"@id\":\"https:\\\/\\\/onurplast.az\\\/ru\\\/#organization\"},\"potentialAction\":[{\"@type\":\"SearchAction\",\"target\":{\"@type\":\"EntryPoint\",\"urlTemplate\":\"https:\\\/\\\/onurplast.az\\\/ru\\\/?s={search_term_string}\"},\"query-input\":{\"@type\":\"PropertyValueSpecification\",\"valueRequired\":true,\"valueName\":\"search_term_string\"}}],\"inLanguage\":\"ru-RU\"},{\"@type\":\"Organization\",\"@id\":\"https:\\\/\\\/onurplast.az\\\/ru\\\/#organization\",\"name\":\"Suvarma,Ya\u011fmurlama v\u0259 Pivot Sisteml\u0259ri, Avtomatik Suvarma: Onur Plast\",\"url\":\"https:\\\/\\\/onurplast.az\\\/ru\\\/\",\"logo\":{\"@type\":\"ImageObject\",\"inLanguage\":\"ru-RU\",\"@id\":\"https:\\\/\\\/onurplast.az\\\/ru\\\/#\\\/schema\\\/logo\\\/image\\\/\",\"url\":\"https:\\\/\\\/onurplast.az\\\/wp-content\\\/uploads\\\/Onur-Plast-Suvarma-Sistemleri-Logo2.svg\",\"contentUrl\":\"https:\\\/\\\/onurplast.az\\\/wp-content\\\/uploads\\\/Onur-Plast-Suvarma-Sistemleri-Logo2.svg\",\"width\":569,\"height\":150,\"caption\":\"Suvarma,Ya\u011fmurlama v\u0259 Pivot Sisteml\u0259ri, Avtomatik Suvarma: Onur Plast\"},\"image\":{\"@id\":\"https:\\\/\\\/onurplast.az\\\/ru\\\/#\\\/schema\\\/logo\\\/image\\\/\"},\"sameAs\":[\"https:\\\/\\\/www.facebook.com\\\/Onur-plast-110179870426347\",\"https:\\\/\\\/www.instagram.com\\\/suvarma_onurplast\\\/\",\"https:\\\/\\\/www.youtube.com\\\/channel\\\/UCjWsbKNIsj1tvovG9PD4Btg\"]}]}<\/script>\n<!-- \/ Yoast SEO plugin. -->","yoast_head_json":{"title":"\u0420\u0435\u0433\u0443\u043b\u0438\u0440\u0443\u0435\u043c\u044b\u0439 \u041c\u0438\u043d\u0438-\u0420\u0430\u0437\u0431\u0440\u044b\u0437\u0433\u0438\u0432\u0430\u0442\u0435\u043b\u044c - Avtomatik Suvarma Sisteml\u0259ri,Ya\u011fmurlama,Pivot Sisteml\u0259ri:Onur Plast","robots":{"index":"index","follow":"follow","max-snippet":"max-snippet:-1","max-image-preview":"max-image-preview:large","max-video-preview":"max-video-preview:-1"},"canonical":"https:\/\/onurplast.az\/ru\/produkti\/%d1%81%d0%bf%d1%80%d0%b8%d0%bd%d0%ba%d0%bb%d0%b5%d1%80%d0%bd%d1%8b%d0%b5-%d1%81%d0%b8%d1%81%d1%82%d0%b5%d0%bc%d1%8b\/%d1%81%d0%bf%d1%80%d0%b8%d0%bd%d0%ba%d0%bb%d0%b5%d1%80%d1%8b-%d0%b8-%d1%80%d0%b5%d0%b0%d0%ba%d1%82%d0%b8%d0%b2%d0%bd%d1%8b%d0%b5-%d0%bf%d0%b8%d1%81%d1%82%d0%be%d0%bb%d0%b5%d1%82%d1%8b\/%d1%80%d0%b5%d0%b3%d1%83%d0%bb%d0%b8%d1%80%d1%83%d0%b5%d0%bc%d1%8b%d0%b9-%d0%bc%d0%b8%d0%bd%d0%b8-%d1%80%d0%b0%d0%b7%d0%b1%d1%80%d1%8b%d0%b7%d0%b3%d0%b8%d0%b2%d0%b0%d1%82%d0%b5%d0%bb%d1%8c\/","og_locale":"ru_RU","og_type":"article","og_title":"\u0420\u0435\u0433\u0443\u043b\u0438\u0440\u0443\u0435\u043c\u044b\u0439 \u041c\u0438\u043d\u0438-\u0420\u0430\u0437\u0431\u0440\u044b\u0437\u0433\u0438\u0432\u0430\u0442\u0435\u043b\u044c - Avtomatik Suvarma Sisteml\u0259ri,Ya\u011fmurlama,Pivot Sisteml\u0259ri:Onur Plast","og_description":"T\u018fNZ\u0130ML\u018fN\u018fN M\u0130N\u0130 SPR\u0130NK ADJUSTABLE M\u0130N\u0130 SPR\u0130NK Kod Code AZ-AMS Nozul N\u00f6v\u00fc Nozzle Type (mm) 2,8 3,5 Giri\u015f Diametri Inlet Diameter (inch) T\u0259zyiq Pressure (bar) 2 to 3 2 to 3 Su h\u0259cmi Flow Rate (l\/h) 600 to 800 1100 to 1250 Suvarma Diametri Irrigated Diameter (m) 22 to 25 22 to 25 Paketl\u0259m\u0259 \/ Qutu [&hellip;]","og_url":"https:\/\/onurplast.az\/ru\/produkti\/%d1%81%d0%bf%d1%80%d0%b8%d0%bd%d0%ba%d0%bb%d0%b5%d1%80%d0%bd%d1%8b%d0%b5-%d1%81%d0%b8%d1%81%d1%82%d0%b5%d0%bc%d1%8b\/%d1%81%d0%bf%d1%80%d0%b8%d0%bd%d0%ba%d0%bb%d0%b5%d1%80%d1%8b-%d0%b8-%d1%80%d0%b5%d0%b0%d0%ba%d1%82%d0%b8%d0%b2%d0%bd%d1%8b%d0%b5-%d0%bf%d0%b8%d1%81%d1%82%d0%be%d0%bb%d0%b5%d1%82%d1%8b\/%d1%80%d0%b5%d0%b3%d1%83%d0%bb%d0%b8%d1%80%d1%83%d0%b5%d0%bc%d1%8b%d0%b9-%d0%bc%d0%b8%d0%bd%d0%b8-%d1%80%d0%b0%d0%b7%d0%b1%d1%80%d1%8b%d0%b7%d0%b3%d0%b8%d0%b2%d0%b0%d1%82%d0%b5%d0%bb%d1%8c\/","og_site_name":"Avtomatik Suvarma Sisteml\u0259ri,Ya\u011fmurlama,Pivot Sisteml\u0259ri:Onur Plast","article_publisher":"https:\/\/www.facebook.com\/Onur-plast-110179870426347","twitter_card":"summary_large_image","schema":{"@context":"https:\/\/schema.org","@graph":[{"@type":"WebPage","@id":"https:\/\/onurplast.az\/ru\/produkti\/%d1%81%d0%bf%d1%80%d0%b8%d0%bd%d0%ba%d0%bb%d0%b5%d1%80%d0%bd%d1%8b%d0%b5-%d1%81%d0%b8%d1%81%d1%82%d0%b5%d0%bc%d1%8b\/%d1%81%d0%bf%d1%80%d0%b8%d0%bd%d0%ba%d0%bb%d0%b5%d1%80%d1%8b-%d0%b8-%d1%80%d0%b5%d0%b0%d0%ba%d1%82%d0%b8%d0%b2%d0%bd%d1%8b%d0%b5-%d0%bf%d0%b8%d1%81%d1%82%d0%be%d0%bb%d0%b5%d1%82%d1%8b\/%d1%80%d0%b5%d0%b3%d1%83%d0%bb%d0%b8%d1%80%d1%83%d0%b5%d0%bc%d1%8b%d0%b9-%d0%bc%d0%b8%d0%bd%d0%b8-%d1%80%d0%b0%d0%b7%d0%b1%d1%80%d1%8b%d0%b7%d0%b3%d0%b8%d0%b2%d0%b0%d1%82%d0%b5%d0%bb%d1%8c\/","url":"https:\/\/onurplast.az\/ru\/produkti\/%d1%81%d0%bf%d1%80%d0%b8%d0%bd%d0%ba%d0%bb%d0%b5%d1%80%d0%bd%d1%8b%d0%b5-%d1%81%d0%b8%d1%81%d1%82%d0%b5%d0%bc%d1%8b\/%d1%81%d0%bf%d1%80%d0%b8%d0%bd%d0%ba%d0%bb%d0%b5%d1%80%d1%8b-%d0%b8-%d1%80%d0%b5%d0%b0%d0%ba%d1%82%d0%b8%d0%b2%d0%bd%d1%8b%d0%b5-%d0%bf%d0%b8%d1%81%d1%82%d0%be%d0%bb%d0%b5%d1%82%d1%8b\/%d1%80%d0%b5%d0%b3%d1%83%d0%bb%d0%b8%d1%80%d1%83%d0%b5%d0%bc%d1%8b%d0%b9-%d0%bc%d0%b8%d0%bd%d0%b8-%d1%80%d0%b0%d0%b7%d0%b1%d1%80%d1%8b%d0%b7%d0%b3%d0%b8%d0%b2%d0%b0%d1%82%d0%b5%d0%bb%d1%8c\/","name":"\u0420\u0435\u0433\u0443\u043b\u0438\u0440\u0443\u0435\u043c\u044b\u0439 \u041c\u0438\u043d\u0438-\u0420\u0430\u0437\u0431\u0440\u044b\u0437\u0433\u0438\u0432\u0430\u0442\u0435\u043b\u044c - Avtomatik Suvarma Sisteml\u0259ri,Ya\u011fmurlama,Pivot Sisteml\u0259ri:Onur Plast","isPartOf":{"@id":"https:\/\/onurplast.az\/ru\/#website"},"primaryImageOfPage":{"@id":"https:\/\/onurplast.az\/ru\/produkti\/%d1%81%d0%bf%d1%80%d0%b8%d0%bd%d0%ba%d0%bb%d0%b5%d1%80%d0%bd%d1%8b%d0%b5-%d1%81%d0%b8%d1%81%d1%82%d0%b5%d0%bc%d1%8b\/%d1%81%d0%bf%d1%80%d0%b8%d0%bd%d0%ba%d0%bb%d0%b5%d1%80%d1%8b-%d0%b8-%d1%80%d0%b5%d0%b0%d0%ba%d1%82%d0%b8%d0%b2%d0%bd%d1%8b%d0%b5-%d0%bf%d0%b8%d1%81%d1%82%d0%be%d0%bb%d0%b5%d1%82%d1%8b\/%d1%80%d0%b5%d0%b3%d1%83%d0%bb%d0%b8%d1%80%d1%83%d0%b5%d0%bc%d1%8b%d0%b9-%d0%bc%d0%b8%d0%bd%d0%b8-%d1%80%d0%b0%d0%b7%d0%b1%d1%80%d1%8b%d0%b7%d0%b3%d0%b8%d0%b2%d0%b0%d1%82%d0%b5%d0%bb%d1%8c\/#primaryimage"},"image":{"@id":"https:\/\/onurplast.az\/ru\/produkti\/%d1%81%d0%bf%d1%80%d0%b8%d0%bd%d0%ba%d0%bb%d0%b5%d1%80%d0%bd%d1%8b%d0%b5-%d1%81%d0%b8%d1%81%d1%82%d0%b5%d0%bc%d1%8b\/%d1%81%d0%bf%d1%80%d0%b8%d0%bd%d0%ba%d0%bb%d0%b5%d1%80%d1%8b-%d0%b8-%d1%80%d0%b5%d0%b0%d0%ba%d1%82%d0%b8%d0%b2%d0%bd%d1%8b%d0%b5-%d0%bf%d0%b8%d1%81%d1%82%d0%be%d0%bb%d0%b5%d1%82%d1%8b\/%d1%80%d0%b5%d0%b3%d1%83%d0%bb%d0%b8%d1%80%d1%83%d0%b5%d0%bc%d1%8b%d0%b9-%d0%bc%d0%b8%d0%bd%d0%b8-%d1%80%d0%b0%d0%b7%d0%b1%d1%80%d1%8b%d0%b7%d0%b3%d0%b8%d0%b2%d0%b0%d1%82%d0%b5%d0%bb%d1%8c\/#primaryimage"},"thumbnailUrl":"https:\/\/onurplast.az\/wp-content\/uploads\/TENZIMLENEN-MINI-SPRINK.webp","datePublished":"2023-11-17T21:24:00+00:00","breadcrumb":{"@id":"https:\/\/onurplast.az\/ru\/produkti\/%d1%81%d0%bf%d1%80%d0%b8%d0%bd%d0%ba%d0%bb%d0%b5%d1%80%d0%bd%d1%8b%d0%b5-%d1%81%d0%b8%d1%81%d1%82%d0%b5%d0%bc%d1%8b\/%d1%81%d0%bf%d1%80%d0%b8%d0%bd%d0%ba%d0%bb%d0%b5%d1%80%d1%8b-%d0%b8-%d1%80%d0%b5%d0%b0%d0%ba%d1%82%d0%b8%d0%b2%d0%bd%d1%8b%d0%b5-%d0%bf%d0%b8%d1%81%d1%82%d0%be%d0%bb%d0%b5%d1%82%d1%8b\/%d1%80%d0%b5%d0%b3%d1%83%d0%bb%d0%b8%d1%80%d1%83%d0%b5%d0%bc%d1%8b%d0%b9-%d0%bc%d0%b8%d0%bd%d0%b8-%d1%80%d0%b0%d0%b7%d0%b1%d1%80%d1%8b%d0%b7%d0%b3%d0%b8%d0%b2%d0%b0%d1%82%d0%b5%d0%bb%d1%8c\/#breadcrumb"},"inLanguage":"ru-RU","potentialAction":[{"@type":"ReadAction","target":["https:\/\/onurplast.az\/ru\/produkti\/%d1%81%d0%bf%d1%80%d0%b8%d0%bd%d0%ba%d0%bb%d0%b5%d1%80%d0%bd%d1%8b%d0%b5-%d1%81%d0%b8%d1%81%d1%82%d0%b5%d0%bc%d1%8b\/%d1%81%d0%bf%d1%80%d0%b8%d0%bd%d0%ba%d0%bb%d0%b5%d1%80%d1%8b-%d0%b8-%d1%80%d0%b5%d0%b0%d0%ba%d1%82%d0%b8%d0%b2%d0%bd%d1%8b%d0%b5-%d0%bf%d0%b8%d1%81%d1%82%d0%be%d0%bb%d0%b5%d1%82%d1%8b\/%d1%80%d0%b5%d0%b3%d1%83%d0%bb%d0%b8%d1%80%d1%83%d0%b5%d0%bc%d1%8b%d0%b9-%d0%bc%d0%b8%d0%bd%d0%b8-%d1%80%d0%b0%d0%b7%d0%b1%d1%80%d1%8b%d0%b7%d0%b3%d0%b8%d0%b2%d0%b0%d1%82%d0%b5%d0%bb%d1%8c\/"]}]},{"@type":"ImageObject","inLanguage":"ru-RU","@id":"https:\/\/onurplast.az\/ru\/produkti\/%d1%81%d0%bf%d1%80%d0%b8%d0%bd%d0%ba%d0%bb%d0%b5%d1%80%d0%bd%d1%8b%d0%b5-%d1%81%d0%b8%d1%81%d1%82%d0%b5%d0%bc%d1%8b\/%d1%81%d0%bf%d1%80%d0%b8%d0%bd%d0%ba%d0%bb%d0%b5%d1%80%d1%8b-%d0%b8-%d1%80%d0%b5%d0%b0%d0%ba%d1%82%d0%b8%d0%b2%d0%bd%d1%8b%d0%b5-%d0%bf%d0%b8%d1%81%d1%82%d0%be%d0%bb%d0%b5%d1%82%d1%8b\/%d1%80%d0%b5%d0%b3%d1%83%d0%bb%d0%b8%d1%80%d1%83%d0%b5%d0%bc%d1%8b%d0%b9-%d0%bc%d0%b8%d0%bd%d0%b8-%d1%80%d0%b0%d0%b7%d0%b1%d1%80%d1%8b%d0%b7%d0%b3%d0%b8%d0%b2%d0%b0%d1%82%d0%b5%d0%bb%d1%8c\/#primaryimage","url":"https:\/\/onurplast.az\/wp-content\/uploads\/TENZIMLENEN-MINI-SPRINK.webp","contentUrl":"https:\/\/onurplast.az\/wp-content\/uploads\/TENZIMLENEN-MINI-SPRINK.webp","width":600,"height":600,"caption":"\u0420\u0435\u0433\u0443\u043b\u0438\u0440\u0443\u0435\u043c\u044b\u0439 \u041c\u0438\u043d\u0438-\u0420\u0430\u0437\u0431\u0440\u044b\u0437\u0433\u0438\u0432\u0430\u0442\u0435\u043b\u044c"},{"@type":"BreadcrumbList","@id":"https:\/\/onurplast.az\/ru\/produkti\/%d1%81%d0%bf%d1%80%d0%b8%d0%bd%d0%ba%d0%bb%d0%b5%d1%80%d0%bd%d1%8b%d0%b5-%d1%81%d0%b8%d1%81%d1%82%d0%b5%d0%bc%d1%8b\/%d1%81%d0%bf%d1%80%d0%b8%d0%bd%d0%ba%d0%bb%d0%b5%d1%80%d1%8b-%d0%b8-%d1%80%d0%b5%d0%b0%d0%ba%d1%82%d0%b8%d0%b2%d0%bd%d1%8b%d0%b5-%d0%bf%d0%b8%d1%81%d1%82%d0%be%d0%bb%d0%b5%d1%82%d1%8b\/%d1%80%d0%b5%d0%b3%d1%83%d0%bb%d0%b8%d1%80%d1%83%d0%b5%d0%bc%d1%8b%d0%b9-%d0%bc%d0%b8%d0%bd%d0%b8-%d1%80%d0%b0%d0%b7%d0%b1%d1%80%d1%8b%d0%b7%d0%b3%d0%b8%d0%b2%d0%b0%d1%82%d0%b5%d0%bb%d1%8c\/#breadcrumb","itemListElement":[{"@type":"ListItem","position":1,"name":"\u018fsas S\u0259hif\u0259","item":"https:\/\/onurplast.az\/ru\/"},{"@type":"ListItem","position":2,"name":"M\u0259hsullar","item":"https:\/\/onurplast.az\/mehsullar\/"},{"@type":"ListItem","position":3,"name":"\u0420\u0435\u0433\u0443\u043b\u0438\u0440\u0443\u0435\u043c\u044b\u0439 \u041c\u0438\u043d\u0438-\u0420\u0430\u0437\u0431\u0440\u044b\u0437\u0433\u0438\u0432\u0430\u0442\u0435\u043b\u044c"}]},{"@type":"WebSite","@id":"https:\/\/onurplast.az\/ru\/#website","url":"https:\/\/onurplast.az\/ru\/","name":"Suvarma,Ya\u011fmurlama v\u0259 Pivot Sisteml\u0259ri, Avtomatik Suvarma: Onur Plast","description":"Avtomatik Suvarma Sisteml\u0259ri,Ya\u011fmurlama,Pivot Sisteml\u0259ri:Onur Plast","publisher":{"@id":"https:\/\/onurplast.az\/ru\/#organization"},"potentialAction":[{"@type":"SearchAction","target":{"@type":"EntryPoint","urlTemplate":"https:\/\/onurplast.az\/ru\/?s={search_term_string}"},"query-input":{"@type":"PropertyValueSpecification","valueRequired":true,"valueName":"search_term_string"}}],"inLanguage":"ru-RU"},{"@type":"Organization","@id":"https:\/\/onurplast.az\/ru\/#organization","name":"Suvarma,Ya\u011fmurlama v\u0259 Pivot Sisteml\u0259ri, Avtomatik Suvarma: Onur Plast","url":"https:\/\/onurplast.az\/ru\/","logo":{"@type":"ImageObject","inLanguage":"ru-RU","@id":"https:\/\/onurplast.az\/ru\/#\/schema\/logo\/image\/","url":"https:\/\/onurplast.az\/wp-content\/uploads\/Onur-Plast-Suvarma-Sistemleri-Logo2.svg","contentUrl":"https:\/\/onurplast.az\/wp-content\/uploads\/Onur-Plast-Suvarma-Sistemleri-Logo2.svg","width":569,"height":150,"caption":"Suvarma,Ya\u011fmurlama v\u0259 Pivot Sisteml\u0259ri, Avtomatik Suvarma: Onur Plast"},"image":{"@id":"https:\/\/onurplast.az\/ru\/#\/schema\/logo\/image\/"},"sameAs":["https:\/\/www.facebook.com\/Onur-plast-110179870426347","https:\/\/www.instagram.com\/suvarma_onurplast\/","https:\/\/www.youtube.com\/channel\/UCjWsbKNIsj1tvovG9PD4Btg"]}]}},"_links":{"self":[{"href":"https:\/\/onurplast.az\/ru\/wp-json\/wp\/v2\/product\/3571","targetHints":{"allow":["GET"]}}],"collection":[{"href":"https:\/\/onurplast.az\/ru\/wp-json\/wp\/v2\/product"}],"about":[{"href":"https:\/\/onurplast.az\/ru\/wp-json\/wp\/v2\/types\/product"}],"wp:featuredmedia":[{"embeddable":true,"href":"https:\/\/onurplast.az\/ru\/wp-json\/wp\/v2\/media\/799"}],"wp:attachment":[{"href":"https:\/\/onurplast.az\/ru\/wp-json\/wp\/v2\/media?parent=3571"}],"wp:term":[{"taxonomy":"product_brand","embeddable":true,"href":"https:\/\/onurplast.az\/ru\/wp-json\/wp\/v2\/product_brand?post=3571"},{"taxonomy":"product_cat","embeddable":true,"href":"https:\/\/onurplast.az\/ru\/wp-json\/wp\/v2\/product_cat?post=3571"},{"taxonomy":"product_tag","embeddable":true,"href":"https:\/\/onurplast.az\/ru\/wp-json\/wp\/v2\/product_tag?post=3571"}],"curies":[{"name":"wp","href":"https:\/\/api.w.org\/{rel}","templated":true}]}}