{"id":3578,"date":"2023-11-17T22:16:26","date_gmt":"2023-11-17T22:16:26","guid":{"rendered":"https:\/\/onurplast.az\/mehsullar\/uncategorized\/%d1%82%d0%b8%d0%bf-%d0%bf%d1%80%d0%b8%d0%b2%d0%be%d0%b4%d0%b0-roket-50\/"},"modified":"2023-11-17T22:16:26","modified_gmt":"2023-11-17T22:16:26","slug":"%d1%82%d0%b8%d0%bf-%d0%bf%d1%80%d0%b8%d0%b2%d0%be%d0%b4%d0%b0-roket-50","status":"publish","type":"product","link":"https:\/\/onurplast.az\/ru\/produkti\/%d1%81%d0%bf%d1%80%d0%b8%d0%bd%d0%ba%d0%bb%d0%b5%d1%80%d0%bd%d1%8b%d0%b5-%d1%81%d0%b8%d1%81%d1%82%d0%b5%d0%bc%d1%8b\/%d1%81%d0%bf%d1%80%d0%b8%d0%bd%d0%ba%d0%bb%d0%b5%d1%80%d1%8b-%d0%b8-%d1%80%d0%b5%d0%b0%d0%ba%d1%82%d0%b8%d0%b2%d0%bd%d1%8b%d0%b5-%d0%bf%d0%b8%d1%81%d1%82%d0%be%d0%bb%d0%b5%d1%82%d1%8b\/%d1%82%d0%b8%d0%bf-%d0%bf%d1%80%d0%b8%d0%b2%d0%be%d0%b4%d0%b0-roket-50\/","title":{"rendered":"\u0422\u0438\u043f \u041f\u0440\u0438\u0432\u043e\u0434\u0430 Roket 50"},"content":{"rendered":"<table>\n<tbody>\n<tr>\n<td><strong>Tip &#8212; Type<\/strong><\/td>\n<td><strong>Roket 50<\/strong><\/td>\n<\/tr>\n<tr>\n<td>Optimum D\u00f6\u015feme Aral\u0131\u011f\u0131 &#8212; Installation Distance<\/td>\n<td>45 m<\/td>\n<\/tr>\n<tr>\n<td>T\u00f6vsiyy\u0259 Olunan T\u0259zyiq &#8212; Recommended Pressure<\/td>\n<td>2,5 &#8212; 10 Bar<\/td>\n<\/tr>\n<tr>\n<td>Giri\u015f Diametri &#8212; Inlet Diameter<\/td>\n<td>2\u201d<\/td>\n<\/tr>\n<tr>\n<td>Ortalama Su T\u0259l\u0259bat\u0131 &#8212; Water Requirement<\/td>\n<td>15 &#8212; 40 Ton<\/td>\n<\/tr>\n<tr>\n<td>Su Atma M\u0259saf\u0259si (Radius) &#8212; Water Throw (Radius)<\/td>\n<td>20 &#8212; 45 m<\/td>\n<\/tr>\n<tr>\n<td>A\u00e7\u0131 Ayar Aral\u0131\u011f\u0131 &#8212; Adjustable Angle Distance<\/td>\n<td>300 &#8212; 3600<\/td>\n<\/tr>\n<tr>\n<td>Ba\u011flant\u0131 Sehpas\u0131 Giri\u015f Boru Diametri<\/p>\n<p>Connection Table Inlet Pipe Diameter<\/td>\n<td>21\/2\u201d<\/td>\n<\/tr>\n<tr>\n<td>Ba\u011flant\u0131 Sehpas\u0131 \u00c7\u0131k\u0131\u015f Boru Diametri<\/p>\n<p>Connection Table Outlet Pipe Diameter<\/td>\n<td>2\u201d<\/td>\n<\/tr>\n<tr>\n<td>Nozul N\u00f6vl\u0259ri mm &#8212; Nozzle Types mm<\/td>\n<td>16 &#8212; 18 &#8212; 22<\/td>\n<\/tr>\n<\/tbody>\n<\/table>\n<p>&nbsp;<\/p>\n<table>\n<tbody>\n<tr>\n<td><strong>Kod<\/strong><\/p>\n<p><strong>Code<\/strong><\/td>\n<td><strong>Nozul<\/strong><\/p>\n<p><strong>Nozzle<\/strong><\/p>\n<p><strong>(mm)<\/strong><\/td>\n<td><strong>\u0130\u015fl\u0259m\u0259 T\u0259zyiqi<\/strong><\/p>\n<p><strong>Working Pressure<\/strong><\/p>\n<p><strong>(ATM &#8212; BAR)<\/strong><\/td>\n<td><strong>Su h\u0259cmi<\/strong><\/p>\n<p><strong>Flow Rate<\/strong><\/p>\n<p><strong>(m3\/h)<\/strong><\/td>\n<td><strong>Su Atma M\u0259saf\u0259si<\/strong><\/p>\n<p><strong>Water Throw<\/strong><\/p>\n<p><strong>(Radius m)<\/strong><\/td>\n<td><strong>Sulanan Alan<\/strong><\/p>\n<p><strong>Irr\u0131gating Area<\/strong><\/p>\n<p><strong>(m2)<\/strong><\/td>\n<\/tr>\n<tr>\n<td rowspan=\"4\">AZ-ROK50-16<\/td>\n<td rowspan=\"4\">16<\/td>\n<td>2,0<\/td>\n<td>17,80<\/td>\n<td>22<\/td>\n<td>1520<\/td>\n<\/tr>\n<tr>\n<td>3,0<\/td>\n<td>19,10<\/td>\n<td>26<\/td>\n<td>2122<\/td>\n<\/tr>\n<tr>\n<td>4,0<\/td>\n<td>20,50<\/td>\n<td>30<\/td>\n<td>2826<\/td>\n<\/tr>\n<tr>\n<td>5,0<\/td>\n<td>23,40<\/td>\n<td>33<\/td>\n<td>3420<\/td>\n<\/tr>\n<tr>\n<td rowspan=\"4\">AZ-ROK50-18<\/td>\n<td rowspan=\"4\">18<\/td>\n<td>3,0<\/td>\n<td>23,10<\/td>\n<td>28<\/td>\n<td>2462<\/td>\n<\/tr>\n<tr>\n<td>4,0<\/td>\n<td>26,50<\/td>\n<td>31<\/td>\n<td>3018<\/td>\n<\/tr>\n<tr>\n<td>5,0<\/td>\n<td>29,50<\/td>\n<td>34<\/td>\n<td>3630<\/td>\n<\/tr>\n<tr>\n<td>6,0<\/td>\n<td>32,40<\/td>\n<td>36<\/td>\n<td>4069<\/td>\n<\/tr>\n<tr>\n<td rowspan=\"5\">AZ-ROK50-22<\/td>\n<td rowspan=\"5\">22<\/td>\n<td>3,0<\/td>\n<td>34,50<\/td>\n<td>32<\/td>\n<td>3215<\/td>\n<\/tr>\n<tr>\n<td>4,0<\/td>\n<td>40,30<\/td>\n<td>34<\/td>\n<td>3630<\/td>\n<\/tr>\n<tr>\n<td>5,0<\/td>\n<td>44,10<\/td>\n<td>36<\/td>\n<td>4069<\/td>\n<\/tr>\n<tr>\n<td>6,0<\/td>\n<td>46,50<\/td>\n<td>40<\/td>\n<td>5024<\/td>\n<\/tr>\n<tr>\n<td>7,0<\/td>\n<td>54,30<\/td>\n<td>45<\/td>\n<td>6358<\/td>\n<\/tr>\n<\/tbody>\n<\/table>\n","protected":false},"excerpt":{"rendered":"<p>Tip &#8212; Type Roket 50 Optimum D\u00f6\u015feme Aral\u0131\u011f\u0131 &#8212; Installation Distance 45 m T\u00f6vsiyy\u0259 Olunan T\u0259zyiq &#8212; Recommended Pressure 2,5 &#8212; 10 Bar Giri\u015f Diametri &#8212; Inlet Diameter 2\u201d Ortalama Su T\u0259l\u0259bat\u0131 &#8212; Water Requirement 15 &#8212; 40 Ton Su Atma M\u0259saf\u0259si (Radius) &#8212; Water Throw (Radius) 20 &#8212; 45 m A\u00e7\u0131 Ayar Aral\u0131\u011f\u0131 &#8212; [&hellip;]<\/p>\n","protected":false},"featured_media":835,"template":"","meta":{"_acf_changed":false,"inline_featured_image":false},"product_brand":[],"product_cat":[356],"product_tag":[621,620],"class_list":{"0":"post-3578","1":"product","2":"type-product","3":"status-publish","4":"has-post-thumbnail","6":"product_cat-356","7":"product_tag-gear-drive-type-ru","8":"product_tag-roket-50-ru","10":"first","11":"instock","12":"shipping-taxable","13":"purchasable","14":"product-type-simple"},"acf":[],"yoast_head":"<!-- This site is optimized with the Yoast SEO plugin v27.4 - https:\/\/yoast.com\/product\/yoast-seo-wordpress\/ -->\n<title>\u0422\u0438\u043f \u041f\u0440\u0438\u0432\u043e\u0434\u0430 Roket 50 - Avtomatik Suvarma Sisteml\u0259ri,Ya\u011fmurlama,Pivot Sisteml\u0259ri:Onur Plast<\/title>\n<meta name=\"robots\" content=\"index, follow, max-snippet:-1, max-image-preview:large, max-video-preview:-1\" \/>\n<link rel=\"canonical\" href=\"https:\/\/onurplast.az\/ru\/produkti\/%d1%81%d0%bf%d1%80%d0%b8%d0%bd%d0%ba%d0%bb%d0%b5%d1%80%d0%bd%d1%8b%d0%b5-%d1%81%d0%b8%d1%81%d1%82%d0%b5%d0%bc%d1%8b\/%d1%81%d0%bf%d1%80%d0%b8%d0%bd%d0%ba%d0%bb%d0%b5%d1%80%d1%8b-%d0%b8-%d1%80%d0%b5%d0%b0%d0%ba%d1%82%d0%b8%d0%b2%d0%bd%d1%8b%d0%b5-%d0%bf%d0%b8%d1%81%d1%82%d0%be%d0%bb%d0%b5%d1%82%d1%8b\/%d1%82%d0%b8%d0%bf-%d0%bf%d1%80%d0%b8%d0%b2%d0%be%d0%b4%d0%b0-roket-50\/\" \/>\n<meta property=\"og:locale\" content=\"ru_RU\" \/>\n<meta property=\"og:type\" content=\"article\" \/>\n<meta property=\"og:title\" content=\"\u0422\u0438\u043f \u041f\u0440\u0438\u0432\u043e\u0434\u0430 Roket 50 - Avtomatik Suvarma Sisteml\u0259ri,Ya\u011fmurlama,Pivot Sisteml\u0259ri:Onur Plast\" \/>\n<meta property=\"og:description\" content=\"Tip &#8212; Type Roket 50 Optimum D\u00f6\u015feme Aral\u0131\u011f\u0131 &#8212; Installation Distance 45 m T\u00f6vsiyy\u0259 Olunan T\u0259zyiq &#8212; Recommended Pressure 2,5 &#8212; 10 Bar Giri\u015f Diametri &#8212; Inlet Diameter 2\u201d Ortalama Su T\u0259l\u0259bat\u0131 &#8212; Water Requirement 15 &#8212; 40 Ton Su Atma M\u0259saf\u0259si (Radius) &#8212; Water Throw (Radius) 20 &#8212; 45 m A\u00e7\u0131 Ayar Aral\u0131\u011f\u0131 &#8212; [&hellip;]\" \/>\n<meta property=\"og:url\" content=\"https:\/\/onurplast.az\/ru\/produkti\/%d1%81%d0%bf%d1%80%d0%b8%d0%bd%d0%ba%d0%bb%d0%b5%d1%80%d0%bd%d1%8b%d0%b5-%d1%81%d0%b8%d1%81%d1%82%d0%b5%d0%bc%d1%8b\/%d1%81%d0%bf%d1%80%d0%b8%d0%bd%d0%ba%d0%bb%d0%b5%d1%80%d1%8b-%d0%b8-%d1%80%d0%b5%d0%b0%d0%ba%d1%82%d0%b8%d0%b2%d0%bd%d1%8b%d0%b5-%d0%bf%d0%b8%d1%81%d1%82%d0%be%d0%bb%d0%b5%d1%82%d1%8b\/%d1%82%d0%b8%d0%bf-%d0%bf%d1%80%d0%b8%d0%b2%d0%be%d0%b4%d0%b0-roket-50\/\" \/>\n<meta property=\"og:site_name\" content=\"Avtomatik Suvarma Sisteml\u0259ri,Ya\u011fmurlama,Pivot Sisteml\u0259ri:Onur Plast\" \/>\n<meta property=\"article:publisher\" content=\"https:\/\/www.facebook.com\/Onur-plast-110179870426347\" \/>\n<meta name=\"twitter:card\" content=\"summary_large_image\" \/>\n<meta name=\"twitter:label1\" content=\"\u041f\u0440\u0438\u043c\u0435\u0440\u043d\u043e\u0435 \u0432\u0440\u0435\u043c\u044f \u0434\u043b\u044f \u0447\u0442\u0435\u043d\u0438\u044f\" \/>\n\t<meta name=\"twitter:data1\" content=\"1 \u043c\u0438\u043d\u0443\u0442\u0430\" \/>\n<script type=\"application\/ld+json\" class=\"yoast-schema-graph\">{\"@context\":\"https:\\\/\\\/schema.org\",\"@graph\":[{\"@type\":\"WebPage\",\"@id\":\"https:\\\/\\\/onurplast.az\\\/ru\\\/produkti\\\/%d1%81%d0%bf%d1%80%d0%b8%d0%bd%d0%ba%d0%bb%d0%b5%d1%80%d0%bd%d1%8b%d0%b5-%d1%81%d0%b8%d1%81%d1%82%d0%b5%d0%bc%d1%8b\\\/%d1%81%d0%bf%d1%80%d0%b8%d0%bd%d0%ba%d0%bb%d0%b5%d1%80%d1%8b-%d0%b8-%d1%80%d0%b5%d0%b0%d0%ba%d1%82%d0%b8%d0%b2%d0%bd%d1%8b%d0%b5-%d0%bf%d0%b8%d1%81%d1%82%d0%be%d0%bb%d0%b5%d1%82%d1%8b\\\/%d1%82%d0%b8%d0%bf-%d0%bf%d1%80%d0%b8%d0%b2%d0%be%d0%b4%d0%b0-roket-50\\\/\",\"url\":\"https:\\\/\\\/onurplast.az\\\/ru\\\/produkti\\\/%d1%81%d0%bf%d1%80%d0%b8%d0%bd%d0%ba%d0%bb%d0%b5%d1%80%d0%bd%d1%8b%d0%b5-%d1%81%d0%b8%d1%81%d1%82%d0%b5%d0%bc%d1%8b\\\/%d1%81%d0%bf%d1%80%d0%b8%d0%bd%d0%ba%d0%bb%d0%b5%d1%80%d1%8b-%d0%b8-%d1%80%d0%b5%d0%b0%d0%ba%d1%82%d0%b8%d0%b2%d0%bd%d1%8b%d0%b5-%d0%bf%d0%b8%d1%81%d1%82%d0%be%d0%bb%d0%b5%d1%82%d1%8b\\\/%d1%82%d0%b8%d0%bf-%d0%bf%d1%80%d0%b8%d0%b2%d0%be%d0%b4%d0%b0-roket-50\\\/\",\"name\":\"\u0422\u0438\u043f \u041f\u0440\u0438\u0432\u043e\u0434\u0430 Roket 50 - Avtomatik Suvarma Sisteml\u0259ri,Ya\u011fmurlama,Pivot Sisteml\u0259ri:Onur Plast\",\"isPartOf\":{\"@id\":\"https:\\\/\\\/onurplast.az\\\/ru\\\/#website\"},\"primaryImageOfPage\":{\"@id\":\"https:\\\/\\\/onurplast.az\\\/ru\\\/produkti\\\/%d1%81%d0%bf%d1%80%d0%b8%d0%bd%d0%ba%d0%bb%d0%b5%d1%80%d0%bd%d1%8b%d0%b5-%d1%81%d0%b8%d1%81%d1%82%d0%b5%d0%bc%d1%8b\\\/%d1%81%d0%bf%d1%80%d0%b8%d0%bd%d0%ba%d0%bb%d0%b5%d1%80%d1%8b-%d0%b8-%d1%80%d0%b5%d0%b0%d0%ba%d1%82%d0%b8%d0%b2%d0%bd%d1%8b%d0%b5-%d0%bf%d0%b8%d1%81%d1%82%d0%be%d0%bb%d0%b5%d1%82%d1%8b\\\/%d1%82%d0%b8%d0%bf-%d0%bf%d1%80%d0%b8%d0%b2%d0%be%d0%b4%d0%b0-roket-50\\\/#primaryimage\"},\"image\":{\"@id\":\"https:\\\/\\\/onurplast.az\\\/ru\\\/produkti\\\/%d1%81%d0%bf%d1%80%d0%b8%d0%bd%d0%ba%d0%bb%d0%b5%d1%80%d0%bd%d1%8b%d0%b5-%d1%81%d0%b8%d1%81%d1%82%d0%b5%d0%bc%d1%8b\\\/%d1%81%d0%bf%d1%80%d0%b8%d0%bd%d0%ba%d0%bb%d0%b5%d1%80%d1%8b-%d0%b8-%d1%80%d0%b5%d0%b0%d0%ba%d1%82%d0%b8%d0%b2%d0%bd%d1%8b%d0%b5-%d0%bf%d0%b8%d1%81%d1%82%d0%be%d0%bb%d0%b5%d1%82%d1%8b\\\/%d1%82%d0%b8%d0%bf-%d0%bf%d1%80%d0%b8%d0%b2%d0%be%d0%b4%d0%b0-roket-50\\\/#primaryimage\"},\"thumbnailUrl\":\"https:\\\/\\\/onurplast.az\\\/wp-content\\\/uploads\\\/ROKET-50-GEAR-DRIVE-TYPE.webp\",\"datePublished\":\"2023-11-17T22:16:26+00:00\",\"breadcrumb\":{\"@id\":\"https:\\\/\\\/onurplast.az\\\/ru\\\/produkti\\\/%d1%81%d0%bf%d1%80%d0%b8%d0%bd%d0%ba%d0%bb%d0%b5%d1%80%d0%bd%d1%8b%d0%b5-%d1%81%d0%b8%d1%81%d1%82%d0%b5%d0%bc%d1%8b\\\/%d1%81%d0%bf%d1%80%d0%b8%d0%bd%d0%ba%d0%bb%d0%b5%d1%80%d1%8b-%d0%b8-%d1%80%d0%b5%d0%b0%d0%ba%d1%82%d0%b8%d0%b2%d0%bd%d1%8b%d0%b5-%d0%bf%d0%b8%d1%81%d1%82%d0%be%d0%bb%d0%b5%d1%82%d1%8b\\\/%d1%82%d0%b8%d0%bf-%d0%bf%d1%80%d0%b8%d0%b2%d0%be%d0%b4%d0%b0-roket-50\\\/#breadcrumb\"},\"inLanguage\":\"ru-RU\",\"potentialAction\":[{\"@type\":\"ReadAction\",\"target\":[\"https:\\\/\\\/onurplast.az\\\/ru\\\/produkti\\\/%d1%81%d0%bf%d1%80%d0%b8%d0%bd%d0%ba%d0%bb%d0%b5%d1%80%d0%bd%d1%8b%d0%b5-%d1%81%d0%b8%d1%81%d1%82%d0%b5%d0%bc%d1%8b\\\/%d1%81%d0%bf%d1%80%d0%b8%d0%bd%d0%ba%d0%bb%d0%b5%d1%80%d1%8b-%d0%b8-%d1%80%d0%b5%d0%b0%d0%ba%d1%82%d0%b8%d0%b2%d0%bd%d1%8b%d0%b5-%d0%bf%d0%b8%d1%81%d1%82%d0%be%d0%bb%d0%b5%d1%82%d1%8b\\\/%d1%82%d0%b8%d0%bf-%d0%bf%d1%80%d0%b8%d0%b2%d0%be%d0%b4%d0%b0-roket-50\\\/\"]}]},{\"@type\":\"ImageObject\",\"inLanguage\":\"ru-RU\",\"@id\":\"https:\\\/\\\/onurplast.az\\\/ru\\\/produkti\\\/%d1%81%d0%bf%d1%80%d0%b8%d0%bd%d0%ba%d0%bb%d0%b5%d1%80%d0%bd%d1%8b%d0%b5-%d1%81%d0%b8%d1%81%d1%82%d0%b5%d0%bc%d1%8b\\\/%d1%81%d0%bf%d1%80%d0%b8%d0%bd%d0%ba%d0%bb%d0%b5%d1%80%d1%8b-%d0%b8-%d1%80%d0%b5%d0%b0%d0%ba%d1%82%d0%b8%d0%b2%d0%bd%d1%8b%d0%b5-%d0%bf%d0%b8%d1%81%d1%82%d0%be%d0%bb%d0%b5%d1%82%d1%8b\\\/%d1%82%d0%b8%d0%bf-%d0%bf%d1%80%d0%b8%d0%b2%d0%be%d0%b4%d0%b0-roket-50\\\/#primaryimage\",\"url\":\"https:\\\/\\\/onurplast.az\\\/wp-content\\\/uploads\\\/ROKET-50-GEAR-DRIVE-TYPE.webp\",\"contentUrl\":\"https:\\\/\\\/onurplast.az\\\/wp-content\\\/uploads\\\/ROKET-50-GEAR-DRIVE-TYPE.webp\",\"width\":600,\"height\":600,\"caption\":\"\u0422\u0438\u043f \u041f\u0440\u0438\u0432\u043e\u0434\u0430 Roket 50\"},{\"@type\":\"BreadcrumbList\",\"@id\":\"https:\\\/\\\/onurplast.az\\\/ru\\\/produkti\\\/%d1%81%d0%bf%d1%80%d0%b8%d0%bd%d0%ba%d0%bb%d0%b5%d1%80%d0%bd%d1%8b%d0%b5-%d1%81%d0%b8%d1%81%d1%82%d0%b5%d0%bc%d1%8b\\\/%d1%81%d0%bf%d1%80%d0%b8%d0%bd%d0%ba%d0%bb%d0%b5%d1%80%d1%8b-%d0%b8-%d1%80%d0%b5%d0%b0%d0%ba%d1%82%d0%b8%d0%b2%d0%bd%d1%8b%d0%b5-%d0%bf%d0%b8%d1%81%d1%82%d0%be%d0%bb%d0%b5%d1%82%d1%8b\\\/%d1%82%d0%b8%d0%bf-%d0%bf%d1%80%d0%b8%d0%b2%d0%be%d0%b4%d0%b0-roket-50\\\/#breadcrumb\",\"itemListElement\":[{\"@type\":\"ListItem\",\"position\":1,\"name\":\"\u018fsas S\u0259hif\u0259\",\"item\":\"https:\\\/\\\/onurplast.az\\\/ru\\\/\"},{\"@type\":\"ListItem\",\"position\":2,\"name\":\"M\u0259hsullar\",\"item\":\"https:\\\/\\\/onurplast.az\\\/mehsullar\\\/\"},{\"@type\":\"ListItem\",\"position\":3,\"name\":\"\u0422\u0438\u043f \u041f\u0440\u0438\u0432\u043e\u0434\u0430 Roket 50\"}]},{\"@type\":\"WebSite\",\"@id\":\"https:\\\/\\\/onurplast.az\\\/ru\\\/#website\",\"url\":\"https:\\\/\\\/onurplast.az\\\/ru\\\/\",\"name\":\"Suvarma,Ya\u011fmurlama v\u0259 Pivot Sisteml\u0259ri, Avtomatik Suvarma: Onur Plast\",\"description\":\"Avtomatik Suvarma Sisteml\u0259ri,Ya\u011fmurlama,Pivot Sisteml\u0259ri:Onur Plast\",\"publisher\":{\"@id\":\"https:\\\/\\\/onurplast.az\\\/ru\\\/#organization\"},\"potentialAction\":[{\"@type\":\"SearchAction\",\"target\":{\"@type\":\"EntryPoint\",\"urlTemplate\":\"https:\\\/\\\/onurplast.az\\\/ru\\\/?s={search_term_string}\"},\"query-input\":{\"@type\":\"PropertyValueSpecification\",\"valueRequired\":true,\"valueName\":\"search_term_string\"}}],\"inLanguage\":\"ru-RU\"},{\"@type\":\"Organization\",\"@id\":\"https:\\\/\\\/onurplast.az\\\/ru\\\/#organization\",\"name\":\"Suvarma,Ya\u011fmurlama v\u0259 Pivot Sisteml\u0259ri, Avtomatik Suvarma: Onur Plast\",\"url\":\"https:\\\/\\\/onurplast.az\\\/ru\\\/\",\"logo\":{\"@type\":\"ImageObject\",\"inLanguage\":\"ru-RU\",\"@id\":\"https:\\\/\\\/onurplast.az\\\/ru\\\/#\\\/schema\\\/logo\\\/image\\\/\",\"url\":\"https:\\\/\\\/onurplast.az\\\/wp-content\\\/uploads\\\/Onur-Plast-Suvarma-Sistemleri-Logo2.svg\",\"contentUrl\":\"https:\\\/\\\/onurplast.az\\\/wp-content\\\/uploads\\\/Onur-Plast-Suvarma-Sistemleri-Logo2.svg\",\"width\":569,\"height\":150,\"caption\":\"Suvarma,Ya\u011fmurlama v\u0259 Pivot Sisteml\u0259ri, Avtomatik Suvarma: Onur Plast\"},\"image\":{\"@id\":\"https:\\\/\\\/onurplast.az\\\/ru\\\/#\\\/schema\\\/logo\\\/image\\\/\"},\"sameAs\":[\"https:\\\/\\\/www.facebook.com\\\/Onur-plast-110179870426347\",\"https:\\\/\\\/www.instagram.com\\\/suvarma_onurplast\\\/\",\"https:\\\/\\\/www.youtube.com\\\/channel\\\/UCjWsbKNIsj1tvovG9PD4Btg\"]}]}<\/script>\n<!-- \/ Yoast SEO plugin. -->","yoast_head_json":{"title":"\u0422\u0438\u043f \u041f\u0440\u0438\u0432\u043e\u0434\u0430 Roket 50 - Avtomatik Suvarma Sisteml\u0259ri,Ya\u011fmurlama,Pivot Sisteml\u0259ri:Onur Plast","robots":{"index":"index","follow":"follow","max-snippet":"max-snippet:-1","max-image-preview":"max-image-preview:large","max-video-preview":"max-video-preview:-1"},"canonical":"https:\/\/onurplast.az\/ru\/produkti\/%d1%81%d0%bf%d1%80%d0%b8%d0%bd%d0%ba%d0%bb%d0%b5%d1%80%d0%bd%d1%8b%d0%b5-%d1%81%d0%b8%d1%81%d1%82%d0%b5%d0%bc%d1%8b\/%d1%81%d0%bf%d1%80%d0%b8%d0%bd%d0%ba%d0%bb%d0%b5%d1%80%d1%8b-%d0%b8-%d1%80%d0%b5%d0%b0%d0%ba%d1%82%d0%b8%d0%b2%d0%bd%d1%8b%d0%b5-%d0%bf%d0%b8%d1%81%d1%82%d0%be%d0%bb%d0%b5%d1%82%d1%8b\/%d1%82%d0%b8%d0%bf-%d0%bf%d1%80%d0%b8%d0%b2%d0%be%d0%b4%d0%b0-roket-50\/","og_locale":"ru_RU","og_type":"article","og_title":"\u0422\u0438\u043f \u041f\u0440\u0438\u0432\u043e\u0434\u0430 Roket 50 - Avtomatik Suvarma Sisteml\u0259ri,Ya\u011fmurlama,Pivot Sisteml\u0259ri:Onur Plast","og_description":"Tip &#8212; Type Roket 50 Optimum D\u00f6\u015feme Aral\u0131\u011f\u0131 &#8212; Installation Distance 45 m T\u00f6vsiyy\u0259 Olunan T\u0259zyiq &#8212; Recommended Pressure 2,5 &#8212; 10 Bar Giri\u015f Diametri &#8212; Inlet Diameter 2\u201d Ortalama Su T\u0259l\u0259bat\u0131 &#8212; Water Requirement 15 &#8212; 40 Ton Su Atma M\u0259saf\u0259si (Radius) &#8212; Water Throw (Radius) 20 &#8212; 45 m A\u00e7\u0131 Ayar Aral\u0131\u011f\u0131 &#8212; [&hellip;]","og_url":"https:\/\/onurplast.az\/ru\/produkti\/%d1%81%d0%bf%d1%80%d0%b8%d0%bd%d0%ba%d0%bb%d0%b5%d1%80%d0%bd%d1%8b%d0%b5-%d1%81%d0%b8%d1%81%d1%82%d0%b5%d0%bc%d1%8b\/%d1%81%d0%bf%d1%80%d0%b8%d0%bd%d0%ba%d0%bb%d0%b5%d1%80%d1%8b-%d0%b8-%d1%80%d0%b5%d0%b0%d0%ba%d1%82%d0%b8%d0%b2%d0%bd%d1%8b%d0%b5-%d0%bf%d0%b8%d1%81%d1%82%d0%be%d0%bb%d0%b5%d1%82%d1%8b\/%d1%82%d0%b8%d0%bf-%d0%bf%d1%80%d0%b8%d0%b2%d0%be%d0%b4%d0%b0-roket-50\/","og_site_name":"Avtomatik Suvarma Sisteml\u0259ri,Ya\u011fmurlama,Pivot Sisteml\u0259ri:Onur Plast","article_publisher":"https:\/\/www.facebook.com\/Onur-plast-110179870426347","twitter_card":"summary_large_image","twitter_misc":{"\u041f\u0440\u0438\u043c\u0435\u0440\u043d\u043e\u0435 \u0432\u0440\u0435\u043c\u044f \u0434\u043b\u044f \u0447\u0442\u0435\u043d\u0438\u044f":"1 \u043c\u0438\u043d\u0443\u0442\u0430"},"schema":{"@context":"https:\/\/schema.org","@graph":[{"@type":"WebPage","@id":"https:\/\/onurplast.az\/ru\/produkti\/%d1%81%d0%bf%d1%80%d0%b8%d0%bd%d0%ba%d0%bb%d0%b5%d1%80%d0%bd%d1%8b%d0%b5-%d1%81%d0%b8%d1%81%d1%82%d0%b5%d0%bc%d1%8b\/%d1%81%d0%bf%d1%80%d0%b8%d0%bd%d0%ba%d0%bb%d0%b5%d1%80%d1%8b-%d0%b8-%d1%80%d0%b5%d0%b0%d0%ba%d1%82%d0%b8%d0%b2%d0%bd%d1%8b%d0%b5-%d0%bf%d0%b8%d1%81%d1%82%d0%be%d0%bb%d0%b5%d1%82%d1%8b\/%d1%82%d0%b8%d0%bf-%d0%bf%d1%80%d0%b8%d0%b2%d0%be%d0%b4%d0%b0-roket-50\/","url":"https:\/\/onurplast.az\/ru\/produkti\/%d1%81%d0%bf%d1%80%d0%b8%d0%bd%d0%ba%d0%bb%d0%b5%d1%80%d0%bd%d1%8b%d0%b5-%d1%81%d0%b8%d1%81%d1%82%d0%b5%d0%bc%d1%8b\/%d1%81%d0%bf%d1%80%d0%b8%d0%bd%d0%ba%d0%bb%d0%b5%d1%80%d1%8b-%d0%b8-%d1%80%d0%b5%d0%b0%d0%ba%d1%82%d0%b8%d0%b2%d0%bd%d1%8b%d0%b5-%d0%bf%d0%b8%d1%81%d1%82%d0%be%d0%bb%d0%b5%d1%82%d1%8b\/%d1%82%d0%b8%d0%bf-%d0%bf%d1%80%d0%b8%d0%b2%d0%be%d0%b4%d0%b0-roket-50\/","name":"\u0422\u0438\u043f \u041f\u0440\u0438\u0432\u043e\u0434\u0430 Roket 50 - Avtomatik Suvarma Sisteml\u0259ri,Ya\u011fmurlama,Pivot Sisteml\u0259ri:Onur Plast","isPartOf":{"@id":"https:\/\/onurplast.az\/ru\/#website"},"primaryImageOfPage":{"@id":"https:\/\/onurplast.az\/ru\/produkti\/%d1%81%d0%bf%d1%80%d0%b8%d0%bd%d0%ba%d0%bb%d0%b5%d1%80%d0%bd%d1%8b%d0%b5-%d1%81%d0%b8%d1%81%d1%82%d0%b5%d0%bc%d1%8b\/%d1%81%d0%bf%d1%80%d0%b8%d0%bd%d0%ba%d0%bb%d0%b5%d1%80%d1%8b-%d0%b8-%d1%80%d0%b5%d0%b0%d0%ba%d1%82%d0%b8%d0%b2%d0%bd%d1%8b%d0%b5-%d0%bf%d0%b8%d1%81%d1%82%d0%be%d0%bb%d0%b5%d1%82%d1%8b\/%d1%82%d0%b8%d0%bf-%d0%bf%d1%80%d0%b8%d0%b2%d0%be%d0%b4%d0%b0-roket-50\/#primaryimage"},"image":{"@id":"https:\/\/onurplast.az\/ru\/produkti\/%d1%81%d0%bf%d1%80%d0%b8%d0%bd%d0%ba%d0%bb%d0%b5%d1%80%d0%bd%d1%8b%d0%b5-%d1%81%d0%b8%d1%81%d1%82%d0%b5%d0%bc%d1%8b\/%d1%81%d0%bf%d1%80%d0%b8%d0%bd%d0%ba%d0%bb%d0%b5%d1%80%d1%8b-%d0%b8-%d1%80%d0%b5%d0%b0%d0%ba%d1%82%d0%b8%d0%b2%d0%bd%d1%8b%d0%b5-%d0%bf%d0%b8%d1%81%d1%82%d0%be%d0%bb%d0%b5%d1%82%d1%8b\/%d1%82%d0%b8%d0%bf-%d0%bf%d1%80%d0%b8%d0%b2%d0%be%d0%b4%d0%b0-roket-50\/#primaryimage"},"thumbnailUrl":"https:\/\/onurplast.az\/wp-content\/uploads\/ROKET-50-GEAR-DRIVE-TYPE.webp","datePublished":"2023-11-17T22:16:26+00:00","breadcrumb":{"@id":"https:\/\/onurplast.az\/ru\/produkti\/%d1%81%d0%bf%d1%80%d0%b8%d0%bd%d0%ba%d0%bb%d0%b5%d1%80%d0%bd%d1%8b%d0%b5-%d1%81%d0%b8%d1%81%d1%82%d0%b5%d0%bc%d1%8b\/%d1%81%d0%bf%d1%80%d0%b8%d0%bd%d0%ba%d0%bb%d0%b5%d1%80%d1%8b-%d0%b8-%d1%80%d0%b5%d0%b0%d0%ba%d1%82%d0%b8%d0%b2%d0%bd%d1%8b%d0%b5-%d0%bf%d0%b8%d1%81%d1%82%d0%be%d0%bb%d0%b5%d1%82%d1%8b\/%d1%82%d0%b8%d0%bf-%d0%bf%d1%80%d0%b8%d0%b2%d0%be%d0%b4%d0%b0-roket-50\/#breadcrumb"},"inLanguage":"ru-RU","potentialAction":[{"@type":"ReadAction","target":["https:\/\/onurplast.az\/ru\/produkti\/%d1%81%d0%bf%d1%80%d0%b8%d0%bd%d0%ba%d0%bb%d0%b5%d1%80%d0%bd%d1%8b%d0%b5-%d1%81%d0%b8%d1%81%d1%82%d0%b5%d0%bc%d1%8b\/%d1%81%d0%bf%d1%80%d0%b8%d0%bd%d0%ba%d0%bb%d0%b5%d1%80%d1%8b-%d0%b8-%d1%80%d0%b5%d0%b0%d0%ba%d1%82%d0%b8%d0%b2%d0%bd%d1%8b%d0%b5-%d0%bf%d0%b8%d1%81%d1%82%d0%be%d0%bb%d0%b5%d1%82%d1%8b\/%d1%82%d0%b8%d0%bf-%d0%bf%d1%80%d0%b8%d0%b2%d0%be%d0%b4%d0%b0-roket-50\/"]}]},{"@type":"ImageObject","inLanguage":"ru-RU","@id":"https:\/\/onurplast.az\/ru\/produkti\/%d1%81%d0%bf%d1%80%d0%b8%d0%bd%d0%ba%d0%bb%d0%b5%d1%80%d0%bd%d1%8b%d0%b5-%d1%81%d0%b8%d1%81%d1%82%d0%b5%d0%bc%d1%8b\/%d1%81%d0%bf%d1%80%d0%b8%d0%bd%d0%ba%d0%bb%d0%b5%d1%80%d1%8b-%d0%b8-%d1%80%d0%b5%d0%b0%d0%ba%d1%82%d0%b8%d0%b2%d0%bd%d1%8b%d0%b5-%d0%bf%d0%b8%d1%81%d1%82%d0%be%d0%bb%d0%b5%d1%82%d1%8b\/%d1%82%d0%b8%d0%bf-%d0%bf%d1%80%d0%b8%d0%b2%d0%be%d0%b4%d0%b0-roket-50\/#primaryimage","url":"https:\/\/onurplast.az\/wp-content\/uploads\/ROKET-50-GEAR-DRIVE-TYPE.webp","contentUrl":"https:\/\/onurplast.az\/wp-content\/uploads\/ROKET-50-GEAR-DRIVE-TYPE.webp","width":600,"height":600,"caption":"\u0422\u0438\u043f \u041f\u0440\u0438\u0432\u043e\u0434\u0430 Roket 50"},{"@type":"BreadcrumbList","@id":"https:\/\/onurplast.az\/ru\/produkti\/%d1%81%d0%bf%d1%80%d0%b8%d0%bd%d0%ba%d0%bb%d0%b5%d1%80%d0%bd%d1%8b%d0%b5-%d1%81%d0%b8%d1%81%d1%82%d0%b5%d0%bc%d1%8b\/%d1%81%d0%bf%d1%80%d0%b8%d0%bd%d0%ba%d0%bb%d0%b5%d1%80%d1%8b-%d0%b8-%d1%80%d0%b5%d0%b0%d0%ba%d1%82%d0%b8%d0%b2%d0%bd%d1%8b%d0%b5-%d0%bf%d0%b8%d1%81%d1%82%d0%be%d0%bb%d0%b5%d1%82%d1%8b\/%d1%82%d0%b8%d0%bf-%d0%bf%d1%80%d0%b8%d0%b2%d0%be%d0%b4%d0%b0-roket-50\/#breadcrumb","itemListElement":[{"@type":"ListItem","position":1,"name":"\u018fsas S\u0259hif\u0259","item":"https:\/\/onurplast.az\/ru\/"},{"@type":"ListItem","position":2,"name":"M\u0259hsullar","item":"https:\/\/onurplast.az\/mehsullar\/"},{"@type":"ListItem","position":3,"name":"\u0422\u0438\u043f \u041f\u0440\u0438\u0432\u043e\u0434\u0430 Roket 50"}]},{"@type":"WebSite","@id":"https:\/\/onurplast.az\/ru\/#website","url":"https:\/\/onurplast.az\/ru\/","name":"Suvarma,Ya\u011fmurlama v\u0259 Pivot Sisteml\u0259ri, Avtomatik Suvarma: Onur Plast","description":"Avtomatik Suvarma Sisteml\u0259ri,Ya\u011fmurlama,Pivot Sisteml\u0259ri:Onur Plast","publisher":{"@id":"https:\/\/onurplast.az\/ru\/#organization"},"potentialAction":[{"@type":"SearchAction","target":{"@type":"EntryPoint","urlTemplate":"https:\/\/onurplast.az\/ru\/?s={search_term_string}"},"query-input":{"@type":"PropertyValueSpecification","valueRequired":true,"valueName":"search_term_string"}}],"inLanguage":"ru-RU"},{"@type":"Organization","@id":"https:\/\/onurplast.az\/ru\/#organization","name":"Suvarma,Ya\u011fmurlama v\u0259 Pivot Sisteml\u0259ri, Avtomatik Suvarma: Onur Plast","url":"https:\/\/onurplast.az\/ru\/","logo":{"@type":"ImageObject","inLanguage":"ru-RU","@id":"https:\/\/onurplast.az\/ru\/#\/schema\/logo\/image\/","url":"https:\/\/onurplast.az\/wp-content\/uploads\/Onur-Plast-Suvarma-Sistemleri-Logo2.svg","contentUrl":"https:\/\/onurplast.az\/wp-content\/uploads\/Onur-Plast-Suvarma-Sistemleri-Logo2.svg","width":569,"height":150,"caption":"Suvarma,Ya\u011fmurlama v\u0259 Pivot Sisteml\u0259ri, Avtomatik Suvarma: Onur Plast"},"image":{"@id":"https:\/\/onurplast.az\/ru\/#\/schema\/logo\/image\/"},"sameAs":["https:\/\/www.facebook.com\/Onur-plast-110179870426347","https:\/\/www.instagram.com\/suvarma_onurplast\/","https:\/\/www.youtube.com\/channel\/UCjWsbKNIsj1tvovG9PD4Btg"]}]}},"_links":{"self":[{"href":"https:\/\/onurplast.az\/ru\/wp-json\/wp\/v2\/product\/3578","targetHints":{"allow":["GET"]}}],"collection":[{"href":"https:\/\/onurplast.az\/ru\/wp-json\/wp\/v2\/product"}],"about":[{"href":"https:\/\/onurplast.az\/ru\/wp-json\/wp\/v2\/types\/product"}],"wp:featuredmedia":[{"embeddable":true,"href":"https:\/\/onurplast.az\/ru\/wp-json\/wp\/v2\/media\/835"}],"wp:attachment":[{"href":"https:\/\/onurplast.az\/ru\/wp-json\/wp\/v2\/media?parent=3578"}],"wp:term":[{"taxonomy":"product_brand","embeddable":true,"href":"https:\/\/onurplast.az\/ru\/wp-json\/wp\/v2\/product_brand?post=3578"},{"taxonomy":"product_cat","embeddable":true,"href":"https:\/\/onurplast.az\/ru\/wp-json\/wp\/v2\/product_cat?post=3578"},{"taxonomy":"product_tag","embeddable":true,"href":"https:\/\/onurplast.az\/ru\/wp-json\/wp\/v2\/product_tag?post=3578"}],"curies":[{"name":"wp","href":"https:\/\/api.w.org\/{rel}","templated":true}]}}