{"id":3584,"date":"2023-11-17T22:45:31","date_gmt":"2023-11-17T22:45:31","guid":{"rendered":"https:\/\/onurplast.az\/mehsullar\/uncategorized\/%d0%ba%d0%be%d0%bc%d0%bf%d0%bb%d0%b5%d0%ba%d1%82-%d0%bc%d0%b8%d0%bd%d0%b8-%d1%81%d0%bf%d1%80%d0%b8%d0%bd%d0%ba%d0%bb%d0%b5%d1%80%d0%be%d0%b2-%d1%81-%d1%82%d1%83%d1%80%d0%b1%d0%be%d1%80%d0%b5%d0%b0\/"},"modified":"2023-11-17T22:45:31","modified_gmt":"2023-11-17T22:45:31","slug":"%d0%ba%d0%be%d0%bc%d0%bf%d0%bb%d0%b5%d0%ba%d1%82-%d0%bc%d0%b8%d0%bd%d0%b8-%d1%81%d0%bf%d1%80%d0%b8%d0%bd%d0%ba%d0%bb%d0%b5%d1%80%d0%be%d0%b2-%d1%81-%d1%82%d1%83%d1%80%d0%b1%d0%be%d1%80%d0%b5%d0%b0","status":"publish","type":"product","link":"https:\/\/onurplast.az\/ru\/produkti\/%d1%81%d0%bf%d1%80%d0%b8%d0%bd%d0%ba%d0%bb%d0%b5%d1%80%d0%bd%d1%8b%d0%b5-%d1%81%d0%b8%d1%81%d1%82%d0%b5%d0%bc%d1%8b\/%d0%bc%d0%b8%d0%ba%d1%80%d0%be-%d1%81%d0%bf%d1%80%d0%b8%d0%bd%d0%ba%d0%bb%d0%b5%d1%80%d1%8b-%d0%b8-%d1%84%d0%b8%d1%82%d0%b8%d0%bd%d0%b3%d0%b8\/%d0%ba%d0%be%d0%bc%d0%bf%d0%bb%d0%b5%d0%ba%d1%82-%d0%bc%d0%b8%d0%bd%d0%b8-%d1%81%d0%bf%d1%80%d0%b8%d0%bd%d0%ba%d0%bb%d0%b5%d1%80%d0%be%d0%b2-%d1%81-%d1%82%d1%83%d1%80%d0%b1%d0%be%d1%80%d0%b5%d0%b0\/","title":{"rendered":"\u041a\u043e\u043c\u043f\u043b\u0435\u043a\u0442 \u041c\u0438\u043d\u0438-\u0421\u043f\u0440\u0438\u043d\u043a\u043b\u0435\u0440\u043e\u0432 \u0441 \u0422\u0443\u0440\u0431\u043e\u0440\u0435\u0430\u043a\u0442\u0438\u0432\u043d\u044b\u043c \u0414\u0432\u0438\u0433\u0430\u0442\u0435\u043b\u0435\u043c"},"content":{"rendered":"<table>\n<tbody>\n<tr>\n<td><strong>Kod<\/strong><br \/>\n<strong>Code<\/strong><\/td>\n<td><strong>R\u0259ng<\/strong><br \/>\n<strong>Color<\/strong><\/td>\n<td><strong>S\u0259rfyyat<\/strong><br \/>\n<strong>Flow<\/strong><\/td>\n<td><strong>Sulama \u00c7ap\u0131<\/strong><br \/>\n<strong>Irrigation Diameter<\/strong><\/td>\n<td><strong>Paketl\u0259m\u0259<\/strong><br \/>\n<strong>Packaging<\/strong><\/td>\n<\/tr>\n<tr>\n<td>AZ-201\/70<\/td>\n<td>Black-Siyah<\/td>\n<td>70Lt\/h-Lt\/sa<\/td>\n<td>8 Mt.<\/td>\n<td>100<\/td>\n<\/tr>\n<tr>\n<td>AZ-201\/90<\/td>\n<td>Green-Ye\u015fil<\/td>\n<td>90Lt\/h-Lt\/sa<\/td>\n<td>8.5 Mt.<\/td>\n<td>100<\/td>\n<\/tr>\n<tr>\n<td>AZ-201\/105<\/td>\n<td>Light Blue-A\u00e7\u0131k Mavi<\/td>\n<td>105Lt\/h-Lt\/sa<\/td>\n<td>9 Mt.<\/td>\n<td>100<\/td>\n<\/tr>\n<tr>\n<td>AZ-201\/120<\/td>\n<td>Red-K\u0131rm\u0131z\u0131<\/td>\n<td>120Lt\/h-Lt\/sa<\/td>\n<td>9.5 Mt.<\/td>\n<td>100<\/td>\n<\/tr>\n<tr>\n<td>AZ-201\/140<\/td>\n<td>Pink-Pembe<\/td>\n<td>140Lt\/h-Lt\/sa<\/td>\n<td>10 Mt.<\/td>\n<td>100<\/td>\n<\/tr>\n<tr>\n<td>AZ-201\/160<\/td>\n<td>Brown-kahverengi<\/td>\n<td>160Lt\/h-Lt\/sa<\/td>\n<td>10.5 Mt.<\/td>\n<td>100<\/td>\n<\/tr>\n<tr>\n<td>AZ-201\/200<\/td>\n<td>Yellow-sar\u0131<\/td>\n<td>200Lt\/h-Lt\/sa<\/td>\n<td>11 Mt.<\/td>\n<td>100<\/td>\n<\/tr>\n<tr>\n<td>AZ-201\/250<\/td>\n<td>Wigh-Beyaz<\/td>\n<td>250Lt\/h-Lt\/sa<\/td>\n<td>11 Mt.<\/td>\n<td>100<\/td>\n<\/tr>\n<tr>\n<td>AZ-201\/300<\/td>\n<td>Olive coloured-Zeytuni<\/td>\n<td>300Lt\/h-Lt\/sa<\/td>\n<td>11.5 Mt.<\/td>\n<td>100<\/td>\n<\/tr>\n<tr>\n<td>AZ-201\/400<\/td>\n<td>Lilac-Lila<\/td>\n<td>400Lt\/h-Lt\/sa<\/td>\n<td>12.5 Mt.<\/td>\n<td>100<\/td>\n<\/tr>\n<tr>\n<td>AZ-201\/500<\/td>\n<td>Purple-Mor<\/td>\n<td>500Lt\/h-Lt\/sa<\/td>\n<td>13 Mt.<\/td>\n<td>100<\/td>\n<\/tr>\n<\/tbody>\n<\/table>\n","protected":false},"excerpt":{"rendered":"<p>Kod Code R\u0259ng Color S\u0259rfyyat Flow Sulama \u00c7ap\u0131 Irrigation Diameter Paketl\u0259m\u0259 Packaging AZ-201\/70 Black-Siyah 70Lt\/h-Lt\/sa 8 Mt. 100 AZ-201\/90 Green-Ye\u015fil 90Lt\/h-Lt\/sa 8.5 Mt. 100 AZ-201\/105 Light Blue-A\u00e7\u0131k Mavi 105Lt\/h-Lt\/sa 9 Mt. 100 AZ-201\/120 Red-K\u0131rm\u0131z\u0131 120Lt\/h-Lt\/sa 9.5 Mt. 100 AZ-201\/140 Pink-Pembe 140Lt\/h-Lt\/sa 10 Mt. 100 AZ-201\/160 Brown-kahverengi 160Lt\/h-Lt\/sa 10.5 Mt. 100 AZ-201\/200 Yellow-sar\u0131 200Lt\/h-Lt\/sa 11 Mt. [&hellip;]<\/p>\n","protected":false},"featured_media":865,"template":"","meta":{"_acf_changed":false,"inline_featured_image":false},"product_brand":[],"product_cat":[357],"product_tag":[630,624],"class_list":{"0":"post-3584","1":"product","2":"type-product","3":"status-publish","4":"has-post-thumbnail","6":"product_cat-357","7":"product_tag-mini-sprik-takimi-ru","8":"product_tag-turbo-jet-ru","10":"first","11":"instock","12":"shipping-taxable","13":"purchasable","14":"product-type-simple"},"acf":[],"yoast_head":"<!-- This site is optimized with the Yoast SEO plugin v27.4 - https:\/\/yoast.com\/product\/yoast-seo-wordpress\/ -->\n<title>\u041a\u043e\u043c\u043f\u043b\u0435\u043a\u0442 \u041c\u0438\u043d\u0438-\u0421\u043f\u0440\u0438\u043d\u043a\u043b\u0435\u0440\u043e\u0432 \u0441 \u0422\u0443\u0440\u0431\u043e\u0440\u0435\u0430\u043a\u0442\u0438\u0432\u043d\u044b\u043c \u0414\u0432\u0438\u0433\u0430\u0442\u0435\u043b\u0435\u043c - Avtomatik Suvarma Sisteml\u0259ri,Ya\u011fmurlama,Pivot Sisteml\u0259ri:Onur Plast<\/title>\n<meta name=\"robots\" content=\"index, follow, max-snippet:-1, max-image-preview:large, max-video-preview:-1\" \/>\n<link rel=\"canonical\" href=\"https:\/\/onurplast.az\/ru\/produkti\/%d1%81%d0%bf%d1%80%d0%b8%d0%bd%d0%ba%d0%bb%d0%b5%d1%80%d0%bd%d1%8b%d0%b5-%d1%81%d0%b8%d1%81%d1%82%d0%b5%d0%bc%d1%8b\/%d0%bc%d0%b8%d0%ba%d1%80%d0%be-%d1%81%d0%bf%d1%80%d0%b8%d0%bd%d0%ba%d0%bb%d0%b5%d1%80%d1%8b-%d0%b8-%d1%84%d0%b8%d1%82%d0%b8%d0%bd%d0%b3%d0%b8\/%d0%ba%d0%be%d0%bc%d0%bf%d0%bb%d0%b5%d0%ba%d1%82-%d0%bc%d0%b8%d0%bd%d0%b8-%d1%81%d0%bf%d1%80%d0%b8%d0%bd%d0%ba%d0%bb%d0%b5%d1%80%d0%be%d0%b2-%d1%81-%d1%82%d1%83%d1%80%d0%b1%d0%be%d1%80%d0%b5%d0%b0\/\" \/>\n<meta property=\"og:locale\" content=\"ru_RU\" \/>\n<meta property=\"og:type\" content=\"article\" \/>\n<meta property=\"og:title\" content=\"\u041a\u043e\u043c\u043f\u043b\u0435\u043a\u0442 \u041c\u0438\u043d\u0438-\u0421\u043f\u0440\u0438\u043d\u043a\u043b\u0435\u0440\u043e\u0432 \u0441 \u0422\u0443\u0440\u0431\u043e\u0440\u0435\u0430\u043a\u0442\u0438\u0432\u043d\u044b\u043c \u0414\u0432\u0438\u0433\u0430\u0442\u0435\u043b\u0435\u043c - Avtomatik Suvarma Sisteml\u0259ri,Ya\u011fmurlama,Pivot Sisteml\u0259ri:Onur Plast\" \/>\n<meta property=\"og:description\" content=\"Kod Code R\u0259ng Color S\u0259rfyyat Flow Sulama \u00c7ap\u0131 Irrigation Diameter Paketl\u0259m\u0259 Packaging AZ-201\/70 Black-Siyah 70Lt\/h-Lt\/sa 8 Mt. 100 AZ-201\/90 Green-Ye\u015fil 90Lt\/h-Lt\/sa 8.5 Mt. 100 AZ-201\/105 Light Blue-A\u00e7\u0131k Mavi 105Lt\/h-Lt\/sa 9 Mt. 100 AZ-201\/120 Red-K\u0131rm\u0131z\u0131 120Lt\/h-Lt\/sa 9.5 Mt. 100 AZ-201\/140 Pink-Pembe 140Lt\/h-Lt\/sa 10 Mt. 100 AZ-201\/160 Brown-kahverengi 160Lt\/h-Lt\/sa 10.5 Mt. 100 AZ-201\/200 Yellow-sar\u0131 200Lt\/h-Lt\/sa 11 Mt. [&hellip;]\" \/>\n<meta property=\"og:url\" content=\"https:\/\/onurplast.az\/ru\/produkti\/%d1%81%d0%bf%d1%80%d0%b8%d0%bd%d0%ba%d0%bb%d0%b5%d1%80%d0%bd%d1%8b%d0%b5-%d1%81%d0%b8%d1%81%d1%82%d0%b5%d0%bc%d1%8b\/%d0%bc%d0%b8%d0%ba%d1%80%d0%be-%d1%81%d0%bf%d1%80%d0%b8%d0%bd%d0%ba%d0%bb%d0%b5%d1%80%d1%8b-%d0%b8-%d1%84%d0%b8%d1%82%d0%b8%d0%bd%d0%b3%d0%b8\/%d0%ba%d0%be%d0%bc%d0%bf%d0%bb%d0%b5%d0%ba%d1%82-%d0%bc%d0%b8%d0%bd%d0%b8-%d1%81%d0%bf%d1%80%d0%b8%d0%bd%d0%ba%d0%bb%d0%b5%d1%80%d0%be%d0%b2-%d1%81-%d1%82%d1%83%d1%80%d0%b1%d0%be%d1%80%d0%b5%d0%b0\/\" \/>\n<meta property=\"og:site_name\" content=\"Avtomatik Suvarma Sisteml\u0259ri,Ya\u011fmurlama,Pivot Sisteml\u0259ri:Onur Plast\" \/>\n<meta property=\"article:publisher\" content=\"https:\/\/www.facebook.com\/Onur-plast-110179870426347\" \/>\n<meta name=\"twitter:card\" content=\"summary_large_image\" \/>\n<script type=\"application\/ld+json\" class=\"yoast-schema-graph\">{\"@context\":\"https:\\\/\\\/schema.org\",\"@graph\":[{\"@type\":\"WebPage\",\"@id\":\"https:\\\/\\\/onurplast.az\\\/ru\\\/produkti\\\/%d1%81%d0%bf%d1%80%d0%b8%d0%bd%d0%ba%d0%bb%d0%b5%d1%80%d0%bd%d1%8b%d0%b5-%d1%81%d0%b8%d1%81%d1%82%d0%b5%d0%bc%d1%8b\\\/%d0%bc%d0%b8%d0%ba%d1%80%d0%be-%d1%81%d0%bf%d1%80%d0%b8%d0%bd%d0%ba%d0%bb%d0%b5%d1%80%d1%8b-%d0%b8-%d1%84%d0%b8%d1%82%d0%b8%d0%bd%d0%b3%d0%b8\\\/%d0%ba%d0%be%d0%bc%d0%bf%d0%bb%d0%b5%d0%ba%d1%82-%d0%bc%d0%b8%d0%bd%d0%b8-%d1%81%d0%bf%d1%80%d0%b8%d0%bd%d0%ba%d0%bb%d0%b5%d1%80%d0%be%d0%b2-%d1%81-%d1%82%d1%83%d1%80%d0%b1%d0%be%d1%80%d0%b5%d0%b0\\\/\",\"url\":\"https:\\\/\\\/onurplast.az\\\/ru\\\/produkti\\\/%d1%81%d0%bf%d1%80%d0%b8%d0%bd%d0%ba%d0%bb%d0%b5%d1%80%d0%bd%d1%8b%d0%b5-%d1%81%d0%b8%d1%81%d1%82%d0%b5%d0%bc%d1%8b\\\/%d0%bc%d0%b8%d0%ba%d1%80%d0%be-%d1%81%d0%bf%d1%80%d0%b8%d0%bd%d0%ba%d0%bb%d0%b5%d1%80%d1%8b-%d0%b8-%d1%84%d0%b8%d1%82%d0%b8%d0%bd%d0%b3%d0%b8\\\/%d0%ba%d0%be%d0%bc%d0%bf%d0%bb%d0%b5%d0%ba%d1%82-%d0%bc%d0%b8%d0%bd%d0%b8-%d1%81%d0%bf%d1%80%d0%b8%d0%bd%d0%ba%d0%bb%d0%b5%d1%80%d0%be%d0%b2-%d1%81-%d1%82%d1%83%d1%80%d0%b1%d0%be%d1%80%d0%b5%d0%b0\\\/\",\"name\":\"\u041a\u043e\u043c\u043f\u043b\u0435\u043a\u0442 \u041c\u0438\u043d\u0438-\u0421\u043f\u0440\u0438\u043d\u043a\u043b\u0435\u0440\u043e\u0432 \u0441 \u0422\u0443\u0440\u0431\u043e\u0440\u0435\u0430\u043a\u0442\u0438\u0432\u043d\u044b\u043c \u0414\u0432\u0438\u0433\u0430\u0442\u0435\u043b\u0435\u043c - Avtomatik Suvarma Sisteml\u0259ri,Ya\u011fmurlama,Pivot Sisteml\u0259ri:Onur Plast\",\"isPartOf\":{\"@id\":\"https:\\\/\\\/onurplast.az\\\/ru\\\/#website\"},\"primaryImageOfPage\":{\"@id\":\"https:\\\/\\\/onurplast.az\\\/ru\\\/produkti\\\/%d1%81%d0%bf%d1%80%d0%b8%d0%bd%d0%ba%d0%bb%d0%b5%d1%80%d0%bd%d1%8b%d0%b5-%d1%81%d0%b8%d1%81%d1%82%d0%b5%d0%bc%d1%8b\\\/%d0%bc%d0%b8%d0%ba%d1%80%d0%be-%d1%81%d0%bf%d1%80%d0%b8%d0%bd%d0%ba%d0%bb%d0%b5%d1%80%d1%8b-%d0%b8-%d1%84%d0%b8%d1%82%d0%b8%d0%bd%d0%b3%d0%b8\\\/%d0%ba%d0%be%d0%bc%d0%bf%d0%bb%d0%b5%d0%ba%d1%82-%d0%bc%d0%b8%d0%bd%d0%b8-%d1%81%d0%bf%d1%80%d0%b8%d0%bd%d0%ba%d0%bb%d0%b5%d1%80%d0%be%d0%b2-%d1%81-%d1%82%d1%83%d1%80%d0%b1%d0%be%d1%80%d0%b5%d0%b0\\\/#primaryimage\"},\"image\":{\"@id\":\"https:\\\/\\\/onurplast.az\\\/ru\\\/produkti\\\/%d1%81%d0%bf%d1%80%d0%b8%d0%bd%d0%ba%d0%bb%d0%b5%d1%80%d0%bd%d1%8b%d0%b5-%d1%81%d0%b8%d1%81%d1%82%d0%b5%d0%bc%d1%8b\\\/%d0%bc%d0%b8%d0%ba%d1%80%d0%be-%d1%81%d0%bf%d1%80%d0%b8%d0%bd%d0%ba%d0%bb%d0%b5%d1%80%d1%8b-%d0%b8-%d1%84%d0%b8%d1%82%d0%b8%d0%bd%d0%b3%d0%b8\\\/%d0%ba%d0%be%d0%bc%d0%bf%d0%bb%d0%b5%d0%ba%d1%82-%d0%bc%d0%b8%d0%bd%d0%b8-%d1%81%d0%bf%d1%80%d0%b8%d0%bd%d0%ba%d0%bb%d0%b5%d1%80%d0%be%d0%b2-%d1%81-%d1%82%d1%83%d1%80%d0%b1%d0%be%d1%80%d0%b5%d0%b0\\\/#primaryimage\"},\"thumbnailUrl\":\"https:\\\/\\\/onurplast.az\\\/wp-content\\\/uploads\\\/Turbo-Jet-Mini-Sprik-Takimi.webp\",\"datePublished\":\"2023-11-17T22:45:31+00:00\",\"breadcrumb\":{\"@id\":\"https:\\\/\\\/onurplast.az\\\/ru\\\/produkti\\\/%d1%81%d0%bf%d1%80%d0%b8%d0%bd%d0%ba%d0%bb%d0%b5%d1%80%d0%bd%d1%8b%d0%b5-%d1%81%d0%b8%d1%81%d1%82%d0%b5%d0%bc%d1%8b\\\/%d0%bc%d0%b8%d0%ba%d1%80%d0%be-%d1%81%d0%bf%d1%80%d0%b8%d0%bd%d0%ba%d0%bb%d0%b5%d1%80%d1%8b-%d0%b8-%d1%84%d0%b8%d1%82%d0%b8%d0%bd%d0%b3%d0%b8\\\/%d0%ba%d0%be%d0%bc%d0%bf%d0%bb%d0%b5%d0%ba%d1%82-%d0%bc%d0%b8%d0%bd%d0%b8-%d1%81%d0%bf%d1%80%d0%b8%d0%bd%d0%ba%d0%bb%d0%b5%d1%80%d0%be%d0%b2-%d1%81-%d1%82%d1%83%d1%80%d0%b1%d0%be%d1%80%d0%b5%d0%b0\\\/#breadcrumb\"},\"inLanguage\":\"ru-RU\",\"potentialAction\":[{\"@type\":\"ReadAction\",\"target\":[\"https:\\\/\\\/onurplast.az\\\/ru\\\/produkti\\\/%d1%81%d0%bf%d1%80%d0%b8%d0%bd%d0%ba%d0%bb%d0%b5%d1%80%d0%bd%d1%8b%d0%b5-%d1%81%d0%b8%d1%81%d1%82%d0%b5%d0%bc%d1%8b\\\/%d0%bc%d0%b8%d0%ba%d1%80%d0%be-%d1%81%d0%bf%d1%80%d0%b8%d0%bd%d0%ba%d0%bb%d0%b5%d1%80%d1%8b-%d0%b8-%d1%84%d0%b8%d1%82%d0%b8%d0%bd%d0%b3%d0%b8\\\/%d0%ba%d0%be%d0%bc%d0%bf%d0%bb%d0%b5%d0%ba%d1%82-%d0%bc%d0%b8%d0%bd%d0%b8-%d1%81%d0%bf%d1%80%d0%b8%d0%bd%d0%ba%d0%bb%d0%b5%d1%80%d0%be%d0%b2-%d1%81-%d1%82%d1%83%d1%80%d0%b1%d0%be%d1%80%d0%b5%d0%b0\\\/\"]}]},{\"@type\":\"ImageObject\",\"inLanguage\":\"ru-RU\",\"@id\":\"https:\\\/\\\/onurplast.az\\\/ru\\\/produkti\\\/%d1%81%d0%bf%d1%80%d0%b8%d0%bd%d0%ba%d0%bb%d0%b5%d1%80%d0%bd%d1%8b%d0%b5-%d1%81%d0%b8%d1%81%d1%82%d0%b5%d0%bc%d1%8b\\\/%d0%bc%d0%b8%d0%ba%d1%80%d0%be-%d1%81%d0%bf%d1%80%d0%b8%d0%bd%d0%ba%d0%bb%d0%b5%d1%80%d1%8b-%d0%b8-%d1%84%d0%b8%d1%82%d0%b8%d0%bd%d0%b3%d0%b8\\\/%d0%ba%d0%be%d0%bc%d0%bf%d0%bb%d0%b5%d0%ba%d1%82-%d0%bc%d0%b8%d0%bd%d0%b8-%d1%81%d0%bf%d1%80%d0%b8%d0%bd%d0%ba%d0%bb%d0%b5%d1%80%d0%be%d0%b2-%d1%81-%d1%82%d1%83%d1%80%d0%b1%d0%be%d1%80%d0%b5%d0%b0\\\/#primaryimage\",\"url\":\"https:\\\/\\\/onurplast.az\\\/wp-content\\\/uploads\\\/Turbo-Jet-Mini-Sprik-Takimi.webp\",\"contentUrl\":\"https:\\\/\\\/onurplast.az\\\/wp-content\\\/uploads\\\/Turbo-Jet-Mini-Sprik-Takimi.webp\",\"width\":600,\"height\":600,\"caption\":\"\u041a\u043e\u043c\u043f\u043b\u0435\u043a\u0442 \u041c\u0438\u043d\u0438-\u0421\u043f\u0440\u0438\u043d\u043a\u043b\u0435\u0440\u043e\u0432 \u0441 \u0422\u0443\u0440\u0431\u043e\u0440\u0435\u0430\u043a\u0442\u0438\u0432\u043d\u044b\u043c \u0414\u0432\u0438\u0433\u0430\u0442\u0435\u043b\u0435\u043c\"},{\"@type\":\"BreadcrumbList\",\"@id\":\"https:\\\/\\\/onurplast.az\\\/ru\\\/produkti\\\/%d1%81%d0%bf%d1%80%d0%b8%d0%bd%d0%ba%d0%bb%d0%b5%d1%80%d0%bd%d1%8b%d0%b5-%d1%81%d0%b8%d1%81%d1%82%d0%b5%d0%bc%d1%8b\\\/%d0%bc%d0%b8%d0%ba%d1%80%d0%be-%d1%81%d0%bf%d1%80%d0%b8%d0%bd%d0%ba%d0%bb%d0%b5%d1%80%d1%8b-%d0%b8-%d1%84%d0%b8%d1%82%d0%b8%d0%bd%d0%b3%d0%b8\\\/%d0%ba%d0%be%d0%bc%d0%bf%d0%bb%d0%b5%d0%ba%d1%82-%d0%bc%d0%b8%d0%bd%d0%b8-%d1%81%d0%bf%d1%80%d0%b8%d0%bd%d0%ba%d0%bb%d0%b5%d1%80%d0%be%d0%b2-%d1%81-%d1%82%d1%83%d1%80%d0%b1%d0%be%d1%80%d0%b5%d0%b0\\\/#breadcrumb\",\"itemListElement\":[{\"@type\":\"ListItem\",\"position\":1,\"name\":\"\u018fsas S\u0259hif\u0259\",\"item\":\"https:\\\/\\\/onurplast.az\\\/ru\\\/\"},{\"@type\":\"ListItem\",\"position\":2,\"name\":\"M\u0259hsullar\",\"item\":\"https:\\\/\\\/onurplast.az\\\/mehsullar\\\/\"},{\"@type\":\"ListItem\",\"position\":3,\"name\":\"\u041a\u043e\u043c\u043f\u043b\u0435\u043a\u0442 \u041c\u0438\u043d\u0438-\u0421\u043f\u0440\u0438\u043d\u043a\u043b\u0435\u0440\u043e\u0432 \u0441 \u0422\u0443\u0440\u0431\u043e\u0440\u0435\u0430\u043a\u0442\u0438\u0432\u043d\u044b\u043c \u0414\u0432\u0438\u0433\u0430\u0442\u0435\u043b\u0435\u043c\"}]},{\"@type\":\"WebSite\",\"@id\":\"https:\\\/\\\/onurplast.az\\\/ru\\\/#website\",\"url\":\"https:\\\/\\\/onurplast.az\\\/ru\\\/\",\"name\":\"Suvarma,Ya\u011fmurlama v\u0259 Pivot Sisteml\u0259ri, Avtomatik Suvarma: Onur Plast\",\"description\":\"Avtomatik Suvarma Sisteml\u0259ri,Ya\u011fmurlama,Pivot Sisteml\u0259ri:Onur Plast\",\"publisher\":{\"@id\":\"https:\\\/\\\/onurplast.az\\\/ru\\\/#organization\"},\"potentialAction\":[{\"@type\":\"SearchAction\",\"target\":{\"@type\":\"EntryPoint\",\"urlTemplate\":\"https:\\\/\\\/onurplast.az\\\/ru\\\/?s={search_term_string}\"},\"query-input\":{\"@type\":\"PropertyValueSpecification\",\"valueRequired\":true,\"valueName\":\"search_term_string\"}}],\"inLanguage\":\"ru-RU\"},{\"@type\":\"Organization\",\"@id\":\"https:\\\/\\\/onurplast.az\\\/ru\\\/#organization\",\"name\":\"Suvarma,Ya\u011fmurlama v\u0259 Pivot Sisteml\u0259ri, Avtomatik Suvarma: Onur Plast\",\"url\":\"https:\\\/\\\/onurplast.az\\\/ru\\\/\",\"logo\":{\"@type\":\"ImageObject\",\"inLanguage\":\"ru-RU\",\"@id\":\"https:\\\/\\\/onurplast.az\\\/ru\\\/#\\\/schema\\\/logo\\\/image\\\/\",\"url\":\"https:\\\/\\\/onurplast.az\\\/wp-content\\\/uploads\\\/Onur-Plast-Suvarma-Sistemleri-Logo2.svg\",\"contentUrl\":\"https:\\\/\\\/onurplast.az\\\/wp-content\\\/uploads\\\/Onur-Plast-Suvarma-Sistemleri-Logo2.svg\",\"width\":569,\"height\":150,\"caption\":\"Suvarma,Ya\u011fmurlama v\u0259 Pivot Sisteml\u0259ri, Avtomatik Suvarma: Onur Plast\"},\"image\":{\"@id\":\"https:\\\/\\\/onurplast.az\\\/ru\\\/#\\\/schema\\\/logo\\\/image\\\/\"},\"sameAs\":[\"https:\\\/\\\/www.facebook.com\\\/Onur-plast-110179870426347\",\"https:\\\/\\\/www.instagram.com\\\/suvarma_onurplast\\\/\",\"https:\\\/\\\/www.youtube.com\\\/channel\\\/UCjWsbKNIsj1tvovG9PD4Btg\"]}]}<\/script>\n<!-- \/ Yoast SEO plugin. -->","yoast_head_json":{"title":"\u041a\u043e\u043c\u043f\u043b\u0435\u043a\u0442 \u041c\u0438\u043d\u0438-\u0421\u043f\u0440\u0438\u043d\u043a\u043b\u0435\u0440\u043e\u0432 \u0441 \u0422\u0443\u0440\u0431\u043e\u0440\u0435\u0430\u043a\u0442\u0438\u0432\u043d\u044b\u043c \u0414\u0432\u0438\u0433\u0430\u0442\u0435\u043b\u0435\u043c - Avtomatik Suvarma Sisteml\u0259ri,Ya\u011fmurlama,Pivot Sisteml\u0259ri:Onur Plast","robots":{"index":"index","follow":"follow","max-snippet":"max-snippet:-1","max-image-preview":"max-image-preview:large","max-video-preview":"max-video-preview:-1"},"canonical":"https:\/\/onurplast.az\/ru\/produkti\/%d1%81%d0%bf%d1%80%d0%b8%d0%bd%d0%ba%d0%bb%d0%b5%d1%80%d0%bd%d1%8b%d0%b5-%d1%81%d0%b8%d1%81%d1%82%d0%b5%d0%bc%d1%8b\/%d0%bc%d0%b8%d0%ba%d1%80%d0%be-%d1%81%d0%bf%d1%80%d0%b8%d0%bd%d0%ba%d0%bb%d0%b5%d1%80%d1%8b-%d0%b8-%d1%84%d0%b8%d1%82%d0%b8%d0%bd%d0%b3%d0%b8\/%d0%ba%d0%be%d0%bc%d0%bf%d0%bb%d0%b5%d0%ba%d1%82-%d0%bc%d0%b8%d0%bd%d0%b8-%d1%81%d0%bf%d1%80%d0%b8%d0%bd%d0%ba%d0%bb%d0%b5%d1%80%d0%be%d0%b2-%d1%81-%d1%82%d1%83%d1%80%d0%b1%d0%be%d1%80%d0%b5%d0%b0\/","og_locale":"ru_RU","og_type":"article","og_title":"\u041a\u043e\u043c\u043f\u043b\u0435\u043a\u0442 \u041c\u0438\u043d\u0438-\u0421\u043f\u0440\u0438\u043d\u043a\u043b\u0435\u0440\u043e\u0432 \u0441 \u0422\u0443\u0440\u0431\u043e\u0440\u0435\u0430\u043a\u0442\u0438\u0432\u043d\u044b\u043c \u0414\u0432\u0438\u0433\u0430\u0442\u0435\u043b\u0435\u043c - Avtomatik Suvarma Sisteml\u0259ri,Ya\u011fmurlama,Pivot Sisteml\u0259ri:Onur Plast","og_description":"Kod Code R\u0259ng Color S\u0259rfyyat Flow Sulama \u00c7ap\u0131 Irrigation Diameter Paketl\u0259m\u0259 Packaging AZ-201\/70 Black-Siyah 70Lt\/h-Lt\/sa 8 Mt. 100 AZ-201\/90 Green-Ye\u015fil 90Lt\/h-Lt\/sa 8.5 Mt. 100 AZ-201\/105 Light Blue-A\u00e7\u0131k Mavi 105Lt\/h-Lt\/sa 9 Mt. 100 AZ-201\/120 Red-K\u0131rm\u0131z\u0131 120Lt\/h-Lt\/sa 9.5 Mt. 100 AZ-201\/140 Pink-Pembe 140Lt\/h-Lt\/sa 10 Mt. 100 AZ-201\/160 Brown-kahverengi 160Lt\/h-Lt\/sa 10.5 Mt. 100 AZ-201\/200 Yellow-sar\u0131 200Lt\/h-Lt\/sa 11 Mt. [&hellip;]","og_url":"https:\/\/onurplast.az\/ru\/produkti\/%d1%81%d0%bf%d1%80%d0%b8%d0%bd%d0%ba%d0%bb%d0%b5%d1%80%d0%bd%d1%8b%d0%b5-%d1%81%d0%b8%d1%81%d1%82%d0%b5%d0%bc%d1%8b\/%d0%bc%d0%b8%d0%ba%d1%80%d0%be-%d1%81%d0%bf%d1%80%d0%b8%d0%bd%d0%ba%d0%bb%d0%b5%d1%80%d1%8b-%d0%b8-%d1%84%d0%b8%d1%82%d0%b8%d0%bd%d0%b3%d0%b8\/%d0%ba%d0%be%d0%bc%d0%bf%d0%bb%d0%b5%d0%ba%d1%82-%d0%bc%d0%b8%d0%bd%d0%b8-%d1%81%d0%bf%d1%80%d0%b8%d0%bd%d0%ba%d0%bb%d0%b5%d1%80%d0%be%d0%b2-%d1%81-%d1%82%d1%83%d1%80%d0%b1%d0%be%d1%80%d0%b5%d0%b0\/","og_site_name":"Avtomatik Suvarma Sisteml\u0259ri,Ya\u011fmurlama,Pivot Sisteml\u0259ri:Onur Plast","article_publisher":"https:\/\/www.facebook.com\/Onur-plast-110179870426347","twitter_card":"summary_large_image","schema":{"@context":"https:\/\/schema.org","@graph":[{"@type":"WebPage","@id":"https:\/\/onurplast.az\/ru\/produkti\/%d1%81%d0%bf%d1%80%d0%b8%d0%bd%d0%ba%d0%bb%d0%b5%d1%80%d0%bd%d1%8b%d0%b5-%d1%81%d0%b8%d1%81%d1%82%d0%b5%d0%bc%d1%8b\/%d0%bc%d0%b8%d0%ba%d1%80%d0%be-%d1%81%d0%bf%d1%80%d0%b8%d0%bd%d0%ba%d0%bb%d0%b5%d1%80%d1%8b-%d0%b8-%d1%84%d0%b8%d1%82%d0%b8%d0%bd%d0%b3%d0%b8\/%d0%ba%d0%be%d0%bc%d0%bf%d0%bb%d0%b5%d0%ba%d1%82-%d0%bc%d0%b8%d0%bd%d0%b8-%d1%81%d0%bf%d1%80%d0%b8%d0%bd%d0%ba%d0%bb%d0%b5%d1%80%d0%be%d0%b2-%d1%81-%d1%82%d1%83%d1%80%d0%b1%d0%be%d1%80%d0%b5%d0%b0\/","url":"https:\/\/onurplast.az\/ru\/produkti\/%d1%81%d0%bf%d1%80%d0%b8%d0%bd%d0%ba%d0%bb%d0%b5%d1%80%d0%bd%d1%8b%d0%b5-%d1%81%d0%b8%d1%81%d1%82%d0%b5%d0%bc%d1%8b\/%d0%bc%d0%b8%d0%ba%d1%80%d0%be-%d1%81%d0%bf%d1%80%d0%b8%d0%bd%d0%ba%d0%bb%d0%b5%d1%80%d1%8b-%d0%b8-%d1%84%d0%b8%d1%82%d0%b8%d0%bd%d0%b3%d0%b8\/%d0%ba%d0%be%d0%bc%d0%bf%d0%bb%d0%b5%d0%ba%d1%82-%d0%bc%d0%b8%d0%bd%d0%b8-%d1%81%d0%bf%d1%80%d0%b8%d0%bd%d0%ba%d0%bb%d0%b5%d1%80%d0%be%d0%b2-%d1%81-%d1%82%d1%83%d1%80%d0%b1%d0%be%d1%80%d0%b5%d0%b0\/","name":"\u041a\u043e\u043c\u043f\u043b\u0435\u043a\u0442 \u041c\u0438\u043d\u0438-\u0421\u043f\u0440\u0438\u043d\u043a\u043b\u0435\u0440\u043e\u0432 \u0441 \u0422\u0443\u0440\u0431\u043e\u0440\u0435\u0430\u043a\u0442\u0438\u0432\u043d\u044b\u043c \u0414\u0432\u0438\u0433\u0430\u0442\u0435\u043b\u0435\u043c - Avtomatik Suvarma Sisteml\u0259ri,Ya\u011fmurlama,Pivot Sisteml\u0259ri:Onur Plast","isPartOf":{"@id":"https:\/\/onurplast.az\/ru\/#website"},"primaryImageOfPage":{"@id":"https:\/\/onurplast.az\/ru\/produkti\/%d1%81%d0%bf%d1%80%d0%b8%d0%bd%d0%ba%d0%bb%d0%b5%d1%80%d0%bd%d1%8b%d0%b5-%d1%81%d0%b8%d1%81%d1%82%d0%b5%d0%bc%d1%8b\/%d0%bc%d0%b8%d0%ba%d1%80%d0%be-%d1%81%d0%bf%d1%80%d0%b8%d0%bd%d0%ba%d0%bb%d0%b5%d1%80%d1%8b-%d0%b8-%d1%84%d0%b8%d1%82%d0%b8%d0%bd%d0%b3%d0%b8\/%d0%ba%d0%be%d0%bc%d0%bf%d0%bb%d0%b5%d0%ba%d1%82-%d0%bc%d0%b8%d0%bd%d0%b8-%d1%81%d0%bf%d1%80%d0%b8%d0%bd%d0%ba%d0%bb%d0%b5%d1%80%d0%be%d0%b2-%d1%81-%d1%82%d1%83%d1%80%d0%b1%d0%be%d1%80%d0%b5%d0%b0\/#primaryimage"},"image":{"@id":"https:\/\/onurplast.az\/ru\/produkti\/%d1%81%d0%bf%d1%80%d0%b8%d0%bd%d0%ba%d0%bb%d0%b5%d1%80%d0%bd%d1%8b%d0%b5-%d1%81%d0%b8%d1%81%d1%82%d0%b5%d0%bc%d1%8b\/%d0%bc%d0%b8%d0%ba%d1%80%d0%be-%d1%81%d0%bf%d1%80%d0%b8%d0%bd%d0%ba%d0%bb%d0%b5%d1%80%d1%8b-%d0%b8-%d1%84%d0%b8%d1%82%d0%b8%d0%bd%d0%b3%d0%b8\/%d0%ba%d0%be%d0%bc%d0%bf%d0%bb%d0%b5%d0%ba%d1%82-%d0%bc%d0%b8%d0%bd%d0%b8-%d1%81%d0%bf%d1%80%d0%b8%d0%bd%d0%ba%d0%bb%d0%b5%d1%80%d0%be%d0%b2-%d1%81-%d1%82%d1%83%d1%80%d0%b1%d0%be%d1%80%d0%b5%d0%b0\/#primaryimage"},"thumbnailUrl":"https:\/\/onurplast.az\/wp-content\/uploads\/Turbo-Jet-Mini-Sprik-Takimi.webp","datePublished":"2023-11-17T22:45:31+00:00","breadcrumb":{"@id":"https:\/\/onurplast.az\/ru\/produkti\/%d1%81%d0%bf%d1%80%d0%b8%d0%bd%d0%ba%d0%bb%d0%b5%d1%80%d0%bd%d1%8b%d0%b5-%d1%81%d0%b8%d1%81%d1%82%d0%b5%d0%bc%d1%8b\/%d0%bc%d0%b8%d0%ba%d1%80%d0%be-%d1%81%d0%bf%d1%80%d0%b8%d0%bd%d0%ba%d0%bb%d0%b5%d1%80%d1%8b-%d0%b8-%d1%84%d0%b8%d1%82%d0%b8%d0%bd%d0%b3%d0%b8\/%d0%ba%d0%be%d0%bc%d0%bf%d0%bb%d0%b5%d0%ba%d1%82-%d0%bc%d0%b8%d0%bd%d0%b8-%d1%81%d0%bf%d1%80%d0%b8%d0%bd%d0%ba%d0%bb%d0%b5%d1%80%d0%be%d0%b2-%d1%81-%d1%82%d1%83%d1%80%d0%b1%d0%be%d1%80%d0%b5%d0%b0\/#breadcrumb"},"inLanguage":"ru-RU","potentialAction":[{"@type":"ReadAction","target":["https:\/\/onurplast.az\/ru\/produkti\/%d1%81%d0%bf%d1%80%d0%b8%d0%bd%d0%ba%d0%bb%d0%b5%d1%80%d0%bd%d1%8b%d0%b5-%d1%81%d0%b8%d1%81%d1%82%d0%b5%d0%bc%d1%8b\/%d0%bc%d0%b8%d0%ba%d1%80%d0%be-%d1%81%d0%bf%d1%80%d0%b8%d0%bd%d0%ba%d0%bb%d0%b5%d1%80%d1%8b-%d0%b8-%d1%84%d0%b8%d1%82%d0%b8%d0%bd%d0%b3%d0%b8\/%d0%ba%d0%be%d0%bc%d0%bf%d0%bb%d0%b5%d0%ba%d1%82-%d0%bc%d0%b8%d0%bd%d0%b8-%d1%81%d0%bf%d1%80%d0%b8%d0%bd%d0%ba%d0%bb%d0%b5%d1%80%d0%be%d0%b2-%d1%81-%d1%82%d1%83%d1%80%d0%b1%d0%be%d1%80%d0%b5%d0%b0\/"]}]},{"@type":"ImageObject","inLanguage":"ru-RU","@id":"https:\/\/onurplast.az\/ru\/produkti\/%d1%81%d0%bf%d1%80%d0%b8%d0%bd%d0%ba%d0%bb%d0%b5%d1%80%d0%bd%d1%8b%d0%b5-%d1%81%d0%b8%d1%81%d1%82%d0%b5%d0%bc%d1%8b\/%d0%bc%d0%b8%d0%ba%d1%80%d0%be-%d1%81%d0%bf%d1%80%d0%b8%d0%bd%d0%ba%d0%bb%d0%b5%d1%80%d1%8b-%d0%b8-%d1%84%d0%b8%d1%82%d0%b8%d0%bd%d0%b3%d0%b8\/%d0%ba%d0%be%d0%bc%d0%bf%d0%bb%d0%b5%d0%ba%d1%82-%d0%bc%d0%b8%d0%bd%d0%b8-%d1%81%d0%bf%d1%80%d0%b8%d0%bd%d0%ba%d0%bb%d0%b5%d1%80%d0%be%d0%b2-%d1%81-%d1%82%d1%83%d1%80%d0%b1%d0%be%d1%80%d0%b5%d0%b0\/#primaryimage","url":"https:\/\/onurplast.az\/wp-content\/uploads\/Turbo-Jet-Mini-Sprik-Takimi.webp","contentUrl":"https:\/\/onurplast.az\/wp-content\/uploads\/Turbo-Jet-Mini-Sprik-Takimi.webp","width":600,"height":600,"caption":"\u041a\u043e\u043c\u043f\u043b\u0435\u043a\u0442 \u041c\u0438\u043d\u0438-\u0421\u043f\u0440\u0438\u043d\u043a\u043b\u0435\u0440\u043e\u0432 \u0441 \u0422\u0443\u0440\u0431\u043e\u0440\u0435\u0430\u043a\u0442\u0438\u0432\u043d\u044b\u043c \u0414\u0432\u0438\u0433\u0430\u0442\u0435\u043b\u0435\u043c"},{"@type":"BreadcrumbList","@id":"https:\/\/onurplast.az\/ru\/produkti\/%d1%81%d0%bf%d1%80%d0%b8%d0%bd%d0%ba%d0%bb%d0%b5%d1%80%d0%bd%d1%8b%d0%b5-%d1%81%d0%b8%d1%81%d1%82%d0%b5%d0%bc%d1%8b\/%d0%bc%d0%b8%d0%ba%d1%80%d0%be-%d1%81%d0%bf%d1%80%d0%b8%d0%bd%d0%ba%d0%bb%d0%b5%d1%80%d1%8b-%d0%b8-%d1%84%d0%b8%d1%82%d0%b8%d0%bd%d0%b3%d0%b8\/%d0%ba%d0%be%d0%bc%d0%bf%d0%bb%d0%b5%d0%ba%d1%82-%d0%bc%d0%b8%d0%bd%d0%b8-%d1%81%d0%bf%d1%80%d0%b8%d0%bd%d0%ba%d0%bb%d0%b5%d1%80%d0%be%d0%b2-%d1%81-%d1%82%d1%83%d1%80%d0%b1%d0%be%d1%80%d0%b5%d0%b0\/#breadcrumb","itemListElement":[{"@type":"ListItem","position":1,"name":"\u018fsas S\u0259hif\u0259","item":"https:\/\/onurplast.az\/ru\/"},{"@type":"ListItem","position":2,"name":"M\u0259hsullar","item":"https:\/\/onurplast.az\/mehsullar\/"},{"@type":"ListItem","position":3,"name":"\u041a\u043e\u043c\u043f\u043b\u0435\u043a\u0442 \u041c\u0438\u043d\u0438-\u0421\u043f\u0440\u0438\u043d\u043a\u043b\u0435\u0440\u043e\u0432 \u0441 \u0422\u0443\u0440\u0431\u043e\u0440\u0435\u0430\u043a\u0442\u0438\u0432\u043d\u044b\u043c \u0414\u0432\u0438\u0433\u0430\u0442\u0435\u043b\u0435\u043c"}]},{"@type":"WebSite","@id":"https:\/\/onurplast.az\/ru\/#website","url":"https:\/\/onurplast.az\/ru\/","name":"Suvarma,Ya\u011fmurlama v\u0259 Pivot Sisteml\u0259ri, Avtomatik Suvarma: Onur Plast","description":"Avtomatik Suvarma Sisteml\u0259ri,Ya\u011fmurlama,Pivot Sisteml\u0259ri:Onur Plast","publisher":{"@id":"https:\/\/onurplast.az\/ru\/#organization"},"potentialAction":[{"@type":"SearchAction","target":{"@type":"EntryPoint","urlTemplate":"https:\/\/onurplast.az\/ru\/?s={search_term_string}"},"query-input":{"@type":"PropertyValueSpecification","valueRequired":true,"valueName":"search_term_string"}}],"inLanguage":"ru-RU"},{"@type":"Organization","@id":"https:\/\/onurplast.az\/ru\/#organization","name":"Suvarma,Ya\u011fmurlama v\u0259 Pivot Sisteml\u0259ri, Avtomatik Suvarma: Onur Plast","url":"https:\/\/onurplast.az\/ru\/","logo":{"@type":"ImageObject","inLanguage":"ru-RU","@id":"https:\/\/onurplast.az\/ru\/#\/schema\/logo\/image\/","url":"https:\/\/onurplast.az\/wp-content\/uploads\/Onur-Plast-Suvarma-Sistemleri-Logo2.svg","contentUrl":"https:\/\/onurplast.az\/wp-content\/uploads\/Onur-Plast-Suvarma-Sistemleri-Logo2.svg","width":569,"height":150,"caption":"Suvarma,Ya\u011fmurlama v\u0259 Pivot Sisteml\u0259ri, Avtomatik Suvarma: Onur Plast"},"image":{"@id":"https:\/\/onurplast.az\/ru\/#\/schema\/logo\/image\/"},"sameAs":["https:\/\/www.facebook.com\/Onur-plast-110179870426347","https:\/\/www.instagram.com\/suvarma_onurplast\/","https:\/\/www.youtube.com\/channel\/UCjWsbKNIsj1tvovG9PD4Btg"]}]}},"_links":{"self":[{"href":"https:\/\/onurplast.az\/ru\/wp-json\/wp\/v2\/product\/3584","targetHints":{"allow":["GET"]}}],"collection":[{"href":"https:\/\/onurplast.az\/ru\/wp-json\/wp\/v2\/product"}],"about":[{"href":"https:\/\/onurplast.az\/ru\/wp-json\/wp\/v2\/types\/product"}],"wp:featuredmedia":[{"embeddable":true,"href":"https:\/\/onurplast.az\/ru\/wp-json\/wp\/v2\/media\/865"}],"wp:attachment":[{"href":"https:\/\/onurplast.az\/ru\/wp-json\/wp\/v2\/media?parent=3584"}],"wp:term":[{"taxonomy":"product_brand","embeddable":true,"href":"https:\/\/onurplast.az\/ru\/wp-json\/wp\/v2\/product_brand?post=3584"},{"taxonomy":"product_cat","embeddable":true,"href":"https:\/\/onurplast.az\/ru\/wp-json\/wp\/v2\/product_cat?post=3584"},{"taxonomy":"product_tag","embeddable":true,"href":"https:\/\/onurplast.az\/ru\/wp-json\/wp\/v2\/product_tag?post=3584"}],"curies":[{"name":"wp","href":"https:\/\/api.w.org\/{rel}","templated":true}]}}