{"id":3587,"date":"2023-11-17T22:52:47","date_gmt":"2023-11-17T22:52:47","guid":{"rendered":"https:\/\/onurplast.az\/mehsullar\/uncategorized\/%d0%bc%d0%b8%d0%bd%d0%b8-%d1%81%d0%bf%d1%80%d0%b8%d0%bd%d0%ba-2\/"},"modified":"2023-11-17T22:52:47","modified_gmt":"2023-11-17T22:52:47","slug":"%d0%bc%d0%b8%d0%bd%d0%b8-%d1%81%d0%bf%d1%80%d0%b8%d0%bd%d0%ba-2","status":"publish","type":"product","link":"https:\/\/onurplast.az\/ru\/produkti\/%d1%81%d0%bf%d1%80%d0%b8%d0%bd%d0%ba%d0%bb%d0%b5%d1%80%d0%bd%d1%8b%d0%b5-%d1%81%d0%b8%d1%81%d1%82%d0%b5%d0%bc%d1%8b\/%d0%bc%d0%b8%d0%ba%d1%80%d0%be-%d1%81%d0%bf%d1%80%d0%b8%d0%bd%d0%ba%d0%bb%d0%b5%d1%80%d1%8b-%d0%b8-%d1%84%d0%b8%d1%82%d0%b8%d0%bd%d0%b3%d0%b8\/%d0%bc%d0%b8%d0%bd%d0%b8-%d1%81%d0%bf%d1%80%d0%b8%d0%bd%d0%ba-2\/","title":{"rendered":"\u041c\u0438\u043d\u0438-\u0421\u043f\u0440\u0438\u043d\u043a"},"content":{"rendered":"<table>\n<tbody>\n<tr>\n<td><strong>Kod<\/strong><br \/>\n<strong>Code<\/strong><\/td>\n<td><strong>\u041c\u0438\u043d\u0438 \u0421\u043f\u0440\u0438\u043d\u043a<\/strong><br \/>\n<strong>Rotating Sprayer<\/strong><\/td>\n<td><strong>Paketl\u0259m\u0259-Kutu<\/strong><br \/>\n<strong>Packaging-Box<\/strong><\/td>\n<\/tr>\n<tr>\n<td>AZ-402-80<\/td>\n<td>Ye\u015fil-Green : 80 lt.<\/td>\n<td>100<\/td>\n<\/tr>\n<tr>\n<td>AZ-402-120<\/td>\n<td>K\u0131rm\u0131z\u0131-Red : 120 lt.<\/td>\n<td>100<\/td>\n<\/tr>\n<tr>\n<td>AZ-402-160<\/td>\n<td>Sar\u0131-Yellow : 160 lt.<\/td>\n<td>100<\/td>\n<\/tr>\n<\/tbody>\n<\/table>\n","protected":false},"excerpt":{"rendered":"<p>Kod Code \u041c\u0438\u043d\u0438 \u0421\u043f\u0440\u0438\u043d\u043a Rotating Sprayer Paketl\u0259m\u0259-Kutu Packaging-Box AZ-402-80 Ye\u015fil-Green : 80 lt. 100 AZ-402-120 K\u0131rm\u0131z\u0131-Red : 120 lt. 100 AZ-402-160 Sar\u0131-Yellow : 160 lt. 100<\/p>\n","protected":false},"featured_media":880,"template":"","meta":{"_acf_changed":false,"inline_featured_image":false},"product_brand":[],"product_cat":[357],"product_tag":[612],"class_list":{"0":"post-3587","1":"product","2":"type-product","3":"status-publish","4":"has-post-thumbnail","6":"product_cat-357","7":"product_tag-612","9":"first","10":"instock","11":"shipping-taxable","12":"purchasable","13":"product-type-simple"},"acf":[],"yoast_head":"<!-- This site is optimized with the Yoast SEO plugin v27.4 - https:\/\/yoast.com\/product\/yoast-seo-wordpress\/ -->\n<title>\u041c\u0438\u043d\u0438-\u0421\u043f\u0440\u0438\u043d\u043a - Avtomatik Suvarma Sisteml\u0259ri,Ya\u011fmurlama,Pivot Sisteml\u0259ri:Onur Plast<\/title>\n<meta name=\"robots\" content=\"index, follow, max-snippet:-1, max-image-preview:large, max-video-preview:-1\" \/>\n<link rel=\"canonical\" href=\"https:\/\/onurplast.az\/ru\/produkti\/%d1%81%d0%bf%d1%80%d0%b8%d0%bd%d0%ba%d0%bb%d0%b5%d1%80%d0%bd%d1%8b%d0%b5-%d1%81%d0%b8%d1%81%d1%82%d0%b5%d0%bc%d1%8b\/%d0%bc%d0%b8%d0%ba%d1%80%d0%be-%d1%81%d0%bf%d1%80%d0%b8%d0%bd%d0%ba%d0%bb%d0%b5%d1%80%d1%8b-%d0%b8-%d1%84%d0%b8%d1%82%d0%b8%d0%bd%d0%b3%d0%b8\/%d0%bc%d0%b8%d0%bd%d0%b8-%d1%81%d0%bf%d1%80%d0%b8%d0%bd%d0%ba-2\/\" \/>\n<meta property=\"og:locale\" content=\"ru_RU\" \/>\n<meta property=\"og:type\" content=\"article\" \/>\n<meta property=\"og:title\" content=\"\u041c\u0438\u043d\u0438-\u0421\u043f\u0440\u0438\u043d\u043a - Avtomatik Suvarma Sisteml\u0259ri,Ya\u011fmurlama,Pivot Sisteml\u0259ri:Onur Plast\" \/>\n<meta property=\"og:description\" content=\"Kod Code \u041c\u0438\u043d\u0438 \u0421\u043f\u0440\u0438\u043d\u043a Rotating Sprayer Paketl\u0259m\u0259-Kutu Packaging-Box AZ-402-80 Ye\u015fil-Green : 80 lt. 100 AZ-402-120 K\u0131rm\u0131z\u0131-Red : 120 lt. 100 AZ-402-160 Sar\u0131-Yellow : 160 lt. 100\" \/>\n<meta property=\"og:url\" content=\"https:\/\/onurplast.az\/ru\/produkti\/%d1%81%d0%bf%d1%80%d0%b8%d0%bd%d0%ba%d0%bb%d0%b5%d1%80%d0%bd%d1%8b%d0%b5-%d1%81%d0%b8%d1%81%d1%82%d0%b5%d0%bc%d1%8b\/%d0%bc%d0%b8%d0%ba%d1%80%d0%be-%d1%81%d0%bf%d1%80%d0%b8%d0%bd%d0%ba%d0%bb%d0%b5%d1%80%d1%8b-%d0%b8-%d1%84%d0%b8%d1%82%d0%b8%d0%bd%d0%b3%d0%b8\/%d0%bc%d0%b8%d0%bd%d0%b8-%d1%81%d0%bf%d1%80%d0%b8%d0%bd%d0%ba-2\/\" \/>\n<meta property=\"og:site_name\" content=\"Avtomatik Suvarma Sisteml\u0259ri,Ya\u011fmurlama,Pivot Sisteml\u0259ri:Onur Plast\" \/>\n<meta property=\"article:publisher\" content=\"https:\/\/www.facebook.com\/Onur-plast-110179870426347\" \/>\n<meta name=\"twitter:card\" content=\"summary_large_image\" \/>\n<script type=\"application\/ld+json\" class=\"yoast-schema-graph\">{\"@context\":\"https:\\\/\\\/schema.org\",\"@graph\":[{\"@type\":\"WebPage\",\"@id\":\"https:\\\/\\\/onurplast.az\\\/ru\\\/produkti\\\/%d1%81%d0%bf%d1%80%d0%b8%d0%bd%d0%ba%d0%bb%d0%b5%d1%80%d0%bd%d1%8b%d0%b5-%d1%81%d0%b8%d1%81%d1%82%d0%b5%d0%bc%d1%8b\\\/%d0%bc%d0%b8%d0%ba%d1%80%d0%be-%d1%81%d0%bf%d1%80%d0%b8%d0%bd%d0%ba%d0%bb%d0%b5%d1%80%d1%8b-%d0%b8-%d1%84%d0%b8%d1%82%d0%b8%d0%bd%d0%b3%d0%b8\\\/%d0%bc%d0%b8%d0%bd%d0%b8-%d1%81%d0%bf%d1%80%d0%b8%d0%bd%d0%ba-2\\\/\",\"url\":\"https:\\\/\\\/onurplast.az\\\/ru\\\/produkti\\\/%d1%81%d0%bf%d1%80%d0%b8%d0%bd%d0%ba%d0%bb%d0%b5%d1%80%d0%bd%d1%8b%d0%b5-%d1%81%d0%b8%d1%81%d1%82%d0%b5%d0%bc%d1%8b\\\/%d0%bc%d0%b8%d0%ba%d1%80%d0%be-%d1%81%d0%bf%d1%80%d0%b8%d0%bd%d0%ba%d0%bb%d0%b5%d1%80%d1%8b-%d0%b8-%d1%84%d0%b8%d1%82%d0%b8%d0%bd%d0%b3%d0%b8\\\/%d0%bc%d0%b8%d0%bd%d0%b8-%d1%81%d0%bf%d1%80%d0%b8%d0%bd%d0%ba-2\\\/\",\"name\":\"\u041c\u0438\u043d\u0438-\u0421\u043f\u0440\u0438\u043d\u043a - Avtomatik Suvarma Sisteml\u0259ri,Ya\u011fmurlama,Pivot Sisteml\u0259ri:Onur Plast\",\"isPartOf\":{\"@id\":\"https:\\\/\\\/onurplast.az\\\/ru\\\/#website\"},\"primaryImageOfPage\":{\"@id\":\"https:\\\/\\\/onurplast.az\\\/ru\\\/produkti\\\/%d1%81%d0%bf%d1%80%d0%b8%d0%bd%d0%ba%d0%bb%d0%b5%d1%80%d0%bd%d1%8b%d0%b5-%d1%81%d0%b8%d1%81%d1%82%d0%b5%d0%bc%d1%8b\\\/%d0%bc%d0%b8%d0%ba%d1%80%d0%be-%d1%81%d0%bf%d1%80%d0%b8%d0%bd%d0%ba%d0%bb%d0%b5%d1%80%d1%8b-%d0%b8-%d1%84%d0%b8%d1%82%d0%b8%d0%bd%d0%b3%d0%b8\\\/%d0%bc%d0%b8%d0%bd%d0%b8-%d1%81%d0%bf%d1%80%d0%b8%d0%bd%d0%ba-2\\\/#primaryimage\"},\"image\":{\"@id\":\"https:\\\/\\\/onurplast.az\\\/ru\\\/produkti\\\/%d1%81%d0%bf%d1%80%d0%b8%d0%bd%d0%ba%d0%bb%d0%b5%d1%80%d0%bd%d1%8b%d0%b5-%d1%81%d0%b8%d1%81%d1%82%d0%b5%d0%bc%d1%8b\\\/%d0%bc%d0%b8%d0%ba%d1%80%d0%be-%d1%81%d0%bf%d1%80%d0%b8%d0%bd%d0%ba%d0%bb%d0%b5%d1%80%d1%8b-%d0%b8-%d1%84%d0%b8%d1%82%d0%b8%d0%bd%d0%b3%d0%b8\\\/%d0%bc%d0%b8%d0%bd%d0%b8-%d1%81%d0%bf%d1%80%d0%b8%d0%bd%d0%ba-2\\\/#primaryimage\"},\"thumbnailUrl\":\"https:\\\/\\\/onurplast.az\\\/wp-content\\\/uploads\\\/Mini-Sprink-1.webp\",\"datePublished\":\"2023-11-17T22:52:47+00:00\",\"breadcrumb\":{\"@id\":\"https:\\\/\\\/onurplast.az\\\/ru\\\/produkti\\\/%d1%81%d0%bf%d1%80%d0%b8%d0%bd%d0%ba%d0%bb%d0%b5%d1%80%d0%bd%d1%8b%d0%b5-%d1%81%d0%b8%d1%81%d1%82%d0%b5%d0%bc%d1%8b\\\/%d0%bc%d0%b8%d0%ba%d1%80%d0%be-%d1%81%d0%bf%d1%80%d0%b8%d0%bd%d0%ba%d0%bb%d0%b5%d1%80%d1%8b-%d0%b8-%d1%84%d0%b8%d1%82%d0%b8%d0%bd%d0%b3%d0%b8\\\/%d0%bc%d0%b8%d0%bd%d0%b8-%d1%81%d0%bf%d1%80%d0%b8%d0%bd%d0%ba-2\\\/#breadcrumb\"},\"inLanguage\":\"ru-RU\",\"potentialAction\":[{\"@type\":\"ReadAction\",\"target\":[\"https:\\\/\\\/onurplast.az\\\/ru\\\/produkti\\\/%d1%81%d0%bf%d1%80%d0%b8%d0%bd%d0%ba%d0%bb%d0%b5%d1%80%d0%bd%d1%8b%d0%b5-%d1%81%d0%b8%d1%81%d1%82%d0%b5%d0%bc%d1%8b\\\/%d0%bc%d0%b8%d0%ba%d1%80%d0%be-%d1%81%d0%bf%d1%80%d0%b8%d0%bd%d0%ba%d0%bb%d0%b5%d1%80%d1%8b-%d0%b8-%d1%84%d0%b8%d1%82%d0%b8%d0%bd%d0%b3%d0%b8\\\/%d0%bc%d0%b8%d0%bd%d0%b8-%d1%81%d0%bf%d1%80%d0%b8%d0%bd%d0%ba-2\\\/\"]}]},{\"@type\":\"ImageObject\",\"inLanguage\":\"ru-RU\",\"@id\":\"https:\\\/\\\/onurplast.az\\\/ru\\\/produkti\\\/%d1%81%d0%bf%d1%80%d0%b8%d0%bd%d0%ba%d0%bb%d0%b5%d1%80%d0%bd%d1%8b%d0%b5-%d1%81%d0%b8%d1%81%d1%82%d0%b5%d0%bc%d1%8b\\\/%d0%bc%d0%b8%d0%ba%d1%80%d0%be-%d1%81%d0%bf%d1%80%d0%b8%d0%bd%d0%ba%d0%bb%d0%b5%d1%80%d1%8b-%d0%b8-%d1%84%d0%b8%d1%82%d0%b8%d0%bd%d0%b3%d0%b8\\\/%d0%bc%d0%b8%d0%bd%d0%b8-%d1%81%d0%bf%d1%80%d0%b8%d0%bd%d0%ba-2\\\/#primaryimage\",\"url\":\"https:\\\/\\\/onurplast.az\\\/wp-content\\\/uploads\\\/Mini-Sprink-1.webp\",\"contentUrl\":\"https:\\\/\\\/onurplast.az\\\/wp-content\\\/uploads\\\/Mini-Sprink-1.webp\",\"width\":600,\"height\":600,\"caption\":\"\u041c\u0438\u043d\u0438 \u0421\u043f\u0440\u0438\u043d\u043a\"},{\"@type\":\"BreadcrumbList\",\"@id\":\"https:\\\/\\\/onurplast.az\\\/ru\\\/produkti\\\/%d1%81%d0%bf%d1%80%d0%b8%d0%bd%d0%ba%d0%bb%d0%b5%d1%80%d0%bd%d1%8b%d0%b5-%d1%81%d0%b8%d1%81%d1%82%d0%b5%d0%bc%d1%8b\\\/%d0%bc%d0%b8%d0%ba%d1%80%d0%be-%d1%81%d0%bf%d1%80%d0%b8%d0%bd%d0%ba%d0%bb%d0%b5%d1%80%d1%8b-%d0%b8-%d1%84%d0%b8%d1%82%d0%b8%d0%bd%d0%b3%d0%b8\\\/%d0%bc%d0%b8%d0%bd%d0%b8-%d1%81%d0%bf%d1%80%d0%b8%d0%bd%d0%ba-2\\\/#breadcrumb\",\"itemListElement\":[{\"@type\":\"ListItem\",\"position\":1,\"name\":\"\u018fsas S\u0259hif\u0259\",\"item\":\"https:\\\/\\\/onurplast.az\\\/ru\\\/\"},{\"@type\":\"ListItem\",\"position\":2,\"name\":\"M\u0259hsullar\",\"item\":\"https:\\\/\\\/onurplast.az\\\/mehsullar\\\/\"},{\"@type\":\"ListItem\",\"position\":3,\"name\":\"\u041c\u0438\u043d\u0438-\u0421\u043f\u0440\u0438\u043d\u043a\"}]},{\"@type\":\"WebSite\",\"@id\":\"https:\\\/\\\/onurplast.az\\\/ru\\\/#website\",\"url\":\"https:\\\/\\\/onurplast.az\\\/ru\\\/\",\"name\":\"Suvarma,Ya\u011fmurlama v\u0259 Pivot Sisteml\u0259ri, Avtomatik Suvarma: Onur Plast\",\"description\":\"Avtomatik Suvarma Sisteml\u0259ri,Ya\u011fmurlama,Pivot Sisteml\u0259ri:Onur Plast\",\"publisher\":{\"@id\":\"https:\\\/\\\/onurplast.az\\\/ru\\\/#organization\"},\"potentialAction\":[{\"@type\":\"SearchAction\",\"target\":{\"@type\":\"EntryPoint\",\"urlTemplate\":\"https:\\\/\\\/onurplast.az\\\/ru\\\/?s={search_term_string}\"},\"query-input\":{\"@type\":\"PropertyValueSpecification\",\"valueRequired\":true,\"valueName\":\"search_term_string\"}}],\"inLanguage\":\"ru-RU\"},{\"@type\":\"Organization\",\"@id\":\"https:\\\/\\\/onurplast.az\\\/ru\\\/#organization\",\"name\":\"Suvarma,Ya\u011fmurlama v\u0259 Pivot Sisteml\u0259ri, Avtomatik Suvarma: Onur Plast\",\"url\":\"https:\\\/\\\/onurplast.az\\\/ru\\\/\",\"logo\":{\"@type\":\"ImageObject\",\"inLanguage\":\"ru-RU\",\"@id\":\"https:\\\/\\\/onurplast.az\\\/ru\\\/#\\\/schema\\\/logo\\\/image\\\/\",\"url\":\"https:\\\/\\\/onurplast.az\\\/wp-content\\\/uploads\\\/Onur-Plast-Suvarma-Sistemleri-Logo2.svg\",\"contentUrl\":\"https:\\\/\\\/onurplast.az\\\/wp-content\\\/uploads\\\/Onur-Plast-Suvarma-Sistemleri-Logo2.svg\",\"width\":569,\"height\":150,\"caption\":\"Suvarma,Ya\u011fmurlama v\u0259 Pivot Sisteml\u0259ri, Avtomatik Suvarma: Onur Plast\"},\"image\":{\"@id\":\"https:\\\/\\\/onurplast.az\\\/ru\\\/#\\\/schema\\\/logo\\\/image\\\/\"},\"sameAs\":[\"https:\\\/\\\/www.facebook.com\\\/Onur-plast-110179870426347\",\"https:\\\/\\\/www.instagram.com\\\/suvarma_onurplast\\\/\",\"https:\\\/\\\/www.youtube.com\\\/channel\\\/UCjWsbKNIsj1tvovG9PD4Btg\"]}]}<\/script>\n<!-- \/ Yoast SEO plugin. -->","yoast_head_json":{"title":"\u041c\u0438\u043d\u0438-\u0421\u043f\u0440\u0438\u043d\u043a - Avtomatik Suvarma Sisteml\u0259ri,Ya\u011fmurlama,Pivot Sisteml\u0259ri:Onur Plast","robots":{"index":"index","follow":"follow","max-snippet":"max-snippet:-1","max-image-preview":"max-image-preview:large","max-video-preview":"max-video-preview:-1"},"canonical":"https:\/\/onurplast.az\/ru\/produkti\/%d1%81%d0%bf%d1%80%d0%b8%d0%bd%d0%ba%d0%bb%d0%b5%d1%80%d0%bd%d1%8b%d0%b5-%d1%81%d0%b8%d1%81%d1%82%d0%b5%d0%bc%d1%8b\/%d0%bc%d0%b8%d0%ba%d1%80%d0%be-%d1%81%d0%bf%d1%80%d0%b8%d0%bd%d0%ba%d0%bb%d0%b5%d1%80%d1%8b-%d0%b8-%d1%84%d0%b8%d1%82%d0%b8%d0%bd%d0%b3%d0%b8\/%d0%bc%d0%b8%d0%bd%d0%b8-%d1%81%d0%bf%d1%80%d0%b8%d0%bd%d0%ba-2\/","og_locale":"ru_RU","og_type":"article","og_title":"\u041c\u0438\u043d\u0438-\u0421\u043f\u0440\u0438\u043d\u043a - Avtomatik Suvarma Sisteml\u0259ri,Ya\u011fmurlama,Pivot Sisteml\u0259ri:Onur Plast","og_description":"Kod Code \u041c\u0438\u043d\u0438 \u0421\u043f\u0440\u0438\u043d\u043a Rotating Sprayer Paketl\u0259m\u0259-Kutu Packaging-Box AZ-402-80 Ye\u015fil-Green : 80 lt. 100 AZ-402-120 K\u0131rm\u0131z\u0131-Red : 120 lt. 100 AZ-402-160 Sar\u0131-Yellow : 160 lt. 100","og_url":"https:\/\/onurplast.az\/ru\/produkti\/%d1%81%d0%bf%d1%80%d0%b8%d0%bd%d0%ba%d0%bb%d0%b5%d1%80%d0%bd%d1%8b%d0%b5-%d1%81%d0%b8%d1%81%d1%82%d0%b5%d0%bc%d1%8b\/%d0%bc%d0%b8%d0%ba%d1%80%d0%be-%d1%81%d0%bf%d1%80%d0%b8%d0%bd%d0%ba%d0%bb%d0%b5%d1%80%d1%8b-%d0%b8-%d1%84%d0%b8%d1%82%d0%b8%d0%bd%d0%b3%d0%b8\/%d0%bc%d0%b8%d0%bd%d0%b8-%d1%81%d0%bf%d1%80%d0%b8%d0%bd%d0%ba-2\/","og_site_name":"Avtomatik Suvarma Sisteml\u0259ri,Ya\u011fmurlama,Pivot Sisteml\u0259ri:Onur Plast","article_publisher":"https:\/\/www.facebook.com\/Onur-plast-110179870426347","twitter_card":"summary_large_image","schema":{"@context":"https:\/\/schema.org","@graph":[{"@type":"WebPage","@id":"https:\/\/onurplast.az\/ru\/produkti\/%d1%81%d0%bf%d1%80%d0%b8%d0%bd%d0%ba%d0%bb%d0%b5%d1%80%d0%bd%d1%8b%d0%b5-%d1%81%d0%b8%d1%81%d1%82%d0%b5%d0%bc%d1%8b\/%d0%bc%d0%b8%d0%ba%d1%80%d0%be-%d1%81%d0%bf%d1%80%d0%b8%d0%bd%d0%ba%d0%bb%d0%b5%d1%80%d1%8b-%d0%b8-%d1%84%d0%b8%d1%82%d0%b8%d0%bd%d0%b3%d0%b8\/%d0%bc%d0%b8%d0%bd%d0%b8-%d1%81%d0%bf%d1%80%d0%b8%d0%bd%d0%ba-2\/","url":"https:\/\/onurplast.az\/ru\/produkti\/%d1%81%d0%bf%d1%80%d0%b8%d0%bd%d0%ba%d0%bb%d0%b5%d1%80%d0%bd%d1%8b%d0%b5-%d1%81%d0%b8%d1%81%d1%82%d0%b5%d0%bc%d1%8b\/%d0%bc%d0%b8%d0%ba%d1%80%d0%be-%d1%81%d0%bf%d1%80%d0%b8%d0%bd%d0%ba%d0%bb%d0%b5%d1%80%d1%8b-%d0%b8-%d1%84%d0%b8%d1%82%d0%b8%d0%bd%d0%b3%d0%b8\/%d0%bc%d0%b8%d0%bd%d0%b8-%d1%81%d0%bf%d1%80%d0%b8%d0%bd%d0%ba-2\/","name":"\u041c\u0438\u043d\u0438-\u0421\u043f\u0440\u0438\u043d\u043a - Avtomatik Suvarma Sisteml\u0259ri,Ya\u011fmurlama,Pivot Sisteml\u0259ri:Onur Plast","isPartOf":{"@id":"https:\/\/onurplast.az\/ru\/#website"},"primaryImageOfPage":{"@id":"https:\/\/onurplast.az\/ru\/produkti\/%d1%81%d0%bf%d1%80%d0%b8%d0%bd%d0%ba%d0%bb%d0%b5%d1%80%d0%bd%d1%8b%d0%b5-%d1%81%d0%b8%d1%81%d1%82%d0%b5%d0%bc%d1%8b\/%d0%bc%d0%b8%d0%ba%d1%80%d0%be-%d1%81%d0%bf%d1%80%d0%b8%d0%bd%d0%ba%d0%bb%d0%b5%d1%80%d1%8b-%d0%b8-%d1%84%d0%b8%d1%82%d0%b8%d0%bd%d0%b3%d0%b8\/%d0%bc%d0%b8%d0%bd%d0%b8-%d1%81%d0%bf%d1%80%d0%b8%d0%bd%d0%ba-2\/#primaryimage"},"image":{"@id":"https:\/\/onurplast.az\/ru\/produkti\/%d1%81%d0%bf%d1%80%d0%b8%d0%bd%d0%ba%d0%bb%d0%b5%d1%80%d0%bd%d1%8b%d0%b5-%d1%81%d0%b8%d1%81%d1%82%d0%b5%d0%bc%d1%8b\/%d0%bc%d0%b8%d0%ba%d1%80%d0%be-%d1%81%d0%bf%d1%80%d0%b8%d0%bd%d0%ba%d0%bb%d0%b5%d1%80%d1%8b-%d0%b8-%d1%84%d0%b8%d1%82%d0%b8%d0%bd%d0%b3%d0%b8\/%d0%bc%d0%b8%d0%bd%d0%b8-%d1%81%d0%bf%d1%80%d0%b8%d0%bd%d0%ba-2\/#primaryimage"},"thumbnailUrl":"https:\/\/onurplast.az\/wp-content\/uploads\/Mini-Sprink-1.webp","datePublished":"2023-11-17T22:52:47+00:00","breadcrumb":{"@id":"https:\/\/onurplast.az\/ru\/produkti\/%d1%81%d0%bf%d1%80%d0%b8%d0%bd%d0%ba%d0%bb%d0%b5%d1%80%d0%bd%d1%8b%d0%b5-%d1%81%d0%b8%d1%81%d1%82%d0%b5%d0%bc%d1%8b\/%d0%bc%d0%b8%d0%ba%d1%80%d0%be-%d1%81%d0%bf%d1%80%d0%b8%d0%bd%d0%ba%d0%bb%d0%b5%d1%80%d1%8b-%d0%b8-%d1%84%d0%b8%d1%82%d0%b8%d0%bd%d0%b3%d0%b8\/%d0%bc%d0%b8%d0%bd%d0%b8-%d1%81%d0%bf%d1%80%d0%b8%d0%bd%d0%ba-2\/#breadcrumb"},"inLanguage":"ru-RU","potentialAction":[{"@type":"ReadAction","target":["https:\/\/onurplast.az\/ru\/produkti\/%d1%81%d0%bf%d1%80%d0%b8%d0%bd%d0%ba%d0%bb%d0%b5%d1%80%d0%bd%d1%8b%d0%b5-%d1%81%d0%b8%d1%81%d1%82%d0%b5%d0%bc%d1%8b\/%d0%bc%d0%b8%d0%ba%d1%80%d0%be-%d1%81%d0%bf%d1%80%d0%b8%d0%bd%d0%ba%d0%bb%d0%b5%d1%80%d1%8b-%d0%b8-%d1%84%d0%b8%d1%82%d0%b8%d0%bd%d0%b3%d0%b8\/%d0%bc%d0%b8%d0%bd%d0%b8-%d1%81%d0%bf%d1%80%d0%b8%d0%bd%d0%ba-2\/"]}]},{"@type":"ImageObject","inLanguage":"ru-RU","@id":"https:\/\/onurplast.az\/ru\/produkti\/%d1%81%d0%bf%d1%80%d0%b8%d0%bd%d0%ba%d0%bb%d0%b5%d1%80%d0%bd%d1%8b%d0%b5-%d1%81%d0%b8%d1%81%d1%82%d0%b5%d0%bc%d1%8b\/%d0%bc%d0%b8%d0%ba%d1%80%d0%be-%d1%81%d0%bf%d1%80%d0%b8%d0%bd%d0%ba%d0%bb%d0%b5%d1%80%d1%8b-%d0%b8-%d1%84%d0%b8%d1%82%d0%b8%d0%bd%d0%b3%d0%b8\/%d0%bc%d0%b8%d0%bd%d0%b8-%d1%81%d0%bf%d1%80%d0%b8%d0%bd%d0%ba-2\/#primaryimage","url":"https:\/\/onurplast.az\/wp-content\/uploads\/Mini-Sprink-1.webp","contentUrl":"https:\/\/onurplast.az\/wp-content\/uploads\/Mini-Sprink-1.webp","width":600,"height":600,"caption":"\u041c\u0438\u043d\u0438 \u0421\u043f\u0440\u0438\u043d\u043a"},{"@type":"BreadcrumbList","@id":"https:\/\/onurplast.az\/ru\/produkti\/%d1%81%d0%bf%d1%80%d0%b8%d0%bd%d0%ba%d0%bb%d0%b5%d1%80%d0%bd%d1%8b%d0%b5-%d1%81%d0%b8%d1%81%d1%82%d0%b5%d0%bc%d1%8b\/%d0%bc%d0%b8%d0%ba%d1%80%d0%be-%d1%81%d0%bf%d1%80%d0%b8%d0%bd%d0%ba%d0%bb%d0%b5%d1%80%d1%8b-%d0%b8-%d1%84%d0%b8%d1%82%d0%b8%d0%bd%d0%b3%d0%b8\/%d0%bc%d0%b8%d0%bd%d0%b8-%d1%81%d0%bf%d1%80%d0%b8%d0%bd%d0%ba-2\/#breadcrumb","itemListElement":[{"@type":"ListItem","position":1,"name":"\u018fsas S\u0259hif\u0259","item":"https:\/\/onurplast.az\/ru\/"},{"@type":"ListItem","position":2,"name":"M\u0259hsullar","item":"https:\/\/onurplast.az\/mehsullar\/"},{"@type":"ListItem","position":3,"name":"\u041c\u0438\u043d\u0438-\u0421\u043f\u0440\u0438\u043d\u043a"}]},{"@type":"WebSite","@id":"https:\/\/onurplast.az\/ru\/#website","url":"https:\/\/onurplast.az\/ru\/","name":"Suvarma,Ya\u011fmurlama v\u0259 Pivot Sisteml\u0259ri, Avtomatik Suvarma: Onur Plast","description":"Avtomatik Suvarma Sisteml\u0259ri,Ya\u011fmurlama,Pivot Sisteml\u0259ri:Onur Plast","publisher":{"@id":"https:\/\/onurplast.az\/ru\/#organization"},"potentialAction":[{"@type":"SearchAction","target":{"@type":"EntryPoint","urlTemplate":"https:\/\/onurplast.az\/ru\/?s={search_term_string}"},"query-input":{"@type":"PropertyValueSpecification","valueRequired":true,"valueName":"search_term_string"}}],"inLanguage":"ru-RU"},{"@type":"Organization","@id":"https:\/\/onurplast.az\/ru\/#organization","name":"Suvarma,Ya\u011fmurlama v\u0259 Pivot Sisteml\u0259ri, Avtomatik Suvarma: Onur Plast","url":"https:\/\/onurplast.az\/ru\/","logo":{"@type":"ImageObject","inLanguage":"ru-RU","@id":"https:\/\/onurplast.az\/ru\/#\/schema\/logo\/image\/","url":"https:\/\/onurplast.az\/wp-content\/uploads\/Onur-Plast-Suvarma-Sistemleri-Logo2.svg","contentUrl":"https:\/\/onurplast.az\/wp-content\/uploads\/Onur-Plast-Suvarma-Sistemleri-Logo2.svg","width":569,"height":150,"caption":"Suvarma,Ya\u011fmurlama v\u0259 Pivot Sisteml\u0259ri, Avtomatik Suvarma: Onur Plast"},"image":{"@id":"https:\/\/onurplast.az\/ru\/#\/schema\/logo\/image\/"},"sameAs":["https:\/\/www.facebook.com\/Onur-plast-110179870426347","https:\/\/www.instagram.com\/suvarma_onurplast\/","https:\/\/www.youtube.com\/channel\/UCjWsbKNIsj1tvovG9PD4Btg"]}]}},"_links":{"self":[{"href":"https:\/\/onurplast.az\/ru\/wp-json\/wp\/v2\/product\/3587","targetHints":{"allow":["GET"]}}],"collection":[{"href":"https:\/\/onurplast.az\/ru\/wp-json\/wp\/v2\/product"}],"about":[{"href":"https:\/\/onurplast.az\/ru\/wp-json\/wp\/v2\/types\/product"}],"wp:featuredmedia":[{"embeddable":true,"href":"https:\/\/onurplast.az\/ru\/wp-json\/wp\/v2\/media\/880"}],"wp:attachment":[{"href":"https:\/\/onurplast.az\/ru\/wp-json\/wp\/v2\/media?parent=3587"}],"wp:term":[{"taxonomy":"product_brand","embeddable":true,"href":"https:\/\/onurplast.az\/ru\/wp-json\/wp\/v2\/product_brand?post=3587"},{"taxonomy":"product_cat","embeddable":true,"href":"https:\/\/onurplast.az\/ru\/wp-json\/wp\/v2\/product_cat?post=3587"},{"taxonomy":"product_tag","embeddable":true,"href":"https:\/\/onurplast.az\/ru\/wp-json\/wp\/v2\/product_tag?post=3587"}],"curies":[{"name":"wp","href":"https:\/\/api.w.org\/{rel}","templated":true}]}}