{"id":3666,"date":"2023-11-29T21:43:42","date_gmt":"2023-11-29T21:43:42","guid":{"rendered":"https:\/\/onurplast.az\/mehsullar\/uncategorized\/%d0%be%d0%b4%d0%bd%d0%be%d1%81%d1%82%d0%be%d1%80%d0%be%d0%bd%d0%bd%d0%b8%d0%b9-%d0%b2%d0%bd%d1%83%d1%82%d1%80%d0%b5%d0%bd%d0%bd%d0%b8%d0%b9-%d0%bf%d0%b5%d1%80%d0%b5%d1%85%d0%be%d0%b4%d0%bd%d0%b8%d0%ba\/"},"modified":"2023-11-29T21:43:42","modified_gmt":"2023-11-29T21:43:42","slug":"%d0%be%d0%b4%d0%bd%d0%be%d1%81%d1%82%d0%be%d1%80%d0%be%d0%bd%d0%bd%d0%b8%d0%b9-%d0%b2%d0%bd%d1%83%d1%82%d1%80%d0%b5%d0%bd%d0%bd%d0%b8%d0%b9-%d0%bf%d0%b5%d1%80%d0%b5%d1%85%d0%be%d0%b4%d0%bd%d0%b8%d0%ba","status":"publish","type":"product","link":"https:\/\/onurplast.az\/ru\/produkti\/%d1%84%d0%b8%d1%82%d0%b8%d0%bd%d0%b3%d0%b8-%d0%b8%d0%b7-%d0%bf%d0%b2%d1%85\/%d1%84%d0%b8%d1%82%d0%b8%d0%bd%d0%b3%d0%b8-%d0%b8%d0%b7-%d0%bf%d0%b2%d1%85-2\/%d0%be%d0%b4%d0%bd%d0%be%d1%81%d1%82%d0%be%d1%80%d0%be%d0%bd%d0%bd%d0%b8%d0%b9-%d0%b2%d0%bd%d1%83%d1%82%d1%80%d0%b5%d0%bd%d0%bd%d0%b8%d0%b9-%d0%bf%d0%b5%d1%80%d0%b5%d1%85%d0%be%d0%b4%d0%bd%d0%b8%d0%ba\/","title":{"rendered":"\u041e\u0434\u043d\u043e\u0441\u0442\u043e\u0440\u043e\u043d\u043d\u0438\u0439 \u0412\u043d\u0443\u0442\u0440\u0435\u043d\u043d\u0438\u0439 \u041f\u0435\u0440\u0435\u0445\u043e\u0434\u043d\u0438\u043a \u0410\u0434\u0430\u043f\u0442\u0435\u0440"},"content":{"rendered":"<table>\n<tbody>\n<tr>\n<td><strong>Diametri<\/strong><\/p>\n<p><strong>Diameter<\/strong><\/p>\n<p><strong>d<\/strong><\/td>\n<td><strong>Diametri<\/strong><\/p>\n<p><strong>Diameter<\/strong><\/p>\n<p><strong>R<\/strong><\/td>\n<td><strong>T\u018fK T\u018fR\u018fF\u0130 \u0130\u00c7 D\u0130\u015eL\u0130 KE\u00c7\u0130D ADAPT\u00d6R<\/strong><\/p>\n<p><strong>One Side Female Threaded Reducer Adaptor<\/strong><\/td>\n<td><strong>T\u0259zyiq<\/strong><\/p>\n<p><strong>Pressure<\/strong><\/td>\n<td><strong>Paketl\u0259m\u0259<\/strong><\/p>\n<p><strong>Packaging<\/strong><\/td>\n<\/tr>\n<tr>\n<td>50<\/td>\n<td>1 1\/2\u2019\u2019<\/td>\n<td>AZ-518 00 050 2<\/td>\n<td>16<\/td>\n<td>100<\/td>\n<\/tr>\n<tr>\n<td>63<\/td>\n<td>2\u2019\u2019<\/td>\n<td>AZ-518 00 063 2<\/td>\n<td>16<\/td>\n<td>75<\/td>\n<\/tr>\n<tr>\n<td>75<\/td>\n<td>2 1\/2\u2019\u2019<\/td>\n<td>AZ-519 00 075 2<\/td>\n<td>16<\/td>\n<td>75<\/td>\n<\/tr>\n<tr>\n<td>90<\/td>\n<td>3\u2019\u2019<\/td>\n<td>AZ-519 00 090 2<\/td>\n<td>16<\/td>\n<td>60<\/td>\n<\/tr>\n<tr>\n<td>110<\/td>\n<td>4\u2019\u2019<\/td>\n<td>AZ-519 00 110 2<\/td>\n<td>16<\/td>\n<td>18<\/td>\n<\/tr>\n<tr>\n<td>125<\/td>\n<td>4 1\/2\u2019\u2019<\/td>\n<td>AZ-519 00 125 5<\/td>\n<td>16<\/td>\n<td>22<\/td>\n<\/tr>\n<tr>\n<td>140<\/td>\n<td>5\u2019\u2019<\/td>\n<td>AZ-519 00 140 5<\/td>\n<td>16<\/td>\n<td>16<\/td>\n<\/tr>\n<tr>\n<td>160<\/td>\n<td>6\u2019\u2019<\/td>\n<td>AZ-519 00 160 5<\/td>\n<td>10<\/td>\n<td>12<\/td>\n<\/tr>\n<tr>\n<td>200<\/td>\n<td>7\u2019\u2019<\/td>\n<td>AZ-519 00 200 5<\/td>\n<td>10<\/td>\n<td>4<\/td>\n<\/tr>\n<\/tbody>\n<\/table>\n","protected":false},"excerpt":{"rendered":"<p>Diametri Diameter d Diametri Diameter R T\u018fK T\u018fR\u018fF\u0130 \u0130\u00c7 D\u0130\u015eL\u0130 KE\u00c7\u0130D ADAPT\u00d6R One Side Female Threaded Reducer Adaptor T\u0259zyiq Pressure Paketl\u0259m\u0259 Packaging 50 1 1\/2\u2019\u2019 AZ-518 00 050 2 16 100 63 2\u2019\u2019 AZ-518 00 063 2 16 75 75 2 1\/2\u2019\u2019 AZ-519 00 075 2 16 75 90 3\u2019\u2019 AZ-519 00 090 2 16 [&hellip;]<\/p>\n","protected":false},"featured_media":1298,"template":"","meta":{"_acf_changed":false,"inline_featured_image":false},"product_brand":[],"product_cat":[348,349],"product_tag":[701,700],"class_list":{"0":"post-3666","1":"product","2":"type-product","3":"status-publish","4":"has-post-thumbnail","6":"product_cat-348","7":"product_cat----2","8":"product_tag-kecid-adaptor-ru","9":"product_tag-tk-trfi-ic-disli-ru","11":"first","12":"instock","13":"shipping-taxable","14":"purchasable","15":"product-type-simple"},"acf":[],"yoast_head":"<!-- This site is optimized with the Yoast SEO plugin v27.5 - https:\/\/yoast.com\/product\/yoast-seo-wordpress\/ -->\n<title>\u041e\u0434\u043d\u043e\u0441\u0442\u043e\u0440\u043e\u043d\u043d\u0438\u0439 \u0412\u043d\u0443\u0442\u0440\u0435\u043d\u043d\u0438\u0439 \u041f\u0435\u0440\u0435\u0445\u043e\u0434\u043d\u0438\u043a \u0410\u0434\u0430\u043f\u0442\u0435\u0440 - Avtomatik Suvarma Sisteml\u0259ri,Ya\u011fmurlama,Pivot Sisteml\u0259ri:Onur Plast<\/title>\n<meta name=\"robots\" content=\"index, follow, max-snippet:-1, max-image-preview:large, max-video-preview:-1\" \/>\n<link rel=\"canonical\" href=\"https:\/\/onurplast.az\/ru\/produkti\/%d1%84%d0%b8%d1%82%d0%b8%d0%bd%d0%b3%d0%b8-%d0%b8%d0%b7-%d0%bf%d0%b2%d1%85\/%d1%84%d0%b8%d1%82%d0%b8%d0%bd%d0%b3%d0%b8-%d0%b8%d0%b7-%d0%bf%d0%b2%d1%85-2\/%d0%be%d0%b4%d0%bd%d0%be%d1%81%d1%82%d0%be%d1%80%d0%be%d0%bd%d0%bd%d0%b8%d0%b9-%d0%b2%d0%bd%d1%83%d1%82%d1%80%d0%b5%d0%bd%d0%bd%d0%b8%d0%b9-%d0%bf%d0%b5%d1%80%d0%b5%d1%85%d0%be%d0%b4%d0%bd%d0%b8%d0%ba\/\" \/>\n<meta property=\"og:locale\" content=\"ru_RU\" \/>\n<meta property=\"og:type\" content=\"article\" \/>\n<meta property=\"og:title\" content=\"\u041e\u0434\u043d\u043e\u0441\u0442\u043e\u0440\u043e\u043d\u043d\u0438\u0439 \u0412\u043d\u0443\u0442\u0440\u0435\u043d\u043d\u0438\u0439 \u041f\u0435\u0440\u0435\u0445\u043e\u0434\u043d\u0438\u043a \u0410\u0434\u0430\u043f\u0442\u0435\u0440 - Avtomatik Suvarma Sisteml\u0259ri,Ya\u011fmurlama,Pivot Sisteml\u0259ri:Onur Plast\" \/>\n<meta property=\"og:description\" content=\"Diametri Diameter d Diametri Diameter R T\u018fK T\u018fR\u018fF\u0130 \u0130\u00c7 D\u0130\u015eL\u0130 KE\u00c7\u0130D ADAPT\u00d6R One Side Female Threaded Reducer Adaptor T\u0259zyiq Pressure Paketl\u0259m\u0259 Packaging 50 1 1\/2\u2019\u2019 AZ-518 00 050 2 16 100 63 2\u2019\u2019 AZ-518 00 063 2 16 75 75 2 1\/2\u2019\u2019 AZ-519 00 075 2 16 75 90 3\u2019\u2019 AZ-519 00 090 2 16 [&hellip;]\" \/>\n<meta property=\"og:url\" content=\"https:\/\/onurplast.az\/ru\/produkti\/%d1%84%d0%b8%d1%82%d0%b8%d0%bd%d0%b3%d0%b8-%d0%b8%d0%b7-%d0%bf%d0%b2%d1%85\/%d1%84%d0%b8%d1%82%d0%b8%d0%bd%d0%b3%d0%b8-%d0%b8%d0%b7-%d0%bf%d0%b2%d1%85-2\/%d0%be%d0%b4%d0%bd%d0%be%d1%81%d1%82%d0%be%d1%80%d0%be%d0%bd%d0%bd%d0%b8%d0%b9-%d0%b2%d0%bd%d1%83%d1%82%d1%80%d0%b5%d0%bd%d0%bd%d0%b8%d0%b9-%d0%bf%d0%b5%d1%80%d0%b5%d1%85%d0%be%d0%b4%d0%bd%d0%b8%d0%ba\/\" \/>\n<meta property=\"og:site_name\" content=\"Avtomatik Suvarma Sisteml\u0259ri,Ya\u011fmurlama,Pivot Sisteml\u0259ri:Onur Plast\" \/>\n<meta property=\"article:publisher\" content=\"https:\/\/www.facebook.com\/Onur-plast-110179870426347\" \/>\n<meta name=\"twitter:card\" content=\"summary_large_image\" \/>\n<script type=\"application\/ld+json\" class=\"yoast-schema-graph\">{\"@context\":\"https:\\\/\\\/schema.org\",\"@graph\":[{\"@type\":\"WebPage\",\"@id\":\"https:\\\/\\\/onurplast.az\\\/ru\\\/produkti\\\/%d1%84%d0%b8%d1%82%d0%b8%d0%bd%d0%b3%d0%b8-%d0%b8%d0%b7-%d0%bf%d0%b2%d1%85\\\/%d1%84%d0%b8%d1%82%d0%b8%d0%bd%d0%b3%d0%b8-%d0%b8%d0%b7-%d0%bf%d0%b2%d1%85-2\\\/%d0%be%d0%b4%d0%bd%d0%be%d1%81%d1%82%d0%be%d1%80%d0%be%d0%bd%d0%bd%d0%b8%d0%b9-%d0%b2%d0%bd%d1%83%d1%82%d1%80%d0%b5%d0%bd%d0%bd%d0%b8%d0%b9-%d0%bf%d0%b5%d1%80%d0%b5%d1%85%d0%be%d0%b4%d0%bd%d0%b8%d0%ba\\\/\",\"url\":\"https:\\\/\\\/onurplast.az\\\/ru\\\/produkti\\\/%d1%84%d0%b8%d1%82%d0%b8%d0%bd%d0%b3%d0%b8-%d0%b8%d0%b7-%d0%bf%d0%b2%d1%85\\\/%d1%84%d0%b8%d1%82%d0%b8%d0%bd%d0%b3%d0%b8-%d0%b8%d0%b7-%d0%bf%d0%b2%d1%85-2\\\/%d0%be%d0%b4%d0%bd%d0%be%d1%81%d1%82%d0%be%d1%80%d0%be%d0%bd%d0%bd%d0%b8%d0%b9-%d0%b2%d0%bd%d1%83%d1%82%d1%80%d0%b5%d0%bd%d0%bd%d0%b8%d0%b9-%d0%bf%d0%b5%d1%80%d0%b5%d1%85%d0%be%d0%b4%d0%bd%d0%b8%d0%ba\\\/\",\"name\":\"\u041e\u0434\u043d\u043e\u0441\u0442\u043e\u0440\u043e\u043d\u043d\u0438\u0439 \u0412\u043d\u0443\u0442\u0440\u0435\u043d\u043d\u0438\u0439 \u041f\u0435\u0440\u0435\u0445\u043e\u0434\u043d\u0438\u043a \u0410\u0434\u0430\u043f\u0442\u0435\u0440 - Avtomatik Suvarma Sisteml\u0259ri,Ya\u011fmurlama,Pivot Sisteml\u0259ri:Onur Plast\",\"isPartOf\":{\"@id\":\"https:\\\/\\\/onurplast.az\\\/ru\\\/#website\"},\"primaryImageOfPage\":{\"@id\":\"https:\\\/\\\/onurplast.az\\\/ru\\\/produkti\\\/%d1%84%d0%b8%d1%82%d0%b8%d0%bd%d0%b3%d0%b8-%d0%b8%d0%b7-%d0%bf%d0%b2%d1%85\\\/%d1%84%d0%b8%d1%82%d0%b8%d0%bd%d0%b3%d0%b8-%d0%b8%d0%b7-%d0%bf%d0%b2%d1%85-2\\\/%d0%be%d0%b4%d0%bd%d0%be%d1%81%d1%82%d0%be%d1%80%d0%be%d0%bd%d0%bd%d0%b8%d0%b9-%d0%b2%d0%bd%d1%83%d1%82%d1%80%d0%b5%d0%bd%d0%bd%d0%b8%d0%b9-%d0%bf%d0%b5%d1%80%d0%b5%d1%85%d0%be%d0%b4%d0%bd%d0%b8%d0%ba\\\/#primaryimage\"},\"image\":{\"@id\":\"https:\\\/\\\/onurplast.az\\\/ru\\\/produkti\\\/%d1%84%d0%b8%d1%82%d0%b8%d0%bd%d0%b3%d0%b8-%d0%b8%d0%b7-%d0%bf%d0%b2%d1%85\\\/%d1%84%d0%b8%d1%82%d0%b8%d0%bd%d0%b3%d0%b8-%d0%b8%d0%b7-%d0%bf%d0%b2%d1%85-2\\\/%d0%be%d0%b4%d0%bd%d0%be%d1%81%d1%82%d0%be%d1%80%d0%be%d0%bd%d0%bd%d0%b8%d0%b9-%d0%b2%d0%bd%d1%83%d1%82%d1%80%d0%b5%d0%bd%d0%bd%d0%b8%d0%b9-%d0%bf%d0%b5%d1%80%d0%b5%d1%85%d0%be%d0%b4%d0%bd%d0%b8%d0%ba\\\/#primaryimage\"},\"thumbnailUrl\":\"https:\\\/\\\/onurplast.az\\\/wp-content\\\/uploads\\\/TEK-TEREFI-IC-DISLI-KECID-ADAPTOR.webp\",\"datePublished\":\"2023-11-29T21:43:42+00:00\",\"breadcrumb\":{\"@id\":\"https:\\\/\\\/onurplast.az\\\/ru\\\/produkti\\\/%d1%84%d0%b8%d1%82%d0%b8%d0%bd%d0%b3%d0%b8-%d0%b8%d0%b7-%d0%bf%d0%b2%d1%85\\\/%d1%84%d0%b8%d1%82%d0%b8%d0%bd%d0%b3%d0%b8-%d0%b8%d0%b7-%d0%bf%d0%b2%d1%85-2\\\/%d0%be%d0%b4%d0%bd%d0%be%d1%81%d1%82%d0%be%d1%80%d0%be%d0%bd%d0%bd%d0%b8%d0%b9-%d0%b2%d0%bd%d1%83%d1%82%d1%80%d0%b5%d0%bd%d0%bd%d0%b8%d0%b9-%d0%bf%d0%b5%d1%80%d0%b5%d1%85%d0%be%d0%b4%d0%bd%d0%b8%d0%ba\\\/#breadcrumb\"},\"inLanguage\":\"ru-RU\",\"potentialAction\":[{\"@type\":\"ReadAction\",\"target\":[\"https:\\\/\\\/onurplast.az\\\/ru\\\/produkti\\\/%d1%84%d0%b8%d1%82%d0%b8%d0%bd%d0%b3%d0%b8-%d0%b8%d0%b7-%d0%bf%d0%b2%d1%85\\\/%d1%84%d0%b8%d1%82%d0%b8%d0%bd%d0%b3%d0%b8-%d0%b8%d0%b7-%d0%bf%d0%b2%d1%85-2\\\/%d0%be%d0%b4%d0%bd%d0%be%d1%81%d1%82%d0%be%d1%80%d0%be%d0%bd%d0%bd%d0%b8%d0%b9-%d0%b2%d0%bd%d1%83%d1%82%d1%80%d0%b5%d0%bd%d0%bd%d0%b8%d0%b9-%d0%bf%d0%b5%d1%80%d0%b5%d1%85%d0%be%d0%b4%d0%bd%d0%b8%d0%ba\\\/\"]}]},{\"@type\":\"ImageObject\",\"inLanguage\":\"ru-RU\",\"@id\":\"https:\\\/\\\/onurplast.az\\\/ru\\\/produkti\\\/%d1%84%d0%b8%d1%82%d0%b8%d0%bd%d0%b3%d0%b8-%d0%b8%d0%b7-%d0%bf%d0%b2%d1%85\\\/%d1%84%d0%b8%d1%82%d0%b8%d0%bd%d0%b3%d0%b8-%d0%b8%d0%b7-%d0%bf%d0%b2%d1%85-2\\\/%d0%be%d0%b4%d0%bd%d0%be%d1%81%d1%82%d0%be%d1%80%d0%be%d0%bd%d0%bd%d0%b8%d0%b9-%d0%b2%d0%bd%d1%83%d1%82%d1%80%d0%b5%d0%bd%d0%bd%d0%b8%d0%b9-%d0%bf%d0%b5%d1%80%d0%b5%d1%85%d0%be%d0%b4%d0%bd%d0%b8%d0%ba\\\/#primaryimage\",\"url\":\"https:\\\/\\\/onurplast.az\\\/wp-content\\\/uploads\\\/TEK-TEREFI-IC-DISLI-KECID-ADAPTOR.webp\",\"contentUrl\":\"https:\\\/\\\/onurplast.az\\\/wp-content\\\/uploads\\\/TEK-TEREFI-IC-DISLI-KECID-ADAPTOR.webp\",\"width\":600,\"height\":600,\"caption\":\"\u041e\u0434\u043d\u043e\u0441\u0442\u043e\u0440\u043e\u043d\u043d\u0438\u0439 \u0412\u043d\u0443\u0442\u0440\u0435\u043d\u043d\u0438\u0439 \u041f\u0435\u0440\u0435\u0445\u043e\u0434\u043d\u0438\u043a \u0410\u0434\u0430\u043f\u0442\u0435\u0440\"},{\"@type\":\"BreadcrumbList\",\"@id\":\"https:\\\/\\\/onurplast.az\\\/ru\\\/produkti\\\/%d1%84%d0%b8%d1%82%d0%b8%d0%bd%d0%b3%d0%b8-%d0%b8%d0%b7-%d0%bf%d0%b2%d1%85\\\/%d1%84%d0%b8%d1%82%d0%b8%d0%bd%d0%b3%d0%b8-%d0%b8%d0%b7-%d0%bf%d0%b2%d1%85-2\\\/%d0%be%d0%b4%d0%bd%d0%be%d1%81%d1%82%d0%be%d1%80%d0%be%d0%bd%d0%bd%d0%b8%d0%b9-%d0%b2%d0%bd%d1%83%d1%82%d1%80%d0%b5%d0%bd%d0%bd%d0%b8%d0%b9-%d0%bf%d0%b5%d1%80%d0%b5%d1%85%d0%be%d0%b4%d0%bd%d0%b8%d0%ba\\\/#breadcrumb\",\"itemListElement\":[{\"@type\":\"ListItem\",\"position\":1,\"name\":\"\u018fsas S\u0259hif\u0259\",\"item\":\"https:\\\/\\\/onurplast.az\\\/ru\\\/\"},{\"@type\":\"ListItem\",\"position\":2,\"name\":\"M\u0259hsullar\",\"item\":\"https:\\\/\\\/onurplast.az\\\/mehsullar\\\/\"},{\"@type\":\"ListItem\",\"position\":3,\"name\":\"\u041e\u0434\u043d\u043e\u0441\u0442\u043e\u0440\u043e\u043d\u043d\u0438\u0439 \u0412\u043d\u0443\u0442\u0440\u0435\u043d\u043d\u0438\u0439 \u041f\u0435\u0440\u0435\u0445\u043e\u0434\u043d\u0438\u043a \u0410\u0434\u0430\u043f\u0442\u0435\u0440\"}]},{\"@type\":\"WebSite\",\"@id\":\"https:\\\/\\\/onurplast.az\\\/ru\\\/#website\",\"url\":\"https:\\\/\\\/onurplast.az\\\/ru\\\/\",\"name\":\"Suvarma,Ya\u011fmurlama v\u0259 Pivot Sisteml\u0259ri, Avtomatik Suvarma: Onur Plast\",\"description\":\"Avtomatik Suvarma Sisteml\u0259ri,Ya\u011fmurlama,Pivot Sisteml\u0259ri:Onur Plast\",\"publisher\":{\"@id\":\"https:\\\/\\\/onurplast.az\\\/ru\\\/#organization\"},\"potentialAction\":[{\"@type\":\"SearchAction\",\"target\":{\"@type\":\"EntryPoint\",\"urlTemplate\":\"https:\\\/\\\/onurplast.az\\\/ru\\\/?s={search_term_string}\"},\"query-input\":{\"@type\":\"PropertyValueSpecification\",\"valueRequired\":true,\"valueName\":\"search_term_string\"}}],\"inLanguage\":\"ru-RU\"},{\"@type\":\"Organization\",\"@id\":\"https:\\\/\\\/onurplast.az\\\/ru\\\/#organization\",\"name\":\"Suvarma,Ya\u011fmurlama v\u0259 Pivot Sisteml\u0259ri, Avtomatik Suvarma: Onur Plast\",\"url\":\"https:\\\/\\\/onurplast.az\\\/ru\\\/\",\"logo\":{\"@type\":\"ImageObject\",\"inLanguage\":\"ru-RU\",\"@id\":\"https:\\\/\\\/onurplast.az\\\/ru\\\/#\\\/schema\\\/logo\\\/image\\\/\",\"url\":\"https:\\\/\\\/onurplast.az\\\/wp-content\\\/uploads\\\/Onur-Plast-Suvarma-Sistemleri-Logo2.svg\",\"contentUrl\":\"https:\\\/\\\/onurplast.az\\\/wp-content\\\/uploads\\\/Onur-Plast-Suvarma-Sistemleri-Logo2.svg\",\"width\":569,\"height\":150,\"caption\":\"Suvarma,Ya\u011fmurlama v\u0259 Pivot Sisteml\u0259ri, Avtomatik Suvarma: Onur Plast\"},\"image\":{\"@id\":\"https:\\\/\\\/onurplast.az\\\/ru\\\/#\\\/schema\\\/logo\\\/image\\\/\"},\"sameAs\":[\"https:\\\/\\\/www.facebook.com\\\/Onur-plast-110179870426347\",\"https:\\\/\\\/www.instagram.com\\\/suvarma_onurplast\\\/\",\"https:\\\/\\\/www.youtube.com\\\/channel\\\/UCjWsbKNIsj1tvovG9PD4Btg\"]}]}<\/script>\n<!-- \/ Yoast SEO plugin. -->","yoast_head_json":{"title":"\u041e\u0434\u043d\u043e\u0441\u0442\u043e\u0440\u043e\u043d\u043d\u0438\u0439 \u0412\u043d\u0443\u0442\u0440\u0435\u043d\u043d\u0438\u0439 \u041f\u0435\u0440\u0435\u0445\u043e\u0434\u043d\u0438\u043a \u0410\u0434\u0430\u043f\u0442\u0435\u0440 - Avtomatik Suvarma Sisteml\u0259ri,Ya\u011fmurlama,Pivot Sisteml\u0259ri:Onur Plast","robots":{"index":"index","follow":"follow","max-snippet":"max-snippet:-1","max-image-preview":"max-image-preview:large","max-video-preview":"max-video-preview:-1"},"canonical":"https:\/\/onurplast.az\/ru\/produkti\/%d1%84%d0%b8%d1%82%d0%b8%d0%bd%d0%b3%d0%b8-%d0%b8%d0%b7-%d0%bf%d0%b2%d1%85\/%d1%84%d0%b8%d1%82%d0%b8%d0%bd%d0%b3%d0%b8-%d0%b8%d0%b7-%d0%bf%d0%b2%d1%85-2\/%d0%be%d0%b4%d0%bd%d0%be%d1%81%d1%82%d0%be%d1%80%d0%be%d0%bd%d0%bd%d0%b8%d0%b9-%d0%b2%d0%bd%d1%83%d1%82%d1%80%d0%b5%d0%bd%d0%bd%d0%b8%d0%b9-%d0%bf%d0%b5%d1%80%d0%b5%d1%85%d0%be%d0%b4%d0%bd%d0%b8%d0%ba\/","og_locale":"ru_RU","og_type":"article","og_title":"\u041e\u0434\u043d\u043e\u0441\u0442\u043e\u0440\u043e\u043d\u043d\u0438\u0439 \u0412\u043d\u0443\u0442\u0440\u0435\u043d\u043d\u0438\u0439 \u041f\u0435\u0440\u0435\u0445\u043e\u0434\u043d\u0438\u043a \u0410\u0434\u0430\u043f\u0442\u0435\u0440 - Avtomatik Suvarma Sisteml\u0259ri,Ya\u011fmurlama,Pivot Sisteml\u0259ri:Onur Plast","og_description":"Diametri Diameter d Diametri Diameter R T\u018fK T\u018fR\u018fF\u0130 \u0130\u00c7 D\u0130\u015eL\u0130 KE\u00c7\u0130D ADAPT\u00d6R One Side Female Threaded Reducer Adaptor T\u0259zyiq Pressure Paketl\u0259m\u0259 Packaging 50 1 1\/2\u2019\u2019 AZ-518 00 050 2 16 100 63 2\u2019\u2019 AZ-518 00 063 2 16 75 75 2 1\/2\u2019\u2019 AZ-519 00 075 2 16 75 90 3\u2019\u2019 AZ-519 00 090 2 16 [&hellip;]","og_url":"https:\/\/onurplast.az\/ru\/produkti\/%d1%84%d0%b8%d1%82%d0%b8%d0%bd%d0%b3%d0%b8-%d0%b8%d0%b7-%d0%bf%d0%b2%d1%85\/%d1%84%d0%b8%d1%82%d0%b8%d0%bd%d0%b3%d0%b8-%d0%b8%d0%b7-%d0%bf%d0%b2%d1%85-2\/%d0%be%d0%b4%d0%bd%d0%be%d1%81%d1%82%d0%be%d1%80%d0%be%d0%bd%d0%bd%d0%b8%d0%b9-%d0%b2%d0%bd%d1%83%d1%82%d1%80%d0%b5%d0%bd%d0%bd%d0%b8%d0%b9-%d0%bf%d0%b5%d1%80%d0%b5%d1%85%d0%be%d0%b4%d0%bd%d0%b8%d0%ba\/","og_site_name":"Avtomatik Suvarma Sisteml\u0259ri,Ya\u011fmurlama,Pivot Sisteml\u0259ri:Onur Plast","article_publisher":"https:\/\/www.facebook.com\/Onur-plast-110179870426347","twitter_card":"summary_large_image","schema":{"@context":"https:\/\/schema.org","@graph":[{"@type":"WebPage","@id":"https:\/\/onurplast.az\/ru\/produkti\/%d1%84%d0%b8%d1%82%d0%b8%d0%bd%d0%b3%d0%b8-%d0%b8%d0%b7-%d0%bf%d0%b2%d1%85\/%d1%84%d0%b8%d1%82%d0%b8%d0%bd%d0%b3%d0%b8-%d0%b8%d0%b7-%d0%bf%d0%b2%d1%85-2\/%d0%be%d0%b4%d0%bd%d0%be%d1%81%d1%82%d0%be%d1%80%d0%be%d0%bd%d0%bd%d0%b8%d0%b9-%d0%b2%d0%bd%d1%83%d1%82%d1%80%d0%b5%d0%bd%d0%bd%d0%b8%d0%b9-%d0%bf%d0%b5%d1%80%d0%b5%d1%85%d0%be%d0%b4%d0%bd%d0%b8%d0%ba\/","url":"https:\/\/onurplast.az\/ru\/produkti\/%d1%84%d0%b8%d1%82%d0%b8%d0%bd%d0%b3%d0%b8-%d0%b8%d0%b7-%d0%bf%d0%b2%d1%85\/%d1%84%d0%b8%d1%82%d0%b8%d0%bd%d0%b3%d0%b8-%d0%b8%d0%b7-%d0%bf%d0%b2%d1%85-2\/%d0%be%d0%b4%d0%bd%d0%be%d1%81%d1%82%d0%be%d1%80%d0%be%d0%bd%d0%bd%d0%b8%d0%b9-%d0%b2%d0%bd%d1%83%d1%82%d1%80%d0%b5%d0%bd%d0%bd%d0%b8%d0%b9-%d0%bf%d0%b5%d1%80%d0%b5%d1%85%d0%be%d0%b4%d0%bd%d0%b8%d0%ba\/","name":"\u041e\u0434\u043d\u043e\u0441\u0442\u043e\u0440\u043e\u043d\u043d\u0438\u0439 \u0412\u043d\u0443\u0442\u0440\u0435\u043d\u043d\u0438\u0439 \u041f\u0435\u0440\u0435\u0445\u043e\u0434\u043d\u0438\u043a \u0410\u0434\u0430\u043f\u0442\u0435\u0440 - Avtomatik Suvarma Sisteml\u0259ri,Ya\u011fmurlama,Pivot Sisteml\u0259ri:Onur Plast","isPartOf":{"@id":"https:\/\/onurplast.az\/ru\/#website"},"primaryImageOfPage":{"@id":"https:\/\/onurplast.az\/ru\/produkti\/%d1%84%d0%b8%d1%82%d0%b8%d0%bd%d0%b3%d0%b8-%d0%b8%d0%b7-%d0%bf%d0%b2%d1%85\/%d1%84%d0%b8%d1%82%d0%b8%d0%bd%d0%b3%d0%b8-%d0%b8%d0%b7-%d0%bf%d0%b2%d1%85-2\/%d0%be%d0%b4%d0%bd%d0%be%d1%81%d1%82%d0%be%d1%80%d0%be%d0%bd%d0%bd%d0%b8%d0%b9-%d0%b2%d0%bd%d1%83%d1%82%d1%80%d0%b5%d0%bd%d0%bd%d0%b8%d0%b9-%d0%bf%d0%b5%d1%80%d0%b5%d1%85%d0%be%d0%b4%d0%bd%d0%b8%d0%ba\/#primaryimage"},"image":{"@id":"https:\/\/onurplast.az\/ru\/produkti\/%d1%84%d0%b8%d1%82%d0%b8%d0%bd%d0%b3%d0%b8-%d0%b8%d0%b7-%d0%bf%d0%b2%d1%85\/%d1%84%d0%b8%d1%82%d0%b8%d0%bd%d0%b3%d0%b8-%d0%b8%d0%b7-%d0%bf%d0%b2%d1%85-2\/%d0%be%d0%b4%d0%bd%d0%be%d1%81%d1%82%d0%be%d1%80%d0%be%d0%bd%d0%bd%d0%b8%d0%b9-%d0%b2%d0%bd%d1%83%d1%82%d1%80%d0%b5%d0%bd%d0%bd%d0%b8%d0%b9-%d0%bf%d0%b5%d1%80%d0%b5%d1%85%d0%be%d0%b4%d0%bd%d0%b8%d0%ba\/#primaryimage"},"thumbnailUrl":"https:\/\/onurplast.az\/wp-content\/uploads\/TEK-TEREFI-IC-DISLI-KECID-ADAPTOR.webp","datePublished":"2023-11-29T21:43:42+00:00","breadcrumb":{"@id":"https:\/\/onurplast.az\/ru\/produkti\/%d1%84%d0%b8%d1%82%d0%b8%d0%bd%d0%b3%d0%b8-%d0%b8%d0%b7-%d0%bf%d0%b2%d1%85\/%d1%84%d0%b8%d1%82%d0%b8%d0%bd%d0%b3%d0%b8-%d0%b8%d0%b7-%d0%bf%d0%b2%d1%85-2\/%d0%be%d0%b4%d0%bd%d0%be%d1%81%d1%82%d0%be%d1%80%d0%be%d0%bd%d0%bd%d0%b8%d0%b9-%d0%b2%d0%bd%d1%83%d1%82%d1%80%d0%b5%d0%bd%d0%bd%d0%b8%d0%b9-%d0%bf%d0%b5%d1%80%d0%b5%d1%85%d0%be%d0%b4%d0%bd%d0%b8%d0%ba\/#breadcrumb"},"inLanguage":"ru-RU","potentialAction":[{"@type":"ReadAction","target":["https:\/\/onurplast.az\/ru\/produkti\/%d1%84%d0%b8%d1%82%d0%b8%d0%bd%d0%b3%d0%b8-%d0%b8%d0%b7-%d0%bf%d0%b2%d1%85\/%d1%84%d0%b8%d1%82%d0%b8%d0%bd%d0%b3%d0%b8-%d0%b8%d0%b7-%d0%bf%d0%b2%d1%85-2\/%d0%be%d0%b4%d0%bd%d0%be%d1%81%d1%82%d0%be%d1%80%d0%be%d0%bd%d0%bd%d0%b8%d0%b9-%d0%b2%d0%bd%d1%83%d1%82%d1%80%d0%b5%d0%bd%d0%bd%d0%b8%d0%b9-%d0%bf%d0%b5%d1%80%d0%b5%d1%85%d0%be%d0%b4%d0%bd%d0%b8%d0%ba\/"]}]},{"@type":"ImageObject","inLanguage":"ru-RU","@id":"https:\/\/onurplast.az\/ru\/produkti\/%d1%84%d0%b8%d1%82%d0%b8%d0%bd%d0%b3%d0%b8-%d0%b8%d0%b7-%d0%bf%d0%b2%d1%85\/%d1%84%d0%b8%d1%82%d0%b8%d0%bd%d0%b3%d0%b8-%d0%b8%d0%b7-%d0%bf%d0%b2%d1%85-2\/%d0%be%d0%b4%d0%bd%d0%be%d1%81%d1%82%d0%be%d1%80%d0%be%d0%bd%d0%bd%d0%b8%d0%b9-%d0%b2%d0%bd%d1%83%d1%82%d1%80%d0%b5%d0%bd%d0%bd%d0%b8%d0%b9-%d0%bf%d0%b5%d1%80%d0%b5%d1%85%d0%be%d0%b4%d0%bd%d0%b8%d0%ba\/#primaryimage","url":"https:\/\/onurplast.az\/wp-content\/uploads\/TEK-TEREFI-IC-DISLI-KECID-ADAPTOR.webp","contentUrl":"https:\/\/onurplast.az\/wp-content\/uploads\/TEK-TEREFI-IC-DISLI-KECID-ADAPTOR.webp","width":600,"height":600,"caption":"\u041e\u0434\u043d\u043e\u0441\u0442\u043e\u0440\u043e\u043d\u043d\u0438\u0439 \u0412\u043d\u0443\u0442\u0440\u0435\u043d\u043d\u0438\u0439 \u041f\u0435\u0440\u0435\u0445\u043e\u0434\u043d\u0438\u043a \u0410\u0434\u0430\u043f\u0442\u0435\u0440"},{"@type":"BreadcrumbList","@id":"https:\/\/onurplast.az\/ru\/produkti\/%d1%84%d0%b8%d1%82%d0%b8%d0%bd%d0%b3%d0%b8-%d0%b8%d0%b7-%d0%bf%d0%b2%d1%85\/%d1%84%d0%b8%d1%82%d0%b8%d0%bd%d0%b3%d0%b8-%d0%b8%d0%b7-%d0%bf%d0%b2%d1%85-2\/%d0%be%d0%b4%d0%bd%d0%be%d1%81%d1%82%d0%be%d1%80%d0%be%d0%bd%d0%bd%d0%b8%d0%b9-%d0%b2%d0%bd%d1%83%d1%82%d1%80%d0%b5%d0%bd%d0%bd%d0%b8%d0%b9-%d0%bf%d0%b5%d1%80%d0%b5%d1%85%d0%be%d0%b4%d0%bd%d0%b8%d0%ba\/#breadcrumb","itemListElement":[{"@type":"ListItem","position":1,"name":"\u018fsas S\u0259hif\u0259","item":"https:\/\/onurplast.az\/ru\/"},{"@type":"ListItem","position":2,"name":"M\u0259hsullar","item":"https:\/\/onurplast.az\/mehsullar\/"},{"@type":"ListItem","position":3,"name":"\u041e\u0434\u043d\u043e\u0441\u0442\u043e\u0440\u043e\u043d\u043d\u0438\u0439 \u0412\u043d\u0443\u0442\u0440\u0435\u043d\u043d\u0438\u0439 \u041f\u0435\u0440\u0435\u0445\u043e\u0434\u043d\u0438\u043a \u0410\u0434\u0430\u043f\u0442\u0435\u0440"}]},{"@type":"WebSite","@id":"https:\/\/onurplast.az\/ru\/#website","url":"https:\/\/onurplast.az\/ru\/","name":"Suvarma,Ya\u011fmurlama v\u0259 Pivot Sisteml\u0259ri, Avtomatik Suvarma: Onur Plast","description":"Avtomatik Suvarma Sisteml\u0259ri,Ya\u011fmurlama,Pivot Sisteml\u0259ri:Onur Plast","publisher":{"@id":"https:\/\/onurplast.az\/ru\/#organization"},"potentialAction":[{"@type":"SearchAction","target":{"@type":"EntryPoint","urlTemplate":"https:\/\/onurplast.az\/ru\/?s={search_term_string}"},"query-input":{"@type":"PropertyValueSpecification","valueRequired":true,"valueName":"search_term_string"}}],"inLanguage":"ru-RU"},{"@type":"Organization","@id":"https:\/\/onurplast.az\/ru\/#organization","name":"Suvarma,Ya\u011fmurlama v\u0259 Pivot Sisteml\u0259ri, Avtomatik Suvarma: Onur Plast","url":"https:\/\/onurplast.az\/ru\/","logo":{"@type":"ImageObject","inLanguage":"ru-RU","@id":"https:\/\/onurplast.az\/ru\/#\/schema\/logo\/image\/","url":"https:\/\/onurplast.az\/wp-content\/uploads\/Onur-Plast-Suvarma-Sistemleri-Logo2.svg","contentUrl":"https:\/\/onurplast.az\/wp-content\/uploads\/Onur-Plast-Suvarma-Sistemleri-Logo2.svg","width":569,"height":150,"caption":"Suvarma,Ya\u011fmurlama v\u0259 Pivot Sisteml\u0259ri, Avtomatik Suvarma: Onur Plast"},"image":{"@id":"https:\/\/onurplast.az\/ru\/#\/schema\/logo\/image\/"},"sameAs":["https:\/\/www.facebook.com\/Onur-plast-110179870426347","https:\/\/www.instagram.com\/suvarma_onurplast\/","https:\/\/www.youtube.com\/channel\/UCjWsbKNIsj1tvovG9PD4Btg"]}]}},"_links":{"self":[{"href":"https:\/\/onurplast.az\/ru\/wp-json\/wp\/v2\/product\/3666","targetHints":{"allow":["GET"]}}],"collection":[{"href":"https:\/\/onurplast.az\/ru\/wp-json\/wp\/v2\/product"}],"about":[{"href":"https:\/\/onurplast.az\/ru\/wp-json\/wp\/v2\/types\/product"}],"wp:featuredmedia":[{"embeddable":true,"href":"https:\/\/onurplast.az\/ru\/wp-json\/wp\/v2\/media\/1298"}],"wp:attachment":[{"href":"https:\/\/onurplast.az\/ru\/wp-json\/wp\/v2\/media?parent=3666"}],"wp:term":[{"taxonomy":"product_brand","embeddable":true,"href":"https:\/\/onurplast.az\/ru\/wp-json\/wp\/v2\/product_brand?post=3666"},{"taxonomy":"product_cat","embeddable":true,"href":"https:\/\/onurplast.az\/ru\/wp-json\/wp\/v2\/product_cat?post=3666"},{"taxonomy":"product_tag","embeddable":true,"href":"https:\/\/onurplast.az\/ru\/wp-json\/wp\/v2\/product_tag?post=3666"}],"curies":[{"name":"wp","href":"https:\/\/api.w.org\/{rel}","templated":true}]}}