{"id":3670,"date":"2023-11-29T21:57:03","date_gmt":"2023-11-29T21:57:03","guid":{"rendered":"https:\/\/onurplast.az\/mehsullar\/uncategorized\/%d1%88%d0%b0%d1%80%d0%be%d0%b2%d0%be%d0%b9-%d0%b2%d0%b5%d0%bd%d1%82%d0%b8%d0%bb%d1%8c-%d0%b4%d0%bb%d1%8f-%d1%81%d0%ba%d0%bb%d0%b5%d0%b8%d0%b2%d0%b0%d0%bd%d0%b8%d1%8f\/"},"modified":"2023-11-29T21:57:03","modified_gmt":"2023-11-29T21:57:03","slug":"%d1%88%d0%b0%d1%80%d0%be%d0%b2%d0%be%d0%b9-%d0%b2%d0%b5%d0%bd%d1%82%d0%b8%d0%bb%d1%8c-%d0%b4%d0%bb%d1%8f-%d1%81%d0%ba%d0%bb%d0%b5%d0%b8%d0%b2%d0%b0%d0%bd%d0%b8%d1%8f","status":"publish","type":"product","link":"https:\/\/onurplast.az\/ru\/produkti\/%d1%84%d0%b8%d1%82%d0%b8%d0%bd%d0%b3%d0%b8-%d0%b8%d0%b7-%d0%bf%d0%b2%d1%85\/%d1%84%d0%b8%d1%82%d0%b8%d0%bd%d0%b3%d0%b8-%d0%b8%d0%b7-%d0%bf%d0%b2%d1%85-2\/%d1%88%d0%b0%d1%80%d0%be%d0%b2%d0%be%d0%b9-%d0%b2%d0%b5%d0%bd%d1%82%d0%b8%d0%bb%d1%8c-%d0%b4%d0%bb%d1%8f-%d1%81%d0%ba%d0%bb%d0%b5%d0%b8%d0%b2%d0%b0%d0%bd%d0%b8%d1%8f\/","title":{"rendered":"\u0428\u0430\u0440\u043e\u0432\u043e\u0439 \u0412\u0435\u043d\u0442\u0438\u043b\u044c \u0434\u043b\u044f \u0421\u043a\u043b\u0435\u0438\u0432\u0430\u043d\u0438\u044f"},"content":{"rendered":"<table>\n<tbody>\n<tr>\n<td><strong>Diametri<\/strong><\/p>\n<p><strong>Diameter<\/strong><\/td>\n<td><strong>YAPI\u015eDIRMA K\u00dcR\u018fS\u018fL VENT\u0130L<\/strong><\/p>\n<p><strong>Solvent Cement True Union Ball Valve for Water<\/strong><\/td>\n<td><strong>Bas\u0131n\u00e7<\/strong><\/p>\n<p><strong>Pressure<\/strong><\/td>\n<td><strong>Paketl\u0259m\u0259<\/strong><\/p>\n<p><strong>Packaging<\/strong><\/td>\n<\/tr>\n<tr>\n<td>16<\/td>\n<td>AZ-202 00 016 2<\/td>\n<td>16<\/td>\n<td>55<\/td>\n<\/tr>\n<tr>\n<td>20<\/td>\n<td>AZ-202 00 020 2<\/td>\n<td>16<\/td>\n<td>55<\/td>\n<\/tr>\n<tr>\n<td>25<\/td>\n<td>AZ-202 00 025 2<\/td>\n<td>16<\/td>\n<td>75<\/td>\n<\/tr>\n<tr>\n<td>32<\/td>\n<td>AZ-202 00 032 2<\/td>\n<td>16<\/td>\n<td>60<\/td>\n<\/tr>\n<tr>\n<td>40<\/td>\n<td>AZ-202 00 040 2<\/td>\n<td>16<\/td>\n<td>30<\/td>\n<\/tr>\n<tr>\n<td>50<\/td>\n<td>AZ-202 00 050 2<\/td>\n<td>16<\/td>\n<td>20<\/td>\n<\/tr>\n<tr>\n<td>63<\/td>\n<td>AZ-202 00 063 2<\/td>\n<td>16<\/td>\n<td>12<\/td>\n<\/tr>\n<tr>\n<td>75<\/td>\n<td>AZ-202 00 075 2<\/td>\n<td>16<\/td>\n<td>9<\/td>\n<\/tr>\n<tr>\n<td>90<\/td>\n<td>AZ-202 00 090 2<\/td>\n<td>16<\/td>\n<td>4<\/td>\n<\/tr>\n<tr>\n<td>110<\/td>\n<td>AZ-202 00 110 2<\/td>\n<td>16<\/td>\n<td>2<\/td>\n<\/tr>\n<\/tbody>\n<\/table>\n","protected":false},"excerpt":{"rendered":"<p>Diametri Diameter YAPI\u015eDIRMA K\u00dcR\u018fS\u018fL VENT\u0130L Solvent Cement True Union Ball Valve for Water Bas\u0131n\u00e7 Pressure Paketl\u0259m\u0259 Packaging 16 AZ-202 00 016 2 16 55 20 AZ-202 00 020 2 16 55 25 AZ-202 00 025 2 16 75 32 AZ-202 00 032 2 16 60 40 AZ-202 00 040 2 16 30 50 AZ-202 00 [&hellip;]<\/p>\n","protected":false},"featured_media":1318,"template":"","meta":{"_acf_changed":false,"inline_featured_image":false},"product_brand":[],"product_cat":[348,349],"product_tag":[706],"class_list":{"0":"post-3670","1":"product","2":"type-product","3":"status-publish","4":"has-post-thumbnail","6":"product_cat-348","7":"product_cat----2","8":"product_tag-706","10":"first","11":"instock","12":"shipping-taxable","13":"purchasable","14":"product-type-simple"},"acf":[],"yoast_head":"<!-- This site is optimized with the Yoast SEO plugin v27.5 - https:\/\/yoast.com\/product\/yoast-seo-wordpress\/ -->\n<title>\u0428\u0430\u0440\u043e\u0432\u043e\u0439 \u0412\u0435\u043d\u0442\u0438\u043b\u044c \u0434\u043b\u044f \u0421\u043a\u043b\u0435\u0438\u0432\u0430\u043d\u0438\u044f - Avtomatik Suvarma Sisteml\u0259ri,Ya\u011fmurlama,Pivot Sisteml\u0259ri:Onur Plast<\/title>\n<meta name=\"robots\" content=\"index, follow, max-snippet:-1, max-image-preview:large, max-video-preview:-1\" \/>\n<link rel=\"canonical\" href=\"https:\/\/onurplast.az\/ru\/produkti\/%d1%84%d0%b8%d1%82%d0%b8%d0%bd%d0%b3%d0%b8-%d0%b8%d0%b7-%d0%bf%d0%b2%d1%85\/%d1%84%d0%b8%d1%82%d0%b8%d0%bd%d0%b3%d0%b8-%d0%b8%d0%b7-%d0%bf%d0%b2%d1%85-2\/%d1%88%d0%b0%d1%80%d0%be%d0%b2%d0%be%d0%b9-%d0%b2%d0%b5%d0%bd%d1%82%d0%b8%d0%bb%d1%8c-%d0%b4%d0%bb%d1%8f-%d1%81%d0%ba%d0%bb%d0%b5%d0%b8%d0%b2%d0%b0%d0%bd%d0%b8%d1%8f\/\" \/>\n<meta property=\"og:locale\" content=\"ru_RU\" \/>\n<meta property=\"og:type\" content=\"article\" \/>\n<meta property=\"og:title\" content=\"\u0428\u0430\u0440\u043e\u0432\u043e\u0439 \u0412\u0435\u043d\u0442\u0438\u043b\u044c \u0434\u043b\u044f \u0421\u043a\u043b\u0435\u0438\u0432\u0430\u043d\u0438\u044f - Avtomatik Suvarma Sisteml\u0259ri,Ya\u011fmurlama,Pivot Sisteml\u0259ri:Onur Plast\" \/>\n<meta property=\"og:description\" content=\"Diametri Diameter YAPI\u015eDIRMA K\u00dcR\u018fS\u018fL VENT\u0130L Solvent Cement True Union Ball Valve for Water Bas\u0131n\u00e7 Pressure Paketl\u0259m\u0259 Packaging 16 AZ-202 00 016 2 16 55 20 AZ-202 00 020 2 16 55 25 AZ-202 00 025 2 16 75 32 AZ-202 00 032 2 16 60 40 AZ-202 00 040 2 16 30 50 AZ-202 00 [&hellip;]\" \/>\n<meta property=\"og:url\" content=\"https:\/\/onurplast.az\/ru\/produkti\/%d1%84%d0%b8%d1%82%d0%b8%d0%bd%d0%b3%d0%b8-%d0%b8%d0%b7-%d0%bf%d0%b2%d1%85\/%d1%84%d0%b8%d1%82%d0%b8%d0%bd%d0%b3%d0%b8-%d0%b8%d0%b7-%d0%bf%d0%b2%d1%85-2\/%d1%88%d0%b0%d1%80%d0%be%d0%b2%d0%be%d0%b9-%d0%b2%d0%b5%d0%bd%d1%82%d0%b8%d0%bb%d1%8c-%d0%b4%d0%bb%d1%8f-%d1%81%d0%ba%d0%bb%d0%b5%d0%b8%d0%b2%d0%b0%d0%bd%d0%b8%d1%8f\/\" \/>\n<meta property=\"og:site_name\" content=\"Avtomatik Suvarma Sisteml\u0259ri,Ya\u011fmurlama,Pivot Sisteml\u0259ri:Onur Plast\" \/>\n<meta property=\"article:publisher\" content=\"https:\/\/www.facebook.com\/Onur-plast-110179870426347\" \/>\n<meta name=\"twitter:card\" content=\"summary_large_image\" \/>\n<script type=\"application\/ld+json\" class=\"yoast-schema-graph\">{\"@context\":\"https:\\\/\\\/schema.org\",\"@graph\":[{\"@type\":\"WebPage\",\"@id\":\"https:\\\/\\\/onurplast.az\\\/ru\\\/produkti\\\/%d1%84%d0%b8%d1%82%d0%b8%d0%bd%d0%b3%d0%b8-%d0%b8%d0%b7-%d0%bf%d0%b2%d1%85\\\/%d1%84%d0%b8%d1%82%d0%b8%d0%bd%d0%b3%d0%b8-%d0%b8%d0%b7-%d0%bf%d0%b2%d1%85-2\\\/%d1%88%d0%b0%d1%80%d0%be%d0%b2%d0%be%d0%b9-%d0%b2%d0%b5%d0%bd%d1%82%d0%b8%d0%bb%d1%8c-%d0%b4%d0%bb%d1%8f-%d1%81%d0%ba%d0%bb%d0%b5%d0%b8%d0%b2%d0%b0%d0%bd%d0%b8%d1%8f\\\/\",\"url\":\"https:\\\/\\\/onurplast.az\\\/ru\\\/produkti\\\/%d1%84%d0%b8%d1%82%d0%b8%d0%bd%d0%b3%d0%b8-%d0%b8%d0%b7-%d0%bf%d0%b2%d1%85\\\/%d1%84%d0%b8%d1%82%d0%b8%d0%bd%d0%b3%d0%b8-%d0%b8%d0%b7-%d0%bf%d0%b2%d1%85-2\\\/%d1%88%d0%b0%d1%80%d0%be%d0%b2%d0%be%d0%b9-%d0%b2%d0%b5%d0%bd%d1%82%d0%b8%d0%bb%d1%8c-%d0%b4%d0%bb%d1%8f-%d1%81%d0%ba%d0%bb%d0%b5%d0%b8%d0%b2%d0%b0%d0%bd%d0%b8%d1%8f\\\/\",\"name\":\"\u0428\u0430\u0440\u043e\u0432\u043e\u0439 \u0412\u0435\u043d\u0442\u0438\u043b\u044c \u0434\u043b\u044f \u0421\u043a\u043b\u0435\u0438\u0432\u0430\u043d\u0438\u044f - Avtomatik Suvarma Sisteml\u0259ri,Ya\u011fmurlama,Pivot Sisteml\u0259ri:Onur Plast\",\"isPartOf\":{\"@id\":\"https:\\\/\\\/onurplast.az\\\/ru\\\/#website\"},\"primaryImageOfPage\":{\"@id\":\"https:\\\/\\\/onurplast.az\\\/ru\\\/produkti\\\/%d1%84%d0%b8%d1%82%d0%b8%d0%bd%d0%b3%d0%b8-%d0%b8%d0%b7-%d0%bf%d0%b2%d1%85\\\/%d1%84%d0%b8%d1%82%d0%b8%d0%bd%d0%b3%d0%b8-%d0%b8%d0%b7-%d0%bf%d0%b2%d1%85-2\\\/%d1%88%d0%b0%d1%80%d0%be%d0%b2%d0%be%d0%b9-%d0%b2%d0%b5%d0%bd%d1%82%d0%b8%d0%bb%d1%8c-%d0%b4%d0%bb%d1%8f-%d1%81%d0%ba%d0%bb%d0%b5%d0%b8%d0%b2%d0%b0%d0%bd%d0%b8%d1%8f\\\/#primaryimage\"},\"image\":{\"@id\":\"https:\\\/\\\/onurplast.az\\\/ru\\\/produkti\\\/%d1%84%d0%b8%d1%82%d0%b8%d0%bd%d0%b3%d0%b8-%d0%b8%d0%b7-%d0%bf%d0%b2%d1%85\\\/%d1%84%d0%b8%d1%82%d0%b8%d0%bd%d0%b3%d0%b8-%d0%b8%d0%b7-%d0%bf%d0%b2%d1%85-2\\\/%d1%88%d0%b0%d1%80%d0%be%d0%b2%d0%be%d0%b9-%d0%b2%d0%b5%d0%bd%d1%82%d0%b8%d0%bb%d1%8c-%d0%b4%d0%bb%d1%8f-%d1%81%d0%ba%d0%bb%d0%b5%d0%b8%d0%b2%d0%b0%d0%bd%d0%b8%d1%8f\\\/#primaryimage\"},\"thumbnailUrl\":\"https:\\\/\\\/onurplast.az\\\/wp-content\\\/uploads\\\/YAPISDIRMA-KURESEL-VENTIL.webp\",\"datePublished\":\"2023-11-29T21:57:03+00:00\",\"breadcrumb\":{\"@id\":\"https:\\\/\\\/onurplast.az\\\/ru\\\/produkti\\\/%d1%84%d0%b8%d1%82%d0%b8%d0%bd%d0%b3%d0%b8-%d0%b8%d0%b7-%d0%bf%d0%b2%d1%85\\\/%d1%84%d0%b8%d1%82%d0%b8%d0%bd%d0%b3%d0%b8-%d0%b8%d0%b7-%d0%bf%d0%b2%d1%85-2\\\/%d1%88%d0%b0%d1%80%d0%be%d0%b2%d0%be%d0%b9-%d0%b2%d0%b5%d0%bd%d1%82%d0%b8%d0%bb%d1%8c-%d0%b4%d0%bb%d1%8f-%d1%81%d0%ba%d0%bb%d0%b5%d0%b8%d0%b2%d0%b0%d0%bd%d0%b8%d1%8f\\\/#breadcrumb\"},\"inLanguage\":\"ru-RU\",\"potentialAction\":[{\"@type\":\"ReadAction\",\"target\":[\"https:\\\/\\\/onurplast.az\\\/ru\\\/produkti\\\/%d1%84%d0%b8%d1%82%d0%b8%d0%bd%d0%b3%d0%b8-%d0%b8%d0%b7-%d0%bf%d0%b2%d1%85\\\/%d1%84%d0%b8%d1%82%d0%b8%d0%bd%d0%b3%d0%b8-%d0%b8%d0%b7-%d0%bf%d0%b2%d1%85-2\\\/%d1%88%d0%b0%d1%80%d0%be%d0%b2%d0%be%d0%b9-%d0%b2%d0%b5%d0%bd%d1%82%d0%b8%d0%bb%d1%8c-%d0%b4%d0%bb%d1%8f-%d1%81%d0%ba%d0%bb%d0%b5%d0%b8%d0%b2%d0%b0%d0%bd%d0%b8%d1%8f\\\/\"]}]},{\"@type\":\"ImageObject\",\"inLanguage\":\"ru-RU\",\"@id\":\"https:\\\/\\\/onurplast.az\\\/ru\\\/produkti\\\/%d1%84%d0%b8%d1%82%d0%b8%d0%bd%d0%b3%d0%b8-%d0%b8%d0%b7-%d0%bf%d0%b2%d1%85\\\/%d1%84%d0%b8%d1%82%d0%b8%d0%bd%d0%b3%d0%b8-%d0%b8%d0%b7-%d0%bf%d0%b2%d1%85-2\\\/%d1%88%d0%b0%d1%80%d0%be%d0%b2%d0%be%d0%b9-%d0%b2%d0%b5%d0%bd%d1%82%d0%b8%d0%bb%d1%8c-%d0%b4%d0%bb%d1%8f-%d1%81%d0%ba%d0%bb%d0%b5%d0%b8%d0%b2%d0%b0%d0%bd%d0%b8%d1%8f\\\/#primaryimage\",\"url\":\"https:\\\/\\\/onurplast.az\\\/wp-content\\\/uploads\\\/YAPISDIRMA-KURESEL-VENTIL.webp\",\"contentUrl\":\"https:\\\/\\\/onurplast.az\\\/wp-content\\\/uploads\\\/YAPISDIRMA-KURESEL-VENTIL.webp\",\"width\":600,\"height\":600,\"caption\":\"\u0428\u0430\u0440\u043e\u0432\u043e\u0439 \u0412\u0435\u043d\u0442\u0438\u043b\u044c \u0434\u043b\u044f \u0421\u043a\u043b\u0435\u0438\u0432\u0430\u043d\u0438\u044f\"},{\"@type\":\"BreadcrumbList\",\"@id\":\"https:\\\/\\\/onurplast.az\\\/ru\\\/produkti\\\/%d1%84%d0%b8%d1%82%d0%b8%d0%bd%d0%b3%d0%b8-%d0%b8%d0%b7-%d0%bf%d0%b2%d1%85\\\/%d1%84%d0%b8%d1%82%d0%b8%d0%bd%d0%b3%d0%b8-%d0%b8%d0%b7-%d0%bf%d0%b2%d1%85-2\\\/%d1%88%d0%b0%d1%80%d0%be%d0%b2%d0%be%d0%b9-%d0%b2%d0%b5%d0%bd%d1%82%d0%b8%d0%bb%d1%8c-%d0%b4%d0%bb%d1%8f-%d1%81%d0%ba%d0%bb%d0%b5%d0%b8%d0%b2%d0%b0%d0%bd%d0%b8%d1%8f\\\/#breadcrumb\",\"itemListElement\":[{\"@type\":\"ListItem\",\"position\":1,\"name\":\"\u018fsas S\u0259hif\u0259\",\"item\":\"https:\\\/\\\/onurplast.az\\\/ru\\\/\"},{\"@type\":\"ListItem\",\"position\":2,\"name\":\"M\u0259hsullar\",\"item\":\"https:\\\/\\\/onurplast.az\\\/mehsullar\\\/\"},{\"@type\":\"ListItem\",\"position\":3,\"name\":\"\u0428\u0430\u0440\u043e\u0432\u043e\u0439 \u0412\u0435\u043d\u0442\u0438\u043b\u044c \u0434\u043b\u044f \u0421\u043a\u043b\u0435\u0438\u0432\u0430\u043d\u0438\u044f\"}]},{\"@type\":\"WebSite\",\"@id\":\"https:\\\/\\\/onurplast.az\\\/ru\\\/#website\",\"url\":\"https:\\\/\\\/onurplast.az\\\/ru\\\/\",\"name\":\"Suvarma,Ya\u011fmurlama v\u0259 Pivot Sisteml\u0259ri, Avtomatik Suvarma: Onur Plast\",\"description\":\"Avtomatik Suvarma Sisteml\u0259ri,Ya\u011fmurlama,Pivot Sisteml\u0259ri:Onur Plast\",\"publisher\":{\"@id\":\"https:\\\/\\\/onurplast.az\\\/ru\\\/#organization\"},\"potentialAction\":[{\"@type\":\"SearchAction\",\"target\":{\"@type\":\"EntryPoint\",\"urlTemplate\":\"https:\\\/\\\/onurplast.az\\\/ru\\\/?s={search_term_string}\"},\"query-input\":{\"@type\":\"PropertyValueSpecification\",\"valueRequired\":true,\"valueName\":\"search_term_string\"}}],\"inLanguage\":\"ru-RU\"},{\"@type\":\"Organization\",\"@id\":\"https:\\\/\\\/onurplast.az\\\/ru\\\/#organization\",\"name\":\"Suvarma,Ya\u011fmurlama v\u0259 Pivot Sisteml\u0259ri, Avtomatik Suvarma: Onur Plast\",\"url\":\"https:\\\/\\\/onurplast.az\\\/ru\\\/\",\"logo\":{\"@type\":\"ImageObject\",\"inLanguage\":\"ru-RU\",\"@id\":\"https:\\\/\\\/onurplast.az\\\/ru\\\/#\\\/schema\\\/logo\\\/image\\\/\",\"url\":\"https:\\\/\\\/onurplast.az\\\/wp-content\\\/uploads\\\/Onur-Plast-Suvarma-Sistemleri-Logo2.svg\",\"contentUrl\":\"https:\\\/\\\/onurplast.az\\\/wp-content\\\/uploads\\\/Onur-Plast-Suvarma-Sistemleri-Logo2.svg\",\"width\":569,\"height\":150,\"caption\":\"Suvarma,Ya\u011fmurlama v\u0259 Pivot Sisteml\u0259ri, Avtomatik Suvarma: Onur Plast\"},\"image\":{\"@id\":\"https:\\\/\\\/onurplast.az\\\/ru\\\/#\\\/schema\\\/logo\\\/image\\\/\"},\"sameAs\":[\"https:\\\/\\\/www.facebook.com\\\/Onur-plast-110179870426347\",\"https:\\\/\\\/www.instagram.com\\\/suvarma_onurplast\\\/\",\"https:\\\/\\\/www.youtube.com\\\/channel\\\/UCjWsbKNIsj1tvovG9PD4Btg\"]}]}<\/script>\n<!-- \/ Yoast SEO plugin. -->","yoast_head_json":{"title":"\u0428\u0430\u0440\u043e\u0432\u043e\u0439 \u0412\u0435\u043d\u0442\u0438\u043b\u044c \u0434\u043b\u044f \u0421\u043a\u043b\u0435\u0438\u0432\u0430\u043d\u0438\u044f - Avtomatik Suvarma Sisteml\u0259ri,Ya\u011fmurlama,Pivot Sisteml\u0259ri:Onur Plast","robots":{"index":"index","follow":"follow","max-snippet":"max-snippet:-1","max-image-preview":"max-image-preview:large","max-video-preview":"max-video-preview:-1"},"canonical":"https:\/\/onurplast.az\/ru\/produkti\/%d1%84%d0%b8%d1%82%d0%b8%d0%bd%d0%b3%d0%b8-%d0%b8%d0%b7-%d0%bf%d0%b2%d1%85\/%d1%84%d0%b8%d1%82%d0%b8%d0%bd%d0%b3%d0%b8-%d0%b8%d0%b7-%d0%bf%d0%b2%d1%85-2\/%d1%88%d0%b0%d1%80%d0%be%d0%b2%d0%be%d0%b9-%d0%b2%d0%b5%d0%bd%d1%82%d0%b8%d0%bb%d1%8c-%d0%b4%d0%bb%d1%8f-%d1%81%d0%ba%d0%bb%d0%b5%d0%b8%d0%b2%d0%b0%d0%bd%d0%b8%d1%8f\/","og_locale":"ru_RU","og_type":"article","og_title":"\u0428\u0430\u0440\u043e\u0432\u043e\u0439 \u0412\u0435\u043d\u0442\u0438\u043b\u044c \u0434\u043b\u044f \u0421\u043a\u043b\u0435\u0438\u0432\u0430\u043d\u0438\u044f - Avtomatik Suvarma Sisteml\u0259ri,Ya\u011fmurlama,Pivot Sisteml\u0259ri:Onur Plast","og_description":"Diametri Diameter YAPI\u015eDIRMA K\u00dcR\u018fS\u018fL VENT\u0130L Solvent Cement True Union Ball Valve for Water Bas\u0131n\u00e7 Pressure Paketl\u0259m\u0259 Packaging 16 AZ-202 00 016 2 16 55 20 AZ-202 00 020 2 16 55 25 AZ-202 00 025 2 16 75 32 AZ-202 00 032 2 16 60 40 AZ-202 00 040 2 16 30 50 AZ-202 00 [&hellip;]","og_url":"https:\/\/onurplast.az\/ru\/produkti\/%d1%84%d0%b8%d1%82%d0%b8%d0%bd%d0%b3%d0%b8-%d0%b8%d0%b7-%d0%bf%d0%b2%d1%85\/%d1%84%d0%b8%d1%82%d0%b8%d0%bd%d0%b3%d0%b8-%d0%b8%d0%b7-%d0%bf%d0%b2%d1%85-2\/%d1%88%d0%b0%d1%80%d0%be%d0%b2%d0%be%d0%b9-%d0%b2%d0%b5%d0%bd%d1%82%d0%b8%d0%bb%d1%8c-%d0%b4%d0%bb%d1%8f-%d1%81%d0%ba%d0%bb%d0%b5%d0%b8%d0%b2%d0%b0%d0%bd%d0%b8%d1%8f\/","og_site_name":"Avtomatik Suvarma Sisteml\u0259ri,Ya\u011fmurlama,Pivot Sisteml\u0259ri:Onur Plast","article_publisher":"https:\/\/www.facebook.com\/Onur-plast-110179870426347","twitter_card":"summary_large_image","schema":{"@context":"https:\/\/schema.org","@graph":[{"@type":"WebPage","@id":"https:\/\/onurplast.az\/ru\/produkti\/%d1%84%d0%b8%d1%82%d0%b8%d0%bd%d0%b3%d0%b8-%d0%b8%d0%b7-%d0%bf%d0%b2%d1%85\/%d1%84%d0%b8%d1%82%d0%b8%d0%bd%d0%b3%d0%b8-%d0%b8%d0%b7-%d0%bf%d0%b2%d1%85-2\/%d1%88%d0%b0%d1%80%d0%be%d0%b2%d0%be%d0%b9-%d0%b2%d0%b5%d0%bd%d1%82%d0%b8%d0%bb%d1%8c-%d0%b4%d0%bb%d1%8f-%d1%81%d0%ba%d0%bb%d0%b5%d0%b8%d0%b2%d0%b0%d0%bd%d0%b8%d1%8f\/","url":"https:\/\/onurplast.az\/ru\/produkti\/%d1%84%d0%b8%d1%82%d0%b8%d0%bd%d0%b3%d0%b8-%d0%b8%d0%b7-%d0%bf%d0%b2%d1%85\/%d1%84%d0%b8%d1%82%d0%b8%d0%bd%d0%b3%d0%b8-%d0%b8%d0%b7-%d0%bf%d0%b2%d1%85-2\/%d1%88%d0%b0%d1%80%d0%be%d0%b2%d0%be%d0%b9-%d0%b2%d0%b5%d0%bd%d1%82%d0%b8%d0%bb%d1%8c-%d0%b4%d0%bb%d1%8f-%d1%81%d0%ba%d0%bb%d0%b5%d0%b8%d0%b2%d0%b0%d0%bd%d0%b8%d1%8f\/","name":"\u0428\u0430\u0440\u043e\u0432\u043e\u0439 \u0412\u0435\u043d\u0442\u0438\u043b\u044c \u0434\u043b\u044f \u0421\u043a\u043b\u0435\u0438\u0432\u0430\u043d\u0438\u044f - Avtomatik Suvarma Sisteml\u0259ri,Ya\u011fmurlama,Pivot Sisteml\u0259ri:Onur Plast","isPartOf":{"@id":"https:\/\/onurplast.az\/ru\/#website"},"primaryImageOfPage":{"@id":"https:\/\/onurplast.az\/ru\/produkti\/%d1%84%d0%b8%d1%82%d0%b8%d0%bd%d0%b3%d0%b8-%d0%b8%d0%b7-%d0%bf%d0%b2%d1%85\/%d1%84%d0%b8%d1%82%d0%b8%d0%bd%d0%b3%d0%b8-%d0%b8%d0%b7-%d0%bf%d0%b2%d1%85-2\/%d1%88%d0%b0%d1%80%d0%be%d0%b2%d0%be%d0%b9-%d0%b2%d0%b5%d0%bd%d1%82%d0%b8%d0%bb%d1%8c-%d0%b4%d0%bb%d1%8f-%d1%81%d0%ba%d0%bb%d0%b5%d0%b8%d0%b2%d0%b0%d0%bd%d0%b8%d1%8f\/#primaryimage"},"image":{"@id":"https:\/\/onurplast.az\/ru\/produkti\/%d1%84%d0%b8%d1%82%d0%b8%d0%bd%d0%b3%d0%b8-%d0%b8%d0%b7-%d0%bf%d0%b2%d1%85\/%d1%84%d0%b8%d1%82%d0%b8%d0%bd%d0%b3%d0%b8-%d0%b8%d0%b7-%d0%bf%d0%b2%d1%85-2\/%d1%88%d0%b0%d1%80%d0%be%d0%b2%d0%be%d0%b9-%d0%b2%d0%b5%d0%bd%d1%82%d0%b8%d0%bb%d1%8c-%d0%b4%d0%bb%d1%8f-%d1%81%d0%ba%d0%bb%d0%b5%d0%b8%d0%b2%d0%b0%d0%bd%d0%b8%d1%8f\/#primaryimage"},"thumbnailUrl":"https:\/\/onurplast.az\/wp-content\/uploads\/YAPISDIRMA-KURESEL-VENTIL.webp","datePublished":"2023-11-29T21:57:03+00:00","breadcrumb":{"@id":"https:\/\/onurplast.az\/ru\/produkti\/%d1%84%d0%b8%d1%82%d0%b8%d0%bd%d0%b3%d0%b8-%d0%b8%d0%b7-%d0%bf%d0%b2%d1%85\/%d1%84%d0%b8%d1%82%d0%b8%d0%bd%d0%b3%d0%b8-%d0%b8%d0%b7-%d0%bf%d0%b2%d1%85-2\/%d1%88%d0%b0%d1%80%d0%be%d0%b2%d0%be%d0%b9-%d0%b2%d0%b5%d0%bd%d1%82%d0%b8%d0%bb%d1%8c-%d0%b4%d0%bb%d1%8f-%d1%81%d0%ba%d0%bb%d0%b5%d0%b8%d0%b2%d0%b0%d0%bd%d0%b8%d1%8f\/#breadcrumb"},"inLanguage":"ru-RU","potentialAction":[{"@type":"ReadAction","target":["https:\/\/onurplast.az\/ru\/produkti\/%d1%84%d0%b8%d1%82%d0%b8%d0%bd%d0%b3%d0%b8-%d0%b8%d0%b7-%d0%bf%d0%b2%d1%85\/%d1%84%d0%b8%d1%82%d0%b8%d0%bd%d0%b3%d0%b8-%d0%b8%d0%b7-%d0%bf%d0%b2%d1%85-2\/%d1%88%d0%b0%d1%80%d0%be%d0%b2%d0%be%d0%b9-%d0%b2%d0%b5%d0%bd%d1%82%d0%b8%d0%bb%d1%8c-%d0%b4%d0%bb%d1%8f-%d1%81%d0%ba%d0%bb%d0%b5%d0%b8%d0%b2%d0%b0%d0%bd%d0%b8%d1%8f\/"]}]},{"@type":"ImageObject","inLanguage":"ru-RU","@id":"https:\/\/onurplast.az\/ru\/produkti\/%d1%84%d0%b8%d1%82%d0%b8%d0%bd%d0%b3%d0%b8-%d0%b8%d0%b7-%d0%bf%d0%b2%d1%85\/%d1%84%d0%b8%d1%82%d0%b8%d0%bd%d0%b3%d0%b8-%d0%b8%d0%b7-%d0%bf%d0%b2%d1%85-2\/%d1%88%d0%b0%d1%80%d0%be%d0%b2%d0%be%d0%b9-%d0%b2%d0%b5%d0%bd%d1%82%d0%b8%d0%bb%d1%8c-%d0%b4%d0%bb%d1%8f-%d1%81%d0%ba%d0%bb%d0%b5%d0%b8%d0%b2%d0%b0%d0%bd%d0%b8%d1%8f\/#primaryimage","url":"https:\/\/onurplast.az\/wp-content\/uploads\/YAPISDIRMA-KURESEL-VENTIL.webp","contentUrl":"https:\/\/onurplast.az\/wp-content\/uploads\/YAPISDIRMA-KURESEL-VENTIL.webp","width":600,"height":600,"caption":"\u0428\u0430\u0440\u043e\u0432\u043e\u0439 \u0412\u0435\u043d\u0442\u0438\u043b\u044c \u0434\u043b\u044f \u0421\u043a\u043b\u0435\u0438\u0432\u0430\u043d\u0438\u044f"},{"@type":"BreadcrumbList","@id":"https:\/\/onurplast.az\/ru\/produkti\/%d1%84%d0%b8%d1%82%d0%b8%d0%bd%d0%b3%d0%b8-%d0%b8%d0%b7-%d0%bf%d0%b2%d1%85\/%d1%84%d0%b8%d1%82%d0%b8%d0%bd%d0%b3%d0%b8-%d0%b8%d0%b7-%d0%bf%d0%b2%d1%85-2\/%d1%88%d0%b0%d1%80%d0%be%d0%b2%d0%be%d0%b9-%d0%b2%d0%b5%d0%bd%d1%82%d0%b8%d0%bb%d1%8c-%d0%b4%d0%bb%d1%8f-%d1%81%d0%ba%d0%bb%d0%b5%d0%b8%d0%b2%d0%b0%d0%bd%d0%b8%d1%8f\/#breadcrumb","itemListElement":[{"@type":"ListItem","position":1,"name":"\u018fsas S\u0259hif\u0259","item":"https:\/\/onurplast.az\/ru\/"},{"@type":"ListItem","position":2,"name":"M\u0259hsullar","item":"https:\/\/onurplast.az\/mehsullar\/"},{"@type":"ListItem","position":3,"name":"\u0428\u0430\u0440\u043e\u0432\u043e\u0439 \u0412\u0435\u043d\u0442\u0438\u043b\u044c \u0434\u043b\u044f \u0421\u043a\u043b\u0435\u0438\u0432\u0430\u043d\u0438\u044f"}]},{"@type":"WebSite","@id":"https:\/\/onurplast.az\/ru\/#website","url":"https:\/\/onurplast.az\/ru\/","name":"Suvarma,Ya\u011fmurlama v\u0259 Pivot Sisteml\u0259ri, Avtomatik Suvarma: Onur Plast","description":"Avtomatik Suvarma Sisteml\u0259ri,Ya\u011fmurlama,Pivot Sisteml\u0259ri:Onur Plast","publisher":{"@id":"https:\/\/onurplast.az\/ru\/#organization"},"potentialAction":[{"@type":"SearchAction","target":{"@type":"EntryPoint","urlTemplate":"https:\/\/onurplast.az\/ru\/?s={search_term_string}"},"query-input":{"@type":"PropertyValueSpecification","valueRequired":true,"valueName":"search_term_string"}}],"inLanguage":"ru-RU"},{"@type":"Organization","@id":"https:\/\/onurplast.az\/ru\/#organization","name":"Suvarma,Ya\u011fmurlama v\u0259 Pivot Sisteml\u0259ri, Avtomatik Suvarma: Onur Plast","url":"https:\/\/onurplast.az\/ru\/","logo":{"@type":"ImageObject","inLanguage":"ru-RU","@id":"https:\/\/onurplast.az\/ru\/#\/schema\/logo\/image\/","url":"https:\/\/onurplast.az\/wp-content\/uploads\/Onur-Plast-Suvarma-Sistemleri-Logo2.svg","contentUrl":"https:\/\/onurplast.az\/wp-content\/uploads\/Onur-Plast-Suvarma-Sistemleri-Logo2.svg","width":569,"height":150,"caption":"Suvarma,Ya\u011fmurlama v\u0259 Pivot Sisteml\u0259ri, Avtomatik Suvarma: Onur Plast"},"image":{"@id":"https:\/\/onurplast.az\/ru\/#\/schema\/logo\/image\/"},"sameAs":["https:\/\/www.facebook.com\/Onur-plast-110179870426347","https:\/\/www.instagram.com\/suvarma_onurplast\/","https:\/\/www.youtube.com\/channel\/UCjWsbKNIsj1tvovG9PD4Btg"]}]}},"_links":{"self":[{"href":"https:\/\/onurplast.az\/ru\/wp-json\/wp\/v2\/product\/3670","targetHints":{"allow":["GET"]}}],"collection":[{"href":"https:\/\/onurplast.az\/ru\/wp-json\/wp\/v2\/product"}],"about":[{"href":"https:\/\/onurplast.az\/ru\/wp-json\/wp\/v2\/types\/product"}],"wp:featuredmedia":[{"embeddable":true,"href":"https:\/\/onurplast.az\/ru\/wp-json\/wp\/v2\/media\/1318"}],"wp:attachment":[{"href":"https:\/\/onurplast.az\/ru\/wp-json\/wp\/v2\/media?parent=3670"}],"wp:term":[{"taxonomy":"product_brand","embeddable":true,"href":"https:\/\/onurplast.az\/ru\/wp-json\/wp\/v2\/product_brand?post=3670"},{"taxonomy":"product_cat","embeddable":true,"href":"https:\/\/onurplast.az\/ru\/wp-json\/wp\/v2\/product_cat?post=3670"},{"taxonomy":"product_tag","embeddable":true,"href":"https:\/\/onurplast.az\/ru\/wp-json\/wp\/v2\/product_tag?post=3670"}],"curies":[{"name":"wp","href":"https:\/\/api.w.org\/{rel}","templated":true}]}}